{"id":10787,"date":"2024-02-13T10:54:58","date_gmt":"2024-02-13T09:54:58","guid":{"rendered":"https:\/\/awih.pl\/bag-paper-weight\/"},"modified":"2024-02-20T15:37:38","modified_gmt":"2024-02-20T14:37:38","slug":"bag-paper-weight","status":"publish","type":"page","link":"https:\/\/awih.pl\/en\/bag-paper-weight\/","title":{"rendered":"Bag paper weight"},"content":{"rendered":"\n\t<div id=\"gap-428918000\" class=\"gap-element clearfix\" style=\"display:block; height:auto;\">\n\t\t\n<style>\n#gap-428918000 {\n  padding-top: 30px;\n}\n<\/style>\n\t<\/div>\n\t\n\n<h1 style=\"text-align: center;\">Gramatura papieru toreb<\/h1>\n<div class=\"row\"  id=\"row-1545557221\">\n\n\n\t<div id=\"col-1337770398\" class=\"col medium-2 small-12 large-2\"  >\n\t\t\t\t<div class=\"col-inner\"  >\n\t\t\t\n\t\t\t\n\n\n\t\t<\/div>\n\t\t\t\t\t<\/div>\n\n\t\n\n\t<div id=\"col-738818253\" class=\"col medium-8 small-12 large-8\"  >\n\t\t\t\t<div class=\"col-inner\"  >\n\t\t\t\n\t\t\t\n\n\t<div id=\"gap-687569413\" class=\"gap-element clearfix\" style=\"display:block; height:auto;\">\n\t\t\n<style>\n#gap-687569413 {\n  padding-top: 30px;\n}\n<\/style>\n\t<\/div>\n\t\n\n\t<div id=\"text-2149014336\" class=\"text\">\n\t\t\n\n<table dir=\"ltr\" border=\"1\" cellspacing=\"0\" cellpadding=\"0\" data-sheets-root=\"1\">\n<tbody>\n<tr>\n<td style=\"text-align: center;\" colspan=\"2\" rowspan=\"1\" data-sheets-value=\"{&quot;1&quot;:2,&quot;2&quot;:&quot;P\u0142askie br\u0105zowe&quot;}\"><strong>Torby papierowe z uchwytem p\u0142askim, br\u0105zowe i bia\u0142e<\/strong><\/td>\n<\/tr>\n<tr>\n<td data-sheets-value=\"{&quot;1&quot;:2,&quot;2&quot;:&quot;18 x 8,5 x 23&quot;}\">18 x 8,5 x 23<\/td>\n<td data-sheets-value=\"{&quot;1&quot;:3,&quot;3&quot;:250}\" data-sheets-numberformat=\"{&quot;1&quot;:2,&quot;2&quot;:&quot;0&quot;,&quot;3&quot;:1}\">70 gram<\/td>\n<\/tr>\n<tr>\n<td data-sheets-value=\"{&quot;1&quot;:2,&quot;2&quot;:&quot;22 x 11 x 31&quot;}\">22 x 11 x 31<\/td>\n<td data-sheets-value=\"{&quot;1&quot;:3,&quot;3&quot;:250}\" data-sheets-numberformat=\"{&quot;1&quot;:2,&quot;2&quot;:&quot;0&quot;,&quot;3&quot;:1}\">80 gram<\/td>\n<\/tr>\n<tr>\n<td data-sheets-value=\"{&quot;1&quot;:2,&quot;2&quot;:&quot;25 x 17 x 33&quot;}\">25 x 17 x 33<\/td>\n<td data-sheets-value=\"{&quot;1&quot;:3,&quot;3&quot;:200}\" data-sheets-numberformat=\"{&quot;1&quot;:2,&quot;2&quot;:&quot;0&quot;,&quot;3&quot;:1}\">80 gram<\/td>\n<\/tr>\n<tr>\n<td data-sheets-value=\"{&quot;1&quot;:2,&quot;2&quot;:&quot;32 x 16 x 40&quot;}\">32 x 16 x 40<\/td>\n<td data-sheets-value=\"{&quot;1&quot;:3,&quot;3&quot;:200}\" data-sheets-numberformat=\"{&quot;1&quot;:2,&quot;2&quot;:&quot;0&quot;,&quot;3&quot;:1}\">80 gram<\/td>\n<\/tr>\n<tr>\n<td data-sheets-value=\"{&quot;1&quot;:2,&quot;2&quot;:&quot;35 x 17 x 24&quot;}\">35 x 17 x 24<\/td>\n<td data-sheets-value=\"{&quot;1&quot;:3,&quot;3&quot;:250}\" data-sheets-numberformat=\"{&quot;1&quot;:2,&quot;2&quot;:&quot;0&quot;,&quot;3&quot;:1}\">90 gram<\/td>\n<\/tr>\n<tr>\n<td data-sheets-value=\"{&quot;1&quot;:2,&quot;2&quot;:&quot;32 x 22 x 25&quot;}\">32 x 22 x 25<\/td>\n<td data-sheets-value=\"{&quot;1&quot;:3,&quot;3&quot;:250}\">70 gram<\/td>\n<\/tr>\n<tr>\n<td data-sheets-value=\"{&quot;1&quot;:2,&quot;2&quot;:&quot;45 x 17 x 47&quot;}\">45 x 17 x 47<\/td>\n<td data-sheets-value=\"{&quot;1&quot;:3,&quot;3&quot;:100}\">100 gram<\/td>\n<\/tr>\n<\/tbody>\n<\/table>\n<p>\u00a0<\/p>\n<table dir=\"ltr\" border=\"1\" cellspacing=\"0\" cellpadding=\"0\" data-sheets-root=\"1\"><colgroup><col width=\"120\" \/><col width=\"120\" \/><\/colgroup>\n<tbody>\n<tr>\n<td style=\"text-align: center;\" colspan=\"2\" rowspan=\"1\" data-sheets-value=\"{&quot;1&quot;:2,&quot;2&quot;:&quot;Skr\u0119cane kolorowe&quot;}\"><strong>Torby papierowe z uchwytem skr\u0119canym, kolorowe<\/strong><\/td>\n<\/tr>\n<tr>\n<td data-sheets-value=\"{&quot;1&quot;:2,&quot;2&quot;:&quot;25 x 11 x 32&quot;}\">25 x 11 x 32<\/td>\n<td data-sheets-value=\"{&quot;1&quot;:3,&quot;3&quot;:200}\" data-sheets-numberformat=\"{&quot;1&quot;:2,&quot;2&quot;:&quot;0&quot;,&quot;3&quot;:1}\">100 gram<\/td>\n<\/tr>\n<tr>\n<td data-sheets-value=\"{&quot;1&quot;:2,&quot;2&quot;:&quot;31 x 12 x 41&quot;}\">31 x 12 x 41<\/td>\n<td data-sheets-value=\"{&quot;1&quot;:3,&quot;3&quot;:150}\" data-sheets-numberformat=\"{&quot;1&quot;:2,&quot;2&quot;:&quot;0&quot;,&quot;3&quot;:1}\">100 gram<\/td>\n<\/tr>\n<\/tbody>\n<\/table>\n<p>\u00a0<\/p>\n<p>\u00a0<\/p>\n<table dir=\"ltr\" border=\"1\" cellspacing=\"0\" cellpadding=\"0\" data-sheets-root=\"1\"><colgroup><col width=\"120\" \/><col width=\"120\" \/><\/colgroup>\n<tbody>\n<tr>\n<td style=\"text-align: center;\" colspan=\"2\" rowspan=\"1\" data-sheets-value=\"{&quot;1&quot;:2,&quot;2&quot;:&quot;Skr\u0119cane bia\u0142e &quot;}\"><strong>Torby papierowe z uchwytem skr\u0119canym, bia\u0142e i br\u0105zowe<\/strong><\/td>\n<\/tr>\n<tr>\n<td data-sheets-value=\"{&quot;1&quot;:2,&quot;2&quot;:&quot;18 x 8 x 22,5&quot;}\">18 x 8 x 22,5<\/td>\n<td data-sheets-value=\"{&quot;1&quot;:3,&quot;3&quot;:250}\" data-sheets-numberformat=\"{&quot;1&quot;:2,&quot;2&quot;:&quot;0&quot;,&quot;3&quot;:1}\">90 gram<\/td>\n<\/tr>\n<tr>\n<td data-sheets-value=\"{&quot;1&quot;:2,&quot;2&quot;:&quot;24\/25 x 11 x 32&quot;}\">24\/25 x 11 x 32<\/td>\n<td data-sheets-value=\"{&quot;1&quot;:3,&quot;3&quot;:250}\" data-sheets-numberformat=\"{&quot;1&quot;:2,&quot;2&quot;:&quot;0&quot;,&quot;3&quot;:1}\">90 gram<\/td>\n<\/tr>\n<tr>\n<td data-sheets-value=\"{&quot;1&quot;:2,&quot;2&quot;:&quot;32 x 12 x 41&quot;}\">32 x 12 x 41<\/td>\n<td data-sheets-value=\"{&quot;1&quot;:3,&quot;3&quot;:200}\" data-sheets-numberformat=\"{&quot;1&quot;:2,&quot;2&quot;:&quot;0&quot;,&quot;3&quot;:1}\">90 gram<\/td>\n<\/tr>\n<tr>\n<td data-sheets-value=\"{&quot;1&quot;:2,&quot;2&quot;:&quot;31 x 17 x 38&quot;}\">31 x 17 x 38<\/td>\n<td data-sheets-value=\"{&quot;1&quot;:3,&quot;3&quot;:150}\" data-sheets-numberformat=\"{&quot;1&quot;:2,&quot;2&quot;:&quot;0&quot;,&quot;3&quot;:1}\">100 gram<\/td>\n<\/tr>\n<tr>\n<td data-sheets-value=\"{&quot;1&quot;:2,&quot;2&quot;:&quot;34 x 20 x 36&quot;}\">34 x 20 x 36<\/td>\n<td data-sheets-value=\"{&quot;1&quot;:3,&quot;3&quot;:150}\" data-sheets-numberformat=\"{&quot;1&quot;:2,&quot;2&quot;:&quot;0&quot;,&quot;3&quot;:1}\">100 gram<\/td>\n<\/tr>\n<tr>\n<td data-sheets-value=\"{&quot;1&quot;:2,&quot;2&quot;:&quot;40 x 14 x 40&quot;}\">40 x 14 x 40<\/td>\n<td data-sheets-value=\"{&quot;1&quot;:3,&quot;3&quot;:200}\" data-sheets-numberformat=\"{&quot;1&quot;:2,&quot;2&quot;:&quot;0&quot;,&quot;3&quot;:1}\">100 gram<\/td>\n<\/tr>\n<tr>\n<td data-sheets-value=\"{&quot;1&quot;:2,&quot;2&quot;:&quot;54 x 15 x 46&quot;}\">54 x 15 x 46<\/td>\n<td data-sheets-value=\"{&quot;1&quot;:3,&quot;3&quot;:180}\" data-sheets-numberformat=\"{&quot;1&quot;:2,&quot;2&quot;:&quot;0&quot;,&quot;3&quot;:1}\">100 gram<\/td>\n<\/tr>\n<\/tbody>\n<\/table>\n\t\t\n<style>\n#text-2149014336 {\n  text-align: center;\n}\n<\/style>\n\t<\/div>\n\t\n\n\t\t<\/div>\n\t\t\t\t\t<\/div>\n\n\t\n\n\t<div id=\"col-1623982755\" class=\"col medium-2 small-12 large-2\"  >\n\t\t\t\t<div class=\"col-inner\"  >\n\t\t\t\n\t\t\t\n\n\n\t\t<\/div>\n\t\t\t\t\t<\/div>\n\n\t\n\n<\/div>\n\n","protected":false},"excerpt":{"rendered":"","protected":false},"author":2,"featured_media":0,"parent":0,"menu_order":0,"comment_status":"closed","ping_status":"closed","template":"","meta":{"_monsterinsights_skip_tracking":false,"_monsterinsights_sitenote_active":false,"_monsterinsights_sitenote_note":"","_monsterinsights_sitenote_category":0,"footnotes":""},"class_list":["post-10787","page","type-page","status-publish","hentry"],"aioseo_notices":[],"aioseo_head":"\n\t\t<!-- All in One SEO Pro 4.9.6.2 - aioseo.com -->\n\t<meta name=\"description\" content=\"Gramatura papieru toreb Torby papierowe z uchwytem p\u0142askim, br\u0105zowe i bia\u0142e 18 x 8,5 x 23 70 gram 22 x 11 x 31 80 gram 25 x 17 x 33 80 gram 32 x 16 x 40 80 gram 35 x 17 x 24 90 gram 32 x 22 x 25 70 gram 45 x\" \/>\n\t<meta name=\"robots\" content=\"max-image-preview:large\" \/>\n\t<meta name=\"google-site-verification\" content=\"qUbTDLl1QkUPNtEoo7SGcWHy_iy170abgHQeQ65Pu-M\" \/>\n\t<link rel=\"canonical\" href=\"https:\/\/awih.pl\/en\/bag-paper-weight\/\" \/>\n\t<meta name=\"generator\" content=\"All in One SEO Pro (AIOSEO) 4.9.6.2\" \/>\n\t\t<meta property=\"og:locale\" content=\"en_US\" \/>\n\t\t<meta property=\"og:site_name\" content=\"AWIH - Torby i Opakowania - Producent toreb i opakowa\u0144. torby papierowe i opakowania produkujemy ju\u017c ponad 25 lat. Torby dla sieci handlowych. Druk ma\u0142ych nak\u0142ad\u00f3w. Personalizacja\" \/>\n\t\t<meta property=\"og:type\" content=\"article\" \/>\n\t\t<meta property=\"og:title\" content=\"Bag paper weight - AWIH - Torby i Opakowania\" \/>\n\t\t<meta property=\"og:description\" content=\"Gramatura papieru toreb Torby papierowe z uchwytem p\u0142askim, br\u0105zowe i bia\u0142e 18 x 8,5 x 23 70 gram 22 x 11 x 31 80 gram 25 x 17 x 33 80 gram 32 x 16 x 40 80 gram 35 x 17 x 24 90 gram 32 x 22 x 25 70 gram 45 x\" \/>\n\t\t<meta property=\"og:url\" content=\"https:\/\/awih.pl\/en\/bag-paper-weight\/\" \/>\n\t\t<meta property=\"article:published_time\" content=\"2024-02-13T09:54:58+00:00\" \/>\n\t\t<meta property=\"article:modified_time\" content=\"2024-02-20T14:37:38+00:00\" \/>\n\t\t<meta property=\"article:publisher\" content=\"https:\/\/www.facebook.com\/AWIHPromotionalBagsPManufacturer\" \/>\n\t\t<meta name=\"twitter:card\" content=\"summary\" \/>\n\t\t<meta name=\"twitter:title\" content=\"Bag paper weight - AWIH - Torby i Opakowania\" \/>\n\t\t<meta name=\"twitter:description\" content=\"Gramatura papieru toreb Torby papierowe z uchwytem p\u0142askim, br\u0105zowe i bia\u0142e 18 x 8,5 x 23 70 gram 22 x 11 x 31 80 gram 25 x 17 x 33 80 gram 32 x 16 x 40 80 gram 35 x 17 x 24 90 gram 32 x 22 x 25 70 gram 45 x\" \/>\n\t\t<script type=\"application\/ld+json\" class=\"aioseo-schema\">\n\t\t\t{\"@context\":\"https:\\\/\\\/schema.org\",\"@graph\":[{\"@type\":\"BreadcrumbList\",\"@id\":\"https:\\\/\\\/awih.pl\\\/en\\\/bag-paper-weight\\\/#breadcrumblist\",\"itemListElement\":[{\"@type\":\"ListItem\",\"@id\":\"https:\\\/\\\/awih.pl\\\/en\\\/#listItem\",\"position\":1,\"name\":\"Awih\",\"item\":\"https:\\\/\\\/awih.pl\\\/en\\\/\",\"nextItem\":{\"@type\":\"ListItem\",\"@id\":\"https:\\\/\\\/awih.pl\\\/en\\\/bag-paper-weight\\\/#listItem\",\"name\":\"Bag paper weight\"}},{\"@type\":\"ListItem\",\"@id\":\"https:\\\/\\\/awih.pl\\\/en\\\/bag-paper-weight\\\/#listItem\",\"position\":2,\"name\":\"Bag paper weight\",\"previousItem\":{\"@type\":\"ListItem\",\"@id\":\"https:\\\/\\\/awih.pl\\\/en\\\/#listItem\",\"name\":\"Awih\"}}]},{\"@type\":\"Organization\",\"@id\":\"https:\\\/\\\/awih.pl\\\/en\\\/#organization\",\"name\":\"AWIH Torby i Opakowania\",\"description\":\"Producent toreb i opakowa\\u0144. torby papierowe i opakowania produkujemy ju\\u017c ponad 25 lat. Torby dla sieci handlowych. Druk ma\\u0142ych nak\\u0142ad\\u00f3w. Personalizacja\",\"url\":\"https:\\\/\\\/awih.pl\\\/en\\\/\",\"email\":\"biuro@awih.pl\",\"telephone\":\"+48514041255\",\"logo\":{\"@type\":\"ImageObject\",\"url\":\"https:\\\/\\\/awih.pl\\\/wp-content\\\/uploads\\\/2023\\\/04\\\/cropped-Logo-AWIH.png\",\"@id\":\"https:\\\/\\\/awih.pl\\\/en\\\/bag-paper-weight\\\/#organizationLogo\",\"width\":512,\"height\":512,\"caption\":\"logo AWIH\"},\"image\":{\"@id\":\"https:\\\/\\\/awih.pl\\\/en\\\/bag-paper-weight\\\/#organizationLogo\"},\"sameAs\":[\"https:\\\/\\\/www.linkedin.com\\\/company\\\/awih\\\/\"],\"address\":{\"@id\":\"https:\\\/\\\/awih.pl\\\/en\\\/#postaladdress\",\"@type\":\"PostalAddress\",\"streetAddress\":\"Ry\\u017cowa 96A,\",\"postalCode\":\"05-816\",\"addressLocality\":\"Opacz Kolonia\",\"addressRegion\":\"Mazowieckie\",\"addressCountry\":\"PL\"},\"vatID\":\"PL1130061093\"},{\"@type\":\"WebPage\",\"@id\":\"https:\\\/\\\/awih.pl\\\/en\\\/bag-paper-weight\\\/#webpage\",\"url\":\"https:\\\/\\\/awih.pl\\\/en\\\/bag-paper-weight\\\/\",\"name\":\"Bag paper weight - AWIH - Torby i Opakowania\",\"description\":\"Gramatura papieru toreb Torby papierowe z uchwytem p\\u0142askim, br\\u0105zowe i bia\\u0142e 18 x 8,5 x 23 70 gram 22 x 11 x 31 80 gram 25 x 17 x 33 80 gram 32 x 16 x 40 80 gram 35 x 17 x 24 90 gram 32 x 22 x 25 70 gram 45 x\",\"inLanguage\":\"en-US\",\"isPartOf\":{\"@id\":\"https:\\\/\\\/awih.pl\\\/en\\\/#website\"},\"breadcrumb\":{\"@id\":\"https:\\\/\\\/awih.pl\\\/en\\\/bag-paper-weight\\\/#breadcrumblist\"},\"datePublished\":\"2024-02-13T10:54:58+01:00\",\"dateModified\":\"2024-02-20T15:37:38+01:00\"},{\"@type\":\"WebSite\",\"@id\":\"https:\\\/\\\/awih.pl\\\/en\\\/#website\",\"url\":\"https:\\\/\\\/awih.pl\\\/en\\\/\",\"name\":\"AWIH Torby i Opakowania\",\"alternateName\":\"AWIH\",\"description\":\"Producent toreb i opakowa\\u0144. torby papierowe i opakowania produkujemy ju\\u017c ponad 25 lat. Torby dla sieci handlowych. Druk ma\\u0142ych nak\\u0142ad\\u00f3w. Personalizacja\",\"inLanguage\":\"en-US\",\"publisher\":{\"@id\":\"https:\\\/\\\/awih.pl\\\/en\\\/#organization\"}}]}\n\t\t<\/script>\n\t\t<!-- All in One SEO Pro -->\r\n\t\t<title>Bag paper weight - AWIH - Torby i Opakowania<\/title>\n\n","aioseo_head_json":{"title":"Bag paper weight - AWIH - Torby i Opakowania","description":"Gramatura papieru toreb Torby papierowe z uchwytem p\u0142askim, br\u0105zowe i bia\u0142e 18 x 8,5 x 23 70 gram 22 x 11 x 31 80 gram 25 x 17 x 33 80 gram 32 x 16 x 40 80 gram 35 x 17 x 24 90 gram 32 x 22 x 25 70 gram 45 x","canonical_url":"https:\/\/awih.pl\/en\/bag-paper-weight\/","robots":"max-image-preview:large","keywords":"","webmasterTools":{"google-site-verification":"qUbTDLl1QkUPNtEoo7SGcWHy_iy170abgHQeQ65Pu-M","miscellaneous":""},"schema":{"@context":"https:\/\/schema.org","@graph":[{"@type":"BreadcrumbList","@id":"https:\/\/awih.pl\/en\/bag-paper-weight\/#breadcrumblist","itemListElement":[{"@type":"ListItem","@id":"https:\/\/awih.pl\/en\/#listItem","position":1,"name":"Awih","item":"https:\/\/awih.pl\/en\/","nextItem":{"@type":"ListItem","@id":"https:\/\/awih.pl\/en\/bag-paper-weight\/#listItem","name":"Bag paper weight"}},{"@type":"ListItem","@id":"https:\/\/awih.pl\/en\/bag-paper-weight\/#listItem","position":2,"name":"Bag paper weight","previousItem":{"@type":"ListItem","@id":"https:\/\/awih.pl\/en\/#listItem","name":"Awih"}}]},{"@type":"Organization","@id":"https:\/\/awih.pl\/en\/#organization","name":"AWIH Torby i Opakowania","description":"Producent toreb i opakowa\u0144. torby papierowe i opakowania produkujemy ju\u017c ponad 25 lat. Torby dla sieci handlowych. Druk ma\u0142ych nak\u0142ad\u00f3w. Personalizacja","url":"https:\/\/awih.pl\/en\/","email":"biuro@awih.pl","telephone":"+48514041255","logo":{"@type":"ImageObject","url":"https:\/\/awih.pl\/wp-content\/uploads\/2023\/04\/cropped-Logo-AWIH.png","@id":"https:\/\/awih.pl\/en\/bag-paper-weight\/#organizationLogo","width":512,"height":512,"caption":"logo AWIH"},"image":{"@id":"https:\/\/awih.pl\/en\/bag-paper-weight\/#organizationLogo"},"sameAs":["https:\/\/www.linkedin.com\/company\/awih\/"],"address":{"@id":"https:\/\/awih.pl\/en\/#postaladdress","@type":"PostalAddress","streetAddress":"Ry\u017cowa 96A,","postalCode":"05-816","addressLocality":"Opacz Kolonia","addressRegion":"Mazowieckie","addressCountry":"PL"},"vatID":"PL1130061093"},{"@type":"WebPage","@id":"https:\/\/awih.pl\/en\/bag-paper-weight\/#webpage","url":"https:\/\/awih.pl\/en\/bag-paper-weight\/","name":"Bag paper weight - AWIH - Torby i Opakowania","description":"Gramatura papieru toreb Torby papierowe z uchwytem p\u0142askim, br\u0105zowe i bia\u0142e 18 x 8,5 x 23 70 gram 22 x 11 x 31 80 gram 25 x 17 x 33 80 gram 32 x 16 x 40 80 gram 35 x 17 x 24 90 gram 32 x 22 x 25 70 gram 45 x","inLanguage":"en-US","isPartOf":{"@id":"https:\/\/awih.pl\/en\/#website"},"breadcrumb":{"@id":"https:\/\/awih.pl\/en\/bag-paper-weight\/#breadcrumblist"},"datePublished":"2024-02-13T10:54:58+01:00","dateModified":"2024-02-20T15:37:38+01:00"},{"@type":"WebSite","@id":"https:\/\/awih.pl\/en\/#website","url":"https:\/\/awih.pl\/en\/","name":"AWIH Torby i Opakowania","alternateName":"AWIH","description":"Producent toreb i opakowa\u0144. torby papierowe i opakowania produkujemy ju\u017c ponad 25 lat. Torby dla sieci handlowych. Druk ma\u0142ych nak\u0142ad\u00f3w. Personalizacja","inLanguage":"en-US","publisher":{"@id":"https:\/\/awih.pl\/en\/#organization"}}]},"og:locale":"en_US","og:site_name":"AWIH - Torby i Opakowania - Producent toreb i opakowa\u0144. torby papierowe i opakowania produkujemy ju\u017c ponad 25 lat. Torby dla sieci handlowych. Druk ma\u0142ych nak\u0142ad\u00f3w. Personalizacja","og:type":"article","og:title":"Bag paper weight - AWIH - Torby i Opakowania","og:description":"Gramatura papieru toreb Torby papierowe z uchwytem p\u0142askim, br\u0105zowe i bia\u0142e 18 x 8,5 x 23 70 gram 22 x 11 x 31 80 gram 25 x 17 x 33 80 gram 32 x 16 x 40 80 gram 35 x 17 x 24 90 gram 32 x 22 x 25 70 gram 45 x","og:url":"https:\/\/awih.pl\/en\/bag-paper-weight\/","article:published_time":"2024-02-13T09:54:58+00:00","article:modified_time":"2024-02-20T14:37:38+00:00","article:publisher":"https:\/\/www.facebook.com\/AWIHPromotionalBagsPManufacturer","twitter:card":"summary","twitter:title":"Bag paper weight - AWIH - Torby i Opakowania","twitter:description":"Gramatura papieru toreb Torby papierowe z uchwytem p\u0142askim, br\u0105zowe i bia\u0142e 18 x 8,5 x 23 70 gram 22 x 11 x 31 80 gram 25 x 17 x 33 80 gram 32 x 16 x 40 80 gram 35 x 17 x 24 90 gram 32 x 22 x 25 70 gram 45 x"},"aioseo_meta_data":{"post_id":"10787","title":null,"description":null,"keywords":[],"keyphrases":{"focus":{"keyphrase":"","score":0,"analysis":{"keyphraseInTitle":{"score":0,"maxScore":9,"error":1}}},"additional":[]},"primary_term":null,"canonical_url":null,"og_title":null,"og_description":null,"og_object_type":"default","og_image_type":"default","og_image_url":null,"og_image_width":null,"og_image_height":null,"og_image_custom_url":null,"og_image_custom_fields":null,"og_video":"","og_custom_url":null,"og_article_section":null,"og_article_tags":[],"twitter_use_og":false,"twitter_card":"default","twitter_image_type":"default","twitter_image_url":null,"twitter_image_custom_url":null,"twitter_image_custom_fields":null,"twitter_title":null,"twitter_description":null,"schema":{"blockGraphs":[],"customGraphs":[],"default":{"data":{"Article":[],"Course":[],"Dataset":[],"FAQPage":[],"Movie":[],"Person":[],"Product":[],"ProductReview":[],"Car":[],"Recipe":[],"Service":[],"SoftwareApplication":[],"WebPage":[]},"graphName":"WebPage","isEnabled":true},"graphs":[]},"schema_type":"default","schema_type_options":null,"pillar_content":false,"robots_default":true,"robots_noindex":false,"robots_noarchive":false,"robots_nosnippet":false,"robots_nofollow":false,"robots_noimageindex":false,"robots_noodp":false,"robots_notranslate":false,"robots_max_snippet":"-1","robots_max_videopreview":"-1","robots_max_imagepreview":"large","priority":null,"frequency":"default","local_seo":null,"seo_analyzer_scan_date":"2025-10-09 07:40:01","breadcrumb_settings":null,"limit_modified_date":false,"reviewed_by":null,"open_ai":null,"ai":null,"created":"2024-02-13 09:55:05","updated":"2025-10-21 15:43:34"},"aioseo_breadcrumb":"<div class=\"aioseo-breadcrumbs\"><span class=\"aioseo-breadcrumb\">\n\t<a href=\"https:\/\/awih.pl\/en\/\" title=\"Awih\">Awih<\/a>\n<\/span><span class=\"aioseo-breadcrumb-separator\">\u00bb<\/span><span class=\"aioseo-breadcrumb\">\n\tBag paper weight\n<\/span><\/div>","aioseo_breadcrumb_json":[{"label":"Awih","link":"https:\/\/awih.pl\/en\/"},{"label":"Bag paper weight","link":"https:\/\/awih.pl\/en\/bag-paper-weight\/"}],"_links":{"self":[{"href":"https:\/\/awih.pl\/en\/wp-json\/wp\/v2\/pages\/10787","targetHints":{"allow":["GET"]}}],"collection":[{"href":"https:\/\/awih.pl\/en\/wp-json\/wp\/v2\/pages"}],"about":[{"href":"https:\/\/awih.pl\/en\/wp-json\/wp\/v2\/types\/page"}],"author":[{"embeddable":true,"href":"https:\/\/awih.pl\/en\/wp-json\/wp\/v2\/users\/2"}],"replies":[{"embeddable":true,"href":"https:\/\/awih.pl\/en\/wp-json\/wp\/v2\/comments?post=10787"}],"version-history":[{"count":7,"href":"https:\/\/awih.pl\/en\/wp-json\/wp\/v2\/pages\/10787\/revisions"}],"predecessor-version":[{"id":10798,"href":"https:\/\/awih.pl\/en\/wp-json\/wp\/v2\/pages\/10787\/revisions\/10798"}],"wp:attachment":[{"href":"https:\/\/awih.pl\/en\/wp-json\/wp\/v2\/media?parent=10787"}],"curies":[{"name":"wp","href":"https:\/\/api.w.org\/{rel}","templated":true}]}}