{"id":10921,"date":"2024-02-14T12:45:58","date_gmt":"2024-02-14T11:45:58","guid":{"rendered":"https:\/\/awih.pl\/10921-2\/"},"modified":"2024-02-14T14:45:30","modified_gmt":"2024-02-14T13:45:30","slug":"10921-2","status":"publish","type":"page","link":"https:\/\/awih.pl\/en\/10921-2\/","title":{"rendered":"Catalog of bags and packaging"},"content":{"rendered":"\n<div class=\"row\"  id=\"row-968645316\">\n\n\n\t<div id=\"col-635026175\" class=\"col medium-4 small-12 large-4\"  >\n\t\t\t\t<div class=\"col-inner text-center box-shadow-3\"  >\n\t\t\t\n\t\t\t\n\n<h2 style=\"text-align: center;\"><span style=\"font-size: 75%;\"><a href=\"https:\/\/awih.pl\/wp-content\/uploads\/2021\/Publikacje\/Katalog toreb i opakowa\u0144 papierowych 2023 PL.pdf\" data-wplink-url-error=\"true\">Katalog toreb i opakowa\u0144 papierowych 2024 PL<\/a><\/span><\/h2>\n\t<div class=\"img has-hover x md-x lg-x y md-y lg-y\" id=\"image_1156630588\">\n\t\t<a class=\"\" href=\"https:\/\/awih.pl\/wp-content\/uploads\/2021\/Publikacje\/Katalog toreb i opakowa\u0144 papierowych 2023 PL.pdf\" >\t\t\t\t\t\t<div class=\"img-inner dark\" >\n\t\t\t<img width=\"300\" height=\"300\" src=\"https:\/\/awih.pl\/wp-content\/uploads\/2024\/02\/do-katalog-toreb-300x300.png\" class=\"attachment-medium size-medium\" alt=\"Katalog toreb i opakowa\u0144\" srcset=\"https:\/\/awih.pl\/wp-content\/uploads\/2024\/02\/do-katalog-toreb-300x300.png 300w, https:\/\/awih.pl\/wp-content\/uploads\/2024\/02\/do-katalog-toreb-1024x1024.png 1024w, https:\/\/awih.pl\/wp-content\/uploads\/2024\/02\/do-katalog-toreb-150x150.png 150w, https:\/\/awih.pl\/wp-content\/uploads\/2024\/02\/do-katalog-toreb-768x768.png 768w, https:\/\/awih.pl\/wp-content\/uploads\/2024\/02\/do-katalog-toreb-500x500.png 500w, https:\/\/awih.pl\/wp-content\/uploads\/2024\/02\/do-katalog-toreb-600x600.png 600w, https:\/\/awih.pl\/wp-content\/uploads\/2024\/02\/do-katalog-toreb-100x100.png 100w, https:\/\/awih.pl\/wp-content\/uploads\/2024\/02\/do-katalog-toreb.png 1102w\" sizes=\"(max-width: 300px) 100vw, 300px\" fetchpriority=\"high\" decoding=\"async\" loading=\"eager\" \/>\t\t\t\t\t\t\n\t\t\t\t\t<\/div>\n\t\t\t\t\t\t<\/a>\t\t\n<style>\n#image_1156630588 {\n  width: 100%;\n}\n<\/style>\n\t<\/div>\n\t\n\n\n\t\t<\/div>\n\t\t\t\t\t<\/div>\n\n\t\n\n\t<div id=\"col-81128715\" class=\"col medium-4 small-12 large-4\"  >\n\t\t\t\t<div class=\"col-inner box-shadow-3\"  >\n\t\t\t\n\t\t\t\n\n<h2 style=\"text-align: center;\"><span style=\"font-size: 75%;\"><a href=\"https:\/\/awih.pl\/wp-content\/uploads\/2021\/Publikacje\/KATALOG TOREB I OPAKOWA\u0143 \u015aWI\u0104TECZNYCH 2023.pdf\" data-wplink-url-error=\"true\">Katalog toreb i opakowa\u0144 \u015bwi\u0105tecznych 2023<\/a><\/span><\/h2>\n\t<div class=\"img has-hover x md-x lg-x y md-y lg-y\" id=\"image_1678231791\">\n\t\t<a class=\"\" href=\"https:\/\/awih.pl\/wp-content\/uploads\/2021\/Publikacje\/KATALOG TOREB I OPAKOWA\u0143 \u015aWI\u0104TECZNYCH 2023.pdf\" >\t\t\t\t\t\t<div class=\"img-inner dark\" >\n\t\t\t<img loading=\"lazy\" decoding=\"async\" width=\"1020\" height=\"1020\" src=\"https:\/\/awih.pl\/wp-content\/uploads\/2023\/09\/Laminaty-BN-z-dekorem-1024x1024.png\" class=\"attachment-large size-large\" alt=\"Torby prezentowe laminowane\" srcset=\"https:\/\/awih.pl\/wp-content\/uploads\/2023\/09\/Laminaty-BN-z-dekorem-1024x1024.png 1024w, https:\/\/awih.pl\/wp-content\/uploads\/2023\/09\/Laminaty-BN-z-dekorem-300x300.png 300w, https:\/\/awih.pl\/wp-content\/uploads\/2023\/09\/Laminaty-BN-z-dekorem-150x150.png 150w, https:\/\/awih.pl\/wp-content\/uploads\/2023\/09\/Laminaty-BN-z-dekorem-768x768.png 768w, https:\/\/awih.pl\/wp-content\/uploads\/2023\/09\/Laminaty-BN-z-dekorem-500x500.png 500w, https:\/\/awih.pl\/wp-content\/uploads\/2023\/09\/Laminaty-BN-z-dekorem-600x600.png 600w, https:\/\/awih.pl\/wp-content\/uploads\/2023\/09\/Laminaty-BN-z-dekorem-100x100.png 100w, https:\/\/awih.pl\/wp-content\/uploads\/2023\/09\/Laminaty-BN-z-dekorem.png 1053w\" sizes=\"auto, (max-width: 1020px) 100vw, 1020px\" \/>\t\t\t\t\t\t\n\t\t\t\t\t<\/div>\n\t\t\t\t\t\t<\/a>\t\t\n<style>\n#image_1678231791 {\n  width: 100%;\n}\n<\/style>\n\t<\/div>\n\t\n\n\n\t\t<\/div>\n\t\t\t\t\t<\/div>\n\n\t\n\n\t<div id=\"col-2029260626\" class=\"col medium-4 small-12 large-4\"  >\n\t\t\t\t<div class=\"col-inner box-shadow-3\"  >\n\t\t\t\n\t\t\t\n\n<h2 style=\"text-align: center;\"><span style=\"font-size: 75%;\"><a href=\"https:\/\/awih.pl\/wp-content\/uploads\/2021\/Publikacje\/0ferta dodatkowa - katalog z cenami.pdf\" data-wplink-url-error=\"true\">Oferta dodatkowa z cenami <br \/>&#8211; ta\u015bmy, koperty, folia itp.<\/a><\/span><\/h2>\n\t<div class=\"img has-hover x md-x lg-x y md-y lg-y\" id=\"image_1381435503\">\n\t\t<a class=\"\" href=\"Oferta dodatkowa z cenami - ta\u015bmy, koperty, folia itp.\" >\t\t\t\t\t\t<div class=\"img-inner dark\" >\n\t\t\t<img loading=\"lazy\" decoding=\"async\" width=\"1020\" height=\"1020\" src=\"https:\/\/awih.pl\/wp-content\/uploads\/2024\/02\/do-katalog-dodatkowe-1024x1024.png\" class=\"attachment-large size-large\" alt=\"Katalog oferta dodatkowa\" srcset=\"https:\/\/awih.pl\/wp-content\/uploads\/2024\/02\/do-katalog-dodatkowe-1024x1024.png 1024w, https:\/\/awih.pl\/wp-content\/uploads\/2024\/02\/do-katalog-dodatkowe-300x300.png 300w, https:\/\/awih.pl\/wp-content\/uploads\/2024\/02\/do-katalog-dodatkowe-150x150.png 150w, https:\/\/awih.pl\/wp-content\/uploads\/2024\/02\/do-katalog-dodatkowe-768x768.png 768w, https:\/\/awih.pl\/wp-content\/uploads\/2024\/02\/do-katalog-dodatkowe-1536x1536.png 1536w, https:\/\/awih.pl\/wp-content\/uploads\/2024\/02\/do-katalog-dodatkowe-500x500.png 500w, https:\/\/awih.pl\/wp-content\/uploads\/2024\/02\/do-katalog-dodatkowe-600x600.png 600w, https:\/\/awih.pl\/wp-content\/uploads\/2024\/02\/do-katalog-dodatkowe-100x100.png 100w, https:\/\/awih.pl\/wp-content\/uploads\/2024\/02\/do-katalog-dodatkowe.png 1654w\" sizes=\"auto, (max-width: 1020px) 100vw, 1020px\" \/>\t\t\t\t\t\t\n\t\t\t\t\t<\/div>\n\t\t\t\t\t\t<\/a>\t\t\n<style>\n#image_1381435503 {\n  width: 100%;\n}\n<\/style>\n\t<\/div>\n\t\n\n\n\t\t<\/div>\n\t\t\t\t\t<\/div>\n\n\t\n\n<\/div>\n<div class=\"row\"  id=\"row-1388472562\">\n\n\n\t<div id=\"col-1231415513\" class=\"col medium-4 small-12 large-4\"  >\n\t\t\t\t<div class=\"col-inner text-center box-shadow-3\"  >\n\t\t\t\n\t\t\t\n\n<h2 style=\"text-align: center;\"><span style=\"font-size: 75%;\"><a href=\"https:\/\/awih.pl\/wp-content\/uploads\/2021\/Publikacje\/Katalog toreb i opakowa\u0144 papierowych 2023 PL.pdf\" data-wplink-url-error=\"true\">Katalog opakowa\u0144\u00a0 2024 PL<\/a><\/span><\/h2>\n\t<div class=\"img has-hover x md-x lg-x y md-y lg-y\" id=\"image_200371817\">\n\t\t<a class=\"\" href=\"https:\/\/awih.pl\/wp-content\/uploads\/2021\/Publikacje\/Katalog toreb i opakowa\u0144 papierowych 2023 PL.pdf\" >\t\t\t\t\t\t<div class=\"img-inner dark\" >\n\t\t\t<img loading=\"lazy\" decoding=\"async\" width=\"300\" height=\"300\" src=\"https:\/\/awih.pl\/wp-content\/uploads\/2024\/02\/do-katalog-opakowan-300x300.png\" class=\"attachment-medium size-medium\" alt=\"Katalog opakowa\u0144\" srcset=\"https:\/\/awih.pl\/wp-content\/uploads\/2024\/02\/do-katalog-opakowan-300x300.png 300w, https:\/\/awih.pl\/wp-content\/uploads\/2024\/02\/do-katalog-opakowan-1024x1024.png 1024w, https:\/\/awih.pl\/wp-content\/uploads\/2024\/02\/do-katalog-opakowan-150x150.png 150w, https:\/\/awih.pl\/wp-content\/uploads\/2024\/02\/do-katalog-opakowan-768x768.png 768w, https:\/\/awih.pl\/wp-content\/uploads\/2024\/02\/do-katalog-opakowan-500x500.png 500w, https:\/\/awih.pl\/wp-content\/uploads\/2024\/02\/do-katalog-opakowan-600x600.png 600w, https:\/\/awih.pl\/wp-content\/uploads\/2024\/02\/do-katalog-opakowan-100x100.png 100w, https:\/\/awih.pl\/wp-content\/uploads\/2024\/02\/do-katalog-opakowan.png 1102w\" sizes=\"auto, (max-width: 300px) 100vw, 300px\" \/>\t\t\t\t\t\t\n\t\t\t\t\t<\/div>\n\t\t\t\t\t\t<\/a>\t\t\n<style>\n#image_200371817 {\n  width: 100%;\n}\n<\/style>\n\t<\/div>\n\t\n\n\n\t\t<\/div>\n\t\t\t\t\t<\/div>\n\n\t\n\n\t<div id=\"col-861690402\" class=\"col medium-4 small-12 large-4\"  >\n\t\t\t\t<div class=\"col-inner box-shadow-3\"  >\n\t\t\t\n\t\t\t\n\n\n\t\t<\/div>\n\t\t\t\t\t<\/div>\n\n\t\n\n\t<div id=\"col-1512789103\" class=\"col medium-4 small-12 large-4\"  >\n\t\t\t\t<div class=\"col-inner box-shadow-3\"  >\n\t\t\t\n\t\t\t\n\n\n\t\t<\/div>\n\t\t\t\t\t<\/div>\n\n\t\n\n<\/div>\n\n","protected":false},"excerpt":{"rendered":"","protected":false},"author":2,"featured_media":0,"parent":0,"menu_order":0,"comment_status":"closed","ping_status":"closed","template":"","meta":{"_monsterinsights_skip_tracking":false,"_monsterinsights_sitenote_active":false,"_monsterinsights_sitenote_note":"","_monsterinsights_sitenote_category":0,"footnotes":""},"class_list":["post-10921","page","type-page","status-publish","hentry"],"aioseo_notices":[],"aioseo_head":"\n\t\t<!-- All in One SEO Pro 4.9.6.2 - aioseo.com -->\n\t<meta name=\"description\" content=\"Katalog toreb i opakowa\u0144 papierowych 2024 PL Katalog toreb i opakowa\u0144 \u015bwi\u0105tecznych 2023 Oferta dodatkowa z cenami - ta\u015bmy, koperty, folia itp. Katalog opakowa\u0144 2024 PL\" \/>\n\t<meta name=\"robots\" content=\"max-image-preview:large\" \/>\n\t<meta name=\"google-site-verification\" content=\"qUbTDLl1QkUPNtEoo7SGcWHy_iy170abgHQeQ65Pu-M\" \/>\n\t<link rel=\"canonical\" href=\"https:\/\/awih.pl\/en\/10921-2\/\" \/>\n\t<meta name=\"generator\" content=\"All in One SEO Pro (AIOSEO) 4.9.6.2\" \/>\n\t\t<meta property=\"og:locale\" content=\"en_US\" \/>\n\t\t<meta property=\"og:site_name\" content=\"AWIH - Torby i Opakowania - Producent toreb i opakowa\u0144. torby papierowe i opakowania produkujemy ju\u017c ponad 25 lat. Torby dla sieci handlowych. Druk ma\u0142ych nak\u0142ad\u00f3w. Personalizacja\" \/>\n\t\t<meta property=\"og:type\" content=\"article\" \/>\n\t\t<meta property=\"og:title\" content=\"Catalog of bags and packaging - AWIH - Torby i Opakowania\" \/>\n\t\t<meta property=\"og:description\" content=\"Katalog toreb i opakowa\u0144 papierowych 2024 PL Katalog toreb i opakowa\u0144 \u015bwi\u0105tecznych 2023 Oferta dodatkowa z cenami - ta\u015bmy, koperty, folia itp. Katalog opakowa\u0144 2024 PL\" \/>\n\t\t<meta property=\"og:url\" content=\"https:\/\/awih.pl\/en\/10921-2\/\" \/>\n\t\t<meta property=\"article:published_time\" content=\"2024-02-14T11:45:58+00:00\" \/>\n\t\t<meta property=\"article:modified_time\" content=\"2024-02-14T13:45:30+00:00\" \/>\n\t\t<meta property=\"article:publisher\" content=\"https:\/\/www.facebook.com\/AWIHPromotionalBagsPManufacturer\" \/>\n\t\t<meta name=\"twitter:card\" content=\"summary\" \/>\n\t\t<meta name=\"twitter:title\" content=\"Catalog of bags and packaging - AWIH - Torby i Opakowania\" \/>\n\t\t<meta name=\"twitter:description\" content=\"Katalog toreb i opakowa\u0144 papierowych 2024 PL Katalog toreb i opakowa\u0144 \u015bwi\u0105tecznych 2023 Oferta dodatkowa z cenami - ta\u015bmy, koperty, folia itp. Katalog opakowa\u0144 2024 PL\" \/>\n\t\t<script type=\"application\/ld+json\" class=\"aioseo-schema\">\n\t\t\t{\"@context\":\"https:\\\/\\\/schema.org\",\"@graph\":[{\"@type\":\"BreadcrumbList\",\"@id\":\"https:\\\/\\\/awih.pl\\\/en\\\/10921-2\\\/#breadcrumblist\",\"itemListElement\":[{\"@type\":\"ListItem\",\"@id\":\"https:\\\/\\\/awih.pl\\\/en\\\/#listItem\",\"position\":1,\"name\":\"Awih\",\"item\":\"https:\\\/\\\/awih.pl\\\/en\\\/\",\"nextItem\":{\"@type\":\"ListItem\",\"@id\":\"https:\\\/\\\/awih.pl\\\/en\\\/10921-2\\\/#listItem\",\"name\":\"Catalog of bags and packaging\"}},{\"@type\":\"ListItem\",\"@id\":\"https:\\\/\\\/awih.pl\\\/en\\\/10921-2\\\/#listItem\",\"position\":2,\"name\":\"Catalog of bags and packaging\",\"previousItem\":{\"@type\":\"ListItem\",\"@id\":\"https:\\\/\\\/awih.pl\\\/en\\\/#listItem\",\"name\":\"Awih\"}}]},{\"@type\":\"Organization\",\"@id\":\"https:\\\/\\\/awih.pl\\\/en\\\/#organization\",\"name\":\"AWIH Torby i Opakowania\",\"description\":\"Producent toreb i opakowa\\u0144. torby papierowe i opakowania produkujemy ju\\u017c ponad 25 lat. Torby dla sieci handlowych. Druk ma\\u0142ych nak\\u0142ad\\u00f3w. Personalizacja\",\"url\":\"https:\\\/\\\/awih.pl\\\/en\\\/\",\"email\":\"biuro@awih.pl\",\"telephone\":\"+48514041255\",\"logo\":{\"@type\":\"ImageObject\",\"url\":\"https:\\\/\\\/awih.pl\\\/wp-content\\\/uploads\\\/2023\\\/04\\\/cropped-Logo-AWIH.png\",\"@id\":\"https:\\\/\\\/awih.pl\\\/en\\\/10921-2\\\/#organizationLogo\",\"width\":512,\"height\":512,\"caption\":\"logo AWIH\"},\"image\":{\"@id\":\"https:\\\/\\\/awih.pl\\\/en\\\/10921-2\\\/#organizationLogo\"},\"sameAs\":[\"https:\\\/\\\/www.linkedin.com\\\/company\\\/awih\\\/\"],\"address\":{\"@id\":\"https:\\\/\\\/awih.pl\\\/en\\\/#postaladdress\",\"@type\":\"PostalAddress\",\"streetAddress\":\"Ry\\u017cowa 96A,\",\"postalCode\":\"05-816\",\"addressLocality\":\"Opacz Kolonia\",\"addressRegion\":\"Mazowieckie\",\"addressCountry\":\"PL\"},\"vatID\":\"PL1130061093\"},{\"@type\":\"WebPage\",\"@id\":\"https:\\\/\\\/awih.pl\\\/en\\\/10921-2\\\/#webpage\",\"url\":\"https:\\\/\\\/awih.pl\\\/en\\\/10921-2\\\/\",\"name\":\"Catalog of bags and packaging - AWIH - Torby i Opakowania\",\"description\":\"Katalog toreb i opakowa\\u0144 papierowych 2024 PL Katalog toreb i opakowa\\u0144 \\u015bwi\\u0105tecznych 2023 Oferta dodatkowa z cenami - ta\\u015bmy, koperty, folia itp. Katalog opakowa\\u0144 2024 PL\",\"inLanguage\":\"en-US\",\"isPartOf\":{\"@id\":\"https:\\\/\\\/awih.pl\\\/en\\\/#website\"},\"breadcrumb\":{\"@id\":\"https:\\\/\\\/awih.pl\\\/en\\\/10921-2\\\/#breadcrumblist\"},\"datePublished\":\"2024-02-14T12:45:58+01:00\",\"dateModified\":\"2024-02-14T14:45:30+01:00\"},{\"@type\":\"WebSite\",\"@id\":\"https:\\\/\\\/awih.pl\\\/en\\\/#website\",\"url\":\"https:\\\/\\\/awih.pl\\\/en\\\/\",\"name\":\"AWIH Torby i Opakowania\",\"alternateName\":\"AWIH\",\"description\":\"Producent toreb i opakowa\\u0144. torby papierowe i opakowania produkujemy ju\\u017c ponad 25 lat. Torby dla sieci handlowych. Druk ma\\u0142ych nak\\u0142ad\\u00f3w. Personalizacja\",\"inLanguage\":\"en-US\",\"publisher\":{\"@id\":\"https:\\\/\\\/awih.pl\\\/en\\\/#organization\"}}]}\n\t\t<\/script>\n\t\t<!-- All in One SEO Pro -->\r\n\t\t<title>Catalog of bags and packaging - AWIH - Torby i Opakowania<\/title>\n\n","aioseo_head_json":{"title":"Catalog of bags and packaging - AWIH - Torby i Opakowania","description":"Katalog toreb i opakowa\u0144 papierowych 2024 PL Katalog toreb i opakowa\u0144 \u015bwi\u0105tecznych 2023 Oferta dodatkowa z cenami - ta\u015bmy, koperty, folia itp. Katalog opakowa\u0144 2024 PL","canonical_url":"https:\/\/awih.pl\/en\/10921-2\/","robots":"max-image-preview:large","keywords":"","webmasterTools":{"google-site-verification":"qUbTDLl1QkUPNtEoo7SGcWHy_iy170abgHQeQ65Pu-M","miscellaneous":""},"schema":{"@context":"https:\/\/schema.org","@graph":[{"@type":"BreadcrumbList","@id":"https:\/\/awih.pl\/en\/10921-2\/#breadcrumblist","itemListElement":[{"@type":"ListItem","@id":"https:\/\/awih.pl\/en\/#listItem","position":1,"name":"Awih","item":"https:\/\/awih.pl\/en\/","nextItem":{"@type":"ListItem","@id":"https:\/\/awih.pl\/en\/10921-2\/#listItem","name":"Catalog of bags and packaging"}},{"@type":"ListItem","@id":"https:\/\/awih.pl\/en\/10921-2\/#listItem","position":2,"name":"Catalog of bags and packaging","previousItem":{"@type":"ListItem","@id":"https:\/\/awih.pl\/en\/#listItem","name":"Awih"}}]},{"@type":"Organization","@id":"https:\/\/awih.pl\/en\/#organization","name":"AWIH Torby i Opakowania","description":"Producent toreb i opakowa\u0144. torby papierowe i opakowania produkujemy ju\u017c ponad 25 lat. Torby dla sieci handlowych. Druk ma\u0142ych nak\u0142ad\u00f3w. Personalizacja","url":"https:\/\/awih.pl\/en\/","email":"biuro@awih.pl","telephone":"+48514041255","logo":{"@type":"ImageObject","url":"https:\/\/awih.pl\/wp-content\/uploads\/2023\/04\/cropped-Logo-AWIH.png","@id":"https:\/\/awih.pl\/en\/10921-2\/#organizationLogo","width":512,"height":512,"caption":"logo AWIH"},"image":{"@id":"https:\/\/awih.pl\/en\/10921-2\/#organizationLogo"},"sameAs":["https:\/\/www.linkedin.com\/company\/awih\/"],"address":{"@id":"https:\/\/awih.pl\/en\/#postaladdress","@type":"PostalAddress","streetAddress":"Ry\u017cowa 96A,","postalCode":"05-816","addressLocality":"Opacz Kolonia","addressRegion":"Mazowieckie","addressCountry":"PL"},"vatID":"PL1130061093"},{"@type":"WebPage","@id":"https:\/\/awih.pl\/en\/10921-2\/#webpage","url":"https:\/\/awih.pl\/en\/10921-2\/","name":"Catalog of bags and packaging - AWIH - Torby i Opakowania","description":"Katalog toreb i opakowa\u0144 papierowych 2024 PL Katalog toreb i opakowa\u0144 \u015bwi\u0105tecznych 2023 Oferta dodatkowa z cenami - ta\u015bmy, koperty, folia itp. Katalog opakowa\u0144 2024 PL","inLanguage":"en-US","isPartOf":{"@id":"https:\/\/awih.pl\/en\/#website"},"breadcrumb":{"@id":"https:\/\/awih.pl\/en\/10921-2\/#breadcrumblist"},"datePublished":"2024-02-14T12:45:58+01:00","dateModified":"2024-02-14T14:45:30+01:00"},{"@type":"WebSite","@id":"https:\/\/awih.pl\/en\/#website","url":"https:\/\/awih.pl\/en\/","name":"AWIH Torby i Opakowania","alternateName":"AWIH","description":"Producent toreb i opakowa\u0144. torby papierowe i opakowania produkujemy ju\u017c ponad 25 lat. Torby dla sieci handlowych. Druk ma\u0142ych nak\u0142ad\u00f3w. Personalizacja","inLanguage":"en-US","publisher":{"@id":"https:\/\/awih.pl\/en\/#organization"}}]},"og:locale":"en_US","og:site_name":"AWIH - Torby i Opakowania - Producent toreb i opakowa\u0144. torby papierowe i opakowania produkujemy ju\u017c ponad 25 lat. Torby dla sieci handlowych. Druk ma\u0142ych nak\u0142ad\u00f3w. Personalizacja","og:type":"article","og:title":"Catalog of bags and packaging - AWIH - Torby i Opakowania","og:description":"Katalog toreb i opakowa\u0144 papierowych 2024 PL Katalog toreb i opakowa\u0144 \u015bwi\u0105tecznych 2023 Oferta dodatkowa z cenami - ta\u015bmy, koperty, folia itp. Katalog opakowa\u0144 2024 PL","og:url":"https:\/\/awih.pl\/en\/10921-2\/","article:published_time":"2024-02-14T11:45:58+00:00","article:modified_time":"2024-02-14T13:45:30+00:00","article:publisher":"https:\/\/www.facebook.com\/AWIHPromotionalBagsPManufacturer","twitter:card":"summary","twitter:title":"Catalog of bags and packaging - AWIH - Torby i Opakowania","twitter:description":"Katalog toreb i opakowa\u0144 papierowych 2024 PL Katalog toreb i opakowa\u0144 \u015bwi\u0105tecznych 2023 Oferta dodatkowa z cenami - ta\u015bmy, koperty, folia itp. Katalog opakowa\u0144 2024 PL"},"aioseo_meta_data":{"post_id":"10921","title":null,"description":null,"keywords":[],"keyphrases":{"focus":{"keyphrase":"","score":0,"analysis":{"keyphraseInTitle":{"score":0,"maxScore":9,"error":1}}},"additional":[]},"primary_term":null,"canonical_url":null,"og_title":null,"og_description":null,"og_object_type":"default","og_image_type":"default","og_image_url":null,"og_image_width":null,"og_image_height":null,"og_image_custom_url":null,"og_image_custom_fields":null,"og_video":"","og_custom_url":null,"og_article_section":null,"og_article_tags":[],"twitter_use_og":false,"twitter_card":"default","twitter_image_type":"default","twitter_image_url":null,"twitter_image_custom_url":null,"twitter_image_custom_fields":null,"twitter_title":null,"twitter_description":null,"schema":{"blockGraphs":[],"customGraphs":[],"default":{"data":{"Article":[],"Course":[],"Dataset":[],"FAQPage":[],"Movie":[],"Person":[],"Product":[],"ProductReview":[],"Car":[],"Recipe":[],"Service":[],"SoftwareApplication":[],"WebPage":[]},"graphName":"WebPage","isEnabled":true},"graphs":[]},"schema_type":"default","schema_type_options":null,"pillar_content":false,"robots_default":true,"robots_noindex":false,"robots_noarchive":false,"robots_nosnippet":false,"robots_nofollow":false,"robots_noimageindex":false,"robots_noodp":false,"robots_notranslate":false,"robots_max_snippet":"-1","robots_max_videopreview":"-1","robots_max_imagepreview":"large","priority":null,"frequency":"default","local_seo":null,"seo_analyzer_scan_date":"2025-10-09 07:38:01","breadcrumb_settings":null,"limit_modified_date":false,"reviewed_by":null,"open_ai":null,"ai":null,"created":"2024-02-14 11:49:39","updated":"2025-10-21 15:43:35"},"aioseo_breadcrumb":"<div class=\"aioseo-breadcrumbs\"><span class=\"aioseo-breadcrumb\">\n\t<a href=\"https:\/\/awih.pl\/en\/\" title=\"Awih\">Awih<\/a>\n<\/span><span class=\"aioseo-breadcrumb-separator\">\u00bb<\/span><span class=\"aioseo-breadcrumb\">\n\tCatalog of bags and packaging\n<\/span><\/div>","aioseo_breadcrumb_json":[{"label":"Awih","link":"https:\/\/awih.pl\/en\/"},{"label":"Catalog of bags and packaging","link":"https:\/\/awih.pl\/en\/10921-2\/"}],"_links":{"self":[{"href":"https:\/\/awih.pl\/en\/wp-json\/wp\/v2\/pages\/10921","targetHints":{"allow":["GET"]}}],"collection":[{"href":"https:\/\/awih.pl\/en\/wp-json\/wp\/v2\/pages"}],"about":[{"href":"https:\/\/awih.pl\/en\/wp-json\/wp\/v2\/types\/page"}],"author":[{"embeddable":true,"href":"https:\/\/awih.pl\/en\/wp-json\/wp\/v2\/users\/2"}],"replies":[{"embeddable":true,"href":"https:\/\/awih.pl\/en\/wp-json\/wp\/v2\/comments?post=10921"}],"version-history":[{"count":11,"href":"https:\/\/awih.pl\/en\/wp-json\/wp\/v2\/pages\/10921\/revisions"}],"predecessor-version":[{"id":10948,"href":"https:\/\/awih.pl\/en\/wp-json\/wp\/v2\/pages\/10921\/revisions\/10948"}],"wp:attachment":[{"href":"https:\/\/awih.pl\/en\/wp-json\/wp\/v2\/media?parent=10921"}],"curies":[{"name":"wp","href":"https:\/\/api.w.org\/{rel}","templated":true}]}}