{"id":6201,"date":"2021-03-19T17:33:42","date_gmt":"2021-03-19T16:33:42","guid":{"rendered":"https:\/\/awih.pl\/download\/"},"modified":"2023-02-15T15:11:19","modified_gmt":"2023-02-15T14:11:19","slug":"download","status":"publish","type":"page","link":"https:\/\/awih.pl\/en\/download\/","title":{"rendered":"Download"},"content":{"rendered":"\n<div class=\"row\"  id=\"row-1542232420\">\n\n\n\t<div id=\"col-1936907281\" class=\"col small-12 large-12\"  >\n\t\t\t\t<div class=\"col-inner\"  >\n\t\t\t\n\t\t\t\n\n\n\t\t<\/div>\n\t\t\t\t\t<\/div>\n\n\t\n\n<\/div>\n<div class=\"row row-large row-full-width align-middle align-center\"  id=\"row-951642832\">\n\n\n\t<div id=\"col-197152703\" class=\"col medium-4 small-12 large-4\"  >\n\t\t\t\t<div class=\"col-inner text-center box-shadow-2 box-shadow-2-hover\"  >\n\t\t\t\n\t\t\t\n\n\t<div id=\"text-1687061718\" class=\"text\">\n\t\t\n\n<p><a href=\"https:\/\/awih.pl\/en\/?page_id=11253\">szablony toreb do pobrania<\/a><\/p>\n\t\t\n<style>\n#text-1687061718 {\n  text-align: center;\n}\n<\/style>\n\t<\/div>\n\t\n\t<div class=\"img has-hover x md-x lg-x y md-y lg-y\" id=\"image_1321587034\">\n\t\t<a class=\"\" href=\"https:\/\/awih.pl\/do-pobrania\/szablony-toreb-do-pobrania\/\" >\t\t<div data-parallax-fade=\"true\" data-parallax=\"3\">\t\t\t\t<div class=\"img-inner box-shadow-3-hover dark\" >\n\t\t\t<img width=\"1020\" height=\"697\" src=\"https:\/\/awih.pl\/wp-content\/uploads\/2021\/03\/szablon-toreb-do-pobrania-1024x700.png\" class=\"attachment-large size-large\" alt=\"\" srcset=\"https:\/\/awih.pl\/wp-content\/uploads\/2021\/03\/szablon-toreb-do-pobrania-1024x700.png 1024w, https:\/\/awih.pl\/wp-content\/uploads\/2021\/03\/szablon-toreb-do-pobrania-600x410.png 600w, https:\/\/awih.pl\/wp-content\/uploads\/2021\/03\/szablon-toreb-do-pobrania-300x205.png 300w, https:\/\/awih.pl\/wp-content\/uploads\/2021\/03\/szablon-toreb-do-pobrania-768x525.png 768w, https:\/\/awih.pl\/wp-content\/uploads\/2021\/03\/szablon-toreb-do-pobrania.png 1417w\" sizes=\"(max-width: 1020px) 100vw, 1020px\" fetchpriority=\"high\" decoding=\"async\" loading=\"eager\" \/>\t\t\t\t\t\t\n\t\t\t\t\t<\/div>\n\t\t\t\t<\/div>\t\t<\/a>\t\t\n<style>\n#image_1321587034 {\n  width: 100%;\n}\n<\/style>\n\t<\/div>\n\t\n\n\n\t\t<\/div>\n\t\t\t\t\t<\/div>\n\n\t\n\n\t<div id=\"col-2131204650\" class=\"col medium-4 small-12 large-4\"  >\n\t\t\t\t<div class=\"col-inner text-center box-shadow-2 box-shadow-2-hover\"  >\n\t\t\t\n\t\t\t\n\n<p style=\"text-align: center;\"><a href=\"https:\/\/awih.pl\/en\/?page_id=11258\">wzornik kolor\u00f3w sznurka<\/a><\/p>\n\t<div class=\"img has-hover x md-x lg-x y md-y lg-y\" id=\"image_257319858\">\n\t\t<a class=\"\" href=\"https:\/\/awih.pl\/do-pobrania\/wzornik-sznurka\/\" >\t\t<div data-parallax-fade=\"true\" data-parallax=\"3\">\t\t\t\t<div class=\"img-inner box-shadow-3-hover dark\" style=\"margin:20px 0px 0px 0px;\">\n\t\t\t<img loading=\"lazy\" decoding=\"async\" width=\"711\" height=\"486\" src=\"https:\/\/awih.pl\/wp-content\/uploads\/2021\/03\/sznurki.png\" class=\"attachment-large size-large\" alt=\"\" srcset=\"https:\/\/awih.pl\/wp-content\/uploads\/2021\/03\/sznurki.png 711w, https:\/\/awih.pl\/wp-content\/uploads\/2021\/03\/sznurki-600x410.png 600w, https:\/\/awih.pl\/wp-content\/uploads\/2021\/03\/sznurki-300x205.png 300w\" sizes=\"auto, (max-width: 711px) 100vw, 711px\" \/>\t\t\t\t\t\t\n\t\t\t\t\t<\/div>\n\t\t\t\t<\/div>\t\t<\/a>\t\t\n<style>\n#image_257319858 {\n  width: 100%;\n}\n<\/style>\n\t<\/div>\n\t\n\n\n\t\t<\/div>\n\t\t\t\t\t<\/div>\n\n\t\n\n\t<div id=\"col-676850068\" class=\"col medium-4 small-12 large-4\"  >\n\t\t\t\t<div class=\"col-inner text-center box-shadow-2 box-shadow-2-hover\"  >\n\t\t\t\n\t\t\t\n\n<p style=\"text-align: center;\"><a href=\"https:\/\/awih.pl\/en\/documents\/\">dokumenty handlowe<\/a><\/p>\n\t<div class=\"img has-hover x md-x lg-x y md-y lg-y\" id=\"image_445338111\">\n\t\t<a class=\"\" href=\"https:\/\/awih.pl\/2772-2\/\" >\t\t<div data-parallax-fade=\"true\" data-parallax=\"2\">\t\t\t\t<div class=\"img-inner image-cover box-shadow-2-hover dark\" style=\"padding-top:190px;\">\n\t\t\t<img loading=\"lazy\" decoding=\"async\" width=\"300\" height=\"112\" src=\"https:\/\/awih.pl\/wp-content\/uploads\/2021\/03\/baner-glowny-6-300x112.png\" class=\"attachment-medium size-medium\" alt=\"\" srcset=\"https:\/\/awih.pl\/wp-content\/uploads\/2021\/03\/baner-glowny-6-300x112.png 300w, https:\/\/awih.pl\/wp-content\/uploads\/2021\/03\/baner-glowny-6-600x224.png 600w, https:\/\/awih.pl\/wp-content\/uploads\/2021\/03\/baner-glowny-6-1024x382.png 1024w, https:\/\/awih.pl\/wp-content\/uploads\/2021\/03\/baner-glowny-6-768x286.png 768w, https:\/\/awih.pl\/wp-content\/uploads\/2021\/03\/baner-glowny-6-1536x573.png 1536w, https:\/\/awih.pl\/wp-content\/uploads\/2021\/03\/baner-glowny-6.png 2001w\" sizes=\"auto, (max-width: 300px) 100vw, 300px\" \/>\t\t\t\t\t\t\n\t\t\t\t\t<\/div>\n\t\t\t\t<\/div>\t\t<\/a>\t\t\n<style>\n#image_445338111 {\n  width: 100%;\n}\n<\/style>\n\t<\/div>\n\t\n\n\n\t\t<\/div>\n\t\t\t\t\t<\/div>\n\n\t\n\n\t<div id=\"col-94593856\" class=\"col medium-4 small-12 large-4\"  >\n\t\t\t\t<div class=\"col-inner text-center box-shadow-2 box-shadow-2-hover\"  >\n\t\t\t\n\t\t\t\n\n<p style=\"text-align: center;\"><a href=\"https:\/\/www.youtube.com\/watch?v=ogmkeXwU1Y0\">Instrukcja sk\u0142adania opakowa\u0144 papierowych<\/a><\/p>\n<div class=\"video video-fit mb\" style=\"padding-top:200px;\"><iframe loading=\"lazy\" title=\"sk\u0142adanie pude\u0142ko\" width=\"1020\" height=\"574\" src=\"https:\/\/www.youtube.com\/embed\/ogmkeXwU1Y0?feature=oembed\" frameborder=\"0\" allow=\"accelerometer; autoplay; clipboard-write; encrypted-media; gyroscope; picture-in-picture\" allowfullscreen><\/iframe><\/div>\n\n\n\t\t<\/div>\n\t\t\t\t\t<\/div>\n\n\t\n\n<\/div>\n\n","protected":false},"excerpt":{"rendered":"","protected":false},"author":2,"featured_media":0,"parent":0,"menu_order":0,"comment_status":"closed","ping_status":"closed","template":"","meta":{"_monsterinsights_skip_tracking":false,"_monsterinsights_sitenote_active":false,"_monsterinsights_sitenote_note":"","_monsterinsights_sitenote_category":0,"footnotes":""},"class_list":["post-6201","page","type-page","status-publish","hentry"],"aioseo_notices":[],"aioseo_head":"\n\t\t<!-- All in One SEO Pro 4.9.5.2 - aioseo.com -->\n\t<meta name=\"description\" content=\"szablony toreb do pobrania wzornik kolor\u00f3w sznurka dokumenty handlowe Instrukcja sk\u0142adania opakowa\u0144 papierowych\" \/>\n\t<meta name=\"robots\" content=\"max-image-preview:large\" \/>\n\t<meta name=\"google-site-verification\" content=\"qUbTDLl1QkUPNtEoo7SGcWHy_iy170abgHQeQ65Pu-M\" \/>\n\t<link rel=\"canonical\" href=\"https:\/\/awih.pl\/en\/download\/\" \/>\n\t<meta name=\"generator\" content=\"All in One SEO Pro (AIOSEO) 4.9.5.2\" \/>\n\t\t<meta property=\"og:locale\" content=\"en_US\" \/>\n\t\t<meta property=\"og:site_name\" content=\"AWIH - Torby i Opakowania - Producent toreb i opakowa\u0144. torby papierowe i opakowania produkujemy ju\u017c ponad 25 lat. Torby dla sieci handlowych. Druk ma\u0142ych nak\u0142ad\u00f3w. Personalizacja\" \/>\n\t\t<meta property=\"og:type\" content=\"article\" \/>\n\t\t<meta property=\"og:title\" content=\"Download - AWIH - Torby i Opakowania\" \/>\n\t\t<meta property=\"og:description\" content=\"szablony toreb do pobrania wzornik kolor\u00f3w sznurka dokumenty handlowe Instrukcja sk\u0142adania opakowa\u0144 papierowych\" \/>\n\t\t<meta property=\"og:url\" content=\"https:\/\/awih.pl\/en\/download\/\" \/>\n\t\t<meta property=\"article:published_time\" content=\"2021-03-19T16:33:42+00:00\" \/>\n\t\t<meta property=\"article:modified_time\" content=\"2023-02-15T14:11:19+00:00\" \/>\n\t\t<meta property=\"article:publisher\" content=\"https:\/\/www.facebook.com\/AWIHPromotionalBagsPManufacturer\" \/>\n\t\t<meta name=\"twitter:card\" content=\"summary\" \/>\n\t\t<meta name=\"twitter:title\" content=\"Download - AWIH - Torby i Opakowania\" \/>\n\t\t<meta name=\"twitter:description\" content=\"szablony toreb do pobrania wzornik kolor\u00f3w sznurka dokumenty handlowe Instrukcja sk\u0142adania opakowa\u0144 papierowych\" \/>\n\t\t<script type=\"application\/ld+json\" class=\"aioseo-schema\">\n\t\t\t{\"@context\":\"https:\\\/\\\/schema.org\",\"@graph\":[{\"@type\":\"BreadcrumbList\",\"@id\":\"https:\\\/\\\/awih.pl\\\/en\\\/download\\\/#breadcrumblist\",\"itemListElement\":[{\"@type\":\"ListItem\",\"@id\":\"https:\\\/\\\/awih.pl\\\/en\\\/#listItem\",\"position\":1,\"name\":\"Awih\",\"item\":\"https:\\\/\\\/awih.pl\\\/en\\\/\",\"nextItem\":{\"@type\":\"ListItem\",\"@id\":\"https:\\\/\\\/awih.pl\\\/en\\\/download\\\/#listItem\",\"name\":\"Download\"}},{\"@type\":\"ListItem\",\"@id\":\"https:\\\/\\\/awih.pl\\\/en\\\/download\\\/#listItem\",\"position\":2,\"name\":\"Download\",\"previousItem\":{\"@type\":\"ListItem\",\"@id\":\"https:\\\/\\\/awih.pl\\\/en\\\/#listItem\",\"name\":\"Awih\"}}]},{\"@type\":\"Organization\",\"@id\":\"https:\\\/\\\/awih.pl\\\/en\\\/#organization\",\"name\":\"AWIH Torby i Opakowania\",\"description\":\"Producent toreb i opakowa\\u0144. torby papierowe i opakowania produkujemy ju\\u017c ponad 25 lat. Torby dla sieci handlowych. Druk ma\\u0142ych nak\\u0142ad\\u00f3w. Personalizacja\",\"url\":\"https:\\\/\\\/awih.pl\\\/en\\\/\",\"email\":\"biuro@awih.pl\",\"telephone\":\"+48514041255\",\"logo\":{\"@type\":\"ImageObject\",\"url\":\"https:\\\/\\\/awih.pl\\\/wp-content\\\/uploads\\\/2023\\\/04\\\/cropped-Logo-AWIH.png\",\"@id\":\"https:\\\/\\\/awih.pl\\\/en\\\/download\\\/#organizationLogo\",\"width\":512,\"height\":512,\"caption\":\"logo AWIH\"},\"image\":{\"@id\":\"https:\\\/\\\/awih.pl\\\/en\\\/download\\\/#organizationLogo\"},\"sameAs\":[\"https:\\\/\\\/www.linkedin.com\\\/company\\\/awih\\\/\"],\"address\":{\"@id\":\"https:\\\/\\\/awih.pl\\\/en\\\/#postaladdress\",\"@type\":\"PostalAddress\",\"streetAddress\":\"Ry\\u017cowa 96A,\",\"postalCode\":\"05-816\",\"addressLocality\":\"Opacz Kolonia\",\"addressRegion\":\"Mazowieckie\",\"addressCountry\":\"PL\"},\"vatID\":\"PL1130061093\"},{\"@type\":\"WebPage\",\"@id\":\"https:\\\/\\\/awih.pl\\\/en\\\/download\\\/#webpage\",\"url\":\"https:\\\/\\\/awih.pl\\\/en\\\/download\\\/\",\"name\":\"Download - AWIH - Torby i Opakowania\",\"description\":\"szablony toreb do pobrania wzornik kolor\\u00f3w sznurka dokumenty handlowe Instrukcja sk\\u0142adania opakowa\\u0144 papierowych\",\"inLanguage\":\"en-US\",\"isPartOf\":{\"@id\":\"https:\\\/\\\/awih.pl\\\/en\\\/#website\"},\"breadcrumb\":{\"@id\":\"https:\\\/\\\/awih.pl\\\/en\\\/download\\\/#breadcrumblist\"},\"datePublished\":\"2021-03-19T17:33:42+01:00\",\"dateModified\":\"2023-02-15T15:11:19+01:00\"},{\"@type\":\"WebSite\",\"@id\":\"https:\\\/\\\/awih.pl\\\/en\\\/#website\",\"url\":\"https:\\\/\\\/awih.pl\\\/en\\\/\",\"name\":\"AWIH Torby i Opakowania\",\"alternateName\":\"AWIH\",\"description\":\"Producent toreb i opakowa\\u0144. torby papierowe i opakowania produkujemy ju\\u017c ponad 25 lat. Torby dla sieci handlowych. Druk ma\\u0142ych nak\\u0142ad\\u00f3w. Personalizacja\",\"inLanguage\":\"en-US\",\"publisher\":{\"@id\":\"https:\\\/\\\/awih.pl\\\/en\\\/#organization\"}}]}\n\t\t<\/script>\n\t\t<!-- All in One SEO Pro -->\r\n\t\t<title>Download - AWIH - Torby i Opakowania<\/title>\n\n","aioseo_head_json":{"title":"Download - AWIH - Torby i Opakowania","description":"szablony toreb do pobrania wzornik kolor\u00f3w sznurka dokumenty handlowe Instrukcja sk\u0142adania opakowa\u0144 papierowych","canonical_url":"https:\/\/awih.pl\/en\/download\/","robots":"max-image-preview:large","keywords":"","webmasterTools":{"google-site-verification":"qUbTDLl1QkUPNtEoo7SGcWHy_iy170abgHQeQ65Pu-M","miscellaneous":""},"schema":{"@context":"https:\/\/schema.org","@graph":[{"@type":"BreadcrumbList","@id":"https:\/\/awih.pl\/en\/download\/#breadcrumblist","itemListElement":[{"@type":"ListItem","@id":"https:\/\/awih.pl\/en\/#listItem","position":1,"name":"Awih","item":"https:\/\/awih.pl\/en\/","nextItem":{"@type":"ListItem","@id":"https:\/\/awih.pl\/en\/download\/#listItem","name":"Download"}},{"@type":"ListItem","@id":"https:\/\/awih.pl\/en\/download\/#listItem","position":2,"name":"Download","previousItem":{"@type":"ListItem","@id":"https:\/\/awih.pl\/en\/#listItem","name":"Awih"}}]},{"@type":"Organization","@id":"https:\/\/awih.pl\/en\/#organization","name":"AWIH Torby i Opakowania","description":"Producent toreb i opakowa\u0144. torby papierowe i opakowania produkujemy ju\u017c ponad 25 lat. Torby dla sieci handlowych. Druk ma\u0142ych nak\u0142ad\u00f3w. Personalizacja","url":"https:\/\/awih.pl\/en\/","email":"biuro@awih.pl","telephone":"+48514041255","logo":{"@type":"ImageObject","url":"https:\/\/awih.pl\/wp-content\/uploads\/2023\/04\/cropped-Logo-AWIH.png","@id":"https:\/\/awih.pl\/en\/download\/#organizationLogo","width":512,"height":512,"caption":"logo AWIH"},"image":{"@id":"https:\/\/awih.pl\/en\/download\/#organizationLogo"},"sameAs":["https:\/\/www.linkedin.com\/company\/awih\/"],"address":{"@id":"https:\/\/awih.pl\/en\/#postaladdress","@type":"PostalAddress","streetAddress":"Ry\u017cowa 96A,","postalCode":"05-816","addressLocality":"Opacz Kolonia","addressRegion":"Mazowieckie","addressCountry":"PL"},"vatID":"PL1130061093"},{"@type":"WebPage","@id":"https:\/\/awih.pl\/en\/download\/#webpage","url":"https:\/\/awih.pl\/en\/download\/","name":"Download - AWIH - Torby i Opakowania","description":"szablony toreb do pobrania wzornik kolor\u00f3w sznurka dokumenty handlowe Instrukcja sk\u0142adania opakowa\u0144 papierowych","inLanguage":"en-US","isPartOf":{"@id":"https:\/\/awih.pl\/en\/#website"},"breadcrumb":{"@id":"https:\/\/awih.pl\/en\/download\/#breadcrumblist"},"datePublished":"2021-03-19T17:33:42+01:00","dateModified":"2023-02-15T15:11:19+01:00"},{"@type":"WebSite","@id":"https:\/\/awih.pl\/en\/#website","url":"https:\/\/awih.pl\/en\/","name":"AWIH Torby i Opakowania","alternateName":"AWIH","description":"Producent toreb i opakowa\u0144. torby papierowe i opakowania produkujemy ju\u017c ponad 25 lat. Torby dla sieci handlowych. Druk ma\u0142ych nak\u0142ad\u00f3w. Personalizacja","inLanguage":"en-US","publisher":{"@id":"https:\/\/awih.pl\/en\/#organization"}}]},"og:locale":"en_US","og:site_name":"AWIH - Torby i Opakowania - Producent toreb i opakowa\u0144. torby papierowe i opakowania produkujemy ju\u017c ponad 25 lat. Torby dla sieci handlowych. Druk ma\u0142ych nak\u0142ad\u00f3w. Personalizacja","og:type":"article","og:title":"Download - AWIH - Torby i Opakowania","og:description":"szablony toreb do pobrania wzornik kolor\u00f3w sznurka dokumenty handlowe Instrukcja sk\u0142adania opakowa\u0144 papierowych","og:url":"https:\/\/awih.pl\/en\/download\/","article:published_time":"2021-03-19T16:33:42+00:00","article:modified_time":"2023-02-15T14:11:19+00:00","article:publisher":"https:\/\/www.facebook.com\/AWIHPromotionalBagsPManufacturer","twitter:card":"summary","twitter:title":"Download - AWIH - Torby i Opakowania","twitter:description":"szablony toreb do pobrania wzornik kolor\u00f3w sznurka dokumenty handlowe Instrukcja sk\u0142adania opakowa\u0144 papierowych"},"aioseo_meta_data":{"post_id":"6201","title":null,"description":null,"keywords":[],"keyphrases":{"focus":{"keyphrase":"","score":0,"analysis":{"keyphraseInTitle":{"score":0,"maxScore":9,"error":1}}},"additional":[]},"primary_term":null,"canonical_url":null,"og_title":null,"og_description":null,"og_object_type":"default","og_image_type":"default","og_image_url":null,"og_image_width":null,"og_image_height":null,"og_image_custom_url":null,"og_image_custom_fields":null,"og_video":"","og_custom_url":null,"og_article_section":null,"og_article_tags":[],"twitter_use_og":false,"twitter_card":"default","twitter_image_type":"default","twitter_image_url":null,"twitter_image_custom_url":null,"twitter_image_custom_fields":null,"twitter_title":null,"twitter_description":null,"schema":{"blockGraphs":[],"customGraphs":[],"default":{"data":{"Article":[],"Course":[],"Dataset":[],"FAQPage":[],"Movie":[],"Person":[],"Product":[],"ProductReview":[],"Car":[],"Recipe":[],"Service":[],"SoftwareApplication":[],"WebPage":[]},"graphName":"","isEnabled":false},"graphs":[]},"schema_type":null,"schema_type_options":null,"pillar_content":false,"robots_default":true,"robots_noindex":false,"robots_noarchive":false,"robots_nosnippet":false,"robots_nofollow":false,"robots_noimageindex":false,"robots_noodp":false,"robots_notranslate":false,"robots_max_snippet":"-1","robots_max_videopreview":"-1","robots_max_imagepreview":"large","priority":null,"frequency":"default","local_seo":null,"seo_analyzer_scan_date":"2025-10-09 06:48:24","breadcrumb_settings":null,"limit_modified_date":false,"reviewed_by":null,"open_ai":null,"ai":null,"created":"2022-09-08 17:48:39","updated":"2025-10-22 01:08:49"},"aioseo_breadcrumb":"<div class=\"aioseo-breadcrumbs\"><span class=\"aioseo-breadcrumb\">\n\t<a href=\"https:\/\/awih.pl\/en\/\" title=\"Awih\">Awih<\/a>\n<\/span><span class=\"aioseo-breadcrumb-separator\">\u00bb<\/span><span class=\"aioseo-breadcrumb\">\n\tDownload\n<\/span><\/div>","aioseo_breadcrumb_json":[{"label":"Awih","link":"https:\/\/awih.pl\/en\/"},{"label":"Download","link":"https:\/\/awih.pl\/en\/download\/"}],"_links":{"self":[{"href":"https:\/\/awih.pl\/en\/wp-json\/wp\/v2\/pages\/6201","targetHints":{"allow":["GET"]}}],"collection":[{"href":"https:\/\/awih.pl\/en\/wp-json\/wp\/v2\/pages"}],"about":[{"href":"https:\/\/awih.pl\/en\/wp-json\/wp\/v2\/types\/page"}],"author":[{"embeddable":true,"href":"https:\/\/awih.pl\/en\/wp-json\/wp\/v2\/users\/2"}],"replies":[{"embeddable":true,"href":"https:\/\/awih.pl\/en\/wp-json\/wp\/v2\/comments?post=6201"}],"version-history":[{"count":5,"href":"https:\/\/awih.pl\/en\/wp-json\/wp\/v2\/pages\/6201\/revisions"}],"predecessor-version":[{"id":7862,"href":"https:\/\/awih.pl\/en\/wp-json\/wp\/v2\/pages\/6201\/revisions\/7862"}],"wp:attachment":[{"href":"https:\/\/awih.pl\/en\/wp-json\/wp\/v2\/media?parent=6201"}],"curies":[{"name":"wp","href":"https:\/\/api.w.org\/{rel}","templated":true}]}}