{"id":6206,"date":"2021-07-01T11:51:11","date_gmt":"2021-07-01T09:51:11","guid":{"rendered":"https:\/\/awih.pl\/we-will-hire\/"},"modified":"2023-07-10T11:10:18","modified_gmt":"2023-07-10T09:10:18","slug":"we-will-hire","status":"publish","type":"page","link":"https:\/\/awih.pl\/en\/we-will-hire\/","title":{"rendered":"We will hire"},"content":{"rendered":"\n  <div id=\"page-header-1293513404\" class=\"page-header-wrapper\">\n  <div class=\"page-title dark featured-title\">\n\n    \n    <div class=\"page-title-inner container align-center text-center flex-row-col medium-flex-wrap\" >\n              <div class=\"title-wrapper flex-col\">\n          <h1 class=\"entry-title mb-0\">\n            Zatrudnimy operatora maszyn oraz sitodrukarzy          <\/h1>\n        <\/div>\n                    <div class=\"title-content flex-col\">\n              <\/div>\n    <\/div>\n\n       <\/div>\n    <\/div>\n  \n\n<div class=\"row\"  id=\"row-647185073\">\n\n\n\t<div id=\"col-1231466504\" class=\"col small-12 large-12\"  >\n\t\t\t\t<div class=\"col-inner\"  >\n\t\t\t\n\t\t\t\n\n<p>\u00a0<\/p>\n<p>Poni\u017cej aktualne oferty pracy. Osoby zainteresowane prosimy o aplikowanie na adres mailowy marketing@awih.com.pl lub kontakt telefoniczny tel. kont. <a href=\"tel: 501 256 996\">501 256 996<\/a><\/p>\n\n\t\t<\/div>\n\t\t\t\t\t<\/div>\n\n\t\n\n<\/div>\n<div class=\"row\"  id=\"row-998926637\">\n\n\n\t<div id=\"col-426288717\" class=\"col small-12 large-12\"  >\n\t\t\t\t<div class=\"col-inner box-shadow-2 box-shadow-2-hover\"  data-parallax-fade=\"true\" data-parallax=\"1\">\n\t\t\t\n\t\t\t\n\n<h3 style=\"text-align: center;\"><strong>Operator maszyn<\/strong><\/h3>\n<p>\u00a0<\/p>\n<p><strong>Do Twoich zada\u0144 nale\u017ce\u0107 b\u0119dzie:<\/strong><\/p>\n<ul>\n<li>obs\u0142uga maszyn do produkcji sznurka<\/li>\n<li>obs\u0142uga cyfrowych urz\u0105dze\u0144 drukuj\u0105cych<\/li>\n<\/ul>\n<p><strong>Oczekujemy od Ciebie:<\/strong><\/p>\n<ul>\n<li>do\u015bwiadczenia przy obs\u0142udze innych lub podobnych maszyn\/urz\u0105dze\u0144 min 1 rok (zapewniamy przeszkolenie w obs\u0142udze naszych maszyn)<\/li>\n<li>umiej\u0119tno\u015bci samodzielnej pracy na danym urz\u0105dzeniu<\/li>\n<li>umiej\u0119tno\u015bci pracy w zespole<\/li>\n<li>odpowiedzialno\u015bci i dok\u0142adno\u015bci<\/li>\n<\/ul>\n<p><strong>Co mo\u017cesz zyska\u0107 do\u0142\u0105czaj\u0105c do nas?<\/strong><\/p>\n<ul>\n<li>stabiln\u0105 prac\u0119 w firmie o ugruntowanej pozycji na rynku<\/li>\n<li>umow\u0119 o prac\u0119 powi\u0105zan\u0105 z atrakcyjnym wynagrodzeniem<\/li>\n<li>prac\u0119 w zespole specjalist\u00f3w w swojej dziedzinie<\/li>\n<\/ul>\n<p>\u00a0<\/p>\n\n\t\t<\/div>\n\t\t\t\t\t<\/div>\n\n\t\n\n<\/div>\n<div class=\"row\"  id=\"row-2008933029\">\n\n\n\t<div id=\"col-612713533\" class=\"col medium-6 small-12 large-6\"  >\n\t\t\t\t<div class=\"col-inner text-center box-shadow-2 box-shadow-2-hover\"  >\n\t\t\t\n\t\t\t\n\n<h3>\u00a0<\/h3>\n<h3 style=\"text-align: center;\"><strong>Operator maszyn introligatorskich<\/strong><\/h3>\n<p>\u00a0<\/p>\n<p><strong>Do Twoich zada\u0144 nale\u017ce\u0107 b\u0119dzie:<\/strong><\/p>\n<ul>\n<li>obs\u0142uga krajarki, automatu sztancuj\u0105cego oraz sztanctygla, laminatora<\/li>\n<\/ul>\n<p><strong>Oczekujemy od Ciebie:<\/strong><\/p>\n<ul>\n<li>do\u015bwiadczenia przy obs\u0142udze maszyn\/urz\u0105dze\u0144 introligatorskich<\/li>\n<li>umiej\u0119tno\u015bci samodzielnej pracy na danym urz\u0105dzeniu<\/li>\n<li>umiej\u0119tno\u015bci pracy w zespole<\/li>\n<li>odpowiedzialno\u015bci i dok\u0142adno\u015bci<\/li>\n<\/ul>\n<p><strong>Co mo\u017cesz zyska\u0107 do\u0142\u0105czaj\u0105c do nas?<\/strong><\/p>\n<ul>\n<li>stabiln\u0105 prac\u0119 w firmie o ugruntowanej pozycji na rynku<\/li>\n<li>umow\u0119 o prac\u0119 powi\u0105zan\u0105 z atrakcyjnym wynagrodzeniem<\/li>\n<li>prac\u0119 w zespole specjalist\u00f3w w swojej dziedzinie<\/li>\n<\/ul>\n<p>\u00a0<\/p>\n\n\t\t<\/div>\n\t\t\t\t\t<\/div>\n\n\t\n\n\t<div id=\"col-1740639060\" class=\"col medium-6 small-12 large-6\"  >\n\t\t\t\t<div class=\"col-inner box-shadow-2 box-shadow-2-hover\"  >\n\t\t\t\n\t\t\t\n\n\t<div id=\"text-3123013649\" class=\"text\">\n\t\t\n\n<h3><strong><br \/>Sitodrukarz \/ drukarz sitodruku<\/strong><br \/><strong> na p\u00f3\u0142automat p\u0142aski<\/strong><\/h3>\n<p>\u00a0<\/p>\n<p><strong>Do Twoich zada\u0144 nale\u017ce\u0107 b\u0119dzie:<\/strong><\/p>\n<ul>\n<li>obs\u0142uga maszyn sitodrukowych, sitodruk p\u0142aski &#8211; operacje przygotowuj\u0105ce maszyn\u0119 do druku, druk<\/li>\n<li>przygotowanie siatek do produkcji &#8211; \u015bwiecenie, emulsja, mycie<\/li>\n<li>kontrola i konserwacja maszyn sitodrukowych<\/li>\n<\/ul>\n<p><strong>Oczekujemy od Ciebie:<\/strong><\/p>\n<ul>\n<li>do\u015bwiadczenia w obs\u0142udze maszyn sitodrukowych<\/li>\n<li>umiej\u0119tno\u015bci samodzielnego przygotowywania farb do druku oraz siatek<\/li>\n<li>umiej\u0119tno\u015bci pracy w zespole<\/li>\n<li>odpowiedzialno\u015bci i dok\u0142adno\u015bci<\/li>\n<\/ul>\n<p><strong>Co mo\u017cesz zyska\u0107 do\u0142\u0105czaj\u0105c do nas?<\/strong><\/p>\n<ul>\n<li>stabiln\u0105 prac\u0119 w firmie o ugruntowanej pozycji na rynku<\/li>\n<li>umow\u0119 o prac\u0119 powi\u0105zan\u0105 z atrakcyjnym wynagrodzeniem<\/li>\n<li>prac\u0119 w zespole specjalist\u00f3w w swojej dziedzinie<br \/><br \/><\/li>\n<\/ul>\n\t\t\n<style>\n#text-3123013649 {\n  text-align: center;\n}\n<\/style>\n\t<\/div>\n\t\n\n\t\t<\/div>\n\t\t\t\t\t<\/div>\n\n\t\n\n\t<div id=\"col-987746457\" class=\"col medium-6 small-12 large-6\"  >\n\t\t\t\t<div class=\"col-inner box-shadow-2 box-shadow-2-hover\"  >\n\t\t\t\n\t\t\t\n\n\t<div id=\"text-4209748403\" class=\"text\">\n\t\t\n\n<h3 style=\"text-align: center;\"><strong>Sitodrukarz \/ drukarz sitodruku<\/strong><br \/><strong> na automatyczn\u0105 karuzel\u0119<\/strong><\/h3>\n<p>\u00a0<\/p>\n<p><strong>Do Twoich zada\u0144 nale\u017ce\u0107 b\u0119dzie:<\/strong><\/p>\n<ul>\n<li>obs\u0142uga maszyn sitodrukowych, karuzela &#8211; operacje przygotowuj\u0105ce maszyn\u0119 do druku, druk<\/li>\n<li>przygotowanie siatek do produkcji &#8211; \u015bwiecenie, emulsja, mycie<\/li>\n<li>kontrola i konserwacja maszyn sitodrukowych<\/li>\n<\/ul>\n<p><strong>Oczekujemy od Ciebie:<\/strong><\/p>\n<ul>\n<li>do\u015bwiadczenia w obs\u0142udze maszyn sitodrukowych, karuzela<\/li>\n<li>umiej\u0119tno\u015bci samodzielnego przygotowywania farb do druku oraz siatek<\/li>\n<li>umiej\u0119tno\u015bci pracy w zespole<\/li>\n<li>odpowiedzialno\u015bci i dok\u0142adno\u015bci<\/li>\n<\/ul>\n<p><strong>Co mo\u017cesz zyska\u0107 do\u0142\u0105czaj\u0105c do nas?<\/strong><\/p>\n<ul>\n<li style=\"list-style-type: none;\">\n<ul>\n<li>stabiln\u0105 prac\u0119 w firmie o ugruntowanej pozycji na rynku<\/li>\n<li>umow\u0119 o prac\u0119 powi\u0105zan\u0105 z atrakcyjnym wynagrodzeniem<\/li>\n<li>prac\u0119 w zespole specjalist\u00f3w w swojej dziedzinie<\/li>\n<\/ul>\n<\/li>\n<\/ul>\n\t\t\n<style>\n#text-4209748403 {\n  text-align: center;\n}\n<\/style>\n\t<\/div>\n\t\n\n\t\t<\/div>\n\t\t\t\t\t<\/div>\n\n\t\n\n<\/div>\n<div class=\"row\"  id=\"row-2043220228\">\n\n\n\t<div id=\"col-774989283\" class=\"col medium-6 small-12 large-6\"  >\n\t\t\t\t<div class=\"col-inner text-center box-shadow-2 box-shadow-2-hover\"  >\n\t\t\t\n\t\t\t\n\n\n\t\t<\/div>\n\t\t\t\t\t<\/div>\n\n\t\n\n\t<div id=\"col-1741834710\" class=\"col medium-6 small-12 large-6\"  >\n\t\t\t\t<div class=\"col-inner\"  >\n\t\t\t\n\t\t\t\n\n\n\t\t<\/div>\n\t\t\t\t\t<\/div>\n\n\t\n\n<\/div>\n<div class=\"row\"  id=\"row-1582508261\">\n\n\n<\/div>\n\n","protected":false},"excerpt":{"rendered":"","protected":false},"author":2,"featured_media":0,"parent":0,"menu_order":0,"comment_status":"closed","ping_status":"closed","template":"","meta":{"_monsterinsights_skip_tracking":false,"_monsterinsights_sitenote_active":false,"_monsterinsights_sitenote_note":"","_monsterinsights_sitenote_category":0,"footnotes":""},"class_list":["post-6206","page","type-page","status-publish","hentry"],"aioseo_notices":[],"aioseo_head":"\n\t\t<!-- All in One SEO Pro 4.9.6.2 - aioseo.com -->\n\t<meta name=\"description\" content=\"Zatrudnimy operatora maszyn oraz sitodrukarzy Poni\u017cej aktualne oferty pracy. Osoby zainteresowane prosimy o aplikowanie na adres mailowy marketing@awih.com.pl lub kontakt telefoniczny tel. kont. 501 256 996 Operator maszyn Do Twoich zada\u0144 nale\u017ce\u0107 b\u0119dzie: obs\u0142uga maszyn do produkcji sznurka obs\u0142uga cyfrowych urz\u0105dze\u0144 drukuj\u0105cych Oczekujemy od Ciebie: do\u015bwiadczenia przy obs\u0142udze innych lub podobnych maszyn\/urz\u0105dze\u0144 min\" \/>\n\t<meta name=\"robots\" content=\"max-image-preview:large\" \/>\n\t<meta name=\"google-site-verification\" content=\"qUbTDLl1QkUPNtEoo7SGcWHy_iy170abgHQeQ65Pu-M\" \/>\n\t<link rel=\"canonical\" href=\"https:\/\/awih.pl\/en\/we-will-hire\/\" \/>\n\t<meta name=\"generator\" content=\"All in One SEO Pro (AIOSEO) 4.9.6.2\" \/>\n\t\t<meta property=\"og:locale\" content=\"en_US\" \/>\n\t\t<meta property=\"og:site_name\" content=\"AWIH - Torby i Opakowania - Producent toreb i opakowa\u0144. torby papierowe i opakowania produkujemy ju\u017c ponad 25 lat. Torby dla sieci handlowych. Druk ma\u0142ych nak\u0142ad\u00f3w. Personalizacja\" \/>\n\t\t<meta property=\"og:type\" content=\"article\" \/>\n\t\t<meta property=\"og:title\" content=\"We will hire - AWIH - Torby i Opakowania\" \/>\n\t\t<meta property=\"og:description\" content=\"Zatrudnimy operatora maszyn oraz sitodrukarzy Poni\u017cej aktualne oferty pracy. Osoby zainteresowane prosimy o aplikowanie na adres mailowy marketing@awih.com.pl lub kontakt telefoniczny tel. kont. 501 256 996 Operator maszyn Do Twoich zada\u0144 nale\u017ce\u0107 b\u0119dzie: obs\u0142uga maszyn do produkcji sznurka obs\u0142uga cyfrowych urz\u0105dze\u0144 drukuj\u0105cych Oczekujemy od Ciebie: do\u015bwiadczenia przy obs\u0142udze innych lub podobnych maszyn\/urz\u0105dze\u0144 min\" \/>\n\t\t<meta property=\"og:url\" content=\"https:\/\/awih.pl\/en\/we-will-hire\/\" \/>\n\t\t<meta property=\"article:published_time\" content=\"2021-07-01T09:51:11+00:00\" \/>\n\t\t<meta property=\"article:modified_time\" content=\"2023-07-10T09:10:18+00:00\" \/>\n\t\t<meta property=\"article:publisher\" content=\"https:\/\/www.facebook.com\/AWIHPromotionalBagsPManufacturer\" \/>\n\t\t<meta name=\"twitter:card\" content=\"summary\" \/>\n\t\t<meta name=\"twitter:title\" content=\"We will hire - AWIH - Torby i Opakowania\" \/>\n\t\t<meta name=\"twitter:description\" content=\"Zatrudnimy operatora maszyn oraz sitodrukarzy Poni\u017cej aktualne oferty pracy. Osoby zainteresowane prosimy o aplikowanie na adres mailowy marketing@awih.com.pl lub kontakt telefoniczny tel. kont. 501 256 996 Operator maszyn Do Twoich zada\u0144 nale\u017ce\u0107 b\u0119dzie: obs\u0142uga maszyn do produkcji sznurka obs\u0142uga cyfrowych urz\u0105dze\u0144 drukuj\u0105cych Oczekujemy od Ciebie: do\u015bwiadczenia przy obs\u0142udze innych lub podobnych maszyn\/urz\u0105dze\u0144 min\" \/>\n\t\t<script type=\"application\/ld+json\" class=\"aioseo-schema\">\n\t\t\t{\"@context\":\"https:\\\/\\\/schema.org\",\"@graph\":[{\"@type\":\"BreadcrumbList\",\"@id\":\"https:\\\/\\\/awih.pl\\\/en\\\/we-will-hire\\\/#breadcrumblist\",\"itemListElement\":[{\"@type\":\"ListItem\",\"@id\":\"https:\\\/\\\/awih.pl\\\/en\\\/#listItem\",\"position\":1,\"name\":\"Awih\",\"item\":\"https:\\\/\\\/awih.pl\\\/en\\\/\",\"nextItem\":{\"@type\":\"ListItem\",\"@id\":\"https:\\\/\\\/awih.pl\\\/en\\\/we-will-hire\\\/#listItem\",\"name\":\"We will hire\"}},{\"@type\":\"ListItem\",\"@id\":\"https:\\\/\\\/awih.pl\\\/en\\\/we-will-hire\\\/#listItem\",\"position\":2,\"name\":\"We will hire\",\"previousItem\":{\"@type\":\"ListItem\",\"@id\":\"https:\\\/\\\/awih.pl\\\/en\\\/#listItem\",\"name\":\"Awih\"}}]},{\"@type\":\"Organization\",\"@id\":\"https:\\\/\\\/awih.pl\\\/en\\\/#organization\",\"name\":\"AWIH Torby i Opakowania\",\"description\":\"Producent toreb i opakowa\\u0144. torby papierowe i opakowania produkujemy ju\\u017c ponad 25 lat. Torby dla sieci handlowych. Druk ma\\u0142ych nak\\u0142ad\\u00f3w. Personalizacja\",\"url\":\"https:\\\/\\\/awih.pl\\\/en\\\/\",\"email\":\"biuro@awih.pl\",\"telephone\":\"+48514041255\",\"logo\":{\"@type\":\"ImageObject\",\"url\":\"https:\\\/\\\/awih.pl\\\/wp-content\\\/uploads\\\/2023\\\/04\\\/cropped-Logo-AWIH.png\",\"@id\":\"https:\\\/\\\/awih.pl\\\/en\\\/we-will-hire\\\/#organizationLogo\",\"width\":512,\"height\":512,\"caption\":\"logo AWIH\"},\"image\":{\"@id\":\"https:\\\/\\\/awih.pl\\\/en\\\/we-will-hire\\\/#organizationLogo\"},\"sameAs\":[\"https:\\\/\\\/www.linkedin.com\\\/company\\\/awih\\\/\"],\"address\":{\"@id\":\"https:\\\/\\\/awih.pl\\\/en\\\/#postaladdress\",\"@type\":\"PostalAddress\",\"streetAddress\":\"Ry\\u017cowa 96A,\",\"postalCode\":\"05-816\",\"addressLocality\":\"Opacz Kolonia\",\"addressRegion\":\"Mazowieckie\",\"addressCountry\":\"PL\"},\"vatID\":\"PL1130061093\"},{\"@type\":\"WebPage\",\"@id\":\"https:\\\/\\\/awih.pl\\\/en\\\/we-will-hire\\\/#webpage\",\"url\":\"https:\\\/\\\/awih.pl\\\/en\\\/we-will-hire\\\/\",\"name\":\"We will hire - AWIH - Torby i Opakowania\",\"description\":\"Zatrudnimy operatora maszyn oraz sitodrukarzy Poni\\u017cej aktualne oferty pracy. Osoby zainteresowane prosimy o aplikowanie na adres mailowy marketing@awih.com.pl lub kontakt telefoniczny tel. kont. 501 256 996 Operator maszyn Do Twoich zada\\u0144 nale\\u017ce\\u0107 b\\u0119dzie: obs\\u0142uga maszyn do produkcji sznurka obs\\u0142uga cyfrowych urz\\u0105dze\\u0144 drukuj\\u0105cych Oczekujemy od Ciebie: do\\u015bwiadczenia przy obs\\u0142udze innych lub podobnych maszyn\\\/urz\\u0105dze\\u0144 min\",\"inLanguage\":\"en-US\",\"isPartOf\":{\"@id\":\"https:\\\/\\\/awih.pl\\\/en\\\/#website\"},\"breadcrumb\":{\"@id\":\"https:\\\/\\\/awih.pl\\\/en\\\/we-will-hire\\\/#breadcrumblist\"},\"datePublished\":\"2021-07-01T11:51:11+02:00\",\"dateModified\":\"2023-07-10T11:10:18+02:00\"},{\"@type\":\"WebSite\",\"@id\":\"https:\\\/\\\/awih.pl\\\/en\\\/#website\",\"url\":\"https:\\\/\\\/awih.pl\\\/en\\\/\",\"name\":\"AWIH Torby i Opakowania\",\"alternateName\":\"AWIH\",\"description\":\"Producent toreb i opakowa\\u0144. torby papierowe i opakowania produkujemy ju\\u017c ponad 25 lat. Torby dla sieci handlowych. Druk ma\\u0142ych nak\\u0142ad\\u00f3w. Personalizacja\",\"inLanguage\":\"en-US\",\"publisher\":{\"@id\":\"https:\\\/\\\/awih.pl\\\/en\\\/#organization\"}}]}\n\t\t<\/script>\n\t\t<!-- All in One SEO Pro -->\r\n\t\t<title>We will hire - AWIH - Torby i Opakowania<\/title>\n\n","aioseo_head_json":{"title":"We will hire - AWIH - Torby i Opakowania","description":"Zatrudnimy operatora maszyn oraz sitodrukarzy Poni\u017cej aktualne oferty pracy. Osoby zainteresowane prosimy o aplikowanie na adres mailowy marketing@awih.com.pl lub kontakt telefoniczny tel. kont. 501 256 996 Operator maszyn Do Twoich zada\u0144 nale\u017ce\u0107 b\u0119dzie: obs\u0142uga maszyn do produkcji sznurka obs\u0142uga cyfrowych urz\u0105dze\u0144 drukuj\u0105cych Oczekujemy od Ciebie: do\u015bwiadczenia przy obs\u0142udze innych lub podobnych maszyn\/urz\u0105dze\u0144 min","canonical_url":"https:\/\/awih.pl\/en\/we-will-hire\/","robots":"max-image-preview:large","keywords":"","webmasterTools":{"google-site-verification":"qUbTDLl1QkUPNtEoo7SGcWHy_iy170abgHQeQ65Pu-M","miscellaneous":""},"schema":{"@context":"https:\/\/schema.org","@graph":[{"@type":"BreadcrumbList","@id":"https:\/\/awih.pl\/en\/we-will-hire\/#breadcrumblist","itemListElement":[{"@type":"ListItem","@id":"https:\/\/awih.pl\/en\/#listItem","position":1,"name":"Awih","item":"https:\/\/awih.pl\/en\/","nextItem":{"@type":"ListItem","@id":"https:\/\/awih.pl\/en\/we-will-hire\/#listItem","name":"We will hire"}},{"@type":"ListItem","@id":"https:\/\/awih.pl\/en\/we-will-hire\/#listItem","position":2,"name":"We will hire","previousItem":{"@type":"ListItem","@id":"https:\/\/awih.pl\/en\/#listItem","name":"Awih"}}]},{"@type":"Organization","@id":"https:\/\/awih.pl\/en\/#organization","name":"AWIH Torby i Opakowania","description":"Producent toreb i opakowa\u0144. torby papierowe i opakowania produkujemy ju\u017c ponad 25 lat. Torby dla sieci handlowych. Druk ma\u0142ych nak\u0142ad\u00f3w. Personalizacja","url":"https:\/\/awih.pl\/en\/","email":"biuro@awih.pl","telephone":"+48514041255","logo":{"@type":"ImageObject","url":"https:\/\/awih.pl\/wp-content\/uploads\/2023\/04\/cropped-Logo-AWIH.png","@id":"https:\/\/awih.pl\/en\/we-will-hire\/#organizationLogo","width":512,"height":512,"caption":"logo AWIH"},"image":{"@id":"https:\/\/awih.pl\/en\/we-will-hire\/#organizationLogo"},"sameAs":["https:\/\/www.linkedin.com\/company\/awih\/"],"address":{"@id":"https:\/\/awih.pl\/en\/#postaladdress","@type":"PostalAddress","streetAddress":"Ry\u017cowa 96A,","postalCode":"05-816","addressLocality":"Opacz Kolonia","addressRegion":"Mazowieckie","addressCountry":"PL"},"vatID":"PL1130061093"},{"@type":"WebPage","@id":"https:\/\/awih.pl\/en\/we-will-hire\/#webpage","url":"https:\/\/awih.pl\/en\/we-will-hire\/","name":"We will hire - AWIH - Torby i Opakowania","description":"Zatrudnimy operatora maszyn oraz sitodrukarzy Poni\u017cej aktualne oferty pracy. Osoby zainteresowane prosimy o aplikowanie na adres mailowy marketing@awih.com.pl lub kontakt telefoniczny tel. kont. 501 256 996 Operator maszyn Do Twoich zada\u0144 nale\u017ce\u0107 b\u0119dzie: obs\u0142uga maszyn do produkcji sznurka obs\u0142uga cyfrowych urz\u0105dze\u0144 drukuj\u0105cych Oczekujemy od Ciebie: do\u015bwiadczenia przy obs\u0142udze innych lub podobnych maszyn\/urz\u0105dze\u0144 min","inLanguage":"en-US","isPartOf":{"@id":"https:\/\/awih.pl\/en\/#website"},"breadcrumb":{"@id":"https:\/\/awih.pl\/en\/we-will-hire\/#breadcrumblist"},"datePublished":"2021-07-01T11:51:11+02:00","dateModified":"2023-07-10T11:10:18+02:00"},{"@type":"WebSite","@id":"https:\/\/awih.pl\/en\/#website","url":"https:\/\/awih.pl\/en\/","name":"AWIH Torby i Opakowania","alternateName":"AWIH","description":"Producent toreb i opakowa\u0144. torby papierowe i opakowania produkujemy ju\u017c ponad 25 lat. Torby dla sieci handlowych. Druk ma\u0142ych nak\u0142ad\u00f3w. Personalizacja","inLanguage":"en-US","publisher":{"@id":"https:\/\/awih.pl\/en\/#organization"}}]},"og:locale":"en_US","og:site_name":"AWIH - Torby i Opakowania - Producent toreb i opakowa\u0144. torby papierowe i opakowania produkujemy ju\u017c ponad 25 lat. Torby dla sieci handlowych. Druk ma\u0142ych nak\u0142ad\u00f3w. Personalizacja","og:type":"article","og:title":"We will hire - AWIH - Torby i Opakowania","og:description":"Zatrudnimy operatora maszyn oraz sitodrukarzy Poni\u017cej aktualne oferty pracy. Osoby zainteresowane prosimy o aplikowanie na adres mailowy marketing@awih.com.pl lub kontakt telefoniczny tel. kont. 501 256 996 Operator maszyn Do Twoich zada\u0144 nale\u017ce\u0107 b\u0119dzie: obs\u0142uga maszyn do produkcji sznurka obs\u0142uga cyfrowych urz\u0105dze\u0144 drukuj\u0105cych Oczekujemy od Ciebie: do\u015bwiadczenia przy obs\u0142udze innych lub podobnych maszyn\/urz\u0105dze\u0144 min","og:url":"https:\/\/awih.pl\/en\/we-will-hire\/","article:published_time":"2021-07-01T09:51:11+00:00","article:modified_time":"2023-07-10T09:10:18+00:00","article:publisher":"https:\/\/www.facebook.com\/AWIHPromotionalBagsPManufacturer","twitter:card":"summary","twitter:title":"We will hire - AWIH - Torby i Opakowania","twitter:description":"Zatrudnimy operatora maszyn oraz sitodrukarzy Poni\u017cej aktualne oferty pracy. Osoby zainteresowane prosimy o aplikowanie na adres mailowy marketing@awih.com.pl lub kontakt telefoniczny tel. kont. 501 256 996 Operator maszyn Do Twoich zada\u0144 nale\u017ce\u0107 b\u0119dzie: obs\u0142uga maszyn do produkcji sznurka obs\u0142uga cyfrowych urz\u0105dze\u0144 drukuj\u0105cych Oczekujemy od Ciebie: do\u015bwiadczenia przy obs\u0142udze innych lub podobnych maszyn\/urz\u0105dze\u0144 min"},"aioseo_meta_data":{"post_id":"6206","title":"#post_title #separator_sa #site_title","description":"#post_excerpt","keywords":[],"keyphrases":{"focus":[],"additional":[]},"primary_term":null,"canonical_url":null,"og_title":null,"og_description":null,"og_object_type":"default","og_image_type":"default","og_image_url":null,"og_image_width":null,"og_image_height":null,"og_image_custom_url":null,"og_image_custom_fields":null,"og_video":"","og_custom_url":null,"og_article_section":null,"og_article_tags":[],"twitter_use_og":false,"twitter_card":"default","twitter_image_type":"default","twitter_image_url":null,"twitter_image_custom_url":null,"twitter_image_custom_fields":null,"twitter_title":null,"twitter_description":null,"schema":{"blockGraphs":[],"customGraphs":[],"default":{"data":{"Article":[],"Course":[],"Dataset":[],"FAQPage":[],"Movie":[],"Person":[],"Product":[],"ProductReview":[],"Car":[],"Recipe":[],"Service":[],"SoftwareApplication":[],"WebPage":[]},"graphName":"","isEnabled":true},"graphs":[],"defaultGraph":"WebPage","defaultPostTypeGraph":""},"schema_type":"default","schema_type_options":"{\"article\":{\"articleType\":\"BlogPosting\"},\"course\":{\"name\":\"\",\"description\":\"\",\"provider\":\"\"},\"faq\":{\"pages\":[]},\"product\":{\"reviews\":[]},\"recipe\":{\"ingredients\":[],\"instructions\":[],\"keywords\":[]},\"software\":{\"reviews\":[],\"operatingSystems\":[]},\"webPage\":{\"webPageType\":\"WebPage\"}}","pillar_content":false,"robots_default":true,"robots_noindex":false,"robots_noarchive":false,"robots_nosnippet":false,"robots_nofollow":false,"robots_noimageindex":false,"robots_noodp":false,"robots_notranslate":false,"robots_max_snippet":"-1","robots_max_videopreview":"-1","robots_max_imagepreview":"large","priority":null,"frequency":"default","local_seo":{"locations":{"business":{"name":"","businessType":"","image":"","areaServed":"","urls":{"website":"","aboutPage":"","contactPage":""},"address":{"streetLine1":"","streetLine2":"","zipCode":"","city":"","state":"","country":"","addressFormat":"#streetLineOne\n#streetLineTwo\n#city, #state #zipCode"},"contact":{"email":"","phone":"","phoneFormatted":"","fax":"","faxFormatted":""},"ids":{"vat":"","tax":"","chamberOfCommerce":""},"payment":{"priceRange":"","currenciesAccepted":"","methods":""}}},"openingHours":{"useDefaults":true,"show":true,"alwaysOpen":false,"use24hFormat":false,"timezone":"","labels":{"closed":"","alwaysOpen":""},"days":{"monday":{"open24h":false,"closed":false,"openTime":"09:00","closeTime":"17:00"},"tuesday":{"open24h":false,"closed":false,"openTime":"09:00","closeTime":"17:00"},"wednesday":{"open24h":false,"closed":false,"openTime":"09:00","closeTime":"17:00"},"thursday":{"open24h":false,"closed":false,"openTime":"09:00","closeTime":"17:00"},"friday":{"open24h":false,"closed":false,"openTime":"09:00","closeTime":"17:00"},"saturday":{"open24h":false,"closed":false,"openTime":"09:00","closeTime":"17:00"},"sunday":{"open24h":false,"closed":false,"openTime":"09:00","closeTime":"17:00"}}}},"seo_analyzer_scan_date":"2025-10-09 06:46:06","breadcrumb_settings":null,"limit_modified_date":false,"reviewed_by":null,"open_ai":null,"ai":null,"created":"2022-09-08 17:48:41","updated":"2025-10-22 01:08:39"},"aioseo_breadcrumb":"<div class=\"aioseo-breadcrumbs\"><span class=\"aioseo-breadcrumb\">\n\t<a href=\"https:\/\/awih.pl\/en\/\" title=\"Awih\">Awih<\/a>\n<\/span><span class=\"aioseo-breadcrumb-separator\">\u00bb<\/span><span class=\"aioseo-breadcrumb\">\n\tWe will hire\n<\/span><\/div>","aioseo_breadcrumb_json":[{"label":"Awih","link":"https:\/\/awih.pl\/en\/"},{"label":"We will hire","link":"https:\/\/awih.pl\/en\/we-will-hire\/"}],"_links":{"self":[{"href":"https:\/\/awih.pl\/en\/wp-json\/wp\/v2\/pages\/6206","targetHints":{"allow":["GET"]}}],"collection":[{"href":"https:\/\/awih.pl\/en\/wp-json\/wp\/v2\/pages"}],"about":[{"href":"https:\/\/awih.pl\/en\/wp-json\/wp\/v2\/types\/page"}],"author":[{"embeddable":true,"href":"https:\/\/awih.pl\/en\/wp-json\/wp\/v2\/users\/2"}],"replies":[{"embeddable":true,"href":"https:\/\/awih.pl\/en\/wp-json\/wp\/v2\/comments?post=6206"}],"version-history":[{"count":8,"href":"https:\/\/awih.pl\/en\/wp-json\/wp\/v2\/pages\/6206\/revisions"}],"predecessor-version":[{"id":9141,"href":"https:\/\/awih.pl\/en\/wp-json\/wp\/v2\/pages\/6206\/revisions\/9141"}],"wp:attachment":[{"href":"https:\/\/awih.pl\/en\/wp-json\/wp\/v2\/media?parent=6206"}],"curies":[{"name":"wp","href":"https:\/\/api.w.org\/{rel}","templated":true}]}}