{"id":6208,"date":"2021-06-08T14:28:34","date_gmt":"2021-06-08T12:28:34","guid":{"rendered":"https:\/\/awih.pl\/paper-bag-eco-friendly-bag\/"},"modified":"2023-01-16T14:32:06","modified_gmt":"2023-01-16T13:32:06","slug":"paper-bag-eco-friendly-bag","status":"publish","type":"page","link":"https:\/\/awih.pl\/en\/paper-bag-eco-friendly-bag\/","title":{"rendered":"Paper bag &#8211; eco-friendly bag"},"content":{"rendered":"\n<div class=\"row\"  id=\"row-580032107\">\n\n\n\t<div id=\"col-1784439770\" class=\"col small-12 large-12\"  >\n\t\t\t\t<div class=\"col-inner\"  >\n\t\t\t\n\t\t\t\n\n<div class=\"row\"  id=\"row-911730574\">\n\n\n\t<div id=\"col-815778584\" class=\"col medium-6 small-12 large-6\"  >\n\t\t\t\t<div class=\"col-inner\"  >\n\t\t\t\n\t\t\t\n\n<h1>Paper bag as an eco product.<\/h1>\n<h3><span style=\"font-size: 80%\"><b>Paper<\/b><b> <a href=\"https:\/\/awih.pl\/torby-papierowe-producent\/\"> Environmental bags<\/a> are a common and practical gadget to express public support for environmental protection efforts. This product is perfectly in line with the trend of being &#8220;eco&#8221;, but this is just one of the many qualities it has in store.<\/b><\/span><\/h3>\n<p> <\/p>\n<p class=\"western\"><span style=\"font-size: medium\"><b>Ecology matters<\/b><\/span><\/p>\n<p class=\"western\"><span style=\"font-size: medium\">In recent years there has been a marked increase in public awareness of environmental protection. According to the study, the environmental aspect is increasingly important in consumer choices. More than half of Poles use the  <\/span><span style=\"font-size: medium\">paper bags <\/span><span style=\"font-size: medium\">(Report &#8220;Consumers and the closed-loop economy&#8221;, prepared in 2019 by ARC Market and Opinion and the Responsible Business Forum).<\/span><\/p>\n<p class=\"western\"><span style=\"font-size: medium\">Consumers&#8217; growing awareness of the environmental impact of both producers&#8217; actions and their own choices is not going unanswered by companies guided by the principle of responsible business. Leading brands are increasingly reducing their use of plastics, opting for eco-friendly solutions &#8211; using paper or fabric packaging, doing away with plastic additives, making changes right at the production stage.<\/span><\/p>\n\t<div class=\"img has-hover x md-x lg-x y md-y lg-y\" id=\"image_1750051014\">\n\t\t\t\t\t\t\t\t<div class=\"img-inner image-zoom-long box-shadow-3 dark\" >\n\t\t\t<img width=\"1020\" height=\"1020\" src=\"https:\/\/awih.pl\/wp-content\/uploads\/2022\/06\/20220610_122712-1024x1024.jpg\" class=\"attachment-large size-large\" alt=\"\" srcset=\"https:\/\/awih.pl\/wp-content\/uploads\/2022\/06\/20220610_122712-1024x1024.jpg 1024w, https:\/\/awih.pl\/wp-content\/uploads\/2022\/06\/20220610_122712-300x300.jpg 300w, https:\/\/awih.pl\/wp-content\/uploads\/2022\/06\/20220610_122712-150x150.jpg 150w, https:\/\/awih.pl\/wp-content\/uploads\/2022\/06\/20220610_122712-768x768.jpg 768w, https:\/\/awih.pl\/wp-content\/uploads\/2022\/06\/20220610_122712-1536x1536.jpg 1536w, https:\/\/awih.pl\/wp-content\/uploads\/2022\/06\/20220610_122712-2048x2048.jpg 2048w, https:\/\/awih.pl\/wp-content\/uploads\/2022\/06\/20220610_122712-500x500.jpg 500w, https:\/\/awih.pl\/wp-content\/uploads\/2022\/06\/20220610_122712-600x600.jpg 600w, https:\/\/awih.pl\/wp-content\/uploads\/2022\/06\/20220610_122712-100x100.jpg 100w\" sizes=\"(max-width: 1020px) 100vw, 1020px\" fetchpriority=\"high\" decoding=\"async\" loading=\"eager\" \/>\t\t\t\t\t\t\n\t\t\t\t\t<\/div>\n\t\t\t\t\t\t\t\t\n<style>\n#image_1750051014 {\n  width: 100%;\n}\n<\/style>\n\t<\/div>\n\t\n\n<p> <\/p>\n<p class=\"western\"><span style=\"font-size: medium\"><b>Rich offer good for everyone<\/b><\/span><\/p>\n<p class=\"western\"><span style=\"font-size: medium\">AWIH has a wide range of paper bags: with flat handle, twist handle, machine bags with cotton handle, laminated, and fabric bags &#8211; cotton and polypropylene. The diversified offer allows the product to be aptly matched to the most specific needs of the customer and to the industry in which it operates. Also important is the business context in which the bags are to be used and their anticipated contents. One type of bag will work better for events such as trade shows and conferences, while another will work better for retail outlets or catering establishments. Without a doubt, every customer will find the right product for them at AWIH.<\/span><\/p>\n<p class=\"western\"><span style=\"font-size: medium\">Buying an eco-bag is a choice of a functional, high-quality product that is an effective form of promotion, and &#8211; extremely important &#8211; made consciously, with concern for the environment and future generations. It is through such choices that producers and consumers can work together to build a better future and a safer and healthier space in which to live and operate.<\/span><\/p>\n\n\t\t<\/div>\n\t\t\t\t\t<\/div>\n\n\t\n\n\t<div id=\"col-635092132\" class=\"col medium-6 small-12 large-6\"  >\n\t\t\t\t<div class=\"col-inner\"  >\n\t\t\t\n\t\t\t\n\n\t<div class=\"img has-hover x md-x lg-x y md-y lg-y\" id=\"image_1882057017\">\n\t\t\t\t\t\t\t\t<div class=\"img-inner image-zoom-long box-shadow-3 dark\" >\n\t\t\t<img loading=\"lazy\" decoding=\"async\" width=\"1020\" height=\"1020\" src=\"https:\/\/awih.pl\/wp-content\/uploads\/2022\/06\/20220610_142602-1024x1024.jpg\" class=\"attachment-large size-large\" alt=\"\" srcset=\"https:\/\/awih.pl\/wp-content\/uploads\/2022\/06\/20220610_142602-1024x1024.jpg 1024w, https:\/\/awih.pl\/wp-content\/uploads\/2022\/06\/20220610_142602-300x300.jpg 300w, https:\/\/awih.pl\/wp-content\/uploads\/2022\/06\/20220610_142602-150x150.jpg 150w, https:\/\/awih.pl\/wp-content\/uploads\/2022\/06\/20220610_142602-768x768.jpg 768w, https:\/\/awih.pl\/wp-content\/uploads\/2022\/06\/20220610_142602-1536x1536.jpg 1536w, https:\/\/awih.pl\/wp-content\/uploads\/2022\/06\/20220610_142602-2048x2048.jpg 2048w, https:\/\/awih.pl\/wp-content\/uploads\/2022\/06\/20220610_142602-500x500.jpg 500w, https:\/\/awih.pl\/wp-content\/uploads\/2022\/06\/20220610_142602-600x600.jpg 600w, https:\/\/awih.pl\/wp-content\/uploads\/2022\/06\/20220610_142602-100x100.jpg 100w\" sizes=\"auto, (max-width: 1020px) 100vw, 1020px\" \/>\t\t\t\t\t\t\n\t\t\t\t\t<\/div>\n\t\t\t\t\t\t\t\t\n<style>\n#image_1882057017 {\n  width: 100%;\n}\n<\/style>\n\t<\/div>\n\t\n\n<p> <\/p>\n<p class=\"western\"><span style=\"font-size: medium\"><b>With advertising on the shoulder<\/b><\/span><\/p>\n<p class=\"western\"><span style=\"font-size: medium\">One of the symbols of this growing awareness and also a common product in use is the eco-friendly bag <\/span><span style=\"font-size: medium\">paper<\/span><span style=\"font-size: medium\">. It combines a number of advantages &#8211; environmental safety, durability &#8211; in the case of paper bags, a carrying capacity of up to 15 kg, and &#8211; which makes more sense than disposables &#8211; personalization. The appearance of such a bag can emphasize the personality of the owner, for example, with an appropriate imprint in the form of a slogan or graphic, or his attachment to a particular brand or organization &#8211; through a visible logo or other distinctive element of the company&#8217;s visual identity.<\/span><\/p>\n<p class=\"western\"><span style=\"font-size: medium\">So it is worth emphasizing that natural manufacturing does not come at the expense of product appeal. AWIH offers not only printing on bags, their different sizes or colors &#8211; it is also possible to realize according to a previously agreed design with the customer. Bag  <\/span><span style=\"font-size: medium\">paper<\/span><span style=\"font-size: medium\"> can therefore be an excellent carrier of advertising slogans and an interesting element of an outdoor campaign &#8211; one of the oldest forms of promotion, based on visual presentation of content and high frequency of contact of the recipient with the advertisement. <\/span> <\/p>\n<p class=\"western\"> <\/p>\n\t<div class=\"img has-hover x md-x lg-x y md-y lg-y\" id=\"image_825743195\">\n\t\t\t\t\t\t\t\t<div class=\"img-inner image-zoom-long box-shadow-3 dark\" >\n\t\t\t<img loading=\"lazy\" decoding=\"async\" width=\"1020\" height=\"1020\" src=\"https:\/\/awih.pl\/wp-content\/uploads\/2022\/06\/20220610_122336-1024x1024.jpg\" class=\"attachment-large size-large\" alt=\"\" srcset=\"https:\/\/awih.pl\/wp-content\/uploads\/2022\/06\/20220610_122336-1024x1024.jpg 1024w, https:\/\/awih.pl\/wp-content\/uploads\/2022\/06\/20220610_122336-300x300.jpg 300w, https:\/\/awih.pl\/wp-content\/uploads\/2022\/06\/20220610_122336-150x150.jpg 150w, https:\/\/awih.pl\/wp-content\/uploads\/2022\/06\/20220610_122336-768x768.jpg 768w, https:\/\/awih.pl\/wp-content\/uploads\/2022\/06\/20220610_122336-1536x1536.jpg 1536w, https:\/\/awih.pl\/wp-content\/uploads\/2022\/06\/20220610_122336-2048x2048.jpg 2048w, https:\/\/awih.pl\/wp-content\/uploads\/2022\/06\/20220610_122336-500x500.jpg 500w, https:\/\/awih.pl\/wp-content\/uploads\/2022\/06\/20220610_122336-600x600.jpg 600w, https:\/\/awih.pl\/wp-content\/uploads\/2022\/06\/20220610_122336-100x100.jpg 100w\" sizes=\"auto, (max-width: 1020px) 100vw, 1020px\" \/>\t\t\t\t\t\t\n\t\t\t\t\t<\/div>\n\t\t\t\t\t\t\t\t\n<style>\n#image_825743195 {\n  width: 100%;\n}\n<\/style>\n\t<\/div>\n\t\n\n<p> <\/p>\n<p>Check out the eco-friendly paper bags in our <a href=\"https:\/\/awih.pl\/en\/kategoria-produktu\/torby-papierowe\/\">store<\/a>.<\/p>\n\n\t\t<\/div>\n\t\t\t\t\t<\/div>\n\n\t\n\n<\/div>\n\n\t\t<\/div>\n\t\t\t\t\t<\/div>\n\n\t\n\n<\/div>\n","protected":false},"excerpt":{"rendered":"","protected":false},"author":2,"featured_media":0,"parent":0,"menu_order":0,"comment_status":"closed","ping_status":"closed","template":"","meta":{"_monsterinsights_skip_tracking":false,"_monsterinsights_sitenote_active":false,"_monsterinsights_sitenote_note":"","_monsterinsights_sitenote_category":0,"footnotes":""},"class_list":["post-6208","page","type-page","status-publish","hentry"],"aioseo_notices":[],"aioseo_head":"\n\t\t<!-- All in One SEO Pro 4.9.5.2 - aioseo.com -->\n\t<meta name=\"description\" content=\"Paper bag as an eco product. Paper Environmental bags are a common and practical gadget to express public support for environmental protection efforts. This product is perfectly in line with the trend of being &quot;eco&quot;, but this is just one of the many qualities it has in store. Ecology matters In recent years there has\" \/>\n\t<meta name=\"robots\" content=\"max-image-preview:large\" \/>\n\t<meta name=\"google-site-verification\" content=\"qUbTDLl1QkUPNtEoo7SGcWHy_iy170abgHQeQ65Pu-M\" \/>\n\t<link rel=\"canonical\" href=\"https:\/\/awih.pl\/en\/paper-bag-eco-friendly-bag\/\" \/>\n\t<meta name=\"generator\" content=\"All in One SEO Pro (AIOSEO) 4.9.5.2\" \/>\n\t\t<meta property=\"og:locale\" content=\"en_US\" \/>\n\t\t<meta property=\"og:site_name\" content=\"AWIH - Torby i Opakowania - Producent toreb i opakowa\u0144. torby papierowe i opakowania produkujemy ju\u017c ponad 25 lat. Torby dla sieci handlowych. Druk ma\u0142ych nak\u0142ad\u00f3w. Personalizacja\" \/>\n\t\t<meta property=\"og:type\" content=\"article\" \/>\n\t\t<meta property=\"og:title\" content=\"Paper bag \u2013 eco-friendly bag AWIH - Torby i Opakowania\" \/>\n\t\t<meta property=\"og:description\" content=\"Paper bag as an eco product. Paper Environmental bags are a common and practical gadget to express public support for environmental protection efforts. This product is perfectly in line with the trend of being &quot;eco&quot;, but this is just one of the many qualities it has in store. Ecology matters In recent years there has\" \/>\n\t\t<meta property=\"og:url\" content=\"https:\/\/awih.pl\/en\/paper-bag-eco-friendly-bag\/\" \/>\n\t\t<meta property=\"article:tag\" content=\"torba papierowa\" \/>\n\t\t<meta property=\"article:tag\" content=\"torba reklamowa\" \/>\n\t\t<meta property=\"article:tag\" content=\"torba ekologiczna\" \/>\n\t\t<meta property=\"article:tag\" content=\"torba eko\" \/>\n\t\t<meta property=\"article:published_time\" content=\"2021-06-08T12:28:34+00:00\" \/>\n\t\t<meta property=\"article:modified_time\" content=\"2023-01-16T13:32:06+00:00\" \/>\n\t\t<meta property=\"article:publisher\" content=\"https:\/\/www.facebook.com\/AWIHPromotionalBagsPManufacturer\" \/>\n\t\t<meta name=\"twitter:card\" content=\"summary\" \/>\n\t\t<meta name=\"twitter:title\" content=\"Paper bag \u2013 eco-friendly bag\" \/>\n\t\t<meta name=\"twitter:description\" content=\"Paper bag as an eco product. Paper Environmental bags are a common and practical gadget to express public support for environmental protection efforts. This product is perfectly in line with the trend of being &quot;eco&quot;, but this is just one of the many qualities it has in store. Ecology matters In recent years there has\" \/>\n\t\t<script type=\"application\/ld+json\" class=\"aioseo-schema\">\n\t\t\t{\"@context\":\"https:\\\/\\\/schema.org\",\"@graph\":[{\"@type\":\"BreadcrumbList\",\"@id\":\"https:\\\/\\\/awih.pl\\\/en\\\/paper-bag-eco-friendly-bag\\\/#breadcrumblist\",\"itemListElement\":[{\"@type\":\"ListItem\",\"@id\":\"https:\\\/\\\/awih.pl\\\/en\\\/#listItem\",\"position\":1,\"name\":\"Awih\",\"item\":\"https:\\\/\\\/awih.pl\\\/en\\\/\",\"nextItem\":{\"@type\":\"ListItem\",\"@id\":\"https:\\\/\\\/awih.pl\\\/en\\\/paper-bag-eco-friendly-bag\\\/#listItem\",\"name\":\"Paper bag &#8211; eco-friendly bag\"}},{\"@type\":\"ListItem\",\"@id\":\"https:\\\/\\\/awih.pl\\\/en\\\/paper-bag-eco-friendly-bag\\\/#listItem\",\"position\":2,\"name\":\"Paper bag &#8211; eco-friendly bag\",\"previousItem\":{\"@type\":\"ListItem\",\"@id\":\"https:\\\/\\\/awih.pl\\\/en\\\/#listItem\",\"name\":\"Awih\"}}]},{\"@type\":\"Organization\",\"@id\":\"https:\\\/\\\/awih.pl\\\/en\\\/#organization\",\"name\":\"AWIH Torby i Opakowania\",\"description\":\"Producent toreb i opakowa\\u0144. torby papierowe i opakowania produkujemy ju\\u017c ponad 25 lat. Torby dla sieci handlowych. Druk ma\\u0142ych nak\\u0142ad\\u00f3w. Personalizacja\",\"url\":\"https:\\\/\\\/awih.pl\\\/en\\\/\",\"email\":\"biuro@awih.pl\",\"telephone\":\"+48514041255\",\"logo\":{\"@type\":\"ImageObject\",\"url\":\"https:\\\/\\\/awih.pl\\\/wp-content\\\/uploads\\\/2023\\\/04\\\/cropped-Logo-AWIH.png\",\"@id\":\"https:\\\/\\\/awih.pl\\\/en\\\/paper-bag-eco-friendly-bag\\\/#organizationLogo\",\"width\":512,\"height\":512,\"caption\":\"logo AWIH\"},\"image\":{\"@id\":\"https:\\\/\\\/awih.pl\\\/en\\\/paper-bag-eco-friendly-bag\\\/#organizationLogo\"},\"sameAs\":[\"https:\\\/\\\/www.linkedin.com\\\/company\\\/awih\\\/\"],\"address\":{\"@id\":\"https:\\\/\\\/awih.pl\\\/en\\\/#postaladdress\",\"@type\":\"PostalAddress\",\"streetAddress\":\"Ry\\u017cowa 96A,\",\"postalCode\":\"05-816\",\"addressLocality\":\"Opacz Kolonia\",\"addressRegion\":\"Mazowieckie\",\"addressCountry\":\"PL\"},\"vatID\":\"PL1130061093\"},{\"@type\":\"WebPage\",\"@id\":\"https:\\\/\\\/awih.pl\\\/en\\\/paper-bag-eco-friendly-bag\\\/#webpage\",\"url\":\"https:\\\/\\\/awih.pl\\\/en\\\/paper-bag-eco-friendly-bag\\\/\",\"name\":\"Paper bag \\u2013 eco-friendly bag - AWIH - Torby i Opakowania\",\"description\":\"Paper bag as an eco product. Paper Environmental bags are a common and practical gadget to express public support for environmental protection efforts. This product is perfectly in line with the trend of being \\\"eco\\\", but this is just one of the many qualities it has in store. Ecology matters In recent years there has\",\"inLanguage\":\"en-US\",\"isPartOf\":{\"@id\":\"https:\\\/\\\/awih.pl\\\/en\\\/#website\"},\"breadcrumb\":{\"@id\":\"https:\\\/\\\/awih.pl\\\/en\\\/paper-bag-eco-friendly-bag\\\/#breadcrumblist\"},\"datePublished\":\"2021-06-08T14:28:34+02:00\",\"dateModified\":\"2023-01-16T14:32:06+01:00\"},{\"@type\":\"WebSite\",\"@id\":\"https:\\\/\\\/awih.pl\\\/en\\\/#website\",\"url\":\"https:\\\/\\\/awih.pl\\\/en\\\/\",\"name\":\"AWIH Torby i Opakowania\",\"alternateName\":\"AWIH\",\"description\":\"Producent toreb i opakowa\\u0144. torby papierowe i opakowania produkujemy ju\\u017c ponad 25 lat. Torby dla sieci handlowych. Druk ma\\u0142ych nak\\u0142ad\\u00f3w. Personalizacja\",\"inLanguage\":\"en-US\",\"publisher\":{\"@id\":\"https:\\\/\\\/awih.pl\\\/en\\\/#organization\"}}]}\n\t\t<\/script>\n\t\t<!-- All in One SEO Pro -->\r\n\t\t<title>Paper bag \u2013 eco-friendly bag - AWIH - Torby i Opakowania<\/title>\n\n","aioseo_head_json":{"title":"Paper bag \u2013 eco-friendly bag - AWIH - Torby i Opakowania","description":"Paper bag as an eco product. Paper Environmental bags are a common and practical gadget to express public support for environmental protection efforts. This product is perfectly in line with the trend of being \"eco\", but this is just one of the many qualities it has in store. Ecology matters In recent years there has","canonical_url":"https:\/\/awih.pl\/en\/paper-bag-eco-friendly-bag\/","robots":"max-image-preview:large","keywords":"","webmasterTools":{"google-site-verification":"qUbTDLl1QkUPNtEoo7SGcWHy_iy170abgHQeQ65Pu-M","miscellaneous":""},"schema":{"@context":"https:\/\/schema.org","@graph":[{"@type":"BreadcrumbList","@id":"https:\/\/awih.pl\/en\/paper-bag-eco-friendly-bag\/#breadcrumblist","itemListElement":[{"@type":"ListItem","@id":"https:\/\/awih.pl\/en\/#listItem","position":1,"name":"Awih","item":"https:\/\/awih.pl\/en\/","nextItem":{"@type":"ListItem","@id":"https:\/\/awih.pl\/en\/paper-bag-eco-friendly-bag\/#listItem","name":"Paper bag &#8211; eco-friendly bag"}},{"@type":"ListItem","@id":"https:\/\/awih.pl\/en\/paper-bag-eco-friendly-bag\/#listItem","position":2,"name":"Paper bag &#8211; eco-friendly bag","previousItem":{"@type":"ListItem","@id":"https:\/\/awih.pl\/en\/#listItem","name":"Awih"}}]},{"@type":"Organization","@id":"https:\/\/awih.pl\/en\/#organization","name":"AWIH Torby i Opakowania","description":"Producent toreb i opakowa\u0144. torby papierowe i opakowania produkujemy ju\u017c ponad 25 lat. Torby dla sieci handlowych. Druk ma\u0142ych nak\u0142ad\u00f3w. Personalizacja","url":"https:\/\/awih.pl\/en\/","email":"biuro@awih.pl","telephone":"+48514041255","logo":{"@type":"ImageObject","url":"https:\/\/awih.pl\/wp-content\/uploads\/2023\/04\/cropped-Logo-AWIH.png","@id":"https:\/\/awih.pl\/en\/paper-bag-eco-friendly-bag\/#organizationLogo","width":512,"height":512,"caption":"logo AWIH"},"image":{"@id":"https:\/\/awih.pl\/en\/paper-bag-eco-friendly-bag\/#organizationLogo"},"sameAs":["https:\/\/www.linkedin.com\/company\/awih\/"],"address":{"@id":"https:\/\/awih.pl\/en\/#postaladdress","@type":"PostalAddress","streetAddress":"Ry\u017cowa 96A,","postalCode":"05-816","addressLocality":"Opacz Kolonia","addressRegion":"Mazowieckie","addressCountry":"PL"},"vatID":"PL1130061093"},{"@type":"WebPage","@id":"https:\/\/awih.pl\/en\/paper-bag-eco-friendly-bag\/#webpage","url":"https:\/\/awih.pl\/en\/paper-bag-eco-friendly-bag\/","name":"Paper bag \u2013 eco-friendly bag - AWIH - Torby i Opakowania","description":"Paper bag as an eco product. Paper Environmental bags are a common and practical gadget to express public support for environmental protection efforts. This product is perfectly in line with the trend of being \"eco\", but this is just one of the many qualities it has in store. Ecology matters In recent years there has","inLanguage":"en-US","isPartOf":{"@id":"https:\/\/awih.pl\/en\/#website"},"breadcrumb":{"@id":"https:\/\/awih.pl\/en\/paper-bag-eco-friendly-bag\/#breadcrumblist"},"datePublished":"2021-06-08T14:28:34+02:00","dateModified":"2023-01-16T14:32:06+01:00"},{"@type":"WebSite","@id":"https:\/\/awih.pl\/en\/#website","url":"https:\/\/awih.pl\/en\/","name":"AWIH Torby i Opakowania","alternateName":"AWIH","description":"Producent toreb i opakowa\u0144. torby papierowe i opakowania produkujemy ju\u017c ponad 25 lat. Torby dla sieci handlowych. Druk ma\u0142ych nak\u0142ad\u00f3w. Personalizacja","inLanguage":"en-US","publisher":{"@id":"https:\/\/awih.pl\/en\/#organization"}}]},"og:locale":"en_US","og:site_name":"AWIH - Torby i Opakowania - Producent toreb i opakowa\u0144. torby papierowe i opakowania produkujemy ju\u017c ponad 25 lat. Torby dla sieci handlowych. Druk ma\u0142ych nak\u0142ad\u00f3w. Personalizacja","og:type":"article","og:title":"Paper bag \u2013 eco-friendly bag AWIH - Torby i Opakowania","og:description":"Paper bag as an eco product. Paper Environmental bags are a common and practical gadget to express public support for environmental protection efforts. This product is perfectly in line with the trend of being &quot;eco&quot;, but this is just one of the many qualities it has in store. Ecology matters In recent years there has","og:url":"https:\/\/awih.pl\/en\/paper-bag-eco-friendly-bag\/","article:tag":["torba papierowa","torba reklamowa","torba ekologiczna","torba eko"],"article:published_time":"2021-06-08T12:28:34+00:00","article:modified_time":"2023-01-16T13:32:06+00:00","article:publisher":"https:\/\/www.facebook.com\/AWIHPromotionalBagsPManufacturer","twitter:card":"summary","twitter:title":"Paper bag \u2013 eco-friendly bag","twitter:description":"Paper bag as an eco product. Paper Environmental bags are a common and practical gadget to express public support for environmental protection efforts. This product is perfectly in line with the trend of being &quot;eco&quot;, but this is just one of the many qualities it has in store. Ecology matters In recent years there has"},"aioseo_meta_data":{"post_id":"6208","title":null,"description":null,"keywords":[],"keyphrases":{"focus":{"keyphrase":"Paper bag - eco-friendly bag","score":64,"analysis":{"keyphraseInTitle":{"score":9,"maxScore":9,"error":0},"keyphraseInDescription":{"score":3,"maxScore":9,"error":1},"keyphraseLength":{"score":9,"maxScore":9,"error":0,"length":4},"keyphraseInURL":{"score":5,"maxScore":5,"error":0},"keyphraseInIntroduction":{"score":3,"maxScore":9,"error":1},"keyphraseInSubHeadings":{"score":3,"maxScore":9,"error":1},"keyphraseInImageAlt":[]}},"additional":[]},"primary_term":null,"canonical_url":null,"og_title":"#post_title #site_title","og_description":"#post_excerpt","og_object_type":"default","og_image_type":"default","og_image_url":null,"og_image_width":null,"og_image_height":null,"og_image_custom_url":null,"og_image_custom_fields":null,"og_video":"","og_custom_url":null,"og_article_section":null,"og_article_tags":[{"label":"torba papierowa","value":"torba papierowa"},{"label":" torba reklamowa","value":" torba reklamowa"},{"label":" torba ekologiczna","value":" torba ekologiczna"},{"label":" torba eko","value":" torba eko"}],"twitter_use_og":false,"twitter_card":"default","twitter_image_type":"default","twitter_image_url":null,"twitter_image_custom_url":null,"twitter_image_custom_fields":null,"twitter_title":"#post_title","twitter_description":"#post_excerpt","schema":{"blockGraphs":[],"customGraphs":[],"default":{"data":{"Article":[],"Course":[],"Dataset":[],"FAQPage":[],"Movie":[],"Person":[],"Product":[],"ProductReview":[],"Car":[],"Recipe":[],"Service":[],"SoftwareApplication":[],"WebPage":[]},"graphName":"WebPage","isEnabled":true},"graphs":[],"defaultGraph":"WebPage","defaultPostTypeGraph":""},"schema_type":"default","schema_type_options":"{\"article\":{\"articleType\":\"BlogPosting\"},\"course\":{\"name\":\"\",\"description\":\"\",\"provider\":\"\"},\"faq\":{\"pages\":[]},\"product\":{\"reviews\":[]},\"recipe\":{\"ingredients\":[],\"instructions\":[],\"keywords\":[]},\"software\":{\"reviews\":[],\"operatingSystems\":[]},\"webPage\":{\"webPageType\":\"WebPage\"}}","pillar_content":false,"robots_default":true,"robots_noindex":false,"robots_noarchive":false,"robots_nosnippet":false,"robots_nofollow":false,"robots_noimageindex":false,"robots_noodp":false,"robots_notranslate":false,"robots_max_snippet":"-1","robots_max_videopreview":"-1","robots_max_imagepreview":"large","priority":null,"frequency":"default","local_seo":null,"seo_analyzer_scan_date":"2025-10-09 06:57:48","breadcrumb_settings":null,"limit_modified_date":false,"reviewed_by":null,"open_ai":null,"ai":null,"created":"2022-09-08 17:48:42","updated":"2025-10-22 01:08:39"},"aioseo_breadcrumb":"<div class=\"aioseo-breadcrumbs\"><span class=\"aioseo-breadcrumb\">\n\t<a href=\"https:\/\/awih.pl\/en\/\" title=\"Awih\">Awih<\/a>\n<\/span><span class=\"aioseo-breadcrumb-separator\">\u00bb<\/span><span class=\"aioseo-breadcrumb\">\n\tPaper bag \u2013 eco-friendly bag\n<\/span><\/div>","aioseo_breadcrumb_json":[{"label":"Awih","link":"https:\/\/awih.pl\/en\/"},{"label":"Paper bag &#8211; eco-friendly bag","link":"https:\/\/awih.pl\/en\/paper-bag-eco-friendly-bag\/"}],"_links":{"self":[{"href":"https:\/\/awih.pl\/en\/wp-json\/wp\/v2\/pages\/6208","targetHints":{"allow":["GET"]}}],"collection":[{"href":"https:\/\/awih.pl\/en\/wp-json\/wp\/v2\/pages"}],"about":[{"href":"https:\/\/awih.pl\/en\/wp-json\/wp\/v2\/types\/page"}],"author":[{"embeddable":true,"href":"https:\/\/awih.pl\/en\/wp-json\/wp\/v2\/users\/2"}],"replies":[{"embeddable":true,"href":"https:\/\/awih.pl\/en\/wp-json\/wp\/v2\/comments?post=6208"}],"version-history":[{"count":5,"href":"https:\/\/awih.pl\/en\/wp-json\/wp\/v2\/pages\/6208\/revisions"}],"predecessor-version":[{"id":7568,"href":"https:\/\/awih.pl\/en\/wp-json\/wp\/v2\/pages\/6208\/revisions\/7568"}],"wp:attachment":[{"href":"https:\/\/awih.pl\/en\/wp-json\/wp\/v2\/media?parent=6208"}],"curies":[{"name":"wp","href":"https:\/\/api.w.org\/{rel}","templated":true}]}}