{"id":6209,"date":"2021-05-18T14:44:33","date_gmt":"2021-05-18T12:44:33","guid":{"rendered":"https:\/\/awih.pl\/documents\/"},"modified":"2024-02-29T16:29:38","modified_gmt":"2024-02-29T15:29:38","slug":"documents","status":"publish","type":"page","link":"https:\/\/awih.pl\/en\/documents\/","title":{"rendered":"Documents"},"content":{"rendered":"\n<div class=\"row\"  id=\"row-1213419951\">\n\n\n\t<div id=\"col-785250379\" class=\"col small-12 large-12\"  >\n\t\t\t\t<div class=\"col-inner\"  >\n\t\t\t\n\t\t\t\n\n<div class=\"aioseo-breadcrumbs\"><span class=\"aioseo-breadcrumb\">\n\tAwih\n<\/span><\/div>\n\n\n\t\t<\/div>\n\t\t\t\t\t<\/div>\n\n\t\n\n<\/div>\n  <div id=\"page-header-74406105\" class=\"page-header-wrapper\">\n  <div class=\"page-title dark featured-title\">\n\n    \n    <div class=\"page-title-inner container align-center text-center flex-row-col medium-flex-wrap\" >\n              <div class=\"title-wrapper flex-col\">\n          <h1 class=\"entry-title mb-0\">\n            Documents          <\/h1>\n        <\/div>\n                    <div class=\"title-content flex-col\">\n        <ul class=\"nav sm-touch-scroll nav-line nav-uppercase text-center nav-center\"><li class=\"nav-single-page hidden\"><\/li><\/ul>      <\/div>\n    <\/div>\n\n       <\/div>\n    <\/div>\n  \n\n\t<div id=\"gap-755933237\" class=\"gap-element clearfix\" style=\"display:block; height:auto;\">\n\t\t\n<style>\n#gap-755933237 {\n  padding-top: 30px;\n}\n<\/style>\n\t<\/div>\n\t\n\n<div class=\"row\"  id=\"row-1496758039\">\n\n\n\t<div id=\"col-1267095772\" class=\"col medium-4 small-12 large-4\"  >\n\t\t\t\t<div class=\"col-inner text-center box-shadow-2 box-shadow-2-hover\"  >\n\t\t\t\n\t\t\t\n\n<p style=\"text-align: center;\"><a href=\"https:\/\/awih.pl\/wp-content\/uploads\/2021\/Publikacje\/warunki.pdf\">terms and conditions of cooperation between AWIH and the buyer<\/a><\/p><\/p>\n\n\t\t<\/div>\n\t\t\t\t\t<\/div>\n\n\t\n\n\t<div id=\"col-1256027909\" class=\"col medium-4 small-12 large-4\"  >\n\t\t\t\t<div class=\"col-inner text-center box-shadow-2 box-shadow-2-hover\"  >\n\t\t\t\n\t\t\t\n\n<p style=\"text-align: center;\"><a href=\"https:\/\/awih.pl\/wp-content\/uploads\/2021\/Publikacje\/Terms%20and%20conditions.pdf\" data-wplink-url-error=\"true\">The AWIH General Terms and Conditions of Sale<br>and Execution of order<\/a><\/p>\n<p> <\/p>\n\n\t\t<\/div>\n\t\t\t\t\t<\/div>\n\n\t\n\n\t<div id=\"col-1345403533\" class=\"col medium-4 small-12 large-4\"  >\n\t\t\t\t<div class=\"col-inner\"  >\n\t\t\t\n\t\t\t\n\n\n\t\t<\/div>\n\t\t\t\t\t<\/div>\n\n\t\n\n<\/div>\n\n","protected":false},"excerpt":{"rendered":"","protected":false},"author":2,"featured_media":0,"parent":0,"menu_order":0,"comment_status":"closed","ping_status":"closed","template":"","meta":{"_monsterinsights_skip_tracking":false,"_monsterinsights_sitenote_active":false,"_monsterinsights_sitenote_note":"","_monsterinsights_sitenote_category":0,"footnotes":""},"class_list":["post-6209","page","type-page","status-publish","hentry"],"aioseo_notices":[],"aioseo_head":"\n\t\t<!-- All in One SEO Pro 4.9.5.2 - aioseo.com -->\n\t<meta name=\"description\" content=\"Awih \u00bb Documents Documents terms and conditions of cooperation between AWIH and the buyer The AWIH General Terms and Conditions of Saleand Execution of order\" \/>\n\t<meta name=\"robots\" content=\"max-image-preview:large\" \/>\n\t<meta name=\"google-site-verification\" content=\"qUbTDLl1QkUPNtEoo7SGcWHy_iy170abgHQeQ65Pu-M\" \/>\n\t<link rel=\"canonical\" href=\"https:\/\/awih.pl\/en\/documents\/\" \/>\n\t<meta name=\"generator\" content=\"All in One SEO Pro (AIOSEO) 4.9.5.2\" \/>\n\t\t<meta property=\"og:locale\" content=\"en_US\" \/>\n\t\t<meta property=\"og:site_name\" content=\"AWIH - Torby i Opakowania - Producent toreb i opakowa\u0144. torby papierowe i opakowania produkujemy ju\u017c ponad 25 lat. Torby dla sieci handlowych. Druk ma\u0142ych nak\u0142ad\u00f3w. Personalizacja\" \/>\n\t\t<meta property=\"og:type\" content=\"article\" \/>\n\t\t<meta property=\"og:title\" content=\"Documents - AWIH - Torby i Opakowania\" \/>\n\t\t<meta property=\"og:description\" content=\"Awih \u00bb Documents Documents terms and conditions of cooperation between AWIH and the buyer The AWIH General Terms and Conditions of Saleand Execution of order\" \/>\n\t\t<meta property=\"og:url\" content=\"https:\/\/awih.pl\/en\/documents\/\" \/>\n\t\t<meta property=\"article:published_time\" content=\"2021-05-18T12:44:33+00:00\" \/>\n\t\t<meta property=\"article:modified_time\" content=\"2024-02-29T15:29:38+00:00\" \/>\n\t\t<meta property=\"article:publisher\" content=\"https:\/\/www.facebook.com\/AWIHPromotionalBagsPManufacturer\" \/>\n\t\t<meta name=\"twitter:card\" content=\"summary\" \/>\n\t\t<meta name=\"twitter:title\" content=\"Documents - AWIH - Torby i Opakowania\" \/>\n\t\t<meta name=\"twitter:description\" content=\"Awih \u00bb Documents Documents terms and conditions of cooperation between AWIH and the buyer The AWIH General Terms and Conditions of Saleand Execution of order\" \/>\n\t\t<script type=\"application\/ld+json\" class=\"aioseo-schema\">\n\t\t\t{\"@context\":\"https:\\\/\\\/schema.org\",\"@graph\":[{\"@type\":\"BreadcrumbList\",\"@id\":\"https:\\\/\\\/awih.pl\\\/en\\\/documents\\\/#breadcrumblist\",\"itemListElement\":[{\"@type\":\"ListItem\",\"@id\":\"https:\\\/\\\/awih.pl\\\/en\\\/#listItem\",\"position\":1,\"name\":\"Awih\",\"item\":\"https:\\\/\\\/awih.pl\\\/en\\\/\",\"nextItem\":{\"@type\":\"ListItem\",\"@id\":\"https:\\\/\\\/awih.pl\\\/en\\\/documents\\\/#listItem\",\"name\":\"Documents\"}},{\"@type\":\"ListItem\",\"@id\":\"https:\\\/\\\/awih.pl\\\/en\\\/documents\\\/#listItem\",\"position\":2,\"name\":\"Documents\",\"previousItem\":{\"@type\":\"ListItem\",\"@id\":\"https:\\\/\\\/awih.pl\\\/en\\\/#listItem\",\"name\":\"Awih\"}}]},{\"@type\":\"Organization\",\"@id\":\"https:\\\/\\\/awih.pl\\\/en\\\/#organization\",\"name\":\"AWIH Torby i Opakowania\",\"description\":\"Producent toreb i opakowa\\u0144. torby papierowe i opakowania produkujemy ju\\u017c ponad 25 lat. Torby dla sieci handlowych. Druk ma\\u0142ych nak\\u0142ad\\u00f3w. Personalizacja\",\"url\":\"https:\\\/\\\/awih.pl\\\/en\\\/\",\"email\":\"biuro@awih.pl\",\"telephone\":\"+48514041255\",\"logo\":{\"@type\":\"ImageObject\",\"url\":\"https:\\\/\\\/awih.pl\\\/wp-content\\\/uploads\\\/2023\\\/04\\\/cropped-Logo-AWIH.png\",\"@id\":\"https:\\\/\\\/awih.pl\\\/en\\\/documents\\\/#organizationLogo\",\"width\":512,\"height\":512,\"caption\":\"logo AWIH\"},\"image\":{\"@id\":\"https:\\\/\\\/awih.pl\\\/en\\\/documents\\\/#organizationLogo\"},\"sameAs\":[\"https:\\\/\\\/www.linkedin.com\\\/company\\\/awih\\\/\"],\"address\":{\"@id\":\"https:\\\/\\\/awih.pl\\\/en\\\/#postaladdress\",\"@type\":\"PostalAddress\",\"streetAddress\":\"Ry\\u017cowa 96A,\",\"postalCode\":\"05-816\",\"addressLocality\":\"Opacz Kolonia\",\"addressRegion\":\"Mazowieckie\",\"addressCountry\":\"PL\"},\"vatID\":\"PL1130061093\"},{\"@type\":\"WebPage\",\"@id\":\"https:\\\/\\\/awih.pl\\\/en\\\/documents\\\/#webpage\",\"url\":\"https:\\\/\\\/awih.pl\\\/en\\\/documents\\\/\",\"name\":\"Documents - AWIH - Torby i Opakowania\",\"description\":\"Awih \\u00bb Documents Documents terms and conditions of cooperation between AWIH and the buyer The AWIH General Terms and Conditions of Saleand Execution of order\",\"inLanguage\":\"en-US\",\"isPartOf\":{\"@id\":\"https:\\\/\\\/awih.pl\\\/en\\\/#website\"},\"breadcrumb\":{\"@id\":\"https:\\\/\\\/awih.pl\\\/en\\\/documents\\\/#breadcrumblist\"},\"datePublished\":\"2021-05-18T14:44:33+02:00\",\"dateModified\":\"2024-02-29T16:29:38+01:00\"},{\"@type\":\"WebSite\",\"@id\":\"https:\\\/\\\/awih.pl\\\/en\\\/#website\",\"url\":\"https:\\\/\\\/awih.pl\\\/en\\\/\",\"name\":\"AWIH Torby i Opakowania\",\"alternateName\":\"AWIH\",\"description\":\"Producent toreb i opakowa\\u0144. torby papierowe i opakowania produkujemy ju\\u017c ponad 25 lat. Torby dla sieci handlowych. Druk ma\\u0142ych nak\\u0142ad\\u00f3w. Personalizacja\",\"inLanguage\":\"en-US\",\"publisher\":{\"@id\":\"https:\\\/\\\/awih.pl\\\/en\\\/#organization\"}}]}\n\t\t<\/script>\n\t\t<!-- All in One SEO Pro -->\r\n\t\t<title>Documents - AWIH - Torby i Opakowania<\/title>\n\n","aioseo_head_json":{"title":"Documents - AWIH - Torby i Opakowania","description":"Awih \u00bb Documents Documents terms and conditions of cooperation between AWIH and the buyer The AWIH General Terms and Conditions of Saleand Execution of order","canonical_url":"https:\/\/awih.pl\/en\/documents\/","robots":"max-image-preview:large","keywords":"","webmasterTools":{"google-site-verification":"qUbTDLl1QkUPNtEoo7SGcWHy_iy170abgHQeQ65Pu-M","miscellaneous":""},"schema":{"@context":"https:\/\/schema.org","@graph":[{"@type":"BreadcrumbList","@id":"https:\/\/awih.pl\/en\/documents\/#breadcrumblist","itemListElement":[{"@type":"ListItem","@id":"https:\/\/awih.pl\/en\/#listItem","position":1,"name":"Awih","item":"https:\/\/awih.pl\/en\/","nextItem":{"@type":"ListItem","@id":"https:\/\/awih.pl\/en\/documents\/#listItem","name":"Documents"}},{"@type":"ListItem","@id":"https:\/\/awih.pl\/en\/documents\/#listItem","position":2,"name":"Documents","previousItem":{"@type":"ListItem","@id":"https:\/\/awih.pl\/en\/#listItem","name":"Awih"}}]},{"@type":"Organization","@id":"https:\/\/awih.pl\/en\/#organization","name":"AWIH Torby i Opakowania","description":"Producent toreb i opakowa\u0144. torby papierowe i opakowania produkujemy ju\u017c ponad 25 lat. Torby dla sieci handlowych. Druk ma\u0142ych nak\u0142ad\u00f3w. Personalizacja","url":"https:\/\/awih.pl\/en\/","email":"biuro@awih.pl","telephone":"+48514041255","logo":{"@type":"ImageObject","url":"https:\/\/awih.pl\/wp-content\/uploads\/2023\/04\/cropped-Logo-AWIH.png","@id":"https:\/\/awih.pl\/en\/documents\/#organizationLogo","width":512,"height":512,"caption":"logo AWIH"},"image":{"@id":"https:\/\/awih.pl\/en\/documents\/#organizationLogo"},"sameAs":["https:\/\/www.linkedin.com\/company\/awih\/"],"address":{"@id":"https:\/\/awih.pl\/en\/#postaladdress","@type":"PostalAddress","streetAddress":"Ry\u017cowa 96A,","postalCode":"05-816","addressLocality":"Opacz Kolonia","addressRegion":"Mazowieckie","addressCountry":"PL"},"vatID":"PL1130061093"},{"@type":"WebPage","@id":"https:\/\/awih.pl\/en\/documents\/#webpage","url":"https:\/\/awih.pl\/en\/documents\/","name":"Documents - AWIH - Torby i Opakowania","description":"Awih \u00bb Documents Documents terms and conditions of cooperation between AWIH and the buyer The AWIH General Terms and Conditions of Saleand Execution of order","inLanguage":"en-US","isPartOf":{"@id":"https:\/\/awih.pl\/en\/#website"},"breadcrumb":{"@id":"https:\/\/awih.pl\/en\/documents\/#breadcrumblist"},"datePublished":"2021-05-18T14:44:33+02:00","dateModified":"2024-02-29T16:29:38+01:00"},{"@type":"WebSite","@id":"https:\/\/awih.pl\/en\/#website","url":"https:\/\/awih.pl\/en\/","name":"AWIH Torby i Opakowania","alternateName":"AWIH","description":"Producent toreb i opakowa\u0144. torby papierowe i opakowania produkujemy ju\u017c ponad 25 lat. Torby dla sieci handlowych. Druk ma\u0142ych nak\u0142ad\u00f3w. Personalizacja","inLanguage":"en-US","publisher":{"@id":"https:\/\/awih.pl\/en\/#organization"}}]},"og:locale":"en_US","og:site_name":"AWIH - Torby i Opakowania - Producent toreb i opakowa\u0144. torby papierowe i opakowania produkujemy ju\u017c ponad 25 lat. Torby dla sieci handlowych. Druk ma\u0142ych nak\u0142ad\u00f3w. Personalizacja","og:type":"article","og:title":"Documents - AWIH - Torby i Opakowania","og:description":"Awih \u00bb Documents Documents terms and conditions of cooperation between AWIH and the buyer The AWIH General Terms and Conditions of Saleand Execution of order","og:url":"https:\/\/awih.pl\/en\/documents\/","article:published_time":"2021-05-18T12:44:33+00:00","article:modified_time":"2024-02-29T15:29:38+00:00","article:publisher":"https:\/\/www.facebook.com\/AWIHPromotionalBagsPManufacturer","twitter:card":"summary","twitter:title":"Documents - AWIH - Torby i Opakowania","twitter:description":"Awih \u00bb Documents Documents terms and conditions of cooperation between AWIH and the buyer The AWIH General Terms and Conditions of Saleand Execution of order"},"aioseo_meta_data":{"post_id":"6209","title":null,"description":null,"keywords":null,"keyphrases":null,"primary_term":null,"canonical_url":null,"og_title":null,"og_description":null,"og_object_type":"default","og_image_type":"default","og_image_url":null,"og_image_width":null,"og_image_height":null,"og_image_custom_url":null,"og_image_custom_fields":null,"og_video":null,"og_custom_url":null,"og_article_section":null,"og_article_tags":null,"twitter_use_og":false,"twitter_card":"default","twitter_image_type":"default","twitter_image_url":null,"twitter_image_custom_url":null,"twitter_image_custom_fields":null,"twitter_title":null,"twitter_description":null,"schema":{"blockGraphs":[],"customGraphs":[],"default":{"data":{"Article":[],"Course":[],"Dataset":[],"FAQPage":[],"Movie":[],"Person":[],"Product":[],"ProductReview":[],"Car":[],"Recipe":[],"Service":[],"SoftwareApplication":[],"WebPage":[]},"graphName":"","isEnabled":true},"graphs":[],"defaultGraph":"","defaultPostTypeGraph":""},"schema_type":null,"schema_type_options":null,"pillar_content":false,"robots_default":true,"robots_noindex":false,"robots_noarchive":false,"robots_nosnippet":false,"robots_nofollow":false,"robots_noimageindex":false,"robots_noodp":false,"robots_notranslate":false,"robots_max_snippet":null,"robots_max_videopreview":null,"robots_max_imagepreview":"large","priority":null,"frequency":null,"local_seo":null,"seo_analyzer_scan_date":"2025-10-09 06:55:02","breadcrumb_settings":null,"limit_modified_date":false,"reviewed_by":null,"open_ai":null,"ai":null,"created":"2022-09-08 17:48:43","updated":"2025-10-22 01:08:50"},"aioseo_breadcrumb":"<div class=\"aioseo-breadcrumbs\"><span class=\"aioseo-breadcrumb\">\n\t<a href=\"https:\/\/awih.pl\/en\/\" title=\"Awih\">Awih<\/a>\n<\/span><span class=\"aioseo-breadcrumb-separator\">\u00bb<\/span><span class=\"aioseo-breadcrumb\">\n\tDocuments\n<\/span><\/div>","aioseo_breadcrumb_json":[{"label":"Awih","link":"https:\/\/awih.pl\/en\/"},{"label":"Documents","link":"https:\/\/awih.pl\/en\/documents\/"}],"_links":{"self":[{"href":"https:\/\/awih.pl\/en\/wp-json\/wp\/v2\/pages\/6209","targetHints":{"allow":["GET"]}}],"collection":[{"href":"https:\/\/awih.pl\/en\/wp-json\/wp\/v2\/pages"}],"about":[{"href":"https:\/\/awih.pl\/en\/wp-json\/wp\/v2\/types\/page"}],"author":[{"embeddable":true,"href":"https:\/\/awih.pl\/en\/wp-json\/wp\/v2\/users\/2"}],"replies":[{"embeddable":true,"href":"https:\/\/awih.pl\/en\/wp-json\/wp\/v2\/comments?post=6209"}],"version-history":[{"count":2,"href":"https:\/\/awih.pl\/en\/wp-json\/wp\/v2\/pages\/6209\/revisions"}],"predecessor-version":[{"id":11263,"href":"https:\/\/awih.pl\/en\/wp-json\/wp\/v2\/pages\/6209\/revisions\/11263"}],"wp:attachment":[{"href":"https:\/\/awih.pl\/en\/wp-json\/wp\/v2\/media?parent=6209"}],"curies":[{"name":"wp","href":"https:\/\/api.w.org\/{rel}","templated":true}]}}