{"id":6214,"date":"2021-05-25T14:33:01","date_gmt":"2021-05-25T12:33:01","guid":{"rendered":"https:\/\/awih.pl\/printing-services\/"},"modified":"2024-03-01T08:54:31","modified_gmt":"2024-03-01T07:54:31","slug":"printing-services","status":"publish","type":"page","link":"https:\/\/awih.pl\/en\/products\/printing-services\/","title":{"rendered":"Printing services"},"content":{"rendered":"\n<div class=\"row\"  id=\"row-1402450836\">\n\n\n\t<div id=\"col-991080022\" class=\"col small-12 large-12\"  >\n\t\t\t\t<div class=\"col-inner\"  >\n\t\t\t\n\t\t\t\n\n<div class=\"row\"  id=\"row-36955974\">\n\n\n\t<div id=\"col-1751339595\" class=\"col small-12 large-12\"  >\n\t\t\t\t<div class=\"col-inner\"  >\n\t\t\t\n\t\t\t\n\n<div class=\"aioseo-breadcrumbs\"><span class=\"aioseo-breadcrumb\">\n\t<a href=\"https:\/\/awih.pl\/en\/\" title=\"Awih\">Awih<\/a>\n<\/span><span class=\"aioseo-breadcrumb-separator\">\u00bb<\/span><span class=\"aioseo-breadcrumb\">\n\t<a href=\"https:\/\/awih.pl\/en\/?page_id=11330\" title=\"Products\">Products<\/a>\n<\/span><span class=\"aioseo-breadcrumb-separator\">\u00bb<\/span><span class=\"aioseo-breadcrumb\">\n\tPrinting services\n<\/span><\/div>\n\n\t<div id=\"gap-2129039782\" class=\"gap-element clearfix\" style=\"display:block; height:auto;\">\n\t\t\n<style>\n#gap-2129039782 {\n  padding-top: 30px;\n}\n<\/style>\n\t<\/div>\n\t\n\n  <div id=\"page-header-844008736\" class=\"page-header-wrapper\">\n  <div class=\"page-title dark featured-title\">\n\n    \n    <div class=\"page-title-inner container align-center text-center flex-row-col medium-flex-wrap\" >\n              <div class=\"title-wrapper flex-col\">\n          <h1 class=\"entry-title mb-0\">\n            Printing services          <\/h1>\n        <\/div>\n                    <div class=\"title-content flex-col\">\n        <ul class=\"nav sm-touch-scroll nav-line nav-uppercase text-center nav-center\"><li class=\"nav-single-page hidden\"><\/li><\/ul>      <\/div>\n    <\/div>\n\n       <\/div>\n    <\/div>\n  \n\n\n\t\t<\/div>\n\t\t\t\t\t<\/div>\n\n\t\n\n<\/div>\n\t<div id=\"text-2330647897\" class=\"text\">\n\t\t\n\n<h2><span style=\"font-size: 75%;\">AWIH specializes in the comprehensive processing of orders for bags and packaging.<\/span><\/h2>\n<h2><span style=\"font-size: 75%;\">Having a machine park for the production of bags and packaging, we offer  <\/span><br><span style=\"font-size: 75%;\">additional printing services:<\/span><\/h2>\n\t\t\n<style>\n#text-2330647897 {\n  font-size: 0.8rem;\n}\n<\/style>\n\t<\/div>\n\t\n<div class=\"row\"  id=\"row-1846638246\">\n\n\n\t<div id=\"col-1586729605\" class=\"col medium-8 small-12 large-8\"  >\n\t\t\t\t<div class=\"col-inner\"  >\n\t\t\t\n\t\t\t\n\n<p>&nbsp;<\/p>\n<ul>\n<li>Screen printing on sheet or finished product<\/li>\n<li>Offset printing up to B1 format<\/li>\n<li>Digital printing on sheet or finished product<\/li>\n<li>Printing on fabric (automatic carousel) in Pantone or CMYK system<\/li>\n<li>Laminating with glossy or matt foil up to B1 format<\/li>\n<li>Die cutting on automatic flatbed machine up to A1 format<\/li>\n<li>Die cutting on a machine up to B1 format<\/li>\n<li>Making and cutting (T-lace) of cotton or polypropylene cord &#8211; <a href=\"https:\/\/sznureczek.com.pl\/#sznurki\">more about cord production<\/a><\/li>\n<\/ul>\n<p>For all service inquiries, please contact:<br>e-mail: marketing@awih.com.pl&nbsp; &nbsp;tel. <a href=\"tel:%20789%20022%20109\">789 022 109<\/a><\/p>\n<p>&nbsp;<\/p>\n\n\t\t<\/div>\n\t\t\t\t\t<\/div>\n\n\t\n\n\t<div id=\"col-436469657\" class=\"col medium-4 small-12 large-4\"  >\n\t\t\t\t<div class=\"col-inner\"  >\n\t\t\t\n\t\t\t\n\n\t<div class=\"img has-hover x md-x lg-x y md-y lg-y\" id=\"image_223815903\">\n\t\t\t\t<div data-parallax-fade=\"true\" data-parallax=\"3\">\t\t\t\t<div class=\"img-inner image-zoom-long dark\" >\n\t\t\t<img width=\"1020\" height=\"680\" src=\"https:\/\/awih.pl\/wp-content\/uploads\/2021\/06\/2-1024x683.png\" class=\"attachment-large size-large\" alt=\"\" srcset=\"https:\/\/awih.pl\/wp-content\/uploads\/2021\/06\/2-1024x683.png 1024w, https:\/\/awih.pl\/wp-content\/uploads\/2021\/06\/2-600x400.png 600w, https:\/\/awih.pl\/wp-content\/uploads\/2021\/06\/2-300x200.png 300w, https:\/\/awih.pl\/wp-content\/uploads\/2021\/06\/2-768x512.png 768w, https:\/\/awih.pl\/wp-content\/uploads\/2021\/06\/2-1536x1025.png 1536w, https:\/\/awih.pl\/wp-content\/uploads\/2021\/06\/2.png 1772w\" sizes=\"(max-width: 1020px) 100vw, 1020px\" fetchpriority=\"high\" decoding=\"async\" loading=\"eager\" \/>\t\t\t\t\t\t\n\t\t\t\t\t<\/div>\n\t\t\t\t<\/div>\t\t\t\t\n<style>\n#image_223815903 {\n  width: 100%;\n}\n<\/style>\n\t<\/div>\n\t\n\n\t<div class=\"img has-hover x md-x lg-x y md-y lg-y\" id=\"image_779920398\">\n\t\t\t\t<div data-parallax-fade=\"true\" data-parallax=\"3\">\t\t\t\t<div class=\"img-inner image-zoom-long dark\" >\n\t\t\t<img loading=\"lazy\" decoding=\"async\" width=\"1020\" height=\"680\" src=\"https:\/\/awih.pl\/wp-content\/uploads\/2021\/06\/4-1024x683.png\" class=\"attachment-large size-large\" alt=\"\" srcset=\"https:\/\/awih.pl\/wp-content\/uploads\/2021\/06\/4-1024x683.png 1024w, https:\/\/awih.pl\/wp-content\/uploads\/2021\/06\/4-600x400.png 600w, https:\/\/awih.pl\/wp-content\/uploads\/2021\/06\/4-300x200.png 300w, https:\/\/awih.pl\/wp-content\/uploads\/2021\/06\/4-768x512.png 768w, https:\/\/awih.pl\/wp-content\/uploads\/2021\/06\/4-1536x1024.png 1536w, https:\/\/awih.pl\/wp-content\/uploads\/2021\/06\/4.png 1771w\" sizes=\"auto, (max-width: 1020px) 100vw, 1020px\" \/>\t\t\t\t\t\t\n\t\t\t\t\t<\/div>\n\t\t\t\t<\/div>\t\t\t\t\n<style>\n#image_779920398 {\n  width: 100%;\n}\n<\/style>\n\t<\/div>\n\t\n\n\t<div class=\"img has-hover x md-x lg-x y md-y lg-y\" id=\"image_1298662340\">\n\t\t\t\t<div data-parallax-fade=\"true\" data-parallax=\"3\">\t\t\t\t<div class=\"img-inner image-zoom-long box-shadow-3 dark\" >\n\t\t\t<img loading=\"lazy\" decoding=\"async\" width=\"1020\" height=\"678\" src=\"https:\/\/awih.pl\/wp-content\/uploads\/2021\/06\/3-1024x681.png\" class=\"attachment-large size-large\" alt=\"\" srcset=\"https:\/\/awih.pl\/wp-content\/uploads\/2021\/06\/3-1024x681.png 1024w, https:\/\/awih.pl\/wp-content\/uploads\/2021\/06\/3-600x399.png 600w, https:\/\/awih.pl\/wp-content\/uploads\/2021\/06\/3-300x199.png 300w, https:\/\/awih.pl\/wp-content\/uploads\/2021\/06\/3-768x511.png 768w, https:\/\/awih.pl\/wp-content\/uploads\/2021\/06\/3-1536x1021.png 1536w, https:\/\/awih.pl\/wp-content\/uploads\/2021\/06\/3.png 1772w\" sizes=\"auto, (max-width: 1020px) 100vw, 1020px\" \/>\t\t\t\t\t\t\n\t\t\t\t\t<\/div>\n\t\t\t\t<\/div>\t\t\t\t\n<style>\n#image_1298662340 {\n  width: 100%;\n}\n<\/style>\n\t<\/div>\n\t\n\n\n\t\t<\/div>\n\t\t\t\t\t<\/div>\n\n\t\n\n<\/div>\n\n\t\t<\/div>\n\t\t\t\t\t<\/div>\n\n\t\n\n<\/div>\n<div class=\"row\"  id=\"row-82055792\">\n\n\n\t<div id=\"col-986618010\" class=\"col small-12 large-12\"  >\n\t\t\t\t<div class=\"col-inner\"  >\n\t\t\t\n\t\t\t\n\n\t<div class=\"ux-menu stack stack-col justify-start ux-menu--divider-solid\">\n\t\t\n\n\t<div class=\"ux-menu-link flex menu-item\">\n\t\t<a class=\"ux-menu-link__link flex\" href=\"https:\/\/awih.pl\" >\n\t\t\t\t\t\t<span class=\"ux-menu-link__text\">\n\t\t\t\tPAPER BAGS WITH A TWIST GRIP\t\t\t<\/span>\n\t\t<\/a>\n\t<\/div>\n\t\n\n\t<div class=\"ux-menu-link flex menu-item\">\n\t\t<a class=\"ux-menu-link__link flex\" href=\"https:\/\/awih.pl\/torby-papierowe-producent\/torebki-papierowe-z-uchwytem-plaskim\/\" >\n\t\t\t\t\t\t<span class=\"ux-menu-link__text\">\n\t\t\t\tPAPER BAGS WITH A FLAT HANDLE\t\t\t<\/span>\n\t\t<\/a>\n\t<\/div>\n\t\n\n\t<div class=\"ux-menu-link flex menu-item\">\n\t\t<a class=\"ux-menu-link__link flex\" href=\"https:\/\/awih.pl\/torby-papierowe-producent\/torebki-papierowe-kraftlux\/\" >\n\t\t\t\t\t\t<span class=\"ux-menu-link__text\">\n\t\t\t\tKRAFTLUX PAPER BAGS\t\t\t<\/span>\n\t\t<\/a>\n\t<\/div>\n\t\n\n\t<div class=\"ux-menu-link flex menu-item\">\n\t\t<a class=\"ux-menu-link__link flex\" href=\"https:\/\/awih.pl\/torby-papierowe-producent\/torby-reklamowe\/\" >\n\t\t\t\t\t\t<span class=\"ux-menu-link__text\">\n\t\t\t\tEXCLUSIVE ADVERTISING BAGS\t\t\t<\/span>\n\t\t<\/a>\n\t<\/div>\n\t\n\n\n\t<\/div>\n\t\n\n\t\t<\/div>\n\t\t\t\t\t<\/div>\n\n\t\n\n<\/div>\n\n","protected":false},"excerpt":{"rendered":"","protected":false},"author":2,"featured_media":0,"parent":11330,"menu_order":4,"comment_status":"closed","ping_status":"closed","template":"","meta":{"_monsterinsights_skip_tracking":false,"_monsterinsights_sitenote_active":false,"_monsterinsights_sitenote_note":"","_monsterinsights_sitenote_category":0,"footnotes":""},"class_list":["post-6214","page","type-page","status-publish","hentry"],"aioseo_notices":[],"aioseo_head":"\n\t\t<!-- All in One SEO Pro 4.9.6.2 - aioseo.com -->\n\t<meta name=\"description\" content=\"Awih \u00bb Products \u00bb Printing services Printing services AWIH specializes in the comprehensive processing of orders for bags and packaging. Having a machine park for the production of bags and packaging, we offer additional printing services: Screen printing on sheet or finished product Offset printing up to B1 format Digital printing on sheet or\" \/>\n\t<meta name=\"robots\" content=\"max-image-preview:large\" \/>\n\t<meta name=\"google-site-verification\" content=\"qUbTDLl1QkUPNtEoo7SGcWHy_iy170abgHQeQ65Pu-M\" \/>\n\t<link rel=\"canonical\" href=\"https:\/\/awih.pl\/en\/products\/printing-services\/\" \/>\n\t<meta name=\"generator\" content=\"All in One SEO Pro (AIOSEO) 4.9.6.2\" \/>\n\t\t<meta property=\"og:locale\" content=\"en_US\" \/>\n\t\t<meta property=\"og:site_name\" content=\"AWIH - Torby i Opakowania - Producent toreb i opakowa\u0144. torby papierowe i opakowania produkujemy ju\u017c ponad 25 lat. Torby dla sieci handlowych. Druk ma\u0142ych nak\u0142ad\u00f3w. Personalizacja\" \/>\n\t\t<meta property=\"og:type\" content=\"article\" \/>\n\t\t<meta property=\"og:title\" content=\"Printing services - AWIH - Torby i Opakowania\" \/>\n\t\t<meta property=\"og:description\" content=\"Awih \u00bb Products \u00bb Printing services Printing services AWIH specializes in the comprehensive processing of orders for bags and packaging. Having a machine park for the production of bags and packaging, we offer additional printing services: Screen printing on sheet or finished product Offset printing up to B1 format Digital printing on sheet or\" \/>\n\t\t<meta property=\"og:url\" content=\"https:\/\/awih.pl\/en\/products\/printing-services\/\" \/>\n\t\t<meta property=\"article:published_time\" content=\"2021-05-25T12:33:01+00:00\" \/>\n\t\t<meta property=\"article:modified_time\" content=\"2024-03-01T07:54:31+00:00\" \/>\n\t\t<meta property=\"article:publisher\" content=\"https:\/\/www.facebook.com\/AWIHPromotionalBagsPManufacturer\" \/>\n\t\t<meta name=\"twitter:card\" content=\"summary\" \/>\n\t\t<meta name=\"twitter:title\" content=\"Printing services - AWIH - Torby i Opakowania\" \/>\n\t\t<meta name=\"twitter:description\" content=\"Awih \u00bb Products \u00bb Printing services Printing services AWIH specializes in the comprehensive processing of orders for bags and packaging. Having a machine park for the production of bags and packaging, we offer additional printing services: Screen printing on sheet or finished product Offset printing up to B1 format Digital printing on sheet or\" \/>\n\t\t<script type=\"application\/ld+json\" class=\"aioseo-schema\">\n\t\t\t{\"@context\":\"https:\\\/\\\/schema.org\",\"@graph\":[{\"@type\":\"BreadcrumbList\",\"@id\":\"https:\\\/\\\/awih.pl\\\/en\\\/products\\\/printing-services\\\/#breadcrumblist\",\"itemListElement\":[{\"@type\":\"ListItem\",\"@id\":\"https:\\\/\\\/awih.pl\\\/en\\\/#listItem\",\"position\":1,\"name\":\"Awih\",\"item\":\"https:\\\/\\\/awih.pl\\\/en\\\/\",\"nextItem\":{\"@type\":\"ListItem\",\"@id\":\"https:\\\/\\\/awih.pl\\\/en\\\/?page_id=11330#listItem\",\"name\":\"Products\"}},{\"@type\":\"ListItem\",\"@id\":\"https:\\\/\\\/awih.pl\\\/en\\\/?page_id=11330#listItem\",\"position\":2,\"name\":\"Products\",\"item\":\"https:\\\/\\\/awih.pl\\\/en\\\/?page_id=11330\",\"nextItem\":{\"@type\":\"ListItem\",\"@id\":\"https:\\\/\\\/awih.pl\\\/en\\\/products\\\/printing-services\\\/#listItem\",\"name\":\"Printing services\"},\"previousItem\":{\"@type\":\"ListItem\",\"@id\":\"https:\\\/\\\/awih.pl\\\/en\\\/#listItem\",\"name\":\"Awih\"}},{\"@type\":\"ListItem\",\"@id\":\"https:\\\/\\\/awih.pl\\\/en\\\/products\\\/printing-services\\\/#listItem\",\"position\":3,\"name\":\"Printing services\",\"previousItem\":{\"@type\":\"ListItem\",\"@id\":\"https:\\\/\\\/awih.pl\\\/en\\\/?page_id=11330#listItem\",\"name\":\"Products\"}}]},{\"@type\":\"Organization\",\"@id\":\"https:\\\/\\\/awih.pl\\\/en\\\/#organization\",\"name\":\"AWIH Torby i Opakowania\",\"description\":\"Producent toreb i opakowa\\u0144. torby papierowe i opakowania produkujemy ju\\u017c ponad 25 lat. Torby dla sieci handlowych. Druk ma\\u0142ych nak\\u0142ad\\u00f3w. Personalizacja\",\"url\":\"https:\\\/\\\/awih.pl\\\/en\\\/\",\"email\":\"biuro@awih.pl\",\"telephone\":\"+48514041255\",\"logo\":{\"@type\":\"ImageObject\",\"url\":\"https:\\\/\\\/awih.pl\\\/wp-content\\\/uploads\\\/2023\\\/04\\\/cropped-Logo-AWIH.png\",\"@id\":\"https:\\\/\\\/awih.pl\\\/en\\\/products\\\/printing-services\\\/#organizationLogo\",\"width\":512,\"height\":512,\"caption\":\"logo AWIH\"},\"image\":{\"@id\":\"https:\\\/\\\/awih.pl\\\/en\\\/products\\\/printing-services\\\/#organizationLogo\"},\"sameAs\":[\"https:\\\/\\\/www.linkedin.com\\\/company\\\/awih\\\/\"],\"address\":{\"@id\":\"https:\\\/\\\/awih.pl\\\/en\\\/#postaladdress\",\"@type\":\"PostalAddress\",\"streetAddress\":\"Ry\\u017cowa 96A,\",\"postalCode\":\"05-816\",\"addressLocality\":\"Opacz Kolonia\",\"addressRegion\":\"Mazowieckie\",\"addressCountry\":\"PL\"},\"vatID\":\"PL1130061093\"},{\"@type\":\"WebPage\",\"@id\":\"https:\\\/\\\/awih.pl\\\/en\\\/products\\\/printing-services\\\/#webpage\",\"url\":\"https:\\\/\\\/awih.pl\\\/en\\\/products\\\/printing-services\\\/\",\"name\":\"Printing services - AWIH - Torby i Opakowania\",\"description\":\"Awih \\u00bb Products \\u00bb Printing services Printing services AWIH specializes in the comprehensive processing of orders for bags and packaging. Having a machine park for the production of bags and packaging, we offer additional printing services: Screen printing on sheet or finished product Offset printing up to B1 format Digital printing on sheet or\",\"inLanguage\":\"en-US\",\"isPartOf\":{\"@id\":\"https:\\\/\\\/awih.pl\\\/en\\\/#website\"},\"breadcrumb\":{\"@id\":\"https:\\\/\\\/awih.pl\\\/en\\\/products\\\/printing-services\\\/#breadcrumblist\"},\"datePublished\":\"2021-05-25T14:33:01+02:00\",\"dateModified\":\"2024-03-01T08:54:31+01:00\"},{\"@type\":\"WebSite\",\"@id\":\"https:\\\/\\\/awih.pl\\\/en\\\/#website\",\"url\":\"https:\\\/\\\/awih.pl\\\/en\\\/\",\"name\":\"AWIH Torby i Opakowania\",\"alternateName\":\"AWIH\",\"description\":\"Producent toreb i opakowa\\u0144. torby papierowe i opakowania produkujemy ju\\u017c ponad 25 lat. Torby dla sieci handlowych. Druk ma\\u0142ych nak\\u0142ad\\u00f3w. Personalizacja\",\"inLanguage\":\"en-US\",\"publisher\":{\"@id\":\"https:\\\/\\\/awih.pl\\\/en\\\/#organization\"}}]}\n\t\t<\/script>\n\t\t<!-- All in One SEO Pro -->\r\n\t\t<title>Printing services - AWIH - Torby i Opakowania<\/title>\n\n","aioseo_head_json":{"title":"Printing services - AWIH - Torby i Opakowania","description":"Awih \u00bb Products \u00bb Printing services Printing services AWIH specializes in the comprehensive processing of orders for bags and packaging. Having a machine park for the production of bags and packaging, we offer additional printing services: Screen printing on sheet or finished product Offset printing up to B1 format Digital printing on sheet or","canonical_url":"https:\/\/awih.pl\/en\/products\/printing-services\/","robots":"max-image-preview:large","keywords":"","webmasterTools":{"google-site-verification":"qUbTDLl1QkUPNtEoo7SGcWHy_iy170abgHQeQ65Pu-M","miscellaneous":""},"schema":{"@context":"https:\/\/schema.org","@graph":[{"@type":"BreadcrumbList","@id":"https:\/\/awih.pl\/en\/products\/printing-services\/#breadcrumblist","itemListElement":[{"@type":"ListItem","@id":"https:\/\/awih.pl\/en\/#listItem","position":1,"name":"Awih","item":"https:\/\/awih.pl\/en\/","nextItem":{"@type":"ListItem","@id":"https:\/\/awih.pl\/en\/?page_id=11330#listItem","name":"Products"}},{"@type":"ListItem","@id":"https:\/\/awih.pl\/en\/?page_id=11330#listItem","position":2,"name":"Products","item":"https:\/\/awih.pl\/en\/?page_id=11330","nextItem":{"@type":"ListItem","@id":"https:\/\/awih.pl\/en\/products\/printing-services\/#listItem","name":"Printing services"},"previousItem":{"@type":"ListItem","@id":"https:\/\/awih.pl\/en\/#listItem","name":"Awih"}},{"@type":"ListItem","@id":"https:\/\/awih.pl\/en\/products\/printing-services\/#listItem","position":3,"name":"Printing services","previousItem":{"@type":"ListItem","@id":"https:\/\/awih.pl\/en\/?page_id=11330#listItem","name":"Products"}}]},{"@type":"Organization","@id":"https:\/\/awih.pl\/en\/#organization","name":"AWIH Torby i Opakowania","description":"Producent toreb i opakowa\u0144. torby papierowe i opakowania produkujemy ju\u017c ponad 25 lat. Torby dla sieci handlowych. Druk ma\u0142ych nak\u0142ad\u00f3w. Personalizacja","url":"https:\/\/awih.pl\/en\/","email":"biuro@awih.pl","telephone":"+48514041255","logo":{"@type":"ImageObject","url":"https:\/\/awih.pl\/wp-content\/uploads\/2023\/04\/cropped-Logo-AWIH.png","@id":"https:\/\/awih.pl\/en\/products\/printing-services\/#organizationLogo","width":512,"height":512,"caption":"logo AWIH"},"image":{"@id":"https:\/\/awih.pl\/en\/products\/printing-services\/#organizationLogo"},"sameAs":["https:\/\/www.linkedin.com\/company\/awih\/"],"address":{"@id":"https:\/\/awih.pl\/en\/#postaladdress","@type":"PostalAddress","streetAddress":"Ry\u017cowa 96A,","postalCode":"05-816","addressLocality":"Opacz Kolonia","addressRegion":"Mazowieckie","addressCountry":"PL"},"vatID":"PL1130061093"},{"@type":"WebPage","@id":"https:\/\/awih.pl\/en\/products\/printing-services\/#webpage","url":"https:\/\/awih.pl\/en\/products\/printing-services\/","name":"Printing services - AWIH - Torby i Opakowania","description":"Awih \u00bb Products \u00bb Printing services Printing services AWIH specializes in the comprehensive processing of orders for bags and packaging. Having a machine park for the production of bags and packaging, we offer additional printing services: Screen printing on sheet or finished product Offset printing up to B1 format Digital printing on sheet or","inLanguage":"en-US","isPartOf":{"@id":"https:\/\/awih.pl\/en\/#website"},"breadcrumb":{"@id":"https:\/\/awih.pl\/en\/products\/printing-services\/#breadcrumblist"},"datePublished":"2021-05-25T14:33:01+02:00","dateModified":"2024-03-01T08:54:31+01:00"},{"@type":"WebSite","@id":"https:\/\/awih.pl\/en\/#website","url":"https:\/\/awih.pl\/en\/","name":"AWIH Torby i Opakowania","alternateName":"AWIH","description":"Producent toreb i opakowa\u0144. torby papierowe i opakowania produkujemy ju\u017c ponad 25 lat. Torby dla sieci handlowych. Druk ma\u0142ych nak\u0142ad\u00f3w. Personalizacja","inLanguage":"en-US","publisher":{"@id":"https:\/\/awih.pl\/en\/#organization"}}]},"og:locale":"en_US","og:site_name":"AWIH - Torby i Opakowania - Producent toreb i opakowa\u0144. torby papierowe i opakowania produkujemy ju\u017c ponad 25 lat. Torby dla sieci handlowych. Druk ma\u0142ych nak\u0142ad\u00f3w. Personalizacja","og:type":"article","og:title":"Printing services - AWIH - Torby i Opakowania","og:description":"Awih \u00bb Products \u00bb Printing services Printing services AWIH specializes in the comprehensive processing of orders for bags and packaging. Having a machine park for the production of bags and packaging, we offer additional printing services: Screen printing on sheet or finished product Offset printing up to B1 format Digital printing on sheet or","og:url":"https:\/\/awih.pl\/en\/products\/printing-services\/","article:published_time":"2021-05-25T12:33:01+00:00","article:modified_time":"2024-03-01T07:54:31+00:00","article:publisher":"https:\/\/www.facebook.com\/AWIHPromotionalBagsPManufacturer","twitter:card":"summary","twitter:title":"Printing services - AWIH - Torby i Opakowania","twitter:description":"Awih \u00bb Products \u00bb Printing services Printing services AWIH specializes in the comprehensive processing of orders for bags and packaging. Having a machine park for the production of bags and packaging, we offer additional printing services: Screen printing on sheet or finished product Offset printing up to B1 format Digital printing on sheet or"},"aioseo_meta_data":{"post_id":"6214","title":null,"description":null,"keywords":[],"keyphrases":{"focus":{"keyphrase":"","score":0,"analysis":{"keyphraseInTitle":{"score":0,"maxScore":9,"error":1}}},"additional":[]},"primary_term":null,"canonical_url":null,"og_title":null,"og_description":null,"og_object_type":"default","og_image_type":"default","og_image_url":null,"og_image_width":null,"og_image_height":null,"og_image_custom_url":null,"og_image_custom_fields":null,"og_video":"","og_custom_url":null,"og_article_section":null,"og_article_tags":[],"twitter_use_og":false,"twitter_card":"default","twitter_image_type":"default","twitter_image_url":null,"twitter_image_custom_url":null,"twitter_image_custom_fields":null,"twitter_title":null,"twitter_description":null,"schema":{"blockGraphs":[],"customGraphs":[],"default":{"data":{"Article":[],"Course":[],"Dataset":[],"FAQPage":[],"Movie":[],"Person":[],"Product":[],"ProductReview":[],"Car":[],"Recipe":[],"Service":[],"SoftwareApplication":[],"WebPage":[]},"graphName":"","isEnabled":true},"graphs":[],"defaultGraph":"","defaultPostTypeGraph":""},"schema_type":"none","schema_type_options":"{\"article\":{\"articleType\":\"BlogPosting\"},\"course\":{\"name\":\"\",\"description\":\"\",\"provider\":\"\"},\"faq\":{\"pages\":[]},\"product\":{\"reviews\":[]},\"recipe\":{\"ingredients\":[],\"instructions\":[],\"keywords\":[]},\"software\":{\"reviews\":[],\"operatingSystems\":[]},\"webPage\":{\"webPageType\":\"WebPage\"}}","pillar_content":false,"robots_default":true,"robots_noindex":false,"robots_noarchive":false,"robots_nosnippet":false,"robots_nofollow":false,"robots_noimageindex":false,"robots_noodp":false,"robots_notranslate":false,"robots_max_snippet":"-1","robots_max_videopreview":"-1","robots_max_imagepreview":"none","priority":null,"frequency":"default","local_seo":null,"seo_analyzer_scan_date":"2025-10-09 06:59:51","breadcrumb_settings":null,"limit_modified_date":false,"reviewed_by":null,"open_ai":null,"ai":null,"created":"2022-09-08 17:48:44","updated":"2025-10-22 01:08:48"},"aioseo_breadcrumb":"<div class=\"aioseo-breadcrumbs\"><span class=\"aioseo-breadcrumb\">\n\t<a href=\"https:\/\/awih.pl\/en\/\" title=\"Awih\">Awih<\/a>\n<\/span><span class=\"aioseo-breadcrumb-separator\">\u00bb<\/span><span class=\"aioseo-breadcrumb\">\n\t<a href=\"https:\/\/awih.pl\/en\/?page_id=11330\" title=\"Products\">Products<\/a>\n<\/span><span class=\"aioseo-breadcrumb-separator\">\u00bb<\/span><span class=\"aioseo-breadcrumb\">\n\tPrinting services\n<\/span><\/div>","aioseo_breadcrumb_json":[{"label":"Awih","link":"https:\/\/awih.pl\/en\/"},{"label":"Products","link":"https:\/\/awih.pl\/en\/?page_id=11330"},{"label":"Printing services","link":"https:\/\/awih.pl\/en\/products\/printing-services\/"}],"_links":{"self":[{"href":"https:\/\/awih.pl\/en\/wp-json\/wp\/v2\/pages\/6214","targetHints":{"allow":["GET"]}}],"collection":[{"href":"https:\/\/awih.pl\/en\/wp-json\/wp\/v2\/pages"}],"about":[{"href":"https:\/\/awih.pl\/en\/wp-json\/wp\/v2\/types\/page"}],"author":[{"embeddable":true,"href":"https:\/\/awih.pl\/en\/wp-json\/wp\/v2\/users\/2"}],"replies":[{"embeddable":true,"href":"https:\/\/awih.pl\/en\/wp-json\/wp\/v2\/comments?post=6214"}],"version-history":[{"count":3,"href":"https:\/\/awih.pl\/en\/wp-json\/wp\/v2\/pages\/6214\/revisions"}],"predecessor-version":[{"id":11284,"href":"https:\/\/awih.pl\/en\/wp-json\/wp\/v2\/pages\/6214\/revisions\/11284"}],"up":[{"embeddable":true,"href":"https:\/\/awih.pl\/en\/wp-json\/wp\/v2\/pages\/11330"}],"wp:attachment":[{"href":"https:\/\/awih.pl\/en\/wp-json\/wp\/v2\/media?parent=6214"}],"curies":[{"name":"wp","href":"https:\/\/api.w.org\/{rel}","templated":true}]}}