{"id":6216,"date":"2021-12-06T12:39:32","date_gmt":"2021-12-06T11:39:32","guid":{"rendered":"https:\/\/awih.pl\/catering-bags-sushi-bags\/"},"modified":"2024-02-29T17:05:41","modified_gmt":"2024-02-29T16:05:41","slug":"catering-bags-sushi-bags","status":"publish","type":"page","link":"https:\/\/awih.pl\/en\/catering-bags-sushi-bags\/","title":{"rendered":"Catering bags \/ sushi bags"},"content":{"rendered":"\n  <div id=\"page-header-620824784\" class=\"page-header-wrapper\">\n  <div class=\"page-title dark featured-title\">\n\n    \n    <div class=\"page-title-inner container align-center text-center flex-row-col medium-flex-wrap\" >\n              <div class=\"title-wrapper uppercase flex-col\">\n          <h1 class=\"entry-title mb-0\">\n            Catering bags \/ sushi bags          <\/h1>\n        <\/div>\n                    <div class=\"title-content flex-col\">\n        <div class=\"title-breadcrumbs pb-half pt-half\"><nav class=\"woocommerce-breadcrumb breadcrumbs \">Home<\/nav><\/div>      <\/div>\n    <\/div>\n\n       <\/div>\n    <\/div>\n  \n\n<div class=\"row\"  id=\"row-1264758957\">\n\n\n\t<div id=\"col-1299110616\" class=\"col small-12 large-12\"  >\n\t\t\t\t<div class=\"col-inner\"  >\n\t\t\t\n\t\t\t\n\n<div class=\"is-divider divider clearfix\" ><\/div>\n\n<div class=\"row\"  id=\"row-506467017\">\n\n\n\t<div id=\"col-817106526\" class=\"col medium-8 small-12 large-8\"  >\n\t\t\t\t<div class=\"col-inner\"  >\n\t\t\t\n\t\t\t\n\n<h3>Catering bags \/ sushi bags<\/h3>\n<p>We offer bags in the following formats:<\/p>\n<p align=\"CENTER\"><b>26x16x33, <\/b><b>32x22x25, <\/b><b>32x16x40, <\/b><b>35x17x24 cm<\/b><\/p>\n<p>Minimum sales unit: 1 carton<br>We can make an imprint on the bags.<\/p>\n<p><strong>Bags of 26 x 16 x 33 cm<\/strong> are included in the promotion. If an imprint is made, the imprint is calculated with a 50% discount.<\/p>\n<p><em>Sample price for 500 bags printed in one color on one side: <strong>PLN 0.59 net<\/strong><\/em><\/p>\n<p>Feel free to contact tel: <a href=\"http:\/\/tel.%20789%20022%20109\">789 022 109<\/a> or email: <a href=\"mailto:biuro@awih.com.pl\">biuro@awih.com.pl<\/a><\/p>\n\n\t\t<\/div>\n\t\t\t\t\t<\/div>\n\n\t\n\n\t<div id=\"col-655347766\" class=\"col medium-4 small-12 large-4\"  >\n\t\t\t\t<div class=\"col-inner\"  >\n\t\t\t\n\t\t\t\n\n\t<div class=\"img has-hover x md-x lg-x y md-y lg-y\" id=\"image_209325152\">\n\t\t\t\t\t\t\t\t<div class=\"img-inner image-zoom-long box-shadow-3 box-shadow-3-hover dark\" >\n\t\t\t\t\t\t\t\t\t\n\t\t\t\t\t<\/div>\n\t\t\t\t\t\t\t\t\n<style>\n#image_209325152 {\n  width: 100%;\n}\n<\/style>\n\t<\/div>\n\t\n\n\t<div class=\"img has-hover x md-x lg-x y md-y lg-y\" id=\"image_295342538\">\n\t\t\t\t\t\t\t\t<div class=\"img-inner image-zoom-long box-shadow-3 box-shadow-3-hover dark\" >\n\t\t\t\t\t\t\t\t\t\n\t\t\t\t\t<\/div>\n\t\t\t\t\t\t\t\t\n<style>\n#image_295342538 {\n  width: 100%;\n}\n<\/style>\n\t<\/div>\n\t\n\n\n\t\t<\/div>\n\t\t\t\t\t<\/div>\n\n\t\n\n<\/div>\n\n\t\t<\/div>\n\t\t\t\t\t<\/div>\n\n\t\n\n\t<div id=\"col-847174368\" class=\"col small-12 large-12\"  >\n\t\t\t\t<div class=\"col-inner\"  >\n\t\t\t\n\t\t\t\n\n<div class=\"is-divider divider clearfix\" ><\/div>\n\n<h3>Multicolor printed catering bags\/CMYK.<\/h3>\n<p>We print the bags with the customer&#8217;s individual graphics (logo, name, address, etc.).  <br>Below is a price list of catering bags for low-volume production.  <br>For higher volumes, please inquire.<\/p>\n\n\t\t<\/div>\n\t\t\t\t\t<\/div>\n\n\t\n\n<\/div>\n<div class=\"row\"  id=\"row-2143528277\">\n\n\n\t<div id=\"col-155792433\" class=\"col medium-6 small-12 large-6\"  >\n\t\t\t\t<div class=\"col-inner\"  >\n\t\t\t\n\t\t\t\n\n\t<div class=\"img has-hover x md-x lg-x y md-y lg-y\" id=\"image_898183100\">\n\t\t\t\t\t\t\t\t<div class=\"img-inner image-zoom box-shadow-3 box-shadow-3-hover dark\" >\n\t\t\t<img width=\"1020\" height=\"765\" src=\"https:\/\/awih.pl\/wp-content\/uploads\/2021\/12\/Catering-1024x768.jpg\" class=\"attachment-large size-large\" alt=\"\" srcset=\"https:\/\/awih.pl\/wp-content\/uploads\/2021\/12\/Catering-1024x768.jpg 1024w, https:\/\/awih.pl\/wp-content\/uploads\/2021\/12\/Catering-scaled-600x450.jpg 600w, https:\/\/awih.pl\/wp-content\/uploads\/2021\/12\/Catering-300x225.jpg 300w, https:\/\/awih.pl\/wp-content\/uploads\/2021\/12\/Catering-768x576.jpg 768w, https:\/\/awih.pl\/wp-content\/uploads\/2021\/12\/Catering-1536x1152.jpg 1536w, https:\/\/awih.pl\/wp-content\/uploads\/2021\/12\/Catering-2048x1536.jpg 2048w\" sizes=\"(max-width: 1020px) 100vw, 1020px\" fetchpriority=\"high\" decoding=\"async\" loading=\"eager\" \/>\t\t\t\t\t\t\n\t\t\t\t\t<\/div>\n\t\t\t\t\t\t\t\t\n<style>\n#image_898183100 {\n  width: 100%;\n}\n<\/style>\n\t<\/div>\n\t\n\n\n\t\t<\/div>\n\t\t\t\t\t<\/div>\n\n\t\n\n\t<div id=\"col-689536841\" class=\"col medium-6 small-12 large-6\"  >\n\t\t\t\t<div class=\"col-inner\"  >\n\t\t\t\n\t\t\t\n\n<h3>Beige catering bags  <br>with a flat paper holder<\/h3>\n<ul>\n<li><strong>multi-color\/CMYK imprint included in the price of the bag<\/strong> <br>(imprint up to A5 format, imprint on 1 side of the bag)<\/li>\n<li>strong Kraft paper, 80-90 gram\/m2<\/li>\n<li>sturdy handle, five-fold<\/li>\n<li>bag ideal for carrying catering sets<\/li>\n<\/ul>\n\n\t\t<\/div>\n\t\t\t\t\t<\/div>\n\n\t\n\n<\/div>\n<div class=\"row row-full-width align-middle align-center row-box-shadow-2 row-box-shadow-2-hover\"  id=\"row-883174430\">\n\n\n\t<div id=\"col-429073945\" class=\"col small-12 large-12\"  >\n\t\t\t\t<div class=\"col-inner\"  >\n\t\t\t\n\t\t\t\n\n<p> <\/p>\n<table width=\"100%\" cellspacing=\"0\" cellpadding=\"5\">\n<tbody>\n<tr valign=\"TOP\">\n<td rowspan=\"2\" width=\"13%\">\n<p align=\"CENTER\"><b>Bag format<br><\/b><span style=\"font-size: 80%;\">wide. x bottom x height.<\/span><\/p>\n<\/td>\n<td colspan=\"6\" width=\"87%\">\n<p align=\"CENTER\"><b>Price includes: bag with multicolor printing (printing up to A5 printing area, without applique)<\/b><\/p>\n<\/td>\n<\/tr>\n<tr valign=\"TOP\">\n<td width=\"13%\">\n<p align=\"CENTER\"><b>100 -200 pcs.<\/b><\/p>\n<\/td>\n<td width=\"14%\">\n<p align=\"CENTER\"><b>up to 500 pcs.<\/b><\/p>\n<\/td>\n<td width=\"14%\">\n<p align=\"CENTER\"><b>up to 1000 pcs.<\/b><\/p>\n<\/td>\n<td width=\"15%\">\n<p align=\"CENTER\"><b>up to 2,000 pcs.<\/b><\/p>\n<\/td>\n<td width=\"15%\">\n<p align=\"CENTER\"><b>up to 3,000 pcs.<\/b><\/p>\n<\/td>\n<td width=\"16%\">\n<p align=\"CENTER\"><b>up to 5000 pcs.<\/b><\/p>\n<\/td>\n<\/tr>\n<tr valign=\"TOP\">\n<td width=\"13%\">\n<p align=\"CENTER\"><b>26x16x33<\/b><\/p>\n<\/td>\n<td width=\"13%\">\n<p align=\"CENTER\">PLN 1.01<\/p>\n<\/td>\n<td width=\"14%\">\n<p align=\"CENTER\">PLN 0.96<\/p>\n<\/td>\n<td width=\"14%\">\n<p align=\"CENTER\">PLN 0.91<\/p>\n<\/td>\n<td width=\"15%\">\n<p align=\"CENTER\">PLN 0.89<\/p>\n<\/td>\n<td width=\"15%\">\n<p align=\"CENTER\">PLN 0.87<\/p>\n<\/td>\n<td width=\"16%\">\n<p align=\"CENTER\">PLN 0.85<\/p>\n<\/td>\n<\/tr>\n<tr valign=\"TOP\">\n<td width=\"13%\">\n<p align=\"CENTER\"><b>32x22x25<\/b><\/p>\n<\/td>\n<td width=\"13%\">\n<p align=\"CENTER\">PLN 1.05<\/p>\n<\/td>\n<td width=\"14%\">\n<p align=\"CENTER\">PLN 1.00<\/p>\n<\/td>\n<td width=\"14%\">\n<p align=\"CENTER\">PLN 0.95<\/p>\n<\/td>\n<td width=\"15%\">\n<p align=\"CENTER\">PLN 0.93<\/p>\n<\/td>\n<td width=\"15%\">\n<p align=\"CENTER\">PLN 0.91<\/p>\n<\/td>\n<td width=\"16%\">\n<p align=\"CENTER\">PLN 0.89<\/p>\n<\/td>\n<\/tr>\n<tr valign=\"TOP\">\n<td width=\"13%\">\n<p align=\"CENTER\"><b>32x16x40<\/b><\/p>\n<\/td>\n<td width=\"13%\">\n<p align=\"CENTER\">PLN 1.14<\/p>\n<\/td>\n<td width=\"14%\">\n<p align=\"CENTER\">PLN 1.11<\/p>\n<\/td>\n<td width=\"14%\">\n<p align=\"CENTER\">PLN 1.06<\/p>\n<\/td>\n<td width=\"15%\">\n<p align=\"CENTER\">PLN 1.04<\/p>\n<\/td>\n<td width=\"15%\">\n<p align=\"CENTER\">PLN 1.02<\/p>\n<\/td>\n<td width=\"16%\">\n<p align=\"CENTER\">PLN 0.96<\/p>\n<\/td>\n<\/tr>\n<tr valign=\"TOP\">\n<td width=\"13%\">\n<p align=\"CENTER\"><b>35x17x24<\/b><\/p>\n<\/td>\n<td width=\"13%\">\n<p align=\"CENTER\">PLN 1.01<\/p>\n<\/td>\n<td width=\"14%\">\n<p align=\"CENTER\">PLN 0.96<\/p>\n<\/td>\n<td width=\"14%\">\n<p align=\"CENTER\">PLN 0.91<\/p>\n<\/td>\n<td width=\"15%\">\n<p align=\"CENTER\">PLN 0.89<\/p>\n<\/td>\n<td width=\"15%\">\n<p align=\"CENTER\">PLN 0.87<\/p>\n<\/td>\n<td width=\"16%\">\n<p align=\"CENTER\">PLN 0.85<\/p>\n<\/td>\n<\/tr>\n<\/tbody>\n<\/table>\n<p>  Net prices. Please add to the above prices the cost of prepress in the amount of 70 PLN net.<br>  We reserve the acceptance of the order for execution depending on the submitted graphics.<\/p>\n<p>Feel free to contact tel: <a href=\"http:\/\/tel.%20789%20024%20254\">789 024 254<\/a> or email: <a href=\"mailto:biuro@awih.com.pl\">biuro@awih.com.pl<\/a><\/p>\n\n\t\t<\/div>\n\t\t\t\t\t<\/div>\n\n\t\n\n<\/div>\n<div class=\"row\"  id=\"row-1045249269\">\n\n\n\t<div id=\"col-1899624399\" class=\"col small-12 large-12\"  >\n\t\t\t\t<div class=\"col-inner\"  >\n\t\t\t\n\t\t\t\n\n<div class=\"row\"  id=\"row-863741715\">\n\n\n\t<div id=\"col-1323927988\" class=\"col medium-4 small-12 large-4\"  >\n\t\t\t\t<div class=\"col-inner\"  >\n\t\t\t\n\t\t\t\n\n\n\t\t<\/div>\n\t\t\t\t\t<\/div>\n\n\t\n\n\t<div id=\"col-267311201\" class=\"col medium-4 small-12 large-4\"  >\n\t\t\t\t<div class=\"col-inner\"  >\n\t\t\t\n\t\t\t\n\n\n\t\t<\/div>\n\t\t\t\t\t<\/div>\n\n\t\n\n\t<div id=\"col-102099100\" class=\"col medium-4 small-12 large-4\"  >\n\t\t\t\t<div class=\"col-inner\"  >\n\t\t\t\n\t\t\t\n\n<p class=\"lead\"><a href=\"mailto:marzena.okrzejska@awih.com.pl\" target=\"_blank\" rel=\"noopener\">Order catering bags<\/a><\/p>\n\n\t\t<\/div>\n\t\t\t\t\t<\/div>\n\n\t\n\n<\/div>\n<p>We also offer bags in white. For larger runs, we can make a bag with printing on the entire surface of the bag. It is possible to print the bags in one or more colors.<\/p>\n\n\t\t<\/div>\n\t\t\t\t\t<\/div>\n\n\t\n\n<\/div>\n\t<div class=\"img has-hover x md-x lg-x y md-y lg-y\" id=\"image_28851694\">\n\t\t\t\t\t\t\t\t<div class=\"img-inner image-zoom box-shadow-3 box-shadow-3-hover dark\" >\n\t\t\t<img loading=\"lazy\" decoding=\"async\" width=\"1020\" height=\"274\" src=\"https:\/\/awih.pl\/wp-content\/uploads\/2021\/12\/ucho-plaskie-1024x275.png\" class=\"attachment-large size-large\" alt=\"\" srcset=\"https:\/\/awih.pl\/wp-content\/uploads\/2021\/12\/ucho-plaskie-1024x275.png 1024w, https:\/\/awih.pl\/wp-content\/uploads\/2021\/12\/ucho-plaskie-600x161.png 600w, https:\/\/awih.pl\/wp-content\/uploads\/2021\/12\/ucho-plaskie-300x81.png 300w, https:\/\/awih.pl\/wp-content\/uploads\/2021\/12\/ucho-plaskie-768x206.png 768w, https:\/\/awih.pl\/wp-content\/uploads\/2021\/12\/ucho-plaskie-1536x412.png 1536w, https:\/\/awih.pl\/wp-content\/uploads\/2021\/12\/ucho-plaskie.png 1550w\" sizes=\"auto, (max-width: 1020px) 100vw, 1020px\" \/>\t\t\t\t\t\t\n\t\t\t\t\t<\/div>\n\t\t\t\t\t\t\t\t\n<style>\n#image_28851694 {\n  width: 100%;\n}\n<\/style>\n\t<\/div>\n\t\n\n\n","protected":false},"excerpt":{"rendered":"","protected":false},"author":2,"featured_media":0,"parent":0,"menu_order":0,"comment_status":"closed","ping_status":"closed","template":"","meta":{"_monsterinsights_skip_tracking":false,"_monsterinsights_sitenote_active":false,"_monsterinsights_sitenote_note":"","_monsterinsights_sitenote_category":0,"footnotes":""},"class_list":["post-6216","page","type-page","status-publish","hentry"],"aioseo_notices":[],"aioseo_head":"\n\t\t<!-- All in One SEO Pro 4.9.5.2 - aioseo.com -->\n\t<meta name=\"description\" content=\"Catering bags for catering sets. Soup bag and catering containers. Printed catering bag. Bag with wide bottom and sides.\" \/>\n\t<meta name=\"robots\" content=\"max-image-preview:large\" \/>\n\t<meta name=\"google-site-verification\" content=\"qUbTDLl1QkUPNtEoo7SGcWHy_iy170abgHQeQ65Pu-M\" \/>\n\t<link rel=\"canonical\" href=\"https:\/\/awih.pl\/en\/catering-bags-sushi-bags\/\" \/>\n\t<meta name=\"generator\" content=\"All in One SEO Pro (AIOSEO) 4.9.5.2\" \/>\n\t\t<meta property=\"og:locale\" content=\"en_US\" \/>\n\t\t<meta property=\"og:site_name\" content=\"AWIH - Torby i Opakowania - Producent toreb i opakowa\u0144. torby papierowe i opakowania produkujemy ju\u017c ponad 25 lat. Torby dla sieci handlowych. Druk ma\u0142ych nak\u0142ad\u00f3w. Personalizacja\" \/>\n\t\t<meta property=\"og:type\" content=\"article\" \/>\n\t\t<meta property=\"og:title\" content=\"Catering bags \/ sushi bags - AWIH - Torby i Opakowania\" \/>\n\t\t<meta property=\"og:description\" content=\"Catering bags for catering sets. Soup bag and catering containers. Printed catering bag. Bag with wide bottom and sides.\" \/>\n\t\t<meta property=\"og:url\" content=\"https:\/\/awih.pl\/en\/catering-bags-sushi-bags\/\" \/>\n\t\t<meta property=\"article:published_time\" content=\"2021-12-06T11:39:32+00:00\" \/>\n\t\t<meta property=\"article:modified_time\" content=\"2024-02-29T16:05:41+00:00\" \/>\n\t\t<meta property=\"article:publisher\" content=\"https:\/\/www.facebook.com\/AWIHPromotionalBagsPManufacturer\" \/>\n\t\t<meta name=\"twitter:card\" content=\"summary\" \/>\n\t\t<meta name=\"twitter:title\" content=\"Catering bags \/ sushi bags - AWIH - Torby i Opakowania\" \/>\n\t\t<meta name=\"twitter:description\" content=\"Catering bags for catering sets. Soup bag and catering containers. Printed catering bag. Bag with wide bottom and sides.\" \/>\n\t\t<script type=\"application\/ld+json\" class=\"aioseo-schema\">\n\t\t\t{\"@context\":\"https:\\\/\\\/schema.org\",\"@graph\":[{\"@type\":\"BreadcrumbList\",\"@id\":\"https:\\\/\\\/awih.pl\\\/en\\\/catering-bags-sushi-bags\\\/#breadcrumblist\",\"itemListElement\":[{\"@type\":\"ListItem\",\"@id\":\"https:\\\/\\\/awih.pl\\\/en\\\/#listItem\",\"position\":1,\"name\":\"Awih\",\"item\":\"https:\\\/\\\/awih.pl\\\/en\\\/\",\"nextItem\":{\"@type\":\"ListItem\",\"@id\":\"https:\\\/\\\/awih.pl\\\/en\\\/catering-bags-sushi-bags\\\/#listItem\",\"name\":\"Catering bags \\\/ sushi bags\"}},{\"@type\":\"ListItem\",\"@id\":\"https:\\\/\\\/awih.pl\\\/en\\\/catering-bags-sushi-bags\\\/#listItem\",\"position\":2,\"name\":\"Catering bags \\\/ sushi bags\",\"previousItem\":{\"@type\":\"ListItem\",\"@id\":\"https:\\\/\\\/awih.pl\\\/en\\\/#listItem\",\"name\":\"Awih\"}}]},{\"@type\":\"Organization\",\"@id\":\"https:\\\/\\\/awih.pl\\\/en\\\/#organization\",\"name\":\"AWIH Torby i Opakowania\",\"description\":\"Producent toreb i opakowa\\u0144. torby papierowe i opakowania produkujemy ju\\u017c ponad 25 lat. Torby dla sieci handlowych. Druk ma\\u0142ych nak\\u0142ad\\u00f3w. Personalizacja\",\"url\":\"https:\\\/\\\/awih.pl\\\/en\\\/\",\"email\":\"biuro@awih.pl\",\"telephone\":\"+48514041255\",\"logo\":{\"@type\":\"ImageObject\",\"url\":\"https:\\\/\\\/awih.pl\\\/wp-content\\\/uploads\\\/2023\\\/04\\\/cropped-Logo-AWIH.png\",\"@id\":\"https:\\\/\\\/awih.pl\\\/en\\\/catering-bags-sushi-bags\\\/#organizationLogo\",\"width\":512,\"height\":512,\"caption\":\"logo AWIH\"},\"image\":{\"@id\":\"https:\\\/\\\/awih.pl\\\/en\\\/catering-bags-sushi-bags\\\/#organizationLogo\"},\"sameAs\":[\"https:\\\/\\\/www.linkedin.com\\\/company\\\/awih\\\/\"],\"address\":{\"@id\":\"https:\\\/\\\/awih.pl\\\/en\\\/#postaladdress\",\"@type\":\"PostalAddress\",\"streetAddress\":\"Ry\\u017cowa 96A,\",\"postalCode\":\"05-816\",\"addressLocality\":\"Opacz Kolonia\",\"addressRegion\":\"Mazowieckie\",\"addressCountry\":\"PL\"},\"vatID\":\"PL1130061093\"},{\"@type\":\"WebPage\",\"@id\":\"https:\\\/\\\/awih.pl\\\/en\\\/catering-bags-sushi-bags\\\/#webpage\",\"url\":\"https:\\\/\\\/awih.pl\\\/en\\\/catering-bags-sushi-bags\\\/\",\"name\":\"Catering bags \\\/ sushi bags - AWIH - Torby i Opakowania\",\"description\":\"Catering bags for catering sets. Soup bag and catering containers. Printed catering bag. Bag with wide bottom and sides.\",\"inLanguage\":\"en-US\",\"isPartOf\":{\"@id\":\"https:\\\/\\\/awih.pl\\\/en\\\/#website\"},\"breadcrumb\":{\"@id\":\"https:\\\/\\\/awih.pl\\\/en\\\/catering-bags-sushi-bags\\\/#breadcrumblist\"},\"datePublished\":\"2021-12-06T12:39:32+01:00\",\"dateModified\":\"2024-02-29T17:05:41+01:00\"},{\"@type\":\"WebSite\",\"@id\":\"https:\\\/\\\/awih.pl\\\/en\\\/#website\",\"url\":\"https:\\\/\\\/awih.pl\\\/en\\\/\",\"name\":\"AWIH Torby i Opakowania\",\"alternateName\":\"AWIH\",\"description\":\"Producent toreb i opakowa\\u0144. torby papierowe i opakowania produkujemy ju\\u017c ponad 25 lat. Torby dla sieci handlowych. Druk ma\\u0142ych nak\\u0142ad\\u00f3w. Personalizacja\",\"inLanguage\":\"en-US\",\"publisher\":{\"@id\":\"https:\\\/\\\/awih.pl\\\/en\\\/#organization\"}}]}\n\t\t<\/script>\n\t\t<!-- All in One SEO Pro -->\r\n\t\t<title>Catering bags \/ sushi bags - AWIH - Torby i Opakowania<\/title>\n\n","aioseo_head_json":{"title":"Catering bags \/ sushi bags - AWIH - Torby i Opakowania","description":"Catering bags for catering sets. Soup bag and catering containers. Printed catering bag. Bag with wide bottom and sides.","canonical_url":"https:\/\/awih.pl\/en\/catering-bags-sushi-bags\/","robots":"max-image-preview:large","keywords":"","webmasterTools":{"google-site-verification":"qUbTDLl1QkUPNtEoo7SGcWHy_iy170abgHQeQ65Pu-M","miscellaneous":""},"schema":{"@context":"https:\/\/schema.org","@graph":[{"@type":"BreadcrumbList","@id":"https:\/\/awih.pl\/en\/catering-bags-sushi-bags\/#breadcrumblist","itemListElement":[{"@type":"ListItem","@id":"https:\/\/awih.pl\/en\/#listItem","position":1,"name":"Awih","item":"https:\/\/awih.pl\/en\/","nextItem":{"@type":"ListItem","@id":"https:\/\/awih.pl\/en\/catering-bags-sushi-bags\/#listItem","name":"Catering bags \/ sushi bags"}},{"@type":"ListItem","@id":"https:\/\/awih.pl\/en\/catering-bags-sushi-bags\/#listItem","position":2,"name":"Catering bags \/ sushi bags","previousItem":{"@type":"ListItem","@id":"https:\/\/awih.pl\/en\/#listItem","name":"Awih"}}]},{"@type":"Organization","@id":"https:\/\/awih.pl\/en\/#organization","name":"AWIH Torby i Opakowania","description":"Producent toreb i opakowa\u0144. torby papierowe i opakowania produkujemy ju\u017c ponad 25 lat. Torby dla sieci handlowych. Druk ma\u0142ych nak\u0142ad\u00f3w. Personalizacja","url":"https:\/\/awih.pl\/en\/","email":"biuro@awih.pl","telephone":"+48514041255","logo":{"@type":"ImageObject","url":"https:\/\/awih.pl\/wp-content\/uploads\/2023\/04\/cropped-Logo-AWIH.png","@id":"https:\/\/awih.pl\/en\/catering-bags-sushi-bags\/#organizationLogo","width":512,"height":512,"caption":"logo AWIH"},"image":{"@id":"https:\/\/awih.pl\/en\/catering-bags-sushi-bags\/#organizationLogo"},"sameAs":["https:\/\/www.linkedin.com\/company\/awih\/"],"address":{"@id":"https:\/\/awih.pl\/en\/#postaladdress","@type":"PostalAddress","streetAddress":"Ry\u017cowa 96A,","postalCode":"05-816","addressLocality":"Opacz Kolonia","addressRegion":"Mazowieckie","addressCountry":"PL"},"vatID":"PL1130061093"},{"@type":"WebPage","@id":"https:\/\/awih.pl\/en\/catering-bags-sushi-bags\/#webpage","url":"https:\/\/awih.pl\/en\/catering-bags-sushi-bags\/","name":"Catering bags \/ sushi bags - AWIH - Torby i Opakowania","description":"Catering bags for catering sets. Soup bag and catering containers. Printed catering bag. Bag with wide bottom and sides.","inLanguage":"en-US","isPartOf":{"@id":"https:\/\/awih.pl\/en\/#website"},"breadcrumb":{"@id":"https:\/\/awih.pl\/en\/catering-bags-sushi-bags\/#breadcrumblist"},"datePublished":"2021-12-06T12:39:32+01:00","dateModified":"2024-02-29T17:05:41+01:00"},{"@type":"WebSite","@id":"https:\/\/awih.pl\/en\/#website","url":"https:\/\/awih.pl\/en\/","name":"AWIH Torby i Opakowania","alternateName":"AWIH","description":"Producent toreb i opakowa\u0144. torby papierowe i opakowania produkujemy ju\u017c ponad 25 lat. Torby dla sieci handlowych. Druk ma\u0142ych nak\u0142ad\u00f3w. Personalizacja","inLanguage":"en-US","publisher":{"@id":"https:\/\/awih.pl\/en\/#organization"}}]},"og:locale":"en_US","og:site_name":"AWIH - Torby i Opakowania - Producent toreb i opakowa\u0144. torby papierowe i opakowania produkujemy ju\u017c ponad 25 lat. Torby dla sieci handlowych. Druk ma\u0142ych nak\u0142ad\u00f3w. Personalizacja","og:type":"article","og:title":"Catering bags \/ sushi bags - AWIH - Torby i Opakowania","og:description":"Catering bags for catering sets. Soup bag and catering containers. Printed catering bag. Bag with wide bottom and sides.","og:url":"https:\/\/awih.pl\/en\/catering-bags-sushi-bags\/","article:published_time":"2021-12-06T11:39:32+00:00","article:modified_time":"2024-02-29T16:05:41+00:00","article:publisher":"https:\/\/www.facebook.com\/AWIHPromotionalBagsPManufacturer","twitter:card":"summary","twitter:title":"Catering bags \/ sushi bags - AWIH - Torby i Opakowania","twitter:description":"Catering bags for catering sets. Soup bag and catering containers. Printed catering bag. Bag with wide bottom and sides."},"aioseo_meta_data":{"post_id":"6216","title":"#post_title #separator_sa #site_title","description":"Catering bags for catering sets. Soup bag and catering containers. Printed catering bag. Bag with wide bottom and sides.","keywords":[],"keyphrases":{"focus":[],"additional":[]},"primary_term":null,"canonical_url":null,"og_title":null,"og_description":null,"og_object_type":"default","og_image_type":"default","og_image_url":null,"og_image_width":null,"og_image_height":null,"og_image_custom_url":null,"og_image_custom_fields":null,"og_video":"","og_custom_url":null,"og_article_section":null,"og_article_tags":[],"twitter_use_og":false,"twitter_card":"default","twitter_image_type":"default","twitter_image_url":null,"twitter_image_custom_url":null,"twitter_image_custom_fields":null,"twitter_title":null,"twitter_description":null,"schema":{"blockGraphs":[],"customGraphs":[],"default":{"data":{"Article":[],"Course":[],"Dataset":[],"FAQPage":[],"Movie":[],"Person":[],"Product":[],"ProductReview":[],"Car":[],"Recipe":[],"Service":[],"SoftwareApplication":[],"WebPage":[]},"graphName":"","isEnabled":true},"graphs":[],"defaultGraph":"WebPage","defaultPostTypeGraph":""},"schema_type":"default","schema_type_options":"{\"article\":{\"articleType\":\"BlogPosting\"},\"course\":{\"name\":\"\",\"description\":\"\",\"provider\":\"\"},\"faq\":{\"pages\":[]},\"product\":{\"reviews\":[]},\"recipe\":{\"ingredients\":[],\"instructions\":[],\"keywords\":[]},\"software\":{\"reviews\":[],\"operatingSystems\":[]},\"webPage\":{\"webPageType\":\"WebPage\"}}","pillar_content":false,"robots_default":true,"robots_noindex":false,"robots_noarchive":false,"robots_nosnippet":false,"robots_nofollow":false,"robots_noimageindex":false,"robots_noodp":false,"robots_notranslate":false,"robots_max_snippet":"-1","robots_max_videopreview":"-1","robots_max_imagepreview":"large","priority":null,"frequency":"default","local_seo":{"locations":{"business":{"name":"","businessType":"","image":"","areaServed":"","urls":{"website":"","aboutPage":"","contactPage":""},"address":{"streetLine1":"","streetLine2":"","zipCode":"","city":"","state":"","country":"","addressFormat":"#streetLineOne\n#streetLineTwo\n#city, #state #zipCode"},"contact":{"email":"","phone":"","phoneFormatted":"","fax":"","faxFormatted":""},"ids":{"vat":"","tax":"","chamberOfCommerce":""},"payment":{"priceRange":"","currenciesAccepted":"","methods":""}}},"openingHours":{"useDefaults":true,"show":true,"alwaysOpen":false,"use24hFormat":false,"timezone":"","labels":{"closed":"","alwaysOpen":""},"days":{"monday":{"open24h":false,"closed":false,"openTime":"09:00","closeTime":"17:00"},"tuesday":{"open24h":false,"closed":false,"openTime":"09:00","closeTime":"17:00"},"wednesday":{"open24h":false,"closed":false,"openTime":"09:00","closeTime":"17:00"},"thursday":{"open24h":false,"closed":false,"openTime":"09:00","closeTime":"17:00"},"friday":{"open24h":false,"closed":false,"openTime":"09:00","closeTime":"17:00"},"saturday":{"open24h":false,"closed":false,"openTime":"09:00","closeTime":"17:00"},"sunday":{"open24h":false,"closed":false,"openTime":"09:00","closeTime":"17:00"}}}},"seo_analyzer_scan_date":"2025-10-09 06:32:12","breadcrumb_settings":null,"limit_modified_date":false,"reviewed_by":null,"open_ai":null,"ai":null,"created":"2022-09-08 17:48:45","updated":"2025-10-22 01:04:29"},"aioseo_breadcrumb":"<div class=\"aioseo-breadcrumbs\"><span class=\"aioseo-breadcrumb\">\n\t<a href=\"https:\/\/awih.pl\/en\/\" title=\"Awih\">Awih<\/a>\n<\/span><span class=\"aioseo-breadcrumb-separator\">\u00bb<\/span><span class=\"aioseo-breadcrumb\">\n\tCatering bags \/ sushi bags\n<\/span><\/div>","aioseo_breadcrumb_json":[{"label":"Awih","link":"https:\/\/awih.pl\/en\/"},{"label":"Catering bags \/ sushi bags","link":"https:\/\/awih.pl\/en\/catering-bags-sushi-bags\/"}],"_links":{"self":[{"href":"https:\/\/awih.pl\/en\/wp-json\/wp\/v2\/pages\/6216","targetHints":{"allow":["GET"]}}],"collection":[{"href":"https:\/\/awih.pl\/en\/wp-json\/wp\/v2\/pages"}],"about":[{"href":"https:\/\/awih.pl\/en\/wp-json\/wp\/v2\/types\/page"}],"author":[{"embeddable":true,"href":"https:\/\/awih.pl\/en\/wp-json\/wp\/v2\/users\/2"}],"replies":[{"embeddable":true,"href":"https:\/\/awih.pl\/en\/wp-json\/wp\/v2\/comments?post=6216"}],"version-history":[{"count":2,"href":"https:\/\/awih.pl\/en\/wp-json\/wp\/v2\/pages\/6216\/revisions"}],"predecessor-version":[{"id":11311,"href":"https:\/\/awih.pl\/en\/wp-json\/wp\/v2\/pages\/6216\/revisions\/11311"}],"wp:attachment":[{"href":"https:\/\/awih.pl\/en\/wp-json\/wp\/v2\/media?parent=6216"}],"curies":[{"name":"wp","href":"https:\/\/api.w.org\/{rel}","templated":true}]}}