{"id":6219,"date":"2021-06-30T11:08:06","date_gmt":"2021-06-30T09:08:06","guid":{"rendered":"https:\/\/awih.pl\/collaboration\/"},"modified":"2024-02-29T17:25:17","modified_gmt":"2024-02-29T16:25:17","slug":"collaboration","status":"publish","type":"page","link":"https:\/\/awih.pl\/en\/collaboration\/","title":{"rendered":"Collaboration"},"content":{"rendered":"\n<div class=\"row\"  id=\"row-113776057\">\n\n\n\t<div id=\"col-963490033\" class=\"col small-12 large-12\"  >\n\t\t\t\t<div class=\"col-inner\"  >\n\t\t\t\n\t\t\t\n\n<div class=\"aioseo-breadcrumbs\"><span class=\"aioseo-breadcrumb\">\n\tAwih\n<\/span><\/div>\n\n\t<div id=\"gap-413459475\" class=\"gap-element clearfix\" style=\"display:block; height:auto;\">\n\t\t\n<style>\n#gap-413459475 {\n  padding-top: 30px;\n}\n<\/style>\n\t<\/div>\n\t\n\n  <div id=\"page-header-520551641\" class=\"page-header-wrapper\">\n  <div class=\"page-title dark featured-title\">\n\n    \n    <div class=\"page-title-inner container align-center text-center flex-row-col medium-flex-wrap\" >\n              <div class=\"title-wrapper flex-col\">\n          <h1 class=\"entry-title mb-0\">\n            Collaboration          <\/h1>\n        <\/div>\n                    <div class=\"title-content flex-col\">\n        <ul class=\"nav sm-touch-scroll nav-line nav-uppercase text-center nav-center\"><li class=\"nav-single-page hidden\"><\/li><\/ul>      <\/div>\n    <\/div>\n\n       <\/div>\n    <\/div>\n  \n\n\t<div id=\"gap-1814379303\" class=\"gap-element clearfix\" style=\"display:block; height:auto;\">\n\t\t\n<style>\n#gap-1814379303 {\n  padding-top: 30px;\n}\n<\/style>\n\t<\/div>\n\t\n\n\n\t\t<\/div>\n\t\t\t\t\t<\/div>\n\n\t\n\n<\/div>\n<div class=\"row row-full-width align-middle align-center\"  id=\"row-956933338\">\n\n\n\t<div id=\"col-136244356\" class=\"col medium-4 small-12 large-4\"  >\n\t\t\t\t<div class=\"col-inner text-center box-shadow-3 box-shadow-3-hover\"  >\n\t\t\t\n\t\t\t\n\n\t<div id=\"text-3249156332\" class=\"text\">\n\t\t\n\n<h2 style=\"text-align: center;\"><span style=\"font-size: 85%;\"><a href=\"https:\/\/awih.pl\/en\/wholesale-bags-and-packaging\/\" data-wplink-edit=\"true\">Wholesale bags  <br>and packaging<\/a><\/span><\/h2>\n\t\t\n<style>\n#text-3249156332 {\n  text-align: center;\n}\n<\/style>\n\t<\/div>\n\t\n\t<div class=\"img has-hover x md-x lg-x y md-y lg-y\" id=\"image_11415871\">\n\t\t<a class=\"\" href=\"https:\/\/awih.pl\/en\/wholesale-bags-and-packaging\/\" >\t\t<div data-parallax-fade=\"true\" data-parallax=\"3\">\t\t\t\t<div class=\"img-inner image-cover box-shadow-3-hover dark\" style=\"padding-top:90%;\">\n\t\t\t<img width=\"150\" height=\"150\" src=\"https:\/\/awih.pl\/wp-content\/uploads\/2021\/06\/shopping-cart-1026507-150x150.jpg\" class=\"attachment-thumbnail size-thumbnail\" alt=\"\" srcset=\"https:\/\/awih.pl\/wp-content\/uploads\/2021\/06\/shopping-cart-1026507-150x150.jpg 150w, https:\/\/awih.pl\/wp-content\/uploads\/2021\/06\/shopping-cart-1026507-scaled-500x500.jpg 500w, https:\/\/awih.pl\/wp-content\/uploads\/2021\/06\/shopping-cart-1026507-scaled-100x100.jpg 100w, https:\/\/awih.pl\/wp-content\/uploads\/2021\/06\/shopping-cart-1026507-scaled-600x600.jpg 600w, https:\/\/awih.pl\/wp-content\/uploads\/2021\/06\/shopping-cart-1026507-300x300.jpg 300w, https:\/\/awih.pl\/wp-content\/uploads\/2021\/06\/shopping-cart-1026507-1024x1024.jpg 1024w, https:\/\/awih.pl\/wp-content\/uploads\/2021\/06\/shopping-cart-1026507-768x768.jpg 768w, https:\/\/awih.pl\/wp-content\/uploads\/2021\/06\/shopping-cart-1026507-1536x1536.jpg 1536w, https:\/\/awih.pl\/wp-content\/uploads\/2021\/06\/shopping-cart-1026507-2048x2048.jpg 2048w\" sizes=\"(max-width: 150px) 100vw, 150px\" fetchpriority=\"high\" decoding=\"async\" loading=\"eager\" \/>\t\t\t\t\t\t\n\t\t\t\t\t<\/div>\n\t\t\t\t<\/div>\t\t<\/a>\t\t\n<style>\n#image_11415871 {\n  width: 100%;\n}\n<\/style>\n\t<\/div>\n\t\n\n\n\t\t<\/div>\n\t\t\t\t\t<\/div>\n\n\t\n\n\t<div id=\"col-1437412518\" class=\"col medium-4 small-12 large-4\"  >\n\t\t\t\t<div class=\"col-inner text-center box-shadow-3 box-shadow-3-hover\"  >\n\t\t\t\n\t\t\t\n\n\t<div id=\"text-3233011001\" class=\"text\">\n\t\t\n\n<h2 style=\"text-align: center;\"><span style=\"font-size: 90%;\"><a href=\"https:\/\/awih.pl\/en\/become-our-partner\/\" data-wplink-edit=\"true\">Become our  <br>partner<\/a><\/span><\/h2>\n\t\t\n<style>\n#text-3233011001 {\n  text-align: center;\n}\n<\/style>\n\t<\/div>\n\t\n\t<div class=\"img has-hover x md-x lg-x y md-y lg-y\" id=\"image_909785345\">\n\t\t<a class=\"\" href=\"https:\/\/awih.pl\/en\/become-our-partner\/\" >\t\t<div data-parallax-fade=\"true\" data-parallax=\"3\">\t\t\t\t<div class=\"img-inner image-cover box-shadow-3-hover dark\" style=\"padding-top:90%;\">\n\t\t\t<img loading=\"lazy\" decoding=\"async\" width=\"150\" height=\"150\" src=\"https:\/\/awih.pl\/wp-content\/uploads\/2021\/07\/shops-1014037-150x150.jpg\" class=\"attachment-thumbnail size-thumbnail\" alt=\"\" srcset=\"https:\/\/awih.pl\/wp-content\/uploads\/2021\/07\/shops-1014037-150x150.jpg 150w, https:\/\/awih.pl\/wp-content\/uploads\/2021\/07\/shops-1014037-scaled-500x500.jpg 500w, https:\/\/awih.pl\/wp-content\/uploads\/2021\/07\/shops-1014037-scaled-100x100.jpg 100w, https:\/\/awih.pl\/wp-content\/uploads\/2021\/07\/shops-1014037-scaled-600x600.jpg 600w, https:\/\/awih.pl\/wp-content\/uploads\/2021\/07\/shops-1014037-300x300.jpg 300w, https:\/\/awih.pl\/wp-content\/uploads\/2021\/07\/shops-1014037-1024x1024.jpg 1024w, https:\/\/awih.pl\/wp-content\/uploads\/2021\/07\/shops-1014037-768x768.jpg 768w, https:\/\/awih.pl\/wp-content\/uploads\/2021\/07\/shops-1014037-1536x1536.jpg 1536w, https:\/\/awih.pl\/wp-content\/uploads\/2021\/07\/shops-1014037-2048x2048.jpg 2048w\" sizes=\"auto, (max-width: 150px) 100vw, 150px\" \/>\t\t\t\t\t\t\n\t\t\t\t\t<\/div>\n\t\t\t\t<\/div>\t\t<\/a>\t\t\n<style>\n#image_909785345 {\n  width: 100%;\n}\n<\/style>\n\t<\/div>\n\t\n\n\n\t\t<\/div>\n\t\t\t\t\t<\/div>\n\n\t\n\n\t<div id=\"col-522940904\" class=\"col medium-4 small-12 large-4\"  >\n\t\t\t\t<div class=\"col-inner text-center box-shadow-3 box-shadow-3-hover\"  >\n\t\t\t\n\t\t\t\n\n\t<div id=\"text-1775946530\" class=\"text\">\n\t\t\n\n<h2 style=\"text-align: center;\"><a href=\"https:\/\/awih.pl\/zatrudnimy\/\"><span style=\"font-size: 90%;\">We employ<\/span><\/a><br><br><\/h2>\n\t\t\n<style>\n#text-1775946530 {\n  text-align: center;\n}\n<\/style>\n\t<\/div>\n\t\n\t<div class=\"img has-hover x md-x lg-x y md-y lg-y\" id=\"image_14253165\">\n\t\t<a class=\"\" href=\"https:\/\/awih.pl\/zatrudnimy\/\" >\t\t<div data-parallax-fade=\"true\" data-parallax=\"3\">\t\t\t\t<div class=\"img-inner image-cover box-shadow-3-hover dark\" style=\"padding-top:90%;\">\n\t\t\t<img loading=\"lazy\" decoding=\"async\" width=\"150\" height=\"150\" src=\"https:\/\/awih.pl\/wp-content\/uploads\/2021\/06\/3-150x150.png\" class=\"attachment-thumbnail size-thumbnail\" alt=\"\" srcset=\"https:\/\/awih.pl\/wp-content\/uploads\/2021\/06\/3-150x150.png 150w, https:\/\/awih.pl\/wp-content\/uploads\/2021\/06\/3-500x500.png 500w, https:\/\/awih.pl\/wp-content\/uploads\/2021\/06\/3-100x100.png 100w\" sizes=\"auto, (max-width: 150px) 100vw, 150px\" \/>\t\t\t\t\t\t\n\t\t\t\t\t<\/div>\n\t\t\t\t<\/div>\t\t<\/a>\t\t\n<style>\n#image_14253165 {\n  width: 100%;\n}\n<\/style>\n\t<\/div>\n\t\n\n\n\t\t<\/div>\n\t\t\t\t\t<\/div>\n\n\t\n\n<\/div>\n\n","protected":false},"excerpt":{"rendered":"","protected":false},"author":2,"featured_media":0,"parent":0,"menu_order":0,"comment_status":"closed","ping_status":"closed","template":"","meta":{"_monsterinsights_skip_tracking":false,"_monsterinsights_sitenote_active":false,"_monsterinsights_sitenote_note":"","_monsterinsights_sitenote_category":0,"footnotes":""},"class_list":["post-6219","page","type-page","status-publish","hentry"],"aioseo_notices":[],"aioseo_head":"\n\t\t<!-- All in One SEO Pro 4.9.5.2 - aioseo.com -->\n\t<meta name=\"description\" content=\"Awih \u00bb Collaboration Collaboration Wholesale bags and packaging Become our partner We employ AWIH, as a manufacturer of paper bags and packaging, offers attractive terms of cooperation and manufacturer-level pricing. The offer is addressed to distributors.\" \/>\n\t<meta name=\"robots\" content=\"max-image-preview:large\" \/>\n\t<meta name=\"google-site-verification\" content=\"qUbTDLl1QkUPNtEoo7SGcWHy_iy170abgHQeQ65Pu-M\" \/>\n\t<link rel=\"canonical\" href=\"https:\/\/awih.pl\/en\/collaboration\/\" \/>\n\t<meta name=\"generator\" content=\"All in One SEO Pro (AIOSEO) 4.9.5.2\" \/>\n\t\t<meta property=\"og:locale\" content=\"en_US\" \/>\n\t\t<meta property=\"og:site_name\" content=\"AWIH - Torby i Opakowania - Producent toreb i opakowa\u0144. torby papierowe i opakowania produkujemy ju\u017c ponad 25 lat. Torby dla sieci handlowych. Druk ma\u0142ych nak\u0142ad\u00f3w. Personalizacja\" \/>\n\t\t<meta property=\"og:type\" content=\"article\" \/>\n\t\t<meta property=\"og:title\" content=\"Collaboration AWIH - Torby i Opakowania - Distributors Wholesalers\" \/>\n\t\t<meta property=\"og:description\" content=\"Awih \u00bb Collaboration Collaboration Wholesale bags and packaging Become our partner We employ AWIH, as a manufacturer of paper bags and packaging, offers attractive terms of cooperation and manufacturer-level pricing. The offer is addressed to distributors.\" \/>\n\t\t<meta property=\"og:url\" content=\"https:\/\/awih.pl\/en\/collaboration\/\" \/>\n\t\t<meta property=\"article:published_time\" content=\"2021-06-30T09:08:06+00:00\" \/>\n\t\t<meta property=\"article:modified_time\" content=\"2024-02-29T16:25:17+00:00\" \/>\n\t\t<meta property=\"article:publisher\" content=\"https:\/\/www.facebook.com\/AWIHPromotionalBagsPManufacturer\" \/>\n\t\t<meta name=\"twitter:card\" content=\"summary\" \/>\n\t\t<meta name=\"twitter:title\" content=\"Collaboration AWIH - Torby i Opakowania - Distributors Wholesalers\" \/>\n\t\t<meta name=\"twitter:description\" content=\"Awih \u00bb Collaboration Collaboration Wholesale bags and packaging Become our partner We employ AWIH, as a manufacturer of paper bags and packaging, offers attractive terms of cooperation and manufacturer-level pricing. The offer is addressed to distributors.\" \/>\n\t\t<script type=\"application\/ld+json\" class=\"aioseo-schema\">\n\t\t\t{\"@context\":\"https:\\\/\\\/schema.org\",\"@graph\":[{\"@type\":\"BreadcrumbList\",\"@id\":\"https:\\\/\\\/awih.pl\\\/en\\\/collaboration\\\/#breadcrumblist\",\"itemListElement\":[{\"@type\":\"ListItem\",\"@id\":\"https:\\\/\\\/awih.pl\\\/en\\\/#listItem\",\"position\":1,\"name\":\"Awih\",\"item\":\"https:\\\/\\\/awih.pl\\\/en\\\/\",\"nextItem\":{\"@type\":\"ListItem\",\"@id\":\"https:\\\/\\\/awih.pl\\\/en\\\/collaboration\\\/#listItem\",\"name\":\"Collaboration\"}},{\"@type\":\"ListItem\",\"@id\":\"https:\\\/\\\/awih.pl\\\/en\\\/collaboration\\\/#listItem\",\"position\":2,\"name\":\"Collaboration\",\"previousItem\":{\"@type\":\"ListItem\",\"@id\":\"https:\\\/\\\/awih.pl\\\/en\\\/#listItem\",\"name\":\"Awih\"}}]},{\"@type\":\"Organization\",\"@id\":\"https:\\\/\\\/awih.pl\\\/en\\\/#organization\",\"name\":\"AWIH Torby i Opakowania\",\"description\":\"Producent toreb i opakowa\\u0144. torby papierowe i opakowania produkujemy ju\\u017c ponad 25 lat. Torby dla sieci handlowych. Druk ma\\u0142ych nak\\u0142ad\\u00f3w. Personalizacja\",\"url\":\"https:\\\/\\\/awih.pl\\\/en\\\/\",\"email\":\"biuro@awih.pl\",\"telephone\":\"+48514041255\",\"logo\":{\"@type\":\"ImageObject\",\"url\":\"https:\\\/\\\/awih.pl\\\/wp-content\\\/uploads\\\/2023\\\/04\\\/cropped-Logo-AWIH.png\",\"@id\":\"https:\\\/\\\/awih.pl\\\/en\\\/collaboration\\\/#organizationLogo\",\"width\":512,\"height\":512,\"caption\":\"logo AWIH\"},\"image\":{\"@id\":\"https:\\\/\\\/awih.pl\\\/en\\\/collaboration\\\/#organizationLogo\"},\"sameAs\":[\"https:\\\/\\\/www.linkedin.com\\\/company\\\/awih\\\/\"],\"address\":{\"@id\":\"https:\\\/\\\/awih.pl\\\/en\\\/#postaladdress\",\"@type\":\"PostalAddress\",\"streetAddress\":\"Ry\\u017cowa 96A,\",\"postalCode\":\"05-816\",\"addressLocality\":\"Opacz Kolonia\",\"addressRegion\":\"Mazowieckie\",\"addressCountry\":\"PL\"},\"vatID\":\"PL1130061093\"},{\"@type\":\"WebPage\",\"@id\":\"https:\\\/\\\/awih.pl\\\/en\\\/collaboration\\\/#webpage\",\"url\":\"https:\\\/\\\/awih.pl\\\/en\\\/collaboration\\\/\",\"name\":\"Collaboration AWIH - Torby i Opakowania - Distributors Wholesalers\",\"description\":\"Awih \\u00bb Collaboration Collaboration Wholesale bags and packaging Become our partner We employ AWIH, as a manufacturer of paper bags and packaging, offers attractive terms of cooperation and manufacturer-level pricing. The offer is addressed to distributors.\",\"inLanguage\":\"en-US\",\"isPartOf\":{\"@id\":\"https:\\\/\\\/awih.pl\\\/en\\\/#website\"},\"breadcrumb\":{\"@id\":\"https:\\\/\\\/awih.pl\\\/en\\\/collaboration\\\/#breadcrumblist\"},\"datePublished\":\"2021-06-30T11:08:06+02:00\",\"dateModified\":\"2024-02-29T17:25:17+01:00\"},{\"@type\":\"WebSite\",\"@id\":\"https:\\\/\\\/awih.pl\\\/en\\\/#website\",\"url\":\"https:\\\/\\\/awih.pl\\\/en\\\/\",\"name\":\"AWIH Torby i Opakowania\",\"alternateName\":\"AWIH\",\"description\":\"Producent toreb i opakowa\\u0144. torby papierowe i opakowania produkujemy ju\\u017c ponad 25 lat. Torby dla sieci handlowych. Druk ma\\u0142ych nak\\u0142ad\\u00f3w. Personalizacja\",\"inLanguage\":\"en-US\",\"publisher\":{\"@id\":\"https:\\\/\\\/awih.pl\\\/en\\\/#organization\"}}]}\n\t\t<\/script>\n\t\t<!-- All in One SEO Pro -->\r\n\t\t<title>Collaboration AWIH - Torby i Opakowania - Distributors Wholesalers<\/title>\n\n","aioseo_head_json":{"title":"Collaboration AWIH - Torby i Opakowania - Distributors Wholesalers","description":"Awih \u00bb Collaboration Collaboration Wholesale bags and packaging Become our partner We employ AWIH, as a manufacturer of paper bags and packaging, offers attractive terms of cooperation and manufacturer-level pricing. The offer is addressed to distributors.","canonical_url":"https:\/\/awih.pl\/en\/collaboration\/","robots":"max-image-preview:large","keywords":"","webmasterTools":{"google-site-verification":"qUbTDLl1QkUPNtEoo7SGcWHy_iy170abgHQeQ65Pu-M","miscellaneous":""},"schema":{"@context":"https:\/\/schema.org","@graph":[{"@type":"BreadcrumbList","@id":"https:\/\/awih.pl\/en\/collaboration\/#breadcrumblist","itemListElement":[{"@type":"ListItem","@id":"https:\/\/awih.pl\/en\/#listItem","position":1,"name":"Awih","item":"https:\/\/awih.pl\/en\/","nextItem":{"@type":"ListItem","@id":"https:\/\/awih.pl\/en\/collaboration\/#listItem","name":"Collaboration"}},{"@type":"ListItem","@id":"https:\/\/awih.pl\/en\/collaboration\/#listItem","position":2,"name":"Collaboration","previousItem":{"@type":"ListItem","@id":"https:\/\/awih.pl\/en\/#listItem","name":"Awih"}}]},{"@type":"Organization","@id":"https:\/\/awih.pl\/en\/#organization","name":"AWIH Torby i Opakowania","description":"Producent toreb i opakowa\u0144. torby papierowe i opakowania produkujemy ju\u017c ponad 25 lat. Torby dla sieci handlowych. Druk ma\u0142ych nak\u0142ad\u00f3w. Personalizacja","url":"https:\/\/awih.pl\/en\/","email":"biuro@awih.pl","telephone":"+48514041255","logo":{"@type":"ImageObject","url":"https:\/\/awih.pl\/wp-content\/uploads\/2023\/04\/cropped-Logo-AWIH.png","@id":"https:\/\/awih.pl\/en\/collaboration\/#organizationLogo","width":512,"height":512,"caption":"logo AWIH"},"image":{"@id":"https:\/\/awih.pl\/en\/collaboration\/#organizationLogo"},"sameAs":["https:\/\/www.linkedin.com\/company\/awih\/"],"address":{"@id":"https:\/\/awih.pl\/en\/#postaladdress","@type":"PostalAddress","streetAddress":"Ry\u017cowa 96A,","postalCode":"05-816","addressLocality":"Opacz Kolonia","addressRegion":"Mazowieckie","addressCountry":"PL"},"vatID":"PL1130061093"},{"@type":"WebPage","@id":"https:\/\/awih.pl\/en\/collaboration\/#webpage","url":"https:\/\/awih.pl\/en\/collaboration\/","name":"Collaboration AWIH - Torby i Opakowania - Distributors Wholesalers","description":"Awih \u00bb Collaboration Collaboration Wholesale bags and packaging Become our partner We employ AWIH, as a manufacturer of paper bags and packaging, offers attractive terms of cooperation and manufacturer-level pricing. The offer is addressed to distributors.","inLanguage":"en-US","isPartOf":{"@id":"https:\/\/awih.pl\/en\/#website"},"breadcrumb":{"@id":"https:\/\/awih.pl\/en\/collaboration\/#breadcrumblist"},"datePublished":"2021-06-30T11:08:06+02:00","dateModified":"2024-02-29T17:25:17+01:00"},{"@type":"WebSite","@id":"https:\/\/awih.pl\/en\/#website","url":"https:\/\/awih.pl\/en\/","name":"AWIH Torby i Opakowania","alternateName":"AWIH","description":"Producent toreb i opakowa\u0144. torby papierowe i opakowania produkujemy ju\u017c ponad 25 lat. Torby dla sieci handlowych. Druk ma\u0142ych nak\u0142ad\u00f3w. Personalizacja","inLanguage":"en-US","publisher":{"@id":"https:\/\/awih.pl\/en\/#organization"}}]},"og:locale":"en_US","og:site_name":"AWIH - Torby i Opakowania - Producent toreb i opakowa\u0144. torby papierowe i opakowania produkujemy ju\u017c ponad 25 lat. Torby dla sieci handlowych. Druk ma\u0142ych nak\u0142ad\u00f3w. Personalizacja","og:type":"article","og:title":"Collaboration AWIH - Torby i Opakowania - Distributors Wholesalers","og:description":"Awih \u00bb Collaboration Collaboration Wholesale bags and packaging Become our partner We employ AWIH, as a manufacturer of paper bags and packaging, offers attractive terms of cooperation and manufacturer-level pricing. The offer is addressed to distributors.","og:url":"https:\/\/awih.pl\/en\/collaboration\/","article:published_time":"2021-06-30T09:08:06+00:00","article:modified_time":"2024-02-29T16:25:17+00:00","article:publisher":"https:\/\/www.facebook.com\/AWIHPromotionalBagsPManufacturer","twitter:card":"summary","twitter:title":"Collaboration AWIH - Torby i Opakowania - Distributors Wholesalers","twitter:description":"Awih \u00bb Collaboration Collaboration Wholesale bags and packaging Become our partner We employ AWIH, as a manufacturer of paper bags and packaging, offers attractive terms of cooperation and manufacturer-level pricing. The offer is addressed to distributors."},"aioseo_meta_data":{"post_id":"6219","title":"#post_title #site_title&nbsp;- Distributors Wholesalers","description":"#post_excerpt AWIH, as a manufacturer of paper bags and packaging, offers attractive terms of cooperation and manufacturer-level pricing. The offer is addressed to distributors.","keywords":[],"keyphrases":{"focus":[],"additional":[]},"primary_term":null,"canonical_url":null,"og_title":null,"og_description":null,"og_object_type":"default","og_image_type":"default","og_image_url":null,"og_image_width":null,"og_image_height":null,"og_image_custom_url":null,"og_image_custom_fields":null,"og_video":"","og_custom_url":null,"og_article_section":null,"og_article_tags":[],"twitter_use_og":false,"twitter_card":"default","twitter_image_type":"default","twitter_image_url":null,"twitter_image_custom_url":null,"twitter_image_custom_fields":null,"twitter_title":null,"twitter_description":null,"schema":{"blockGraphs":[],"customGraphs":[],"default":{"data":{"Article":[],"Course":[],"Dataset":[],"FAQPage":[],"Movie":[],"Person":[],"Product":[],"ProductReview":[],"Car":[],"Recipe":[],"Service":[],"SoftwareApplication":[],"WebPage":[]},"graphName":"","isEnabled":true},"graphs":[],"defaultGraph":"WebPage","defaultPostTypeGraph":""},"schema_type":"default","schema_type_options":"{\"article\":{\"articleType\":\"BlogPosting\"},\"course\":{\"name\":\"\",\"description\":\"\",\"provider\":\"\"},\"faq\":{\"pages\":[]},\"product\":{\"reviews\":[]},\"recipe\":{\"ingredients\":[],\"instructions\":[],\"keywords\":[]},\"software\":{\"reviews\":[],\"operatingSystems\":[]},\"webPage\":{\"webPageType\":\"WebPage\"}}","pillar_content":false,"robots_default":true,"robots_noindex":false,"robots_noarchive":false,"robots_nosnippet":false,"robots_nofollow":false,"robots_noimageindex":false,"robots_noodp":false,"robots_notranslate":false,"robots_max_snippet":"-1","robots_max_videopreview":"-1","robots_max_imagepreview":"large","priority":null,"frequency":"default","local_seo":{"locations":{"business":{"name":"","businessType":"","image":"","areaServed":"","urls":{"website":"","aboutPage":"","contactPage":""},"address":{"streetLine1":"","streetLine2":"","zipCode":"","city":"","state":"","country":"","addressFormat":"#streetLineOne\n#streetLineTwo\n#city, #state #zipCode"},"contact":{"email":"","phone":"","phoneFormatted":"","fax":"","faxFormatted":""},"ids":{"vat":"","tax":"","chamberOfCommerce":""},"payment":{"priceRange":"","currenciesAccepted":"","methods":""}}},"openingHours":{"useDefaults":true,"show":true,"alwaysOpen":false,"use24hFormat":false,"timezone":"","labels":{"closed":"","alwaysOpen":""},"days":{"monday":{"open24h":false,"closed":false,"openTime":"09:00","closeTime":"17:00"},"tuesday":{"open24h":false,"closed":false,"openTime":"09:00","closeTime":"17:00"},"wednesday":{"open24h":false,"closed":false,"openTime":"09:00","closeTime":"17:00"},"thursday":{"open24h":false,"closed":false,"openTime":"09:00","closeTime":"17:00"},"friday":{"open24h":false,"closed":false,"openTime":"09:00","closeTime":"17:00"},"saturday":{"open24h":false,"closed":false,"openTime":"09:00","closeTime":"17:00"},"sunday":{"open24h":false,"closed":false,"openTime":"09:00","closeTime":"17:00"}}}},"seo_analyzer_scan_date":"2025-10-09 06:55:05","breadcrumb_settings":null,"limit_modified_date":false,"reviewed_by":null,"open_ai":null,"ai":null,"created":"2022-09-08 17:48:45","updated":"2025-10-22 01:08:39"},"aioseo_breadcrumb":"<div class=\"aioseo-breadcrumbs\"><span class=\"aioseo-breadcrumb\">\n\t<a href=\"https:\/\/awih.pl\/en\/\" title=\"Awih\">Awih<\/a>\n<\/span><span class=\"aioseo-breadcrumb-separator\">\u00bb<\/span><span class=\"aioseo-breadcrumb\">\n\tCollaboration\n<\/span><\/div>","aioseo_breadcrumb_json":[{"label":"Awih","link":"https:\/\/awih.pl\/en\/"},{"label":"Collaboration","link":"https:\/\/awih.pl\/en\/collaboration\/"}],"_links":{"self":[{"href":"https:\/\/awih.pl\/en\/wp-json\/wp\/v2\/pages\/6219","targetHints":{"allow":["GET"]}}],"collection":[{"href":"https:\/\/awih.pl\/en\/wp-json\/wp\/v2\/pages"}],"about":[{"href":"https:\/\/awih.pl\/en\/wp-json\/wp\/v2\/types\/page"}],"author":[{"embeddable":true,"href":"https:\/\/awih.pl\/en\/wp-json\/wp\/v2\/users\/2"}],"replies":[{"embeddable":true,"href":"https:\/\/awih.pl\/en\/wp-json\/wp\/v2\/comments?post=6219"}],"version-history":[{"count":4,"href":"https:\/\/awih.pl\/en\/wp-json\/wp\/v2\/pages\/6219\/revisions"}],"predecessor-version":[{"id":11319,"href":"https:\/\/awih.pl\/en\/wp-json\/wp\/v2\/pages\/6219\/revisions\/11319"}],"wp:attachment":[{"href":"https:\/\/awih.pl\/en\/wp-json\/wp\/v2\/media?parent=6219"}],"curies":[{"name":"wp","href":"https:\/\/api.w.org\/{rel}","templated":true}]}}