{"id":6245,"date":"2022-04-06T18:19:41","date_gmt":"2022-04-06T16:19:41","guid":{"rendered":"https:\/\/awih.pl\/shop\/delivery\/"},"modified":"2024-03-01T07:42:03","modified_gmt":"2024-03-01T06:42:03","slug":"delivery","status":"publish","type":"page","link":"https:\/\/awih.pl\/en\/shop\/delivery\/","title":{"rendered":"Delivery"},"content":{"rendered":"\n<div class=\"row\"  id=\"row-2126600978\">\n\n\n\t<div id=\"col-432737946\" class=\"col small-12 large-12\"  >\n\t\t\t\t<div class=\"col-inner\"  >\n\t\t\t\n\t\t\t\n\n<div class=\"aioseo-breadcrumbs\"><span class=\"aioseo-breadcrumb\">\n\t<a href=\"https:\/\/awih.pl\/en\/\" title=\"Awih\">Awih<\/a>\n<\/span><span class=\"aioseo-breadcrumb-separator\">\u00bb<\/span><span class=\"aioseo-breadcrumb\">\n\t<a href=\"https:\/\/awih.pl\/en\/shop\/\" title=\"Shop\">Shop<\/a>\n<\/span><span class=\"aioseo-breadcrumb-separator\">\u00bb<\/span><span class=\"aioseo-breadcrumb\">\n\tDelivery\n<\/span><\/div>\n\n\t<div id=\"gap-1155435521\" class=\"gap-element clearfix\" style=\"display:block; height:auto;\">\n\t\t\n<style>\n#gap-1155435521 {\n  padding-top: 30px;\n}\n<\/style>\n\t<\/div>\n\t\n\n  <div id=\"page-header-961357032\" class=\"page-header-wrapper\">\n  <div class=\"page-title dark featured-title\">\n\n    \n    <div class=\"page-title-inner container align-center text-center flex-row-col medium-flex-wrap\" >\n              <div class=\"title-wrapper flex-col\">\n          <h1 class=\"entry-title mb-0\">\n            Delivery          <\/h1>\n        <\/div>\n                    <div class=\"title-content flex-col\">\n        <ul class=\"nav sm-touch-scroll nav-line nav-uppercase text-center nav-center\"><li class=\"nav-single-page hidden\"><\/li><\/ul>      <\/div>\n    <\/div>\n\n       <\/div>\n    <\/div>\n  \n\n\n\t\t<\/div>\n\t\t\t\t\t<\/div>\n\n\t\n\n<\/div>\n<h2>Delivery of goods<\/h2>\n<ol>\n<li>AWIH makes deliveries of bags and packaging in the territory of Poland.  <br>If you intend to purchase with delivery outside of Poland, AWIH asks you to arrange such delivery with the Sales Department.  \n<\/li>\n<li>  The lead time for products without labeling usually does not exceed 2 working days. In the event that the completion date is different, the customer is notified of the new date through the forms of communication established with the customer.\n<\/li>\n<li>  The execution of the order takes place after the Customer has made payment, except in the case where the Customer has a deferred payment period.  \n<\/li>\n<li>  On public holidays and on days when the company is closed, it is not possible to process orders.\n<\/li>\n<li>  AWIH delivers products through a shipping company of its choice.  <br>It is possible to pick up the products at the company&#8217;s headquarters during the store&#8217;s working hours from 8 a.m. to 4 p.m.<\/li>\n<\/ol>\n\n","protected":false},"excerpt":{"rendered":"","protected":false},"author":2,"featured_media":0,"parent":5463,"menu_order":0,"comment_status":"closed","ping_status":"closed","template":"","meta":{"_monsterinsights_skip_tracking":false,"_monsterinsights_sitenote_active":false,"_monsterinsights_sitenote_note":"","_monsterinsights_sitenote_category":0,"footnotes":""},"class_list":["post-6245","page","type-page","status-publish","hentry"],"aioseo_notices":[],"aioseo_head":"\n\t\t<!-- All in One SEO Pro 4.9.6.2 - aioseo.com -->\n\t<meta name=\"description\" content=\"Awih \u00bb Shop \u00bb Delivery Delivery Delivery of goods AWIH makes deliveries of bags and packaging in the territory of Poland. If you intend to purchase with delivery outside of Poland, AWIH asks you to arrange such delivery with the Sales Department. The lead time for products without labeling usually does not exceed 2 working\" \/>\n\t<meta name=\"robots\" content=\"noindex, max-snippet:-1, max-image-preview:large, max-video-preview:-1\" \/>\n\t<meta name=\"google-site-verification\" content=\"qUbTDLl1QkUPNtEoo7SGcWHy_iy170abgHQeQ65Pu-M\" \/>\n\t<link rel=\"canonical\" href=\"https:\/\/awih.pl\/en\/shop\/delivery\/\" \/>\n\t<meta name=\"generator\" content=\"All in One SEO Pro (AIOSEO) 4.9.6.2\" \/>\n\t\t<meta property=\"og:locale\" content=\"en_US\" \/>\n\t\t<meta property=\"og:site_name\" content=\"AWIH - Torby i Opakowania - Producent toreb i opakowa\u0144. torby papierowe i opakowania produkujemy ju\u017c ponad 25 lat. Torby dla sieci handlowych. Druk ma\u0142ych nak\u0142ad\u00f3w. Personalizacja\" \/>\n\t\t<meta property=\"og:type\" content=\"article\" \/>\n\t\t<meta property=\"og:title\" content=\"Delivery - AWIH - Torby i Opakowania\" \/>\n\t\t<meta property=\"og:description\" content=\"Awih \u00bb Shop \u00bb Delivery Delivery Delivery of goods AWIH makes deliveries of bags and packaging in the territory of Poland. If you intend to purchase with delivery outside of Poland, AWIH asks you to arrange such delivery with the Sales Department. The lead time for products without labeling usually does not exceed 2 working\" \/>\n\t\t<meta property=\"og:url\" content=\"https:\/\/awih.pl\/en\/shop\/delivery\/\" \/>\n\t\t<meta property=\"article:published_time\" content=\"2022-04-06T16:19:41+00:00\" \/>\n\t\t<meta property=\"article:modified_time\" content=\"2024-03-01T06:42:03+00:00\" \/>\n\t\t<meta property=\"article:publisher\" content=\"https:\/\/www.facebook.com\/AWIHPromotionalBagsPManufacturer\" \/>\n\t\t<meta name=\"twitter:card\" content=\"summary\" \/>\n\t\t<meta name=\"twitter:title\" content=\"Delivery - AWIH - Torby i Opakowania\" \/>\n\t\t<meta name=\"twitter:description\" content=\"Awih \u00bb Shop \u00bb Delivery Delivery Delivery of goods AWIH makes deliveries of bags and packaging in the territory of Poland. If you intend to purchase with delivery outside of Poland, AWIH asks you to arrange such delivery with the Sales Department. The lead time for products without labeling usually does not exceed 2 working\" \/>\n\t\t<script type=\"application\/ld+json\" class=\"aioseo-schema\">\n\t\t\t{\"@context\":\"https:\\\/\\\/schema.org\",\"@graph\":[{\"@type\":\"BreadcrumbList\",\"@id\":\"https:\\\/\\\/awih.pl\\\/en\\\/shop\\\/delivery\\\/#breadcrumblist\",\"itemListElement\":[{\"@type\":\"ListItem\",\"@id\":\"https:\\\/\\\/awih.pl\\\/en\\\/#listItem\",\"position\":1,\"name\":\"Awih\",\"item\":\"https:\\\/\\\/awih.pl\\\/en\\\/\",\"nextItem\":{\"@type\":\"ListItem\",\"@id\":\"https:\\\/\\\/awih.pl\\\/en\\\/shop\\\/#listItem\",\"name\":\"Shop\"}},{\"@type\":\"ListItem\",\"@id\":\"https:\\\/\\\/awih.pl\\\/en\\\/shop\\\/#listItem\",\"position\":2,\"name\":\"Shop\",\"item\":\"https:\\\/\\\/awih.pl\\\/en\\\/shop\\\/\",\"nextItem\":{\"@type\":\"ListItem\",\"@id\":\"https:\\\/\\\/awih.pl\\\/en\\\/shop\\\/delivery\\\/#listItem\",\"name\":\"Delivery\"},\"previousItem\":{\"@type\":\"ListItem\",\"@id\":\"https:\\\/\\\/awih.pl\\\/en\\\/#listItem\",\"name\":\"Awih\"}},{\"@type\":\"ListItem\",\"@id\":\"https:\\\/\\\/awih.pl\\\/en\\\/shop\\\/delivery\\\/#listItem\",\"position\":3,\"name\":\"Delivery\",\"previousItem\":{\"@type\":\"ListItem\",\"@id\":\"https:\\\/\\\/awih.pl\\\/en\\\/shop\\\/#listItem\",\"name\":\"Shop\"}}]},{\"@type\":\"Organization\",\"@id\":\"https:\\\/\\\/awih.pl\\\/en\\\/#organization\",\"name\":\"AWIH Torby i Opakowania\",\"description\":\"Producent toreb i opakowa\\u0144. torby papierowe i opakowania produkujemy ju\\u017c ponad 25 lat. Torby dla sieci handlowych. Druk ma\\u0142ych nak\\u0142ad\\u00f3w. Personalizacja\",\"url\":\"https:\\\/\\\/awih.pl\\\/en\\\/\",\"email\":\"biuro@awih.pl\",\"telephone\":\"+48514041255\",\"logo\":{\"@type\":\"ImageObject\",\"url\":\"https:\\\/\\\/awih.pl\\\/wp-content\\\/uploads\\\/2023\\\/04\\\/cropped-Logo-AWIH.png\",\"@id\":\"https:\\\/\\\/awih.pl\\\/en\\\/shop\\\/delivery\\\/#organizationLogo\",\"width\":512,\"height\":512,\"caption\":\"logo AWIH\"},\"image\":{\"@id\":\"https:\\\/\\\/awih.pl\\\/en\\\/shop\\\/delivery\\\/#organizationLogo\"},\"sameAs\":[\"https:\\\/\\\/www.linkedin.com\\\/company\\\/awih\\\/\"],\"address\":{\"@id\":\"https:\\\/\\\/awih.pl\\\/en\\\/#postaladdress\",\"@type\":\"PostalAddress\",\"streetAddress\":\"Ry\\u017cowa 96A,\",\"postalCode\":\"05-816\",\"addressLocality\":\"Opacz Kolonia\",\"addressRegion\":\"Mazowieckie\",\"addressCountry\":\"PL\"},\"vatID\":\"PL1130061093\"},{\"@type\":\"WebPage\",\"@id\":\"https:\\\/\\\/awih.pl\\\/en\\\/shop\\\/delivery\\\/#webpage\",\"url\":\"https:\\\/\\\/awih.pl\\\/en\\\/shop\\\/delivery\\\/\",\"name\":\"Delivery - AWIH - Torby i Opakowania\",\"description\":\"Awih \\u00bb Shop \\u00bb Delivery Delivery Delivery of goods AWIH makes deliveries of bags and packaging in the territory of Poland. If you intend to purchase with delivery outside of Poland, AWIH asks you to arrange such delivery with the Sales Department. The lead time for products without labeling usually does not exceed 2 working\",\"inLanguage\":\"en-US\",\"isPartOf\":{\"@id\":\"https:\\\/\\\/awih.pl\\\/en\\\/#website\"},\"breadcrumb\":{\"@id\":\"https:\\\/\\\/awih.pl\\\/en\\\/shop\\\/delivery\\\/#breadcrumblist\"},\"datePublished\":\"2022-04-06T18:19:41+02:00\",\"dateModified\":\"2024-03-01T07:42:03+01:00\"},{\"@type\":\"WebSite\",\"@id\":\"https:\\\/\\\/awih.pl\\\/en\\\/#website\",\"url\":\"https:\\\/\\\/awih.pl\\\/en\\\/\",\"name\":\"AWIH Torby i Opakowania\",\"alternateName\":\"AWIH\",\"description\":\"Producent toreb i opakowa\\u0144. torby papierowe i opakowania produkujemy ju\\u017c ponad 25 lat. Torby dla sieci handlowych. Druk ma\\u0142ych nak\\u0142ad\\u00f3w. Personalizacja\",\"inLanguage\":\"en-US\",\"publisher\":{\"@id\":\"https:\\\/\\\/awih.pl\\\/en\\\/#organization\"}}]}\n\t\t<\/script>\n\t\t<!-- All in One SEO Pro -->\r\n\t\t<title>Delivery - AWIH - Torby i Opakowania<\/title>\n\n","aioseo_head_json":{"title":"Delivery - AWIH - Torby i Opakowania","description":"Awih \u00bb Shop \u00bb Delivery Delivery Delivery of goods AWIH makes deliveries of bags and packaging in the territory of Poland. If you intend to purchase with delivery outside of Poland, AWIH asks you to arrange such delivery with the Sales Department. The lead time for products without labeling usually does not exceed 2 working","canonical_url":"https:\/\/awih.pl\/en\/shop\/delivery\/","robots":"noindex, max-snippet:-1, max-image-preview:large, max-video-preview:-1","keywords":"","webmasterTools":{"google-site-verification":"qUbTDLl1QkUPNtEoo7SGcWHy_iy170abgHQeQ65Pu-M","miscellaneous":""},"schema":{"@context":"https:\/\/schema.org","@graph":[{"@type":"BreadcrumbList","@id":"https:\/\/awih.pl\/en\/shop\/delivery\/#breadcrumblist","itemListElement":[{"@type":"ListItem","@id":"https:\/\/awih.pl\/en\/#listItem","position":1,"name":"Awih","item":"https:\/\/awih.pl\/en\/","nextItem":{"@type":"ListItem","@id":"https:\/\/awih.pl\/en\/shop\/#listItem","name":"Shop"}},{"@type":"ListItem","@id":"https:\/\/awih.pl\/en\/shop\/#listItem","position":2,"name":"Shop","item":"https:\/\/awih.pl\/en\/shop\/","nextItem":{"@type":"ListItem","@id":"https:\/\/awih.pl\/en\/shop\/delivery\/#listItem","name":"Delivery"},"previousItem":{"@type":"ListItem","@id":"https:\/\/awih.pl\/en\/#listItem","name":"Awih"}},{"@type":"ListItem","@id":"https:\/\/awih.pl\/en\/shop\/delivery\/#listItem","position":3,"name":"Delivery","previousItem":{"@type":"ListItem","@id":"https:\/\/awih.pl\/en\/shop\/#listItem","name":"Shop"}}]},{"@type":"Organization","@id":"https:\/\/awih.pl\/en\/#organization","name":"AWIH Torby i Opakowania","description":"Producent toreb i opakowa\u0144. torby papierowe i opakowania produkujemy ju\u017c ponad 25 lat. Torby dla sieci handlowych. Druk ma\u0142ych nak\u0142ad\u00f3w. Personalizacja","url":"https:\/\/awih.pl\/en\/","email":"biuro@awih.pl","telephone":"+48514041255","logo":{"@type":"ImageObject","url":"https:\/\/awih.pl\/wp-content\/uploads\/2023\/04\/cropped-Logo-AWIH.png","@id":"https:\/\/awih.pl\/en\/shop\/delivery\/#organizationLogo","width":512,"height":512,"caption":"logo AWIH"},"image":{"@id":"https:\/\/awih.pl\/en\/shop\/delivery\/#organizationLogo"},"sameAs":["https:\/\/www.linkedin.com\/company\/awih\/"],"address":{"@id":"https:\/\/awih.pl\/en\/#postaladdress","@type":"PostalAddress","streetAddress":"Ry\u017cowa 96A,","postalCode":"05-816","addressLocality":"Opacz Kolonia","addressRegion":"Mazowieckie","addressCountry":"PL"},"vatID":"PL1130061093"},{"@type":"WebPage","@id":"https:\/\/awih.pl\/en\/shop\/delivery\/#webpage","url":"https:\/\/awih.pl\/en\/shop\/delivery\/","name":"Delivery - AWIH - Torby i Opakowania","description":"Awih \u00bb Shop \u00bb Delivery Delivery Delivery of goods AWIH makes deliveries of bags and packaging in the territory of Poland. If you intend to purchase with delivery outside of Poland, AWIH asks you to arrange such delivery with the Sales Department. The lead time for products without labeling usually does not exceed 2 working","inLanguage":"en-US","isPartOf":{"@id":"https:\/\/awih.pl\/en\/#website"},"breadcrumb":{"@id":"https:\/\/awih.pl\/en\/shop\/delivery\/#breadcrumblist"},"datePublished":"2022-04-06T18:19:41+02:00","dateModified":"2024-03-01T07:42:03+01:00"},{"@type":"WebSite","@id":"https:\/\/awih.pl\/en\/#website","url":"https:\/\/awih.pl\/en\/","name":"AWIH Torby i Opakowania","alternateName":"AWIH","description":"Producent toreb i opakowa\u0144. torby papierowe i opakowania produkujemy ju\u017c ponad 25 lat. Torby dla sieci handlowych. Druk ma\u0142ych nak\u0142ad\u00f3w. Personalizacja","inLanguage":"en-US","publisher":{"@id":"https:\/\/awih.pl\/en\/#organization"}}]},"og:locale":"en_US","og:site_name":"AWIH - Torby i Opakowania - Producent toreb i opakowa\u0144. torby papierowe i opakowania produkujemy ju\u017c ponad 25 lat. Torby dla sieci handlowych. Druk ma\u0142ych nak\u0142ad\u00f3w. Personalizacja","og:type":"article","og:title":"Delivery - AWIH - Torby i Opakowania","og:description":"Awih \u00bb Shop \u00bb Delivery Delivery Delivery of goods AWIH makes deliveries of bags and packaging in the territory of Poland. If you intend to purchase with delivery outside of Poland, AWIH asks you to arrange such delivery with the Sales Department. The lead time for products without labeling usually does not exceed 2 working","og:url":"https:\/\/awih.pl\/en\/shop\/delivery\/","article:published_time":"2022-04-06T16:19:41+00:00","article:modified_time":"2024-03-01T06:42:03+00:00","article:publisher":"https:\/\/www.facebook.com\/AWIHPromotionalBagsPManufacturer","twitter:card":"summary","twitter:title":"Delivery - AWIH - Torby i Opakowania","twitter:description":"Awih \u00bb Shop \u00bb Delivery Delivery Delivery of goods AWIH makes deliveries of bags and packaging in the territory of Poland. If you intend to purchase with delivery outside of Poland, AWIH asks you to arrange such delivery with the Sales Department. The lead time for products without labeling usually does not exceed 2 working"},"aioseo_meta_data":{"post_id":"6245","title":null,"description":null,"keywords":[],"keyphrases":{"focus":{"keyphrase":"","score":0,"analysis":{"keyphraseInTitle":{"score":0,"maxScore":9,"error":1}}},"additional":[]},"primary_term":null,"canonical_url":null,"og_title":null,"og_description":null,"og_object_type":"default","og_image_type":"default","og_image_url":null,"og_image_width":null,"og_image_height":null,"og_image_custom_url":null,"og_image_custom_fields":null,"og_video":"","og_custom_url":null,"og_article_section":null,"og_article_tags":[],"twitter_use_og":false,"twitter_card":"default","twitter_image_type":"default","twitter_image_url":null,"twitter_image_custom_url":null,"twitter_image_custom_fields":null,"twitter_title":null,"twitter_description":null,"schema":{"blockGraphs":[],"customGraphs":[],"default":{"data":{"Article":[],"Course":[],"Dataset":[],"FAQPage":[],"Movie":[],"Person":[],"Product":[],"ProductReview":[],"Car":[],"Recipe":[],"Service":[],"SoftwareApplication":[],"WebPage":[]},"graphName":"WebPage","isEnabled":true},"graphs":[],"defaultGraph":"WebPage","defaultPostTypeGraph":""},"schema_type":"default","schema_type_options":"{\"article\":{\"articleType\":\"BlogPosting\"},\"course\":{\"name\":\"\",\"description\":\"\",\"provider\":\"\"},\"faq\":{\"pages\":[]},\"product\":{\"reviews\":[]},\"recipe\":{\"ingredients\":[],\"instructions\":[],\"keywords\":[]},\"software\":{\"reviews\":[],\"operatingSystems\":[]},\"webPage\":{\"webPageType\":\"WebPage\"}}","pillar_content":false,"robots_default":false,"robots_noindex":true,"robots_noarchive":false,"robots_nosnippet":false,"robots_nofollow":false,"robots_noimageindex":false,"robots_noodp":false,"robots_notranslate":false,"robots_max_snippet":"-1","robots_max_videopreview":"-1","robots_max_imagepreview":"large","priority":null,"frequency":"default","local_seo":null,"seo_analyzer_scan_date":"2025-10-09 07:29:08","breadcrumb_settings":null,"limit_modified_date":false,"reviewed_by":null,"open_ai":null,"ai":null,"created":"2022-09-08 17:48:54","updated":"2025-10-21 20:16:27"},"aioseo_breadcrumb":"<div class=\"aioseo-breadcrumbs\"><span class=\"aioseo-breadcrumb\">\n\t<a href=\"https:\/\/awih.pl\/en\/\" title=\"Awih\">Awih<\/a>\n<\/span><span class=\"aioseo-breadcrumb-separator\">\u00bb<\/span><span class=\"aioseo-breadcrumb\">\n\t<a href=\"https:\/\/awih.pl\/en\/shop\/\" title=\"Shop\">Shop<\/a>\n<\/span><span class=\"aioseo-breadcrumb-separator\">\u00bb<\/span><span class=\"aioseo-breadcrumb\">\n\tDelivery\n<\/span><\/div>","aioseo_breadcrumb_json":[{"label":"Awih","link":"https:\/\/awih.pl\/en\/"},{"label":"Shop","link":"https:\/\/awih.pl\/en\/shop\/"},{"label":"Delivery","link":"https:\/\/awih.pl\/en\/shop\/delivery\/"}],"_links":{"self":[{"href":"https:\/\/awih.pl\/en\/wp-json\/wp\/v2\/pages\/6245","targetHints":{"allow":["GET"]}}],"collection":[{"href":"https:\/\/awih.pl\/en\/wp-json\/wp\/v2\/pages"}],"about":[{"href":"https:\/\/awih.pl\/en\/wp-json\/wp\/v2\/types\/page"}],"author":[{"embeddable":true,"href":"https:\/\/awih.pl\/en\/wp-json\/wp\/v2\/users\/2"}],"replies":[{"embeddable":true,"href":"https:\/\/awih.pl\/en\/wp-json\/wp\/v2\/comments?post=6245"}],"version-history":[{"count":2,"href":"https:\/\/awih.pl\/en\/wp-json\/wp\/v2\/pages\/6245\/revisions"}],"predecessor-version":[{"id":11291,"href":"https:\/\/awih.pl\/en\/wp-json\/wp\/v2\/pages\/6245\/revisions\/11291"}],"up":[{"embeddable":true,"href":"https:\/\/awih.pl\/en\/wp-json\/wp\/v2\/pages\/5463"}],"wp:attachment":[{"href":"https:\/\/awih.pl\/en\/wp-json\/wp\/v2\/media?parent=6245"}],"curies":[{"name":"wp","href":"https:\/\/api.w.org\/{rel}","templated":true}]}}