{"id":7434,"date":"2020-09-16T05:16:57","date_gmt":"2020-09-16T03:16:57","guid":{"rendered":"https:\/\/awih.pl\/contact-2\/"},"modified":"2023-01-04T17:49:48","modified_gmt":"2023-01-04T16:49:48","slug":"contact-2","status":"publish","type":"page","link":"https:\/\/awih.pl\/en\/contact-2\/","title":{"rendered":"Contact"},"content":{"rendered":"\n<div class=\"row\"  id=\"row-1451777698\">\n\n\n\t<div id=\"col-974621363\" class=\"col small-12 large-12\"  >\n\t\t\t\t<div class=\"col-inner\"  >\n\t\t\t\n\t\t\t\n\n<div class=\"aioseo-breadcrumbs\"><span class=\"aioseo-breadcrumb\">\n\t<a href=\"https:\/\/awih.pl\/en\/\" title=\"Awih\">Awih<\/a>\n<\/span><span class=\"aioseo-breadcrumb-separator\">\u00bb<\/span><span class=\"aioseo-breadcrumb\">\n\tContact\n<\/span><\/div>\n\n\t\t<\/div>\n\t\t\t\t\t<\/div>\n\n\t\n\n<\/div>\n<div class=\"row\"  id=\"row-704878750\">\n\n\n\t<div id=\"col-898765052\" class=\"col medium-4 small-12 large-4\"  >\n\t\t\t\t<div class=\"col-inner text-center box-shadow-2 box-shadow-2-hover\" style=\"background-color:rgb(249, 249, 249);\" >\n\t\t\t\n\t\t\t\n\n\t<div id=\"text-2946649012\" class=\"text\">\n\t\t\n\n<h3><span style=\"font-size: 90%;\"><span style=\"font-size: 85%;\"><strong>AWIH Bags and Packaging<\/strong><\/span><\/span><\/h3>\n<div class=\"td\">\n<h3><span style=\"font-size: 85%;\"><span style=\"font-size: 80%;\">Street. Rice 96A<\/span><br><span style=\"font-size: 80%;\">05-816 Opacz Kolonia<\/span><\/span><span style=\"font-size: 80%;\"><br><a title=\"website\" href=\"http:\/\/www.awih.com.pl\/\">www.awih.pl<\/a><\/span><br><span style=\"font-size: 80%;\">tel. switchboard: <a href=\"tel:48%20514%20041%20255\">+48 514 041 255<\/a><\/span><\/h3>\n<\/div>\n\t\t\n<style>\n#text-2946649012 {\n  text-align: left;\n}\n<\/style>\n\t<\/div>\n\t\n\n\t\t<\/div>\n\t\t\t\t\t<\/div>\n\n\t\n\n\t<div id=\"col-18166587\" class=\"col medium-4 small-12 large-4\"  >\n\t\t\t\t<div class=\"col-inner box-shadow-2 box-shadow-2-hover\" style=\"background-color:rgb(249, 249, 249);\" >\n\t\t\t\n\t\t\t\n\n<h3><span style=\"font-size: 85%;\">&nbsp; &nbsp; &nbsp;COMMERCIAL DIVISION<\/span><\/h3>\n<h4><span style=\"font-size: 85%;\">&nbsp; &nbsp; &nbsp;&#8211; sales &#8211; Poland<\/span><\/h4>\n<p><span style=\"font-size: 85%;\">&nbsp; &nbsp; &nbsp;tel.<a href=\"tel:%20789%20022%20109\">789 022 109<\/a><\/span><br \/> <span style=\"font-size: 85%;\">&nbsp; &nbsp; &nbsp;phone <a href=\"tel:%20789%20022%20807\">789 022 807<\/a><br \/><\/span>&nbsp; &nbsp; <span style=\"font-size: 85%;\">tel. <a href=\"tel:%20789%20024%20254\">789 024 254<\/a><\/span><br \/><span style=\"font-size: 85%;\">&nbsp; &nbsp; &nbsp;e-mail: <a href=\"mailto:biuro@awih.com.pl\">biuro@awih.com.pl<\/a><\/span><\/p>\n<h4><span style=\"font-size: 85%;\">&nbsp; &nbsp; &nbsp;&#8211; sales &#8211; European Union<\/span><\/h4>\n<p><span style=\"font-size: 85%;\">&nbsp; &nbsp; &nbsp;tel.<a href=\"http:\/\/+48%20789%20022%20146\" data-wplink-url-error=\"true\">+48 789 022 146<\/a><\/span><br \/><span style=\"font-size: 85%;\">&nbsp; &nbsp; &nbsp;email:<a href=\"mailto:export@awih.com.pl\"> export@awih.com.pl<\/a><\/span><\/p>\n<h4><span style=\"font-size: 85%;\">&nbsp; &nbsp; &nbsp;&#8211; promotions and sales<\/span><\/h4>\n<p><span style=\"font-size: 85%;\">&nbsp; &nbsp; &nbsp;tel.<a href=\"tel:%20789%20022%20807\">789 022 807<\/a><\/span><br \/><span style=\"font-size: 85%;\">&nbsp; &nbsp; &nbsp;e-mail:<a href=\"mailto:biuro@awih.com.pl\"> biuro@awih.com.pl<\/a><\/span><\/p><\/p>\n\n\t\t<\/div>\n\t\t\t\t\t<\/div>\n\n\t\n\n\t<div id=\"col-825450561\" class=\"col medium-4 small-12 large-4\"  >\n\t\t\t\t<div class=\"col-inner box-shadow-2 box-shadow-2-hover\" style=\"background-color:rgb(249, 249, 249);\" >\n\t\t\t\n\t\t\t\n\n<h3><span style=\"font-size: 85%;\">&nbsp; &nbsp; &nbsp;GRAPHICS DEPARTMENT<\/span><\/h3>\n<p><span style=\"font-size: 85%;\">&nbsp; &nbsp; &nbsp;tel.<a href=\"tel:%20517%20113%20764\">517 113 764<\/a><\/span><br \/><span style=\"font-size: 85%;\">&nbsp; &nbsp; &nbsp;e-mail: <a href=\"mailto:grafik@awih.com.pl\">grafik@awih.com.pl<\/a><\/span><\/p>\n<h3><span style=\"font-size: 85%;\">&nbsp; &nbsp;<\/span><span style=\"font-size: 85%;\">&nbsp; &nbsp;PRODUCTION<\/span><\/h3>\n<p><span style=\"font-size: 85%;\">&nbsp; &nbsp; &nbsp;tel.<a href=\"tel:%20513%20026%20687\">513 026 687<\/a><br \/>&nbsp; &nbsp; &nbsp;e-mail: <a href=\"mailto:biuro@awih.com.pl\">biuro@awih.com.pl<\/a><br \/><\/span><\/p>\n<h3><span style=\"font-size: 85%;\">&nbsp; &nbsp; &nbsp;ACCOUNTING,<br \/>&nbsp; &nbsp; &nbsp;ADMINISTRATION<\/span><\/h3>\n<p><span style=\"font-size: 85%;\">&nbsp; &nbsp; &nbsp;tel.<a href=\"tel:%20513%20026%20738\">513 026 738<\/a><\/span><br \/><span style=\"font-size: 85%;\">&nbsp; &nbsp; &nbsp;e-mail: <a href=\"mailto:ksiegowosc@awih.com.pl\">ksiegowosc@awih.com.pl<\/a><\/span><\/p>\n<h3><span style=\"font-size: 85%;\">&nbsp; &nbsp;MARKETING<\/span><\/h3>\n<p><span style=\"font-size: 85%;\">&nbsp; &nbsp; &nbsp;email: <a href=\"mailto:marketing@awih.com.pl\">marketing@awih.com.pl<\/a><\/span><\/p>\n\n\t\t<\/div>\n\t\t\t\t\t<\/div>\n\n\t\n\n<\/div>\n<div class=\"row\"  id=\"row-549161382\">\n\n\n\t<div id=\"col-1571347355\" class=\"col medium-6 small-12 large-6\"  >\n\t\t\t\t<div class=\"col-inner\"  >\n\t\t\t\n\t\t\t\n\n<div class=\"row row-collapse row-dashed\"  id=\"row-1280740455\">\n\n\n\t<div id=\"col-1825625185\" class=\"col small-12 large-12\"  >\n\t\t\t\t<div class=\"col-inner\"  >\n\t\t\t\n\t\t\t\n\n\n<div class=\"wpcf7 no-js\" id=\"wpcf7-f1507-o1\" lang=\"pl-PL\" dir=\"ltr\" data-wpcf7-id=\"1507\">\n<div class=\"screen-reader-response\"><p role=\"status\" aria-live=\"polite\" aria-atomic=\"true\"><\/p> <ul><\/ul><\/div>\n<form action=\"\/en\/wp-json\/wp\/v2\/pages\/7434#wpcf7-f1507-o1\" method=\"post\" class=\"wpcf7-form init\" aria-label=\"Formularz kontaktowy\" novalidate=\"novalidate\" data-status=\"init\">\n<fieldset class=\"hidden-fields-container\"><input type=\"hidden\" name=\"_wpcf7\" value=\"1507\" \/><input type=\"hidden\" name=\"_wpcf7_version\" value=\"6.1.5\" \/><input type=\"hidden\" name=\"_wpcf7_locale\" value=\"pl_PL\" \/><input type=\"hidden\" name=\"_wpcf7_unit_tag\" value=\"wpcf7-f1507-o1\" \/><input type=\"hidden\" name=\"_wpcf7_container_post\" value=\"0\" \/><input type=\"hidden\" name=\"_wpcf7_posted_data_hash\" value=\"\" \/>\n<\/fieldset>\n<p><label> Twoje imi\u0119 i nazwisko<br \/>\n<span class=\"wpcf7-form-control-wrap\" data-name=\"your-name\"><input size=\"40\" maxlength=\"400\" class=\"wpcf7-form-control wpcf7-text wpcf7-validates-as-required\" aria-required=\"true\" aria-invalid=\"false\" value=\"\" type=\"text\" name=\"your-name\" \/><\/span> <\/label>\n<\/p>\n<p><label> Tw\u00f3j email<br \/>\n<span class=\"wpcf7-form-control-wrap\" data-name=\"your-email\"><input size=\"40\" maxlength=\"400\" class=\"wpcf7-form-control wpcf7-email wpcf7-validates-as-required wpcf7-text wpcf7-validates-as-email\" aria-required=\"true\" aria-invalid=\"false\" value=\"\" type=\"email\" name=\"your-email\" \/><\/span> <\/label>\n<\/p>\n<p><label> Tw\u00f3j numer telefonu<br \/>\n<span class=\"wpcf7-form-control-wrap\" data-name=\"Telefon\"><input size=\"40\" maxlength=\"400\" class=\"wpcf7-form-control wpcf7-tel wpcf7-validates-as-required wpcf7-text wpcf7-validates-as-tel\" aria-required=\"true\" aria-invalid=\"false\" value=\"\" type=\"tel\" name=\"Telefon\" \/><\/span> <\/label>\n<\/p>\n<p><label> Temat<br \/>\n<span class=\"wpcf7-form-control-wrap\" data-name=\"your-subject\"><input size=\"40\" maxlength=\"400\" class=\"wpcf7-form-control wpcf7-text wpcf7-validates-as-required\" aria-required=\"true\" aria-invalid=\"false\" value=\"\" type=\"text\" name=\"your-subject\" \/><\/span> <\/label>\n<\/p>\n<p><label> Twoja wiadomo\u015b\u0107<br \/>\n<span class=\"wpcf7-form-control-wrap\" data-name=\"your-message\"><textarea cols=\"40\" rows=\"10\" maxlength=\"2000\" class=\"wpcf7-form-control wpcf7-textarea\" aria-invalid=\"false\" name=\"your-message\"><\/textarea><\/span> <\/label>\n<\/p>\n<p><input class=\"wpcf7-form-control wpcf7-submit has-spinner\" type=\"submit\" value=\"Wy\u015blij\" \/>\n<\/p><div class=\"wpcf7-response-output\" aria-hidden=\"true\"><\/div>\n<\/form>\n<\/div>\n\n\n\n\t\t<\/div>\n\t\t\t\t\t<\/div>\n\n\t\n\n\n<style>\n#row-1280740455 > .col > .col-inner {\n  background-color: rgb(249, 249, 249);\n}\n<\/style>\n<\/div>\n\n\t\t<\/div>\n\t\t\t\t\t<\/div>\n\n\t\n\n\t<div id=\"col-939898566\" class=\"col medium-6 small-12 large-6\"  >\n\t\t\t\t<div class=\"col-inner\"  >\n\t\t\t\n\t\t\t\n\n<p><iframe src=\"https:\/\/www.google.com\/maps\/embed?pb=!1m18!1m12!1m3!1d2446.427387010532!2d20.90263421610709!3d52.18110367975148!2m3!1f0!2f0!3f0!3m2!1i1024!2i768!4f13.1!3m3!1m2!1s0x4719349242a5a9cf%3A0x76d187edc328e0d1!2sRy%C5%BCowa%2096A%2C%2005-816%20Opacz-Kolonia!5e0!3m2!1spl!2spl!4v1616754370340!5m2!1spl!2spl\" width=\"100%\" height=\"450\" style=\"border:0;\" allowfullscreen=\"\" loading=\"lazy\"><\/iframe><\/p>\n<div class=\"row\"  id=\"row-1719522478\">\n\n\n\t<div id=\"col-228270946\" class=\"col small-12 large-12\"  >\n\t\t\t\t<div class=\"col-inner\"  >\n\t\t\t\n\t\t\t\n\n<p style=\"text-align: center;\">AWIH ul. Rice 96A 05-816 Opacz Kolonia<\/p>\n\n\t\t<\/div>\n\t\t\t\t\t<\/div>\n\n\t\n\n<\/div>\n\n\t\t<\/div>\n\t\t\t\t\t<\/div>\n\n\t\n\n<\/div>\n<div class=\"row\"  id=\"row-1557986038\">\n\n\n\t<div id=\"col-532557313\" class=\"col small-12 large-12\"  >\n\t\t\t\t<div class=\"col-inner\"  >\n\t\t\t\n\t\t\t\n\n\n\t\t<\/div>\n\t\t\t\t\t<\/div>\n\n\t\n\n<\/div>\n\n","protected":false},"excerpt":{"rendered":"","protected":false},"author":1,"featured_media":0,"parent":0,"menu_order":0,"comment_status":"closed","ping_status":"closed","template":"","meta":{"_monsterinsights_skip_tracking":false,"_monsterinsights_sitenote_active":false,"_monsterinsights_sitenote_note":"","_monsterinsights_sitenote_category":0,"footnotes":""},"class_list":["post-7434","page","type-page","status-publish","hentry"],"aioseo_notices":[],"aioseo_head":"\n\t\t<!-- All in One SEO Pro 4.9.6.1 - aioseo.com -->\n\t<meta name=\"description\" content=\"Awih \u00bb Contact AWIH Bags and Packaging Street. Rice 96A05-816 Opacz Koloniawww.awih.pltel. switchboard: +48 514 041 255 COMMERCIAL DIVISION - sales - Poland tel.789 022 109 phone 789 022 807 tel. 789 024 254 e-mail: biuro@awih.com.pl - sales - European Union\" \/>\n\t<meta name=\"robots\" content=\"max-image-preview:large\" \/>\n\t<meta name=\"google-site-verification\" content=\"qUbTDLl1QkUPNtEoo7SGcWHy_iy170abgHQeQ65Pu-M\" \/>\n\t<link rel=\"canonical\" href=\"https:\/\/awih.pl\/en\/contact-2\/\" \/>\n\t<meta name=\"generator\" content=\"All in One SEO Pro (AIOSEO) 4.9.6.1\" \/>\n\t\t<meta property=\"og:locale\" content=\"en_US\" \/>\n\t\t<meta property=\"og:site_name\" content=\"AWIH - Torby i Opakowania - Producent toreb i opakowa\u0144. torby papierowe i opakowania produkujemy ju\u017c ponad 25 lat. Torby dla sieci handlowych. Druk ma\u0142ych nak\u0142ad\u00f3w. Personalizacja\" \/>\n\t\t<meta property=\"og:type\" content=\"article\" \/>\n\t\t<meta property=\"og:title\" content=\"Contact - AWIH - Torby i Opakowania - We work from 8am to 4pm.\" \/>\n\t\t<meta property=\"og:description\" content=\"Awih \u00bb Contact AWIH Bags and Packaging Street. Rice 96A05-816 Opacz Koloniawww.awih.pltel. switchboard: +48 514 041 255 COMMERCIAL DIVISION - sales - Poland tel.789 022 109 phone 789 022 807 tel. 789 024 254 e-mail: biuro@awih.com.pl - sales - European Union\" \/>\n\t\t<meta property=\"og:url\" content=\"https:\/\/awih.pl\/en\/contact-2\/\" \/>\n\t\t<meta property=\"article:published_time\" content=\"2020-09-16T03:16:57+00:00\" \/>\n\t\t<meta property=\"article:modified_time\" content=\"2023-01-04T16:49:48+00:00\" \/>\n\t\t<meta property=\"article:publisher\" content=\"https:\/\/www.facebook.com\/AWIHPromotionalBagsPManufacturer\" \/>\n\t\t<meta name=\"twitter:card\" content=\"summary\" \/>\n\t\t<meta name=\"twitter:title\" content=\"Contact - AWIH - Torby i Opakowania - We work from 8am to 4pm.\" \/>\n\t\t<meta name=\"twitter:description\" content=\"Awih \u00bb Contact AWIH Bags and Packaging Street. Rice 96A05-816 Opacz Koloniawww.awih.pltel. switchboard: +48 514 041 255 COMMERCIAL DIVISION - sales - Poland tel.789 022 109 phone 789 022 807 tel. 789 024 254 e-mail: biuro@awih.com.pl - sales - European Union\" \/>\n\t\t<script type=\"application\/ld+json\" class=\"aioseo-schema\">\n\t\t\t{\"@context\":\"https:\\\/\\\/schema.org\",\"@graph\":[{\"@type\":\"BreadcrumbList\",\"@id\":\"https:\\\/\\\/awih.pl\\\/en\\\/contact-2\\\/#breadcrumblist\",\"itemListElement\":[{\"@type\":\"ListItem\",\"@id\":\"https:\\\/\\\/awih.pl\\\/en\\\/#listItem\",\"position\":1,\"name\":\"Awih\",\"item\":\"https:\\\/\\\/awih.pl\\\/en\\\/\",\"nextItem\":{\"@type\":\"ListItem\",\"@id\":\"https:\\\/\\\/awih.pl\\\/en\\\/contact-2\\\/#listItem\",\"name\":\"Contact\"}},{\"@type\":\"ListItem\",\"@id\":\"https:\\\/\\\/awih.pl\\\/en\\\/contact-2\\\/#listItem\",\"position\":2,\"name\":\"Contact\",\"previousItem\":{\"@type\":\"ListItem\",\"@id\":\"https:\\\/\\\/awih.pl\\\/en\\\/#listItem\",\"name\":\"Awih\"}}]},{\"@type\":\"Organization\",\"@id\":\"https:\\\/\\\/awih.pl\\\/en\\\/#organization\",\"name\":\"AWIH Torby i Opakowania\",\"description\":\"Producent toreb i opakowa\\u0144. torby papierowe i opakowania produkujemy ju\\u017c ponad 25 lat. Torby dla sieci handlowych. Druk ma\\u0142ych nak\\u0142ad\\u00f3w. Personalizacja\",\"url\":\"https:\\\/\\\/awih.pl\\\/en\\\/\",\"email\":\"biuro@awih.pl\",\"telephone\":\"+48514041255\",\"logo\":{\"@type\":\"ImageObject\",\"url\":\"https:\\\/\\\/awih.pl\\\/wp-content\\\/uploads\\\/2023\\\/04\\\/cropped-Logo-AWIH.png\",\"@id\":\"https:\\\/\\\/awih.pl\\\/en\\\/contact-2\\\/#organizationLogo\",\"width\":512,\"height\":512,\"caption\":\"logo AWIH\"},\"image\":{\"@id\":\"https:\\\/\\\/awih.pl\\\/en\\\/contact-2\\\/#organizationLogo\"},\"sameAs\":[\"https:\\\/\\\/www.linkedin.com\\\/company\\\/awih\\\/\"],\"address\":{\"@id\":\"https:\\\/\\\/awih.pl\\\/en\\\/#postaladdress\",\"@type\":\"PostalAddress\",\"streetAddress\":\"Ry\\u017cowa 96A,\",\"postalCode\":\"05-816\",\"addressLocality\":\"Opacz Kolonia\",\"addressRegion\":\"Mazowieckie\",\"addressCountry\":\"PL\"},\"vatID\":\"PL1130061093\"},{\"@type\":\"WebPage\",\"@id\":\"https:\\\/\\\/awih.pl\\\/en\\\/contact-2\\\/#webpage\",\"url\":\"https:\\\/\\\/awih.pl\\\/en\\\/contact-2\\\/\",\"name\":\"Contact - AWIH - Torby i Opakowania - We work from 8am to 4pm.\",\"description\":\"Awih \\u00bb Contact AWIH Bags and Packaging Street. Rice 96A05-816 Opacz Koloniawww.awih.pltel. switchboard: +48 514 041 255 COMMERCIAL DIVISION - sales - Poland tel.789 022 109 phone 789 022 807 tel. 789 024 254 e-mail: biuro@awih.com.pl - sales - European Union\",\"inLanguage\":\"en-US\",\"isPartOf\":{\"@id\":\"https:\\\/\\\/awih.pl\\\/en\\\/#website\"},\"breadcrumb\":{\"@id\":\"https:\\\/\\\/awih.pl\\\/en\\\/contact-2\\\/#breadcrumblist\"},\"datePublished\":\"2020-09-16T05:16:57+02:00\",\"dateModified\":\"2023-01-04T17:49:48+01:00\"},{\"@type\":\"WebSite\",\"@id\":\"https:\\\/\\\/awih.pl\\\/en\\\/#website\",\"url\":\"https:\\\/\\\/awih.pl\\\/en\\\/\",\"name\":\"AWIH Torby i Opakowania\",\"alternateName\":\"AWIH\",\"description\":\"Producent toreb i opakowa\\u0144. torby papierowe i opakowania produkujemy ju\\u017c ponad 25 lat. Torby dla sieci handlowych. Druk ma\\u0142ych nak\\u0142ad\\u00f3w. Personalizacja\",\"inLanguage\":\"en-US\",\"publisher\":{\"@id\":\"https:\\\/\\\/awih.pl\\\/en\\\/#organization\"}}]}\n\t\t<\/script>\n\t\t<!-- All in One SEO Pro -->\r\n\t\t<title>Contact - AWIH - Torby i Opakowania - We work from 8am to 4pm.<\/title>\n\n","aioseo_head_json":{"title":"Contact - AWIH - Torby i Opakowania - We work from 8am to 4pm.","description":"Awih \u00bb Contact AWIH Bags and Packaging Street. Rice 96A05-816 Opacz Koloniawww.awih.pltel. switchboard: +48 514 041 255 COMMERCIAL DIVISION - sales - Poland tel.789 022 109 phone 789 022 807 tel. 789 024 254 e-mail: biuro@awih.com.pl - sales - European Union","canonical_url":"https:\/\/awih.pl\/en\/contact-2\/","robots":"max-image-preview:large","keywords":"","webmasterTools":{"google-site-verification":"qUbTDLl1QkUPNtEoo7SGcWHy_iy170abgHQeQ65Pu-M","miscellaneous":""},"schema":{"@context":"https:\/\/schema.org","@graph":[{"@type":"BreadcrumbList","@id":"https:\/\/awih.pl\/en\/contact-2\/#breadcrumblist","itemListElement":[{"@type":"ListItem","@id":"https:\/\/awih.pl\/en\/#listItem","position":1,"name":"Awih","item":"https:\/\/awih.pl\/en\/","nextItem":{"@type":"ListItem","@id":"https:\/\/awih.pl\/en\/contact-2\/#listItem","name":"Contact"}},{"@type":"ListItem","@id":"https:\/\/awih.pl\/en\/contact-2\/#listItem","position":2,"name":"Contact","previousItem":{"@type":"ListItem","@id":"https:\/\/awih.pl\/en\/#listItem","name":"Awih"}}]},{"@type":"Organization","@id":"https:\/\/awih.pl\/en\/#organization","name":"AWIH Torby i Opakowania","description":"Producent toreb i opakowa\u0144. torby papierowe i opakowania produkujemy ju\u017c ponad 25 lat. Torby dla sieci handlowych. Druk ma\u0142ych nak\u0142ad\u00f3w. Personalizacja","url":"https:\/\/awih.pl\/en\/","email":"biuro@awih.pl","telephone":"+48514041255","logo":{"@type":"ImageObject","url":"https:\/\/awih.pl\/wp-content\/uploads\/2023\/04\/cropped-Logo-AWIH.png","@id":"https:\/\/awih.pl\/en\/contact-2\/#organizationLogo","width":512,"height":512,"caption":"logo AWIH"},"image":{"@id":"https:\/\/awih.pl\/en\/contact-2\/#organizationLogo"},"sameAs":["https:\/\/www.linkedin.com\/company\/awih\/"],"address":{"@id":"https:\/\/awih.pl\/en\/#postaladdress","@type":"PostalAddress","streetAddress":"Ry\u017cowa 96A,","postalCode":"05-816","addressLocality":"Opacz Kolonia","addressRegion":"Mazowieckie","addressCountry":"PL"},"vatID":"PL1130061093"},{"@type":"WebPage","@id":"https:\/\/awih.pl\/en\/contact-2\/#webpage","url":"https:\/\/awih.pl\/en\/contact-2\/","name":"Contact - AWIH - Torby i Opakowania - We work from 8am to 4pm.","description":"Awih \u00bb Contact AWIH Bags and Packaging Street. Rice 96A05-816 Opacz Koloniawww.awih.pltel. switchboard: +48 514 041 255 COMMERCIAL DIVISION - sales - Poland tel.789 022 109 phone 789 022 807 tel. 789 024 254 e-mail: biuro@awih.com.pl - sales - European Union","inLanguage":"en-US","isPartOf":{"@id":"https:\/\/awih.pl\/en\/#website"},"breadcrumb":{"@id":"https:\/\/awih.pl\/en\/contact-2\/#breadcrumblist"},"datePublished":"2020-09-16T05:16:57+02:00","dateModified":"2023-01-04T17:49:48+01:00"},{"@type":"WebSite","@id":"https:\/\/awih.pl\/en\/#website","url":"https:\/\/awih.pl\/en\/","name":"AWIH Torby i Opakowania","alternateName":"AWIH","description":"Producent toreb i opakowa\u0144. torby papierowe i opakowania produkujemy ju\u017c ponad 25 lat. Torby dla sieci handlowych. Druk ma\u0142ych nak\u0142ad\u00f3w. Personalizacja","inLanguage":"en-US","publisher":{"@id":"https:\/\/awih.pl\/en\/#organization"}}]},"og:locale":"en_US","og:site_name":"AWIH - Torby i Opakowania - Producent toreb i opakowa\u0144. torby papierowe i opakowania produkujemy ju\u017c ponad 25 lat. Torby dla sieci handlowych. Druk ma\u0142ych nak\u0142ad\u00f3w. Personalizacja","og:type":"article","og:title":"Contact - AWIH - Torby i Opakowania - We work from 8am to 4pm.","og:description":"Awih \u00bb Contact AWIH Bags and Packaging Street. Rice 96A05-816 Opacz Koloniawww.awih.pltel. switchboard: +48 514 041 255 COMMERCIAL DIVISION - sales - Poland tel.789 022 109 phone 789 022 807 tel. 789 024 254 e-mail: biuro@awih.com.pl - sales - European Union","og:url":"https:\/\/awih.pl\/en\/contact-2\/","article:published_time":"2020-09-16T03:16:57+00:00","article:modified_time":"2023-01-04T16:49:48+00:00","article:publisher":"https:\/\/www.facebook.com\/AWIHPromotionalBagsPManufacturer","twitter:card":"summary","twitter:title":"Contact - AWIH - Torby i Opakowania - We work from 8am to 4pm.","twitter:description":"Awih \u00bb Contact AWIH Bags and Packaging Street. Rice 96A05-816 Opacz Koloniawww.awih.pltel. switchboard: +48 514 041 255 COMMERCIAL DIVISION - sales - Poland tel.789 022 109 phone 789 022 807 tel. 789 024 254 e-mail: biuro@awih.com.pl - sales - European Union"},"aioseo_meta_data":{"post_id":"7434","title":"#post_title #separator_sa #site_title #separator_sa We work from 8am to 4pm.","description":null,"keywords":[],"keyphrases":{"focus":{"keyphrase":"","score":0,"analysis":{"keyphraseInTitle":{"score":0,"maxScore":9,"error":1}}},"additional":[]},"primary_term":null,"canonical_url":null,"og_title":null,"og_description":null,"og_object_type":"default","og_image_type":"default","og_image_url":null,"og_image_width":null,"og_image_height":null,"og_image_custom_url":null,"og_image_custom_fields":null,"og_video":"","og_custom_url":null,"og_article_section":null,"og_article_tags":[],"twitter_use_og":false,"twitter_card":"default","twitter_image_type":"default","twitter_image_url":null,"twitter_image_custom_url":null,"twitter_image_custom_fields":null,"twitter_title":null,"twitter_description":null,"schema":{"blockGraphs":[],"customGraphs":[],"default":{"data":{"Article":[],"Course":[],"Dataset":[],"FAQPage":[],"Movie":[],"Person":[],"Product":[],"ProductReview":[],"Car":[],"Recipe":[],"Service":[],"SoftwareApplication":[],"WebPage":[]},"graphName":"WebPage","isEnabled":true},"graphs":[],"defaultGraph":"WebPage","defaultPostTypeGraph":""},"schema_type":"default","schema_type_options":"{\"article\":{\"articleType\":\"BlogPosting\"},\"course\":{\"name\":\"\",\"description\":\"\",\"provider\":\"\"},\"faq\":{\"pages\":[]},\"product\":{\"reviews\":[]},\"recipe\":{\"ingredients\":[],\"instructions\":[],\"keywords\":[]},\"software\":{\"reviews\":[],\"operatingSystems\":[]},\"webPage\":{\"webPageType\":\"WebPage\"}}","pillar_content":false,"robots_default":true,"robots_noindex":false,"robots_noarchive":false,"robots_nosnippet":false,"robots_nofollow":false,"robots_noimageindex":false,"robots_noodp":false,"robots_notranslate":false,"robots_max_snippet":"-1","robots_max_videopreview":"-1","robots_max_imagepreview":"large","priority":null,"frequency":"default","local_seo":null,"seo_analyzer_scan_date":"2025-10-09 06:51:01","breadcrumb_settings":null,"limit_modified_date":false,"reviewed_by":null,"open_ai":null,"ai":null,"created":"2023-01-04 16:45:28","updated":"2025-10-22 01:08:49"},"aioseo_breadcrumb":"<div class=\"aioseo-breadcrumbs\"><span class=\"aioseo-breadcrumb\">\n\t<a href=\"https:\/\/awih.pl\/en\/\" title=\"Awih\">Awih<\/a>\n<\/span><span class=\"aioseo-breadcrumb-separator\">\u00bb<\/span><span class=\"aioseo-breadcrumb\">\n\tContact\n<\/span><\/div>","aioseo_breadcrumb_json":[{"label":"Awih","link":"https:\/\/awih.pl\/en\/"},{"label":"Contact","link":"https:\/\/awih.pl\/en\/contact-2\/"}],"_links":{"self":[{"href":"https:\/\/awih.pl\/en\/wp-json\/wp\/v2\/pages\/7434","targetHints":{"allow":["GET"]}}],"collection":[{"href":"https:\/\/awih.pl\/en\/wp-json\/wp\/v2\/pages"}],"about":[{"href":"https:\/\/awih.pl\/en\/wp-json\/wp\/v2\/types\/page"}],"author":[{"embeddable":true,"href":"https:\/\/awih.pl\/en\/wp-json\/wp\/v2\/users\/1"}],"replies":[{"embeddable":true,"href":"https:\/\/awih.pl\/en\/wp-json\/wp\/v2\/comments?post=7434"}],"version-history":[{"count":3,"href":"https:\/\/awih.pl\/en\/wp-json\/wp\/v2\/pages\/7434\/revisions"}],"predecessor-version":[{"id":7438,"href":"https:\/\/awih.pl\/en\/wp-json\/wp\/v2\/pages\/7434\/revisions\/7438"}],"wp:attachment":[{"href":"https:\/\/awih.pl\/en\/wp-json\/wp\/v2\/media?parent=7434"}],"curies":[{"name":"wp","href":"https:\/\/api.w.org\/{rel}","templated":true}]}}