{"id":7457,"date":"2021-06-09T15:20:57","date_gmt":"2021-06-09T13:20:57","guid":{"rendered":"https:\/\/awih.pl\/shipping-packaging-for-parcel-machines\/"},"modified":"2023-01-05T11:51:16","modified_gmt":"2023-01-05T10:51:16","slug":"shipping-packaging-for-parcel-machines","status":"publish","type":"page","link":"https:\/\/awih.pl\/en\/packaging\/shipping-packaging-for-parcel-machines\/","title":{"rendered":"Shipping packaging for parcel machines"},"content":{"rendered":"\n<div class=\"row\"  id=\"row-1418150320\">\n\n\n\t<div id=\"col-1677690436\" class=\"col small-12 large-12\"  >\n\t\t\t\t<div class=\"col-inner\"  >\n\t\t\t\n\t\t\t\n\n<h5><span style=\"font-size: 75%;\"><div class=\"aioseo-breadcrumbs\"><span class=\"aioseo-breadcrumb\">\n\t<a href=\"https:\/\/awih.pl\/en\/\" title=\"Awih\">Awih<\/a>\n<\/span><span class=\"aioseo-breadcrumb-separator\">\u00bb<\/span><span class=\"aioseo-breadcrumb\">\n\t<a href=\"https:\/\/awih.pl\/en\/?page_id=11232\" title=\"Packaging\">Packaging<\/a>\n<\/span><span class=\"aioseo-breadcrumb-separator\">\u00bb<\/span><span class=\"aioseo-breadcrumb\">\n\tShipping packaging for parcel machines\n<\/span><\/div><\/span><\/h5>\n\n\t\t<\/div>\n\t\t\t\t\t<\/div>\n\n\t\n\n<\/div>\n<div class=\"row\"  id=\"row-398202763\">\n\n\n\t<div id=\"col-2010225809\" class=\"col small-12 large-12\"  >\n\t\t\t\t<div class=\"col-inner\"  >\n\t\t\t\n\t\t\t\n\n  <div id=\"page-header-812183717\" class=\"page-header-wrapper\">\n  <div class=\"page-title dark featured-title\">\n\n    \n    <div class=\"page-title-inner container align-center text-center flex-row-col medium-flex-wrap\" >\n              <div class=\"title-wrapper flex-col\">\n          <h1 class=\"entry-title mb-0\">\n            SHIPPING PACKAGES          <\/h1>\n        <\/div>\n                    <div class=\"title-content flex-col\">\n        <ul class=\"nav sm-touch-scroll nav-line nav-uppercase text-center nav-center\"><li class=\"nav-single-page hidden\"><\/li><\/ul>      <\/div>\n    <\/div>\n\n       <\/div>\n    <\/div>\n  \n\n<h2><span style=\"font-size: 75%;\"><br>We produce packaging for parcel machines in accordance with the guidelines for the dimensions.<\/span><br><span style=\"font-size: 75%;\">Our boxes allow you to pack your product quickly. We have ready-made shipping boxes in stock. We can make an advertising print on the boxes in one or more colors, including CMYK.<\/span><br><span style=\"font-size: 75%;\">The boxes are stored flat.<\/span><\/h2>\n<div class=\"row\"  id=\"row-1729883739\">\n\n\n\t<div id=\"col-1441747903\" class=\"col small-12 large-12\"  >\n\t\t\t\t<div class=\"col-inner\"  >\n\t\t\t\n\t\t\t\n\n<h2 style=\"text-align: center;\"><span style=\"font-size: 75%;\">Price list for shipping packages<\/span><\/h2>\n<table width=\"100%\" cellspacing=\"0\" cellpadding=\"5\">\n<tbody>\n<tr valign=\"TOP\">\n<td width=\"25%\">&nbsp;<\/td>\n<td width=\"25%\">\n<p align=\"CENTER\"><strong>Box 200 x 200 x 70 mm<\/strong><\/p>\n<\/td>\n<td width=\"25%\">\n<p align=\"CENTER\"><strong>Box 320 x 220 x 90 mm<\/strong><\/p>\n<\/td>\n<td width=\"25%\">\n<p align=\"CENTER\"><strong>Box 320 x 220 x 130 mm<\/strong><\/p>\n<\/td>\n<\/tr>\n<tr valign=\"TOP\">\n<td width=\"25%\">\n<p align=\"CENTER\">up to 100 pieces<\/p>\n<\/td>\n<td width=\"25%\">\n<p align=\"CENTER\">PLN 0.47<\/p>\n<\/td>\n<td width=\"25%\">\n<p align=\"CENTER\">PLN 0.62<\/p>\n<\/td>\n<td width=\"25%\">\n<p align=\"CENTER\">PLN 0.79<\/p>\n<\/td>\n<\/tr>\n<tr valign=\"TOP\">\n<td width=\"25%\">\n<p align=\"CENTER\">from 101 &#8211; 2,000 pieces<\/p>\n<\/td>\n<td width=\"25%\">\n<p align=\"CENTER\">PLN 0.44<\/p>\n<\/td>\n<td width=\"25%\">\n<p align=\"CENTER\">0,57z\u0142<\/p>\n<\/td>\n<td width=\"25%\">\n<p align=\"CENTER\">PLN 0.75<\/p>\n<\/td>\n<\/tr>\n<tr valign=\"TOP\">\n<td width=\"25%\">\n<p align=\"CENTER\">from 2000 pieces<\/p>\n<\/td>\n<td width=\"25%\">\n<p align=\"CENTER\">PLN 0.42<\/p>\n<\/td>\n<td width=\"25%\">\n<p align=\"CENTER\">PLN 0.55<\/p>\n<\/td>\n<td width=\"25%\">\n<p align=\"CENTER\">PLN 0.22<\/p>\n<\/td>\n<\/tr>\n<tr>\n<td colspan=\"4\" valign=\"TOP\" width=\"100%\">\n<p align=\"RIGHT\">Net prices.<\/p>\n<\/td>\n<\/tr>\n<\/tbody>\n<\/table>\n\n\t\t<\/div>\n\t\t\t\t\t<\/div>\n\n\t\n\n<\/div>\n<div class=\"row align-middle align-center row-box-shadow-3 row-box-shadow-3-hover\"  id=\"row-1373016038\">\n\n\n\t<div id=\"col-774853882\" class=\"col medium-4 small-12 large-4\"  >\n\t\t\t\t<div class=\"col-inner box-shadow-2 box-shadow-2-hover\"  >\n\t\t\t\n\t\t\t\n\n\t<div class=\"img has-hover x md-x lg-x y md-y lg-y\" id=\"image_1156457169\">\n\t\t\t\t<div data-parallax-fade=\"true\" data-parallax=\"2\">\t\t\t\t<div class=\"img-inner image-zoom-long image-cover dark\" style=\"padding-top:100%;\">\n\t\t\t<img width=\"1020\" height=\"1020\" src=\"https:\/\/awih.pl\/wp-content\/uploads\/2021\/06\/karton3-1024x1024.jpg\" class=\"attachment-large size-large\" alt=\"\" srcset=\"https:\/\/awih.pl\/wp-content\/uploads\/2021\/06\/karton3-1024x1024.jpg 1024w, https:\/\/awih.pl\/wp-content\/uploads\/2021\/06\/karton3-500x500.jpg 500w, https:\/\/awih.pl\/wp-content\/uploads\/2021\/06\/karton3-100x100.jpg 100w, https:\/\/awih.pl\/wp-content\/uploads\/2021\/06\/karton3-600x600.jpg 600w, https:\/\/awih.pl\/wp-content\/uploads\/2021\/06\/karton3-300x300.jpg 300w, https:\/\/awih.pl\/wp-content\/uploads\/2021\/06\/karton3-150x150.jpg 150w, https:\/\/awih.pl\/wp-content\/uploads\/2021\/06\/karton3-768x768.jpg 768w, https:\/\/awih.pl\/wp-content\/uploads\/2021\/06\/karton3-1536x1536.jpg 1536w, https:\/\/awih.pl\/wp-content\/uploads\/2021\/06\/karton3.jpg 1653w\" sizes=\"(max-width: 1020px) 100vw, 1020px\" fetchpriority=\"high\" decoding=\"async\" loading=\"eager\" \/>\t\t\t\t\t\t\n\t\t\t\t\t<\/div>\n\t\t\t\t<\/div>\t\t\t\t\n<style>\n#image_1156457169 {\n  width: 100%;\n}\n<\/style>\n\t<\/div>\n\t\n\n\n\t\t<\/div>\n\t\t\t\t\t<\/div>\n\n\t\n\n\t<div id=\"col-161793778\" class=\"col medium-4 small-12 large-4\"  >\n\t\t\t\t<div class=\"col-inner\"  >\n\t\t\t\n\t\t\t\n\n\t<div class=\"img has-hover x md-x lg-x y md-y lg-y\" id=\"image_1274798777\">\n\t\t\t\t\t\t\t\t<div class=\"img-inner image-zoom-long dark\" >\n\t\t\t<img loading=\"lazy\" decoding=\"async\" width=\"1020\" height=\"1020\" src=\"https:\/\/awih.pl\/wp-content\/uploads\/2021\/06\/karton4-1024x1024.jpg\" class=\"attachment-large size-large\" alt=\"\" srcset=\"https:\/\/awih.pl\/wp-content\/uploads\/2021\/06\/karton4-1024x1024.jpg 1024w, https:\/\/awih.pl\/wp-content\/uploads\/2021\/06\/karton4-500x500.jpg 500w, https:\/\/awih.pl\/wp-content\/uploads\/2021\/06\/karton4-100x100.jpg 100w, https:\/\/awih.pl\/wp-content\/uploads\/2021\/06\/karton4-600x600.jpg 600w, https:\/\/awih.pl\/wp-content\/uploads\/2021\/06\/karton4-300x300.jpg 300w, https:\/\/awih.pl\/wp-content\/uploads\/2021\/06\/karton4-150x150.jpg 150w, https:\/\/awih.pl\/wp-content\/uploads\/2021\/06\/karton4-768x768.jpg 768w, https:\/\/awih.pl\/wp-content\/uploads\/2021\/06\/karton4-1536x1536.jpg 1536w, https:\/\/awih.pl\/wp-content\/uploads\/2021\/06\/karton4.jpg 1653w\" sizes=\"auto, (max-width: 1020px) 100vw, 1020px\" \/>\t\t\t\t\t\t\n\t\t\t\t\t<\/div>\n\t\t\t\t\t\t\t\t\n<style>\n#image_1274798777 {\n  width: 100%;\n}\n<\/style>\n\t<\/div>\n\t\n\n\n\t\t<\/div>\n\t\t\t\t\t<\/div>\n\n\t\n\n\t<div id=\"col-764326927\" class=\"col medium-4 small-12 large-4\"  >\n\t\t\t\t<div class=\"col-inner\"  >\n\t\t\t\n\t\t\t\n\n\t<div class=\"img has-hover x md-x lg-x y md-y lg-y\" id=\"image_2015299201\">\n\t\t\t\t\t\t\t\t<div class=\"img-inner image-zoom-long dark\" >\n\t\t\t<img loading=\"lazy\" decoding=\"async\" width=\"1020\" height=\"1020\" src=\"https:\/\/awih.pl\/wp-content\/uploads\/2021\/06\/karton2-1024x1024.jpg\" class=\"attachment-large size-large\" alt=\"\" srcset=\"https:\/\/awih.pl\/wp-content\/uploads\/2021\/06\/karton2-1024x1024.jpg 1024w, https:\/\/awih.pl\/wp-content\/uploads\/2021\/06\/karton2-500x500.jpg 500w, https:\/\/awih.pl\/wp-content\/uploads\/2021\/06\/karton2-100x100.jpg 100w, https:\/\/awih.pl\/wp-content\/uploads\/2021\/06\/karton2-600x600.jpg 600w, https:\/\/awih.pl\/wp-content\/uploads\/2021\/06\/karton2-300x300.jpg 300w, https:\/\/awih.pl\/wp-content\/uploads\/2021\/06\/karton2-150x150.jpg 150w, https:\/\/awih.pl\/wp-content\/uploads\/2021\/06\/karton2-768x768.jpg 768w, https:\/\/awih.pl\/wp-content\/uploads\/2021\/06\/karton2-1536x1536.jpg 1536w, https:\/\/awih.pl\/wp-content\/uploads\/2021\/06\/karton2.jpg 1653w\" sizes=\"auto, (max-width: 1020px) 100vw, 1020px\" \/>\t\t\t\t\t\t\n\t\t\t\t\t<\/div>\n\t\t\t\t\t\t\t\t\n<style>\n#image_2015299201 {\n  width: 100%;\n}\n<\/style>\n\t<\/div>\n\t\n\n\n\t\t<\/div>\n\t\t\t\t\t<\/div>\n\n\t\n\n<\/div>\n\n\t\t<\/div>\n\t\t\t\t\t<\/div>\n\n\t\n\n<\/div>\n<div class=\"row\"  id=\"row-571151851\">\n\n\n\t<div id=\"col-974581242\" class=\"col small-12 large-12\"  >\n\t\t\t\t<div class=\"col-inner\"  >\n\t\t\t\n\t\t\t\n\n<p>Our shipping boxes require&nbsp; to be glued together with tape only in one place on the top surface, where the two flaps meet.<\/p>\n\n\t\t<\/div>\n\t\t\t\t\t<\/div>\n\n\t\n\n<\/div>\n<div class=\"row\"  id=\"row-1916759256\">\n\n\n\t<div id=\"col-1657239438\" class=\"col small-12 large-12\"  >\n\t\t\t\t<div class=\"col-inner\"  >\n\t\t\t\n\t\t\t\n\n<p style=\"text-align: right;\"><a href=\"https:\/\/awih.pl\/en\/\">home page<\/a><\/p>\n\n\t\t<\/div>\n\t\t\t\t\t<\/div>\n\n\t\n\n<\/div>\n","protected":false},"excerpt":{"rendered":"","protected":false},"author":2,"featured_media":0,"parent":11232,"menu_order":0,"comment_status":"closed","ping_status":"closed","template":"","meta":{"_monsterinsights_skip_tracking":false,"_monsterinsights_sitenote_active":false,"_monsterinsights_sitenote_note":"","_monsterinsights_sitenote_category":0,"footnotes":""},"class_list":["post-7457","page","type-page","status-publish","hentry"],"aioseo_notices":[],"aioseo_head":"\n\t\t<!-- All in One SEO Pro 4.9.6.2 - aioseo.com -->\n\t<meta name=\"description\" content=\"Awih \u00bb Packaging \u00bb Shipping packaging for parcel machines SHIPPING PACKAGES We produce packaging for parcel machines in accordance with the guidelines for the dimensions.Our boxes allow you to pack your product quickly. We have ready-made shipping boxes in stock. We can make an advertising print on the boxes in one or more colors, including\" \/>\n\t<meta name=\"robots\" content=\"max-image-preview:large\" \/>\n\t<meta name=\"google-site-verification\" content=\"qUbTDLl1QkUPNtEoo7SGcWHy_iy170abgHQeQ65Pu-M\" \/>\n\t<link rel=\"canonical\" href=\"https:\/\/awih.pl\/en\/packaging\/shipping-packaging-for-parcel-machines\/\" \/>\n\t<meta name=\"generator\" content=\"All in One SEO Pro (AIOSEO) 4.9.6.2\" \/>\n\t\t<meta property=\"og:locale\" content=\"en_US\" \/>\n\t\t<meta property=\"og:site_name\" content=\"AWIH - Torby i Opakowania - Producent toreb i opakowa\u0144. torby papierowe i opakowania produkujemy ju\u017c ponad 25 lat. Torby dla sieci handlowych. Druk ma\u0142ych nak\u0142ad\u00f3w. Personalizacja\" \/>\n\t\t<meta property=\"og:type\" content=\"article\" \/>\n\t\t<meta property=\"og:title\" content=\"Shipping packaging for parcel machines - AWIH - Torby i Opakowania\" \/>\n\t\t<meta property=\"og:description\" content=\"Awih \u00bb Packaging \u00bb Shipping packaging for parcel machines SHIPPING PACKAGES We produce packaging for parcel machines in accordance with the guidelines for the dimensions.Our boxes allow you to pack your product quickly. We have ready-made shipping boxes in stock. We can make an advertising print on the boxes in one or more colors, including\" \/>\n\t\t<meta property=\"og:url\" content=\"https:\/\/awih.pl\/en\/packaging\/shipping-packaging-for-parcel-machines\/\" \/>\n\t\t<meta property=\"article:published_time\" content=\"2021-06-09T13:20:57+00:00\" \/>\n\t\t<meta property=\"article:modified_time\" content=\"2023-01-05T10:51:16+00:00\" \/>\n\t\t<meta property=\"article:publisher\" content=\"https:\/\/www.facebook.com\/AWIHPromotionalBagsPManufacturer\" \/>\n\t\t<meta name=\"twitter:card\" content=\"summary\" \/>\n\t\t<meta name=\"twitter:title\" content=\"Shipping packaging for parcel machines - AWIH - Torby i Opakowania\" \/>\n\t\t<meta name=\"twitter:description\" content=\"Awih \u00bb Packaging \u00bb Shipping packaging for parcel machines SHIPPING PACKAGES We produce packaging for parcel machines in accordance with the guidelines for the dimensions.Our boxes allow you to pack your product quickly. We have ready-made shipping boxes in stock. We can make an advertising print on the boxes in one or more colors, including\" \/>\n\t\t<script type=\"application\/ld+json\" class=\"aioseo-schema\">\n\t\t\t{\"@context\":\"https:\\\/\\\/schema.org\",\"@graph\":[{\"@type\":\"BreadcrumbList\",\"@id\":\"https:\\\/\\\/awih.pl\\\/en\\\/packaging\\\/shipping-packaging-for-parcel-machines\\\/#breadcrumblist\",\"itemListElement\":[{\"@type\":\"ListItem\",\"@id\":\"https:\\\/\\\/awih.pl\\\/en\\\/#listItem\",\"position\":1,\"name\":\"Awih\",\"item\":\"https:\\\/\\\/awih.pl\\\/en\\\/\",\"nextItem\":{\"@type\":\"ListItem\",\"@id\":\"https:\\\/\\\/awih.pl\\\/en\\\/?page_id=11232#listItem\",\"name\":\"Packaging\"}},{\"@type\":\"ListItem\",\"@id\":\"https:\\\/\\\/awih.pl\\\/en\\\/?page_id=11232#listItem\",\"position\":2,\"name\":\"Packaging\",\"item\":\"https:\\\/\\\/awih.pl\\\/en\\\/?page_id=11232\",\"nextItem\":{\"@type\":\"ListItem\",\"@id\":\"https:\\\/\\\/awih.pl\\\/en\\\/packaging\\\/shipping-packaging-for-parcel-machines\\\/#listItem\",\"name\":\"Shipping packaging for parcel machines\"},\"previousItem\":{\"@type\":\"ListItem\",\"@id\":\"https:\\\/\\\/awih.pl\\\/en\\\/#listItem\",\"name\":\"Awih\"}},{\"@type\":\"ListItem\",\"@id\":\"https:\\\/\\\/awih.pl\\\/en\\\/packaging\\\/shipping-packaging-for-parcel-machines\\\/#listItem\",\"position\":3,\"name\":\"Shipping packaging for parcel machines\",\"previousItem\":{\"@type\":\"ListItem\",\"@id\":\"https:\\\/\\\/awih.pl\\\/en\\\/?page_id=11232#listItem\",\"name\":\"Packaging\"}}]},{\"@type\":\"Organization\",\"@id\":\"https:\\\/\\\/awih.pl\\\/en\\\/#organization\",\"name\":\"AWIH Torby i Opakowania\",\"description\":\"Producent toreb i opakowa\\u0144. torby papierowe i opakowania produkujemy ju\\u017c ponad 25 lat. Torby dla sieci handlowych. Druk ma\\u0142ych nak\\u0142ad\\u00f3w. Personalizacja\",\"url\":\"https:\\\/\\\/awih.pl\\\/en\\\/\",\"email\":\"biuro@awih.pl\",\"telephone\":\"+48514041255\",\"logo\":{\"@type\":\"ImageObject\",\"url\":\"https:\\\/\\\/awih.pl\\\/wp-content\\\/uploads\\\/2023\\\/04\\\/cropped-Logo-AWIH.png\",\"@id\":\"https:\\\/\\\/awih.pl\\\/en\\\/packaging\\\/shipping-packaging-for-parcel-machines\\\/#organizationLogo\",\"width\":512,\"height\":512,\"caption\":\"logo AWIH\"},\"image\":{\"@id\":\"https:\\\/\\\/awih.pl\\\/en\\\/packaging\\\/shipping-packaging-for-parcel-machines\\\/#organizationLogo\"},\"sameAs\":[\"https:\\\/\\\/www.linkedin.com\\\/company\\\/awih\\\/\"],\"address\":{\"@id\":\"https:\\\/\\\/awih.pl\\\/en\\\/#postaladdress\",\"@type\":\"PostalAddress\",\"streetAddress\":\"Ry\\u017cowa 96A,\",\"postalCode\":\"05-816\",\"addressLocality\":\"Opacz Kolonia\",\"addressRegion\":\"Mazowieckie\",\"addressCountry\":\"PL\"},\"vatID\":\"PL1130061093\"},{\"@type\":\"WebPage\",\"@id\":\"https:\\\/\\\/awih.pl\\\/en\\\/packaging\\\/shipping-packaging-for-parcel-machines\\\/#webpage\",\"url\":\"https:\\\/\\\/awih.pl\\\/en\\\/packaging\\\/shipping-packaging-for-parcel-machines\\\/\",\"name\":\"Shipping packaging for parcel machines - AWIH - Torby i Opakowania\",\"description\":\"Awih \\u00bb Packaging \\u00bb Shipping packaging for parcel machines SHIPPING PACKAGES We produce packaging for parcel machines in accordance with the guidelines for the dimensions.Our boxes allow you to pack your product quickly. We have ready-made shipping boxes in stock. We can make an advertising print on the boxes in one or more colors, including\",\"inLanguage\":\"en-US\",\"isPartOf\":{\"@id\":\"https:\\\/\\\/awih.pl\\\/en\\\/#website\"},\"breadcrumb\":{\"@id\":\"https:\\\/\\\/awih.pl\\\/en\\\/packaging\\\/shipping-packaging-for-parcel-machines\\\/#breadcrumblist\"},\"datePublished\":\"2021-06-09T15:20:57+02:00\",\"dateModified\":\"2023-01-05T11:51:16+01:00\"},{\"@type\":\"WebSite\",\"@id\":\"https:\\\/\\\/awih.pl\\\/en\\\/#website\",\"url\":\"https:\\\/\\\/awih.pl\\\/en\\\/\",\"name\":\"AWIH Torby i Opakowania\",\"alternateName\":\"AWIH\",\"description\":\"Producent toreb i opakowa\\u0144. torby papierowe i opakowania produkujemy ju\\u017c ponad 25 lat. Torby dla sieci handlowych. Druk ma\\u0142ych nak\\u0142ad\\u00f3w. Personalizacja\",\"inLanguage\":\"en-US\",\"publisher\":{\"@id\":\"https:\\\/\\\/awih.pl\\\/en\\\/#organization\"}}]}\n\t\t<\/script>\n\t\t<!-- All in One SEO Pro -->\r\n\t\t<title>Shipping packaging for parcel machines - AWIH - Torby i Opakowania<\/title>\n\n","aioseo_head_json":{"title":"Shipping packaging for parcel machines - AWIH - Torby i Opakowania","description":"Awih \u00bb Packaging \u00bb Shipping packaging for parcel machines SHIPPING PACKAGES We produce packaging for parcel machines in accordance with the guidelines for the dimensions.Our boxes allow you to pack your product quickly. We have ready-made shipping boxes in stock. We can make an advertising print on the boxes in one or more colors, including","canonical_url":"https:\/\/awih.pl\/en\/packaging\/shipping-packaging-for-parcel-machines\/","robots":"max-image-preview:large","keywords":"","webmasterTools":{"google-site-verification":"qUbTDLl1QkUPNtEoo7SGcWHy_iy170abgHQeQ65Pu-M","miscellaneous":""},"schema":{"@context":"https:\/\/schema.org","@graph":[{"@type":"BreadcrumbList","@id":"https:\/\/awih.pl\/en\/packaging\/shipping-packaging-for-parcel-machines\/#breadcrumblist","itemListElement":[{"@type":"ListItem","@id":"https:\/\/awih.pl\/en\/#listItem","position":1,"name":"Awih","item":"https:\/\/awih.pl\/en\/","nextItem":{"@type":"ListItem","@id":"https:\/\/awih.pl\/en\/?page_id=11232#listItem","name":"Packaging"}},{"@type":"ListItem","@id":"https:\/\/awih.pl\/en\/?page_id=11232#listItem","position":2,"name":"Packaging","item":"https:\/\/awih.pl\/en\/?page_id=11232","nextItem":{"@type":"ListItem","@id":"https:\/\/awih.pl\/en\/packaging\/shipping-packaging-for-parcel-machines\/#listItem","name":"Shipping packaging for parcel machines"},"previousItem":{"@type":"ListItem","@id":"https:\/\/awih.pl\/en\/#listItem","name":"Awih"}},{"@type":"ListItem","@id":"https:\/\/awih.pl\/en\/packaging\/shipping-packaging-for-parcel-machines\/#listItem","position":3,"name":"Shipping packaging for parcel machines","previousItem":{"@type":"ListItem","@id":"https:\/\/awih.pl\/en\/?page_id=11232#listItem","name":"Packaging"}}]},{"@type":"Organization","@id":"https:\/\/awih.pl\/en\/#organization","name":"AWIH Torby i Opakowania","description":"Producent toreb i opakowa\u0144. torby papierowe i opakowania produkujemy ju\u017c ponad 25 lat. Torby dla sieci handlowych. Druk ma\u0142ych nak\u0142ad\u00f3w. Personalizacja","url":"https:\/\/awih.pl\/en\/","email":"biuro@awih.pl","telephone":"+48514041255","logo":{"@type":"ImageObject","url":"https:\/\/awih.pl\/wp-content\/uploads\/2023\/04\/cropped-Logo-AWIH.png","@id":"https:\/\/awih.pl\/en\/packaging\/shipping-packaging-for-parcel-machines\/#organizationLogo","width":512,"height":512,"caption":"logo AWIH"},"image":{"@id":"https:\/\/awih.pl\/en\/packaging\/shipping-packaging-for-parcel-machines\/#organizationLogo"},"sameAs":["https:\/\/www.linkedin.com\/company\/awih\/"],"address":{"@id":"https:\/\/awih.pl\/en\/#postaladdress","@type":"PostalAddress","streetAddress":"Ry\u017cowa 96A,","postalCode":"05-816","addressLocality":"Opacz Kolonia","addressRegion":"Mazowieckie","addressCountry":"PL"},"vatID":"PL1130061093"},{"@type":"WebPage","@id":"https:\/\/awih.pl\/en\/packaging\/shipping-packaging-for-parcel-machines\/#webpage","url":"https:\/\/awih.pl\/en\/packaging\/shipping-packaging-for-parcel-machines\/","name":"Shipping packaging for parcel machines - AWIH - Torby i Opakowania","description":"Awih \u00bb Packaging \u00bb Shipping packaging for parcel machines SHIPPING PACKAGES We produce packaging for parcel machines in accordance with the guidelines for the dimensions.Our boxes allow you to pack your product quickly. We have ready-made shipping boxes in stock. We can make an advertising print on the boxes in one or more colors, including","inLanguage":"en-US","isPartOf":{"@id":"https:\/\/awih.pl\/en\/#website"},"breadcrumb":{"@id":"https:\/\/awih.pl\/en\/packaging\/shipping-packaging-for-parcel-machines\/#breadcrumblist"},"datePublished":"2021-06-09T15:20:57+02:00","dateModified":"2023-01-05T11:51:16+01:00"},{"@type":"WebSite","@id":"https:\/\/awih.pl\/en\/#website","url":"https:\/\/awih.pl\/en\/","name":"AWIH Torby i Opakowania","alternateName":"AWIH","description":"Producent toreb i opakowa\u0144. torby papierowe i opakowania produkujemy ju\u017c ponad 25 lat. Torby dla sieci handlowych. Druk ma\u0142ych nak\u0142ad\u00f3w. Personalizacja","inLanguage":"en-US","publisher":{"@id":"https:\/\/awih.pl\/en\/#organization"}}]},"og:locale":"en_US","og:site_name":"AWIH - Torby i Opakowania - Producent toreb i opakowa\u0144. torby papierowe i opakowania produkujemy ju\u017c ponad 25 lat. Torby dla sieci handlowych. Druk ma\u0142ych nak\u0142ad\u00f3w. Personalizacja","og:type":"article","og:title":"Shipping packaging for parcel machines - AWIH - Torby i Opakowania","og:description":"Awih \u00bb Packaging \u00bb Shipping packaging for parcel machines SHIPPING PACKAGES We produce packaging for parcel machines in accordance with the guidelines for the dimensions.Our boxes allow you to pack your product quickly. We have ready-made shipping boxes in stock. We can make an advertising print on the boxes in one or more colors, including","og:url":"https:\/\/awih.pl\/en\/packaging\/shipping-packaging-for-parcel-machines\/","article:published_time":"2021-06-09T13:20:57+00:00","article:modified_time":"2023-01-05T10:51:16+00:00","article:publisher":"https:\/\/www.facebook.com\/AWIHPromotionalBagsPManufacturer","twitter:card":"summary","twitter:title":"Shipping packaging for parcel machines - AWIH - Torby i Opakowania","twitter:description":"Awih \u00bb Packaging \u00bb Shipping packaging for parcel machines SHIPPING PACKAGES We produce packaging for parcel machines in accordance with the guidelines for the dimensions.Our boxes allow you to pack your product quickly. We have ready-made shipping boxes in stock. We can make an advertising print on the boxes in one or more colors, including"},"aioseo_meta_data":{"post_id":"7457","title":null,"description":null,"keywords":[],"keyphrases":{"focus":{"keyphrase":"","score":0,"analysis":{"keyphraseInTitle":{"score":0,"maxScore":9,"error":1}}},"additional":[]},"primary_term":null,"canonical_url":null,"og_title":null,"og_description":null,"og_object_type":"default","og_image_type":"default","og_image_url":null,"og_image_width":null,"og_image_height":null,"og_image_custom_url":null,"og_image_custom_fields":null,"og_video":"","og_custom_url":null,"og_article_section":null,"og_article_tags":[],"twitter_use_og":false,"twitter_card":"default","twitter_image_type":"default","twitter_image_url":null,"twitter_image_custom_url":null,"twitter_image_custom_fields":null,"twitter_title":null,"twitter_description":null,"schema":{"blockGraphs":[],"customGraphs":[],"default":{"data":{"Article":[],"Course":[],"Dataset":[],"FAQPage":[],"Movie":[],"Person":[],"Product":[],"ProductReview":[],"Car":[],"Recipe":[],"Service":[],"SoftwareApplication":[],"WebPage":[]},"graphName":"WebPage","isEnabled":true},"graphs":[],"defaultGraph":"WebPage","defaultPostTypeGraph":""},"schema_type":"default","schema_type_options":"{\"article\":{\"articleType\":\"BlogPosting\"},\"course\":{\"name\":\"\",\"description\":\"\",\"provider\":\"\"},\"faq\":{\"pages\":[]},\"product\":{\"reviews\":[]},\"recipe\":{\"ingredients\":[],\"instructions\":[],\"keywords\":[]},\"software\":{\"reviews\":[],\"operatingSystems\":[]},\"webPage\":{\"webPageType\":\"WebPage\"}}","pillar_content":false,"robots_default":true,"robots_noindex":false,"robots_noarchive":false,"robots_nosnippet":false,"robots_nofollow":false,"robots_noimageindex":false,"robots_noodp":false,"robots_notranslate":false,"robots_max_snippet":"-1","robots_max_videopreview":"-1","robots_max_imagepreview":"large","priority":null,"frequency":"default","local_seo":null,"seo_analyzer_scan_date":"2025-10-09 06:56:34","breadcrumb_settings":null,"limit_modified_date":false,"reviewed_by":null,"open_ai":null,"ai":null,"created":"2023-01-05 10:50:37","updated":"2025-10-22 01:08:39"},"aioseo_breadcrumb":"<div class=\"aioseo-breadcrumbs\"><span class=\"aioseo-breadcrumb\">\n\t<a href=\"https:\/\/awih.pl\/en\/\" title=\"Awih\">Awih<\/a>\n<\/span><span class=\"aioseo-breadcrumb-separator\">\u00bb<\/span><span class=\"aioseo-breadcrumb\">\n\t<a href=\"https:\/\/awih.pl\/en\/?page_id=11232\" title=\"Packaging\">Packaging<\/a>\n<\/span><span class=\"aioseo-breadcrumb-separator\">\u00bb<\/span><span class=\"aioseo-breadcrumb\">\n\tShipping packaging for parcel machines\n<\/span><\/div>","aioseo_breadcrumb_json":[{"label":"Awih","link":"https:\/\/awih.pl\/en\/"},{"label":"Packaging","link":"https:\/\/awih.pl\/en\/?page_id=11232"},{"label":"Shipping packaging for parcel machines","link":"https:\/\/awih.pl\/en\/packaging\/shipping-packaging-for-parcel-machines\/"}],"_links":{"self":[{"href":"https:\/\/awih.pl\/en\/wp-json\/wp\/v2\/pages\/7457","targetHints":{"allow":["GET"]}}],"collection":[{"href":"https:\/\/awih.pl\/en\/wp-json\/wp\/v2\/pages"}],"about":[{"href":"https:\/\/awih.pl\/en\/wp-json\/wp\/v2\/types\/page"}],"author":[{"embeddable":true,"href":"https:\/\/awih.pl\/en\/wp-json\/wp\/v2\/users\/2"}],"replies":[{"embeddable":true,"href":"https:\/\/awih.pl\/en\/wp-json\/wp\/v2\/comments?post=7457"}],"version-history":[{"count":4,"href":"https:\/\/awih.pl\/en\/wp-json\/wp\/v2\/pages\/7457\/revisions"}],"predecessor-version":[{"id":7461,"href":"https:\/\/awih.pl\/en\/wp-json\/wp\/v2\/pages\/7457\/revisions\/7461"}],"up":[{"embeddable":true,"href":"https:\/\/awih.pl\/en\/wp-json\/wp\/v2\/pages\/11232"}],"wp:attachment":[{"href":"https:\/\/awih.pl\/en\/wp-json\/wp\/v2\/media?parent=7457"}],"curies":[{"name":"wp","href":"https:\/\/api.w.org\/{rel}","templated":true}]}}