{"id":7464,"date":"2020-09-16T05:16:41","date_gmt":"2020-09-16T03:16:41","guid":{"rendered":"https:\/\/awih.pl\/about-us\/"},"modified":"2023-01-05T12:00:43","modified_gmt":"2023-01-05T11:00:43","slug":"about-us","status":"publish","type":"page","link":"https:\/\/awih.pl\/en\/about-us\/","title":{"rendered":"About us"},"content":{"rendered":"\n<h2>WHO WE ARE<\/h2>\n<p>AWIH  <br>&#8211; We do what we can: we produce paper bags and packaging with exceptional passion. Our products are used by international brands and small companies of a few people. Our bags have seen all European capitals.&nbsp;  Why does our bag knowledge continue to play an important role &#8211; in addition to the extra portion of ideas that fill our products?<\/p>\n<h2>OUR VALUES<\/h2>\n<div class=\"box-indention\">\n<div class=\"box-indention-right\">The earth is man&#8217;s only living space. We respect that and try to make our business decisions  <br>And personally responsible to Nature.<\/div>\n<\/div>\n<div class=\"box-indention\">\n<div class=\"box-indention-right\">People are at the center of everything we do.&nbsp;Justice and social responsibility to all is at the core of what we do.<\/div>\n<\/div>\n<div class=\"box-indention\">\n<div class=\"box-indention-left\">&nbsp;<\/div>\n<div class=\"box-indention-right\">Better always replaces good. We strive to make ingenuity and the desire to introduce new solutions the driving force behind our company.<\/div>\n<div>&nbsp;<\/div>\n<\/div>\n<h2><span style=\"font-size: 100%;\">OUR&nbsp; VISION<\/span><\/h2>\n<p>Our vision is to make the paper advertising bag as a durable, long-term advertising ambassador and a desirable image carrier in the market.<\/p>\n","protected":false},"excerpt":{"rendered":"","protected":false},"author":1,"featured_media":0,"parent":0,"menu_order":0,"comment_status":"closed","ping_status":"closed","template":"","meta":{"_monsterinsights_skip_tracking":false,"_monsterinsights_sitenote_active":false,"_monsterinsights_sitenote_note":"","_monsterinsights_sitenote_category":0,"footnotes":""},"class_list":["post-7464","page","type-page","status-publish","hentry"],"aioseo_notices":[],"aioseo_head":"\n\t\t<!-- All in One SEO Pro 4.9.5.2 - aioseo.com -->\n\t<meta name=\"description\" content=\"WHO WE ARE AWIH - We do what we can: we produce paper bags and packaging with exceptional passion. Our products are used by international brands and small companies of a few people. Our bags have seen all European capitals. Why does our bag knowledge continue to play an important role - in addition to\" \/>\n\t<meta name=\"robots\" content=\"max-image-preview:large\" \/>\n\t<meta name=\"google-site-verification\" content=\"qUbTDLl1QkUPNtEoo7SGcWHy_iy170abgHQeQ65Pu-M\" \/>\n\t<link rel=\"canonical\" href=\"https:\/\/awih.pl\/en\/about-us\/\" \/>\n\t<meta name=\"generator\" content=\"All in One SEO Pro (AIOSEO) 4.9.5.2\" \/>\n\t\t<meta property=\"og:locale\" content=\"en_US\" \/>\n\t\t<meta property=\"og:site_name\" content=\"AWIH - Torby i Opakowania - Producent toreb i opakowa\u0144. torby papierowe i opakowania produkujemy ju\u017c ponad 25 lat. Torby dla sieci handlowych. Druk ma\u0142ych nak\u0142ad\u00f3w. Personalizacja\" \/>\n\t\t<meta property=\"og:type\" content=\"article\" \/>\n\t\t<meta property=\"og:title\" content=\"About us - AWIH - Torby i Opakowania\" \/>\n\t\t<meta property=\"og:description\" content=\"WHO WE ARE AWIH - We do what we can: we produce paper bags and packaging with exceptional passion. Our products are used by international brands and small companies of a few people. Our bags have seen all European capitals. Why does our bag knowledge continue to play an important role - in addition to\" \/>\n\t\t<meta property=\"og:url\" content=\"https:\/\/awih.pl\/en\/about-us\/\" \/>\n\t\t<meta property=\"article:published_time\" content=\"2020-09-16T03:16:41+00:00\" \/>\n\t\t<meta property=\"article:modified_time\" content=\"2023-01-05T11:00:43+00:00\" \/>\n\t\t<meta property=\"article:publisher\" content=\"https:\/\/www.facebook.com\/AWIHPromotionalBagsPManufacturer\" \/>\n\t\t<meta name=\"twitter:card\" content=\"summary\" \/>\n\t\t<meta name=\"twitter:title\" content=\"About us - AWIH - Torby i Opakowania\" \/>\n\t\t<meta name=\"twitter:description\" content=\"WHO WE ARE AWIH - We do what we can: we produce paper bags and packaging with exceptional passion. Our products are used by international brands and small companies of a few people. Our bags have seen all European capitals. Why does our bag knowledge continue to play an important role - in addition to\" \/>\n\t\t<script type=\"application\/ld+json\" class=\"aioseo-schema\">\n\t\t\t{\"@context\":\"https:\\\/\\\/schema.org\",\"@graph\":[{\"@type\":\"BreadcrumbList\",\"@id\":\"https:\\\/\\\/awih.pl\\\/en\\\/about-us\\\/#breadcrumblist\",\"itemListElement\":[{\"@type\":\"ListItem\",\"@id\":\"https:\\\/\\\/awih.pl\\\/en\\\/#listItem\",\"position\":1,\"name\":\"Awih\",\"item\":\"https:\\\/\\\/awih.pl\\\/en\\\/\",\"nextItem\":{\"@type\":\"ListItem\",\"@id\":\"https:\\\/\\\/awih.pl\\\/en\\\/about-us\\\/#listItem\",\"name\":\"About us\"}},{\"@type\":\"ListItem\",\"@id\":\"https:\\\/\\\/awih.pl\\\/en\\\/about-us\\\/#listItem\",\"position\":2,\"name\":\"About us\",\"previousItem\":{\"@type\":\"ListItem\",\"@id\":\"https:\\\/\\\/awih.pl\\\/en\\\/#listItem\",\"name\":\"Awih\"}}]},{\"@type\":\"Organization\",\"@id\":\"https:\\\/\\\/awih.pl\\\/en\\\/#organization\",\"name\":\"AWIH Torby i Opakowania\",\"description\":\"Producent toreb i opakowa\\u0144. torby papierowe i opakowania produkujemy ju\\u017c ponad 25 lat. Torby dla sieci handlowych. Druk ma\\u0142ych nak\\u0142ad\\u00f3w. Personalizacja\",\"url\":\"https:\\\/\\\/awih.pl\\\/en\\\/\",\"email\":\"biuro@awih.pl\",\"telephone\":\"+48514041255\",\"logo\":{\"@type\":\"ImageObject\",\"url\":\"https:\\\/\\\/awih.pl\\\/wp-content\\\/uploads\\\/2023\\\/04\\\/cropped-Logo-AWIH.png\",\"@id\":\"https:\\\/\\\/awih.pl\\\/en\\\/about-us\\\/#organizationLogo\",\"width\":512,\"height\":512,\"caption\":\"logo AWIH\"},\"image\":{\"@id\":\"https:\\\/\\\/awih.pl\\\/en\\\/about-us\\\/#organizationLogo\"},\"sameAs\":[\"https:\\\/\\\/www.linkedin.com\\\/company\\\/awih\\\/\"],\"address\":{\"@id\":\"https:\\\/\\\/awih.pl\\\/en\\\/#postaladdress\",\"@type\":\"PostalAddress\",\"streetAddress\":\"Ry\\u017cowa 96A,\",\"postalCode\":\"05-816\",\"addressLocality\":\"Opacz Kolonia\",\"addressRegion\":\"Mazowieckie\",\"addressCountry\":\"PL\"},\"vatID\":\"PL1130061093\"},{\"@type\":\"WebPage\",\"@id\":\"https:\\\/\\\/awih.pl\\\/en\\\/about-us\\\/#webpage\",\"url\":\"https:\\\/\\\/awih.pl\\\/en\\\/about-us\\\/\",\"name\":\"About us - AWIH - Torby i Opakowania\",\"description\":\"WHO WE ARE AWIH - We do what we can: we produce paper bags and packaging with exceptional passion. Our products are used by international brands and small companies of a few people. Our bags have seen all European capitals. Why does our bag knowledge continue to play an important role - in addition to\",\"inLanguage\":\"en-US\",\"isPartOf\":{\"@id\":\"https:\\\/\\\/awih.pl\\\/en\\\/#website\"},\"breadcrumb\":{\"@id\":\"https:\\\/\\\/awih.pl\\\/en\\\/about-us\\\/#breadcrumblist\"},\"datePublished\":\"2020-09-16T05:16:41+02:00\",\"dateModified\":\"2023-01-05T12:00:43+01:00\"},{\"@type\":\"WebSite\",\"@id\":\"https:\\\/\\\/awih.pl\\\/en\\\/#website\",\"url\":\"https:\\\/\\\/awih.pl\\\/en\\\/\",\"name\":\"AWIH Torby i Opakowania\",\"alternateName\":\"AWIH\",\"description\":\"Producent toreb i opakowa\\u0144. torby papierowe i opakowania produkujemy ju\\u017c ponad 25 lat. Torby dla sieci handlowych. Druk ma\\u0142ych nak\\u0142ad\\u00f3w. Personalizacja\",\"inLanguage\":\"en-US\",\"publisher\":{\"@id\":\"https:\\\/\\\/awih.pl\\\/en\\\/#organization\"}}]}\n\t\t<\/script>\n\t\t<!-- All in One SEO Pro -->\r\n\t\t<title>About us - AWIH - Torby i Opakowania<\/title>\n\n","aioseo_head_json":{"title":"About us - AWIH - Torby i Opakowania","description":"WHO WE ARE AWIH - We do what we can: we produce paper bags and packaging with exceptional passion. Our products are used by international brands and small companies of a few people. Our bags have seen all European capitals. Why does our bag knowledge continue to play an important role - in addition to","canonical_url":"https:\/\/awih.pl\/en\/about-us\/","robots":"max-image-preview:large","keywords":"","webmasterTools":{"google-site-verification":"qUbTDLl1QkUPNtEoo7SGcWHy_iy170abgHQeQ65Pu-M","miscellaneous":""},"schema":{"@context":"https:\/\/schema.org","@graph":[{"@type":"BreadcrumbList","@id":"https:\/\/awih.pl\/en\/about-us\/#breadcrumblist","itemListElement":[{"@type":"ListItem","@id":"https:\/\/awih.pl\/en\/#listItem","position":1,"name":"Awih","item":"https:\/\/awih.pl\/en\/","nextItem":{"@type":"ListItem","@id":"https:\/\/awih.pl\/en\/about-us\/#listItem","name":"About us"}},{"@type":"ListItem","@id":"https:\/\/awih.pl\/en\/about-us\/#listItem","position":2,"name":"About us","previousItem":{"@type":"ListItem","@id":"https:\/\/awih.pl\/en\/#listItem","name":"Awih"}}]},{"@type":"Organization","@id":"https:\/\/awih.pl\/en\/#organization","name":"AWIH Torby i Opakowania","description":"Producent toreb i opakowa\u0144. torby papierowe i opakowania produkujemy ju\u017c ponad 25 lat. Torby dla sieci handlowych. Druk ma\u0142ych nak\u0142ad\u00f3w. Personalizacja","url":"https:\/\/awih.pl\/en\/","email":"biuro@awih.pl","telephone":"+48514041255","logo":{"@type":"ImageObject","url":"https:\/\/awih.pl\/wp-content\/uploads\/2023\/04\/cropped-Logo-AWIH.png","@id":"https:\/\/awih.pl\/en\/about-us\/#organizationLogo","width":512,"height":512,"caption":"logo AWIH"},"image":{"@id":"https:\/\/awih.pl\/en\/about-us\/#organizationLogo"},"sameAs":["https:\/\/www.linkedin.com\/company\/awih\/"],"address":{"@id":"https:\/\/awih.pl\/en\/#postaladdress","@type":"PostalAddress","streetAddress":"Ry\u017cowa 96A,","postalCode":"05-816","addressLocality":"Opacz Kolonia","addressRegion":"Mazowieckie","addressCountry":"PL"},"vatID":"PL1130061093"},{"@type":"WebPage","@id":"https:\/\/awih.pl\/en\/about-us\/#webpage","url":"https:\/\/awih.pl\/en\/about-us\/","name":"About us - AWIH - Torby i Opakowania","description":"WHO WE ARE AWIH - We do what we can: we produce paper bags and packaging with exceptional passion. Our products are used by international brands and small companies of a few people. Our bags have seen all European capitals. Why does our bag knowledge continue to play an important role - in addition to","inLanguage":"en-US","isPartOf":{"@id":"https:\/\/awih.pl\/en\/#website"},"breadcrumb":{"@id":"https:\/\/awih.pl\/en\/about-us\/#breadcrumblist"},"datePublished":"2020-09-16T05:16:41+02:00","dateModified":"2023-01-05T12:00:43+01:00"},{"@type":"WebSite","@id":"https:\/\/awih.pl\/en\/#website","url":"https:\/\/awih.pl\/en\/","name":"AWIH Torby i Opakowania","alternateName":"AWIH","description":"Producent toreb i opakowa\u0144. torby papierowe i opakowania produkujemy ju\u017c ponad 25 lat. Torby dla sieci handlowych. Druk ma\u0142ych nak\u0142ad\u00f3w. Personalizacja","inLanguage":"en-US","publisher":{"@id":"https:\/\/awih.pl\/en\/#organization"}}]},"og:locale":"en_US","og:site_name":"AWIH - Torby i Opakowania - Producent toreb i opakowa\u0144. torby papierowe i opakowania produkujemy ju\u017c ponad 25 lat. Torby dla sieci handlowych. Druk ma\u0142ych nak\u0142ad\u00f3w. Personalizacja","og:type":"article","og:title":"About us - AWIH - Torby i Opakowania","og:description":"WHO WE ARE AWIH - We do what we can: we produce paper bags and packaging with exceptional passion. Our products are used by international brands and small companies of a few people. Our bags have seen all European capitals. Why does our bag knowledge continue to play an important role - in addition to","og:url":"https:\/\/awih.pl\/en\/about-us\/","article:published_time":"2020-09-16T03:16:41+00:00","article:modified_time":"2023-01-05T11:00:43+00:00","article:publisher":"https:\/\/www.facebook.com\/AWIHPromotionalBagsPManufacturer","twitter:card":"summary","twitter:title":"About us - AWIH - Torby i Opakowania","twitter:description":"WHO WE ARE AWIH - We do what we can: we produce paper bags and packaging with exceptional passion. Our products are used by international brands and small companies of a few people. Our bags have seen all European capitals. Why does our bag knowledge continue to play an important role - in addition to"},"aioseo_meta_data":{"post_id":"7464","title":null,"description":null,"keywords":[],"keyphrases":{"focus":{"keyphrase":"","score":0,"analysis":{"keyphraseInTitle":{"score":0,"maxScore":9,"error":1}}},"additional":[]},"primary_term":null,"canonical_url":null,"og_title":null,"og_description":null,"og_object_type":"default","og_image_type":"default","og_image_url":null,"og_image_width":null,"og_image_height":null,"og_image_custom_url":null,"og_image_custom_fields":null,"og_video":"","og_custom_url":null,"og_article_section":null,"og_article_tags":[],"twitter_use_og":false,"twitter_card":"default","twitter_image_type":"default","twitter_image_url":null,"twitter_image_custom_url":null,"twitter_image_custom_fields":null,"twitter_title":null,"twitter_description":null,"schema":{"blockGraphs":[],"customGraphs":[],"default":{"data":{"Article":[],"Course":[],"Dataset":[],"FAQPage":[],"Movie":[],"Person":[],"Product":[],"ProductReview":[],"Car":[],"Recipe":[],"Service":[],"SoftwareApplication":[],"WebPage":[]},"graphName":"WebPage","isEnabled":true},"graphs":[],"defaultGraph":"WebPage","defaultPostTypeGraph":""},"schema_type":"default","schema_type_options":"{\"article\":{\"articleType\":\"BlogPosting\"},\"course\":{\"name\":\"\",\"description\":\"\",\"provider\":\"\"},\"faq\":{\"pages\":[]},\"product\":{\"reviews\":[]},\"recipe\":{\"ingredients\":[],\"instructions\":[],\"keywords\":[]},\"software\":{\"reviews\":[],\"operatingSystems\":[]},\"webPage\":{\"webPageType\":\"WebPage\"}}","pillar_content":false,"robots_default":true,"robots_noindex":false,"robots_noarchive":false,"robots_nosnippet":false,"robots_nofollow":false,"robots_noimageindex":false,"robots_noodp":false,"robots_notranslate":false,"robots_max_snippet":"-1","robots_max_videopreview":"-1","robots_max_imagepreview":"large","priority":null,"frequency":"default","local_seo":null,"seo_analyzer_scan_date":"2025-10-09 06:52:51","breadcrumb_settings":null,"limit_modified_date":false,"reviewed_by":null,"open_ai":null,"ai":null,"created":"2023-01-05 10:55:43","updated":"2025-10-22 01:08:49"},"aioseo_breadcrumb":"<div class=\"aioseo-breadcrumbs\"><span class=\"aioseo-breadcrumb\">\n\t<a href=\"https:\/\/awih.pl\/en\/\" title=\"Awih\">Awih<\/a>\n<\/span><span class=\"aioseo-breadcrumb-separator\">\u00bb<\/span><span class=\"aioseo-breadcrumb\">\n\tAbout us\n<\/span><\/div>","aioseo_breadcrumb_json":[{"label":"Awih","link":"https:\/\/awih.pl\/en\/"},{"label":"About us","link":"https:\/\/awih.pl\/en\/about-us\/"}],"_links":{"self":[{"href":"https:\/\/awih.pl\/en\/wp-json\/wp\/v2\/pages\/7464","targetHints":{"allow":["GET"]}}],"collection":[{"href":"https:\/\/awih.pl\/en\/wp-json\/wp\/v2\/pages"}],"about":[{"href":"https:\/\/awih.pl\/en\/wp-json\/wp\/v2\/types\/page"}],"author":[{"embeddable":true,"href":"https:\/\/awih.pl\/en\/wp-json\/wp\/v2\/users\/1"}],"replies":[{"embeddable":true,"href":"https:\/\/awih.pl\/en\/wp-json\/wp\/v2\/comments?post=7464"}],"version-history":[{"count":5,"href":"https:\/\/awih.pl\/en\/wp-json\/wp\/v2\/pages\/7464\/revisions"}],"predecessor-version":[{"id":7471,"href":"https:\/\/awih.pl\/en\/wp-json\/wp\/v2\/pages\/7464\/revisions\/7471"}],"wp:attachment":[{"href":"https:\/\/awih.pl\/en\/wp-json\/wp\/v2\/media?parent=7464"}],"curies":[{"name":"wp","href":"https:\/\/api.w.org\/{rel}","templated":true}]}}