{"id":12109,"date":"2024-05-10T10:26:47","date_gmt":"2024-05-10T08:26:47","guid":{"rendered":"https:\/\/awih.pl\/?post_type=product&#038;p=12109"},"modified":"2024-12-06T17:50:43","modified_gmt":"2024-12-06T16:50:43","slug":"torba-bawelniana-z-nadrukiem","status":"publish","type":"product","link":"https:\/\/awih.pl\/en\/sklep\/torba-bawelniana-z-nadrukiem\/","title":{"rendered":"Torba bawe\u0142niana  z nadrukiem"},"content":{"rendered":"<h2>Torba bawe\u0142niana z nadrukiem<\/h2>\n<p><strong>Oferta cenowa w przygotowaniu.<\/strong><\/p>\n<p>Ekologiczna torba bawe\u0142niana z nadrukiem: idealna do wielokrotnego u\u017cytku, prasowana z kr\u00f3tkim uchwytem.<\/p>\n<ul>\n<li><b>Pakowanie:<\/b> 250 sztuk w kartonie<\/li>\n<li><strong>Format:<\/strong>\u00a038 x 42 cm\u00a0 (szer.xwys.)<\/li>\n<li><strong>Kolor:<\/strong>\u00a0ecru<\/li>\n<li><b>Torba wykonana\u00a0<\/b>z sur\u00f3wki bawe\u0142nianej ok. 145 gram<\/li>\n<li><strong>Uchwyt<\/strong> d\u0142ugi\u00a0bawe\u0142niany<\/li>\n<li><strong>Inne:<\/strong>\u00a0ekologiczna, prasowana<\/li>\n<\/ul>\n<table width=\"788\">\n<tbody>\n<tr>\n<td><strong>Nadruk na torbie:<\/strong> mo\u017cliwo\u015b\u0107 wykonania indywidualnego nadruku przy zam\u00f3wieniu od 10 szt. Aby uzyska\u0107 wi\u0119cej informacji, prosimy o kontakt pod nr tel.: 514 041 255 lub wys\u0142a\u0107 maila z zapytaniem na adres: biuro@awih.pl<\/td>\n<\/tr>\n<\/tbody>\n<\/table>\n","protected":false},"excerpt":{"rendered":"<p style=\"text-align: center;\">Cena brutto (zawiera 23% VAT)<\/p>\n<p style=\"text-align: center;\">\n","protected":false},"featured_media":4429,"comment_status":"open","ping_status":"closed","template":"","meta":{"_monsterinsights_skip_tracking":false,"_monsterinsights_sitenote_active":false,"_monsterinsights_sitenote_note":"","_monsterinsights_sitenote_category":0},"product_brand":[],"product_cat":[228,1145],"product_tag":[96,1146,227,225,224,226],"class_list":{"0":"post-12109","1":"product","2":"type-product","3":"status-publish","4":"has-post-thumbnail","6":"product_cat-torby-bawelniane","7":"product_cat-torby-bawelniane-z-nadrukiem","8":"product_tag-torba-bawelniana","9":"product_tag-torba-bawelniana-z-nadrukiem","10":"product_tag-torba-ecru","11":"product_tag-torba-na-zakupy","12":"product_tag-torba-naturalna","13":"product_tag-torebka-bawelniana","15":"first","16":"instock","17":"taxable","18":"shipping-taxable","19":"purchasable","20":"product-type-simple"},"aioseo_notices":[],"aioseo_head":"\n\t\t<!-- All in One SEO Pro 4.9.6.1 - aioseo.com -->\n\t<meta name=\"description\" content=\"Ekologiczna torba bawe\u0142niana z nadrukiem: idealna do wielokrotnego u\u017cytku, prasowana z kr\u00f3tkim uchwytem. Pakowanie: 250 sztuk w kartonie Format: 38 x 42 cm\" \/>\n\t<meta name=\"robots\" content=\"max-image-preview:large\" \/>\n\t<meta name=\"google-site-verification\" content=\"qUbTDLl1QkUPNtEoo7SGcWHy_iy170abgHQeQ65Pu-M\" \/>\n\t<link rel=\"canonical\" href=\"https:\/\/awih.pl\/en\/sklep\/torba-bawelniana-z-nadrukiem\/\" \/>\n\t<meta name=\"generator\" content=\"All in One SEO Pro (AIOSEO) 4.9.6.1\" \/>\n\t\t<meta property=\"og:locale\" content=\"en_US\" \/>\n\t\t<meta property=\"og:site_name\" content=\"AWIH - Torby i Opakowania - Producent toreb i opakowa\u0144. torby papierowe i opakowania produkujemy ju\u017c ponad 25 lat. Torby dla sieci handlowych. Druk ma\u0142ych nak\u0142ad\u00f3w. Personalizacja\" \/>\n\t\t<meta property=\"og:type\" content=\"article\" \/>\n\t\t<meta property=\"og:title\" content=\"Torba bawe\u0142niana z nadrukiem - AWIH - Torby i Opakowania\" \/>\n\t\t<meta property=\"og:description\" content=\"Ekologiczna torba bawe\u0142niana z nadrukiem: idealna do wielokrotnego u\u017cytku, prasowana z kr\u00f3tkim uchwytem. Pakowanie: 250 sztuk w kartonie Format: 38 x 42 cm\" \/>\n\t\t<meta property=\"og:url\" content=\"https:\/\/awih.pl\/en\/sklep\/torba-bawelniana-z-nadrukiem\/\" \/>\n\t\t<meta property=\"article:published_time\" content=\"2024-05-10T08:26:47+00:00\" \/>\n\t\t<meta property=\"article:modified_time\" content=\"2024-12-06T16:50:43+00:00\" \/>\n\t\t<meta property=\"article:publisher\" content=\"https:\/\/www.facebook.com\/AWIHPromotionalBagsPManufacturer\" \/>\n\t\t<meta name=\"twitter:card\" content=\"summary\" \/>\n\t\t<meta name=\"twitter:title\" content=\"Torba bawe\u0142niana z nadrukiem - AWIH - Torby i Opakowania\" \/>\n\t\t<meta name=\"twitter:description\" content=\"Ekologiczna torba bawe\u0142niana z nadrukiem: idealna do wielokrotnego u\u017cytku, prasowana z kr\u00f3tkim uchwytem. Pakowanie: 250 sztuk w kartonie Format: 38 x 42 cm\" \/>\n\t\t<script type=\"application\/ld+json\" class=\"aioseo-schema\">\n\t\t\t{\"@context\":\"https:\\\/\\\/schema.org\",\"@graph\":[{\"@type\":\"BreadcrumbList\",\"@id\":\"https:\\\/\\\/awih.pl\\\/en\\\/sklep\\\/torba-bawelniana-z-nadrukiem\\\/#breadcrumblist\",\"itemListElement\":[{\"@type\":\"ListItem\",\"@id\":\"https:\\\/\\\/awih.pl\\\/en\\\/#listItem\",\"position\":1,\"name\":\"Awih\",\"item\":\"https:\\\/\\\/awih.pl\\\/en\\\/\",\"nextItem\":{\"@type\":\"ListItem\",\"@id\":\"https:\\\/\\\/awih.pl\\\/en\\\/shop\\\/#listItem\",\"name\":\"Shop\"}},{\"@type\":\"ListItem\",\"@id\":\"https:\\\/\\\/awih.pl\\\/en\\\/shop\\\/#listItem\",\"position\":2,\"name\":\"Shop\",\"item\":\"https:\\\/\\\/awih.pl\\\/en\\\/shop\\\/\",\"nextItem\":{\"@type\":\"ListItem\",\"@id\":\"https:\\\/\\\/awih.pl\\\/en\\\/kategoria-produktu\\\/torby-bawelniane\\\/#listItem\",\"name\":\"Torby bawe\\u0142niane\"},\"previousItem\":{\"@type\":\"ListItem\",\"@id\":\"https:\\\/\\\/awih.pl\\\/en\\\/#listItem\",\"name\":\"Awih\"}},{\"@type\":\"ListItem\",\"@id\":\"https:\\\/\\\/awih.pl\\\/en\\\/kategoria-produktu\\\/torby-bawelniane\\\/#listItem\",\"position\":3,\"name\":\"Torby bawe\\u0142niane\",\"item\":\"https:\\\/\\\/awih.pl\\\/en\\\/kategoria-produktu\\\/torby-bawelniane\\\/\",\"nextItem\":{\"@type\":\"ListItem\",\"@id\":\"https:\\\/\\\/awih.pl\\\/en\\\/kategoria-produktu\\\/torby-bawelniane\\\/torby-bawelniane-z-nadrukiem\\\/#listItem\",\"name\":\"Torby bawe\\u0142niane z nadrukiem\"},\"previousItem\":{\"@type\":\"ListItem\",\"@id\":\"https:\\\/\\\/awih.pl\\\/en\\\/shop\\\/#listItem\",\"name\":\"Shop\"}},{\"@type\":\"ListItem\",\"@id\":\"https:\\\/\\\/awih.pl\\\/en\\\/kategoria-produktu\\\/torby-bawelniane\\\/torby-bawelniane-z-nadrukiem\\\/#listItem\",\"position\":4,\"name\":\"Torby bawe\\u0142niane z nadrukiem\",\"item\":\"https:\\\/\\\/awih.pl\\\/en\\\/kategoria-produktu\\\/torby-bawelniane\\\/torby-bawelniane-z-nadrukiem\\\/\",\"nextItem\":{\"@type\":\"ListItem\",\"@id\":\"https:\\\/\\\/awih.pl\\\/en\\\/sklep\\\/torba-bawelniana-z-nadrukiem\\\/#listItem\",\"name\":\"Torba bawe\\u0142niana  z nadrukiem\"},\"previousItem\":{\"@type\":\"ListItem\",\"@id\":\"https:\\\/\\\/awih.pl\\\/en\\\/kategoria-produktu\\\/torby-bawelniane\\\/#listItem\",\"name\":\"Torby bawe\\u0142niane\"}},{\"@type\":\"ListItem\",\"@id\":\"https:\\\/\\\/awih.pl\\\/en\\\/sklep\\\/torba-bawelniana-z-nadrukiem\\\/#listItem\",\"position\":5,\"name\":\"Torba bawe\\u0142niana  z nadrukiem\",\"previousItem\":{\"@type\":\"ListItem\",\"@id\":\"https:\\\/\\\/awih.pl\\\/en\\\/kategoria-produktu\\\/torby-bawelniane\\\/torby-bawelniane-z-nadrukiem\\\/#listItem\",\"name\":\"Torby bawe\\u0142niane z nadrukiem\"}}]},{\"@type\":\"ItemPage\",\"@id\":\"https:\\\/\\\/awih.pl\\\/en\\\/sklep\\\/torba-bawelniana-z-nadrukiem\\\/#itempage\",\"url\":\"https:\\\/\\\/awih.pl\\\/en\\\/sklep\\\/torba-bawelniana-z-nadrukiem\\\/\",\"name\":\"Torba bawe\\u0142niana z nadrukiem - AWIH - Torby i Opakowania\",\"description\":\"Ekologiczna torba bawe\\u0142niana z nadrukiem: idealna do wielokrotnego u\\u017cytku, prasowana z kr\\u00f3tkim uchwytem. Pakowanie: 250 sztuk w kartonie Format: 38 x 42 cm\",\"inLanguage\":\"en-US\",\"isPartOf\":{\"@id\":\"https:\\\/\\\/awih.pl\\\/en\\\/#website\"},\"breadcrumb\":{\"@id\":\"https:\\\/\\\/awih.pl\\\/en\\\/sklep\\\/torba-bawelniana-z-nadrukiem\\\/#breadcrumblist\"},\"image\":{\"@type\":\"ImageObject\",\"url\":\"https:\\\/\\\/awih.pl\\\/wp-content\\\/uploads\\\/2022\\\/05\\\/torbabawelnauchodlugieecru.png\",\"@id\":\"https:\\\/\\\/awih.pl\\\/en\\\/sklep\\\/torba-bawelniana-z-nadrukiem\\\/#mainImage\",\"width\":1393,\"height\":2825,\"caption\":\"Torba bawe\\u0142niana ecru z d\\u0142ugim uchem\"},\"primaryImageOfPage\":{\"@id\":\"https:\\\/\\\/awih.pl\\\/en\\\/sklep\\\/torba-bawelniana-z-nadrukiem\\\/#mainImage\"},\"datePublished\":\"2024-05-10T10:26:47+02:00\",\"dateModified\":\"2024-12-06T17:50:43+01:00\"},{\"@type\":\"Organization\",\"@id\":\"https:\\\/\\\/awih.pl\\\/en\\\/#organization\",\"name\":\"AWIH Torby i Opakowania\",\"description\":\"Producent toreb i opakowa\\u0144. torby papierowe i opakowania produkujemy ju\\u017c ponad 25 lat. Torby dla sieci handlowych. Druk ma\\u0142ych nak\\u0142ad\\u00f3w. Personalizacja\",\"url\":\"https:\\\/\\\/awih.pl\\\/en\\\/\",\"email\":\"biuro@awih.pl\",\"telephone\":\"+48514041255\",\"logo\":{\"@type\":\"ImageObject\",\"url\":\"https:\\\/\\\/awih.pl\\\/wp-content\\\/uploads\\\/2023\\\/04\\\/cropped-Logo-AWIH.png\",\"@id\":\"https:\\\/\\\/awih.pl\\\/en\\\/sklep\\\/torba-bawelniana-z-nadrukiem\\\/#organizationLogo\",\"width\":512,\"height\":512,\"caption\":\"logo AWIH\"},\"image\":{\"@id\":\"https:\\\/\\\/awih.pl\\\/en\\\/sklep\\\/torba-bawelniana-z-nadrukiem\\\/#organizationLogo\"},\"sameAs\":[\"https:\\\/\\\/www.linkedin.com\\\/company\\\/awih\\\/\"],\"address\":{\"@id\":\"https:\\\/\\\/awih.pl\\\/en\\\/#postaladdress\",\"@type\":\"PostalAddress\",\"streetAddress\":\"Ry\\u017cowa 96A,\",\"postalCode\":\"05-816\",\"addressLocality\":\"Opacz Kolonia\",\"addressRegion\":\"Mazowieckie\",\"addressCountry\":\"PL\"},\"vatID\":\"PL1130061093\"},{\"@type\":\"WebPage\",\"@id\":\"https:\\\/\\\/awih.pl\\\/en\\\/sklep\\\/torba-bawelniana-z-nadrukiem\\\/#webpage\",\"url\":\"https:\\\/\\\/awih.pl\\\/en\\\/sklep\\\/torba-bawelniana-z-nadrukiem\\\/\",\"name\":\"Torba bawe\\u0142niana z nadrukiem - AWIH - Torby i Opakowania\",\"description\":\"Ekologiczna torba bawe\\u0142niana z nadrukiem: idealna do wielokrotnego u\\u017cytku, prasowana z kr\\u00f3tkim uchwytem. Pakowanie: 250 sztuk w kartonie Format: 38 x 42 cm\",\"inLanguage\":\"en-US\",\"isPartOf\":{\"@id\":\"https:\\\/\\\/awih.pl\\\/en\\\/#website\"},\"breadcrumb\":{\"@id\":\"https:\\\/\\\/awih.pl\\\/en\\\/sklep\\\/torba-bawelniana-z-nadrukiem\\\/#breadcrumblist\"},\"image\":{\"@type\":\"ImageObject\",\"url\":\"https:\\\/\\\/awih.pl\\\/wp-content\\\/uploads\\\/2022\\\/05\\\/torbabawelnauchodlugieecru.png\",\"@id\":\"https:\\\/\\\/awih.pl\\\/en\\\/sklep\\\/torba-bawelniana-z-nadrukiem\\\/#mainImage\",\"width\":1393,\"height\":2825,\"caption\":\"Torba bawe\\u0142niana ecru z d\\u0142ugim uchem\"},\"primaryImageOfPage\":{\"@id\":\"https:\\\/\\\/awih.pl\\\/en\\\/sklep\\\/torba-bawelniana-z-nadrukiem\\\/#mainImage\"},\"datePublished\":\"2024-05-10T10:26:47+02:00\",\"dateModified\":\"2024-12-06T17:50:43+01:00\"},{\"@type\":\"WebSite\",\"@id\":\"https:\\\/\\\/awih.pl\\\/en\\\/#website\",\"url\":\"https:\\\/\\\/awih.pl\\\/en\\\/\",\"name\":\"AWIH Torby i Opakowania\",\"alternateName\":\"AWIH\",\"description\":\"Producent toreb i opakowa\\u0144. torby papierowe i opakowania produkujemy ju\\u017c ponad 25 lat. Torby dla sieci handlowych. Druk ma\\u0142ych nak\\u0142ad\\u00f3w. Personalizacja\",\"inLanguage\":\"en-US\",\"publisher\":{\"@id\":\"https:\\\/\\\/awih.pl\\\/en\\\/#organization\"}}]}\n\t\t<\/script>\n\t\t<!-- All in One SEO Pro -->\r\n\t\t<title>Torba bawe\u0142niana z nadrukiem - AWIH - Torby i Opakowania<\/title>\n\n","aioseo_head_json":{"title":"Torba bawe\u0142niana z nadrukiem - AWIH - Torby i Opakowania","description":"Ekologiczna torba bawe\u0142niana z nadrukiem: idealna do wielokrotnego u\u017cytku, prasowana z kr\u00f3tkim uchwytem. Pakowanie: 250 sztuk w kartonie Format: 38 x 42 cm","canonical_url":"https:\/\/awih.pl\/en\/sklep\/torba-bawelniana-z-nadrukiem\/","robots":"max-image-preview:large","keywords":"","webmasterTools":{"google-site-verification":"qUbTDLl1QkUPNtEoo7SGcWHy_iy170abgHQeQ65Pu-M","miscellaneous":""},"schema":{"@context":"https:\/\/schema.org","@graph":[{"@type":"BreadcrumbList","@id":"https:\/\/awih.pl\/en\/sklep\/torba-bawelniana-z-nadrukiem\/#breadcrumblist","itemListElement":[{"@type":"ListItem","@id":"https:\/\/awih.pl\/en\/#listItem","position":1,"name":"Awih","item":"https:\/\/awih.pl\/en\/","nextItem":{"@type":"ListItem","@id":"https:\/\/awih.pl\/en\/shop\/#listItem","name":"Shop"}},{"@type":"ListItem","@id":"https:\/\/awih.pl\/en\/shop\/#listItem","position":2,"name":"Shop","item":"https:\/\/awih.pl\/en\/shop\/","nextItem":{"@type":"ListItem","@id":"https:\/\/awih.pl\/en\/kategoria-produktu\/torby-bawelniane\/#listItem","name":"Torby bawe\u0142niane"},"previousItem":{"@type":"ListItem","@id":"https:\/\/awih.pl\/en\/#listItem","name":"Awih"}},{"@type":"ListItem","@id":"https:\/\/awih.pl\/en\/kategoria-produktu\/torby-bawelniane\/#listItem","position":3,"name":"Torby bawe\u0142niane","item":"https:\/\/awih.pl\/en\/kategoria-produktu\/torby-bawelniane\/","nextItem":{"@type":"ListItem","@id":"https:\/\/awih.pl\/en\/kategoria-produktu\/torby-bawelniane\/torby-bawelniane-z-nadrukiem\/#listItem","name":"Torby bawe\u0142niane z nadrukiem"},"previousItem":{"@type":"ListItem","@id":"https:\/\/awih.pl\/en\/shop\/#listItem","name":"Shop"}},{"@type":"ListItem","@id":"https:\/\/awih.pl\/en\/kategoria-produktu\/torby-bawelniane\/torby-bawelniane-z-nadrukiem\/#listItem","position":4,"name":"Torby bawe\u0142niane z nadrukiem","item":"https:\/\/awih.pl\/en\/kategoria-produktu\/torby-bawelniane\/torby-bawelniane-z-nadrukiem\/","nextItem":{"@type":"ListItem","@id":"https:\/\/awih.pl\/en\/sklep\/torba-bawelniana-z-nadrukiem\/#listItem","name":"Torba bawe\u0142niana  z nadrukiem"},"previousItem":{"@type":"ListItem","@id":"https:\/\/awih.pl\/en\/kategoria-produktu\/torby-bawelniane\/#listItem","name":"Torby bawe\u0142niane"}},{"@type":"ListItem","@id":"https:\/\/awih.pl\/en\/sklep\/torba-bawelniana-z-nadrukiem\/#listItem","position":5,"name":"Torba bawe\u0142niana  z nadrukiem","previousItem":{"@type":"ListItem","@id":"https:\/\/awih.pl\/en\/kategoria-produktu\/torby-bawelniane\/torby-bawelniane-z-nadrukiem\/#listItem","name":"Torby bawe\u0142niane z nadrukiem"}}]},{"@type":"ItemPage","@id":"https:\/\/awih.pl\/en\/sklep\/torba-bawelniana-z-nadrukiem\/#itempage","url":"https:\/\/awih.pl\/en\/sklep\/torba-bawelniana-z-nadrukiem\/","name":"Torba bawe\u0142niana z nadrukiem - AWIH - Torby i Opakowania","description":"Ekologiczna torba bawe\u0142niana z nadrukiem: idealna do wielokrotnego u\u017cytku, prasowana z kr\u00f3tkim uchwytem. Pakowanie: 250 sztuk w kartonie Format: 38 x 42 cm","inLanguage":"en-US","isPartOf":{"@id":"https:\/\/awih.pl\/en\/#website"},"breadcrumb":{"@id":"https:\/\/awih.pl\/en\/sklep\/torba-bawelniana-z-nadrukiem\/#breadcrumblist"},"image":{"@type":"ImageObject","url":"https:\/\/awih.pl\/wp-content\/uploads\/2022\/05\/torbabawelnauchodlugieecru.png","@id":"https:\/\/awih.pl\/en\/sklep\/torba-bawelniana-z-nadrukiem\/#mainImage","width":1393,"height":2825,"caption":"Torba bawe\u0142niana ecru z d\u0142ugim uchem"},"primaryImageOfPage":{"@id":"https:\/\/awih.pl\/en\/sklep\/torba-bawelniana-z-nadrukiem\/#mainImage"},"datePublished":"2024-05-10T10:26:47+02:00","dateModified":"2024-12-06T17:50:43+01:00"},{"@type":"Organization","@id":"https:\/\/awih.pl\/en\/#organization","name":"AWIH Torby i Opakowania","description":"Producent toreb i opakowa\u0144. torby papierowe i opakowania produkujemy ju\u017c ponad 25 lat. Torby dla sieci handlowych. Druk ma\u0142ych nak\u0142ad\u00f3w. Personalizacja","url":"https:\/\/awih.pl\/en\/","email":"biuro@awih.pl","telephone":"+48514041255","logo":{"@type":"ImageObject","url":"https:\/\/awih.pl\/wp-content\/uploads\/2023\/04\/cropped-Logo-AWIH.png","@id":"https:\/\/awih.pl\/en\/sklep\/torba-bawelniana-z-nadrukiem\/#organizationLogo","width":512,"height":512,"caption":"logo AWIH"},"image":{"@id":"https:\/\/awih.pl\/en\/sklep\/torba-bawelniana-z-nadrukiem\/#organizationLogo"},"sameAs":["https:\/\/www.linkedin.com\/company\/awih\/"],"address":{"@id":"https:\/\/awih.pl\/en\/#postaladdress","@type":"PostalAddress","streetAddress":"Ry\u017cowa 96A,","postalCode":"05-816","addressLocality":"Opacz Kolonia","addressRegion":"Mazowieckie","addressCountry":"PL"},"vatID":"PL1130061093"},{"@type":"WebPage","@id":"https:\/\/awih.pl\/en\/sklep\/torba-bawelniana-z-nadrukiem\/#webpage","url":"https:\/\/awih.pl\/en\/sklep\/torba-bawelniana-z-nadrukiem\/","name":"Torba bawe\u0142niana z nadrukiem - AWIH - Torby i Opakowania","description":"Ekologiczna torba bawe\u0142niana z nadrukiem: idealna do wielokrotnego u\u017cytku, prasowana z kr\u00f3tkim uchwytem. Pakowanie: 250 sztuk w kartonie Format: 38 x 42 cm","inLanguage":"en-US","isPartOf":{"@id":"https:\/\/awih.pl\/en\/#website"},"breadcrumb":{"@id":"https:\/\/awih.pl\/en\/sklep\/torba-bawelniana-z-nadrukiem\/#breadcrumblist"},"image":{"@type":"ImageObject","url":"https:\/\/awih.pl\/wp-content\/uploads\/2022\/05\/torbabawelnauchodlugieecru.png","@id":"https:\/\/awih.pl\/en\/sklep\/torba-bawelniana-z-nadrukiem\/#mainImage","width":1393,"height":2825,"caption":"Torba bawe\u0142niana ecru z d\u0142ugim uchem"},"primaryImageOfPage":{"@id":"https:\/\/awih.pl\/en\/sklep\/torba-bawelniana-z-nadrukiem\/#mainImage"},"datePublished":"2024-05-10T10:26:47+02:00","dateModified":"2024-12-06T17:50:43+01:00"},{"@type":"WebSite","@id":"https:\/\/awih.pl\/en\/#website","url":"https:\/\/awih.pl\/en\/","name":"AWIH Torby i Opakowania","alternateName":"AWIH","description":"Producent toreb i opakowa\u0144. torby papierowe i opakowania produkujemy ju\u017c ponad 25 lat. Torby dla sieci handlowych. Druk ma\u0142ych nak\u0142ad\u00f3w. Personalizacja","inLanguage":"en-US","publisher":{"@id":"https:\/\/awih.pl\/en\/#organization"}}]},"og:locale":"en_US","og:site_name":"AWIH - Torby i Opakowania - Producent toreb i opakowa\u0144. torby papierowe i opakowania produkujemy ju\u017c ponad 25 lat. Torby dla sieci handlowych. Druk ma\u0142ych nak\u0142ad\u00f3w. Personalizacja","og:type":"article","og:title":"Torba bawe\u0142niana z nadrukiem - AWIH - Torby i Opakowania","og:description":"Ekologiczna torba bawe\u0142niana z nadrukiem: idealna do wielokrotnego u\u017cytku, prasowana z kr\u00f3tkim uchwytem. Pakowanie: 250 sztuk w kartonie Format: 38 x 42 cm","og:url":"https:\/\/awih.pl\/en\/sklep\/torba-bawelniana-z-nadrukiem\/","article:published_time":"2024-05-10T08:26:47+00:00","article:modified_time":"2024-12-06T16:50:43+00:00","article:publisher":"https:\/\/www.facebook.com\/AWIHPromotionalBagsPManufacturer","twitter:card":"summary","twitter:title":"Torba bawe\u0142niana z nadrukiem - AWIH - Torby i Opakowania","twitter:description":"Ekologiczna torba bawe\u0142niana z nadrukiem: idealna do wielokrotnego u\u017cytku, prasowana z kr\u00f3tkim uchwytem. Pakowanie: 250 sztuk w kartonie Format: 38 x 42 cm"},"aioseo_meta_data":{"post_id":"12109","title":null,"description":"Ekologiczna torba bawe\u0142niana z nadrukiem: idealna do wielokrotnego u\u017cytku, prasowana z kr\u00f3tkim uchwytem. Pakowanie: 250 sztuk w kartonie Format: 38 x 42 cm","keywords":null,"keyphrases":{"focus":{"keyphrase":"Torba bawe\u0142niana z nadrukiem","score":85,"analysis":{"keyphraseInTitle":{"score":9,"maxScore":9,"error":0},"keyphraseInDescription":{"score":9,"maxScore":9,"error":0},"keyphraseLength":{"score":6,"maxScore":9,"error":1,"length":5},"keyphraseInURL":{"score":5,"maxScore":5,"error":0},"keyphraseInIntroduction":{"score":3,"maxScore":9,"error":1},"keyphraseInSubHeadings":{"score":9,"maxScore":9,"error":0},"keyphraseInImageAlt":[],"keywordDensity":{"type":"best","score":9,"maxScore":9,"error":0}}},"additional":[]},"primary_term":null,"canonical_url":null,"og_title":null,"og_description":null,"og_object_type":"default","og_image_type":"default","og_image_url":null,"og_image_width":null,"og_image_height":null,"og_image_custom_url":null,"og_image_custom_fields":null,"og_video":"","og_custom_url":null,"og_article_section":null,"og_article_tags":null,"twitter_use_og":false,"twitter_card":"default","twitter_image_type":"default","twitter_image_url":null,"twitter_image_custom_url":null,"twitter_image_custom_fields":null,"twitter_title":null,"twitter_description":null,"schema":{"blockGraphs":[],"customGraphs":[],"default":{"data":{"Article":[],"Course":[],"Dataset":[],"FAQPage":[],"Movie":[],"Person":[],"Product":[],"ProductReview":[],"Car":[],"Recipe":[],"Service":[],"SoftwareApplication":[],"WebPage":[]},"graphName":"ItemPage","isEnabled":true},"graphs":[],"defaultGraph":"WebPage","defaultPostTypeGraph":""},"schema_type":"default","schema_type_options":"{\"article\":{\"articleType\":\"BlogPosting\"},\"course\":{\"name\":\"\",\"description\":\"\",\"provider\":\"\"},\"faq\":{\"pages\":[]},\"product\":{\"reviews\":[]},\"recipe\":{\"ingredients\":[],\"instructions\":[],\"keywords\":[]},\"software\":{\"reviews\":[],\"operatingSystems\":[]},\"webPage\":{\"webPageType\":\"WebPage\"}}","pillar_content":false,"robots_default":true,"robots_noindex":false,"robots_noarchive":false,"robots_nosnippet":false,"robots_nofollow":false,"robots_noimageindex":false,"robots_noodp":false,"robots_notranslate":false,"robots_max_snippet":"-1","robots_max_videopreview":"-1","robots_max_imagepreview":"large","priority":null,"frequency":"default","local_seo":null,"seo_analyzer_scan_date":"2025-10-09 10:00:01","breadcrumb_settings":null,"limit_modified_date":false,"reviewed_by":null,"open_ai":null,"ai":null,"created":"2024-05-10 08:26:47","updated":"2025-10-18 21:09:31"},"aioseo_breadcrumb":"<div class=\"aioseo-breadcrumbs\"><span class=\"aioseo-breadcrumb\">\n\t<a href=\"https:\/\/awih.pl\/en\/\" title=\"Awih\">Awih<\/a>\n<\/span><span class=\"aioseo-breadcrumb-separator\">\u00bb<\/span><span class=\"aioseo-breadcrumb\">\n\t<a href=\"https:\/\/awih.pl\/en\/shop\/\" title=\"Shop\">Shop<\/a>\n<\/span><span class=\"aioseo-breadcrumb-separator\">\u00bb<\/span><span class=\"aioseo-breadcrumb\">\n\t<a href=\"https:\/\/awih.pl\/en\/kategoria-produktu\/torby-bawelniane\/\" title=\"Torby bawe\u0142niane\">Torby bawe\u0142niane<\/a>\n<\/span><span class=\"aioseo-breadcrumb-separator\">\u00bb<\/span><span class=\"aioseo-breadcrumb\">\n\t<a href=\"https:\/\/awih.pl\/en\/kategoria-produktu\/torby-bawelniane\/torby-bawelniane-z-nadrukiem\/\" title=\"Torby bawe\u0142niane z nadrukiem\">Torby bawe\u0142niane z nadrukiem<\/a>\n<\/span><span class=\"aioseo-breadcrumb-separator\">\u00bb<\/span><span class=\"aioseo-breadcrumb\">\n\tTorba bawe\u0142niana  z nadrukiem\n<\/span><\/div>","aioseo_breadcrumb_json":[{"label":"Awih","link":"https:\/\/awih.pl\/en\/"},{"label":"Shop","link":"https:\/\/awih.pl\/en\/shop\/"},{"label":"Torby bawe\u0142niane","link":"https:\/\/awih.pl\/en\/kategoria-produktu\/torby-bawelniane\/"},{"label":"Torby bawe\u0142niane z nadrukiem","link":"https:\/\/awih.pl\/en\/kategoria-produktu\/torby-bawelniane\/torby-bawelniane-z-nadrukiem\/"},{"label":"Torba bawe\u0142niana  z nadrukiem","link":"https:\/\/awih.pl\/en\/sklep\/torba-bawelniana-z-nadrukiem\/"}],"_links":{"self":[{"href":"https:\/\/awih.pl\/en\/wp-json\/wp\/v2\/product\/12109","targetHints":{"allow":["GET"]}}],"collection":[{"href":"https:\/\/awih.pl\/en\/wp-json\/wp\/v2\/product"}],"about":[{"href":"https:\/\/awih.pl\/en\/wp-json\/wp\/v2\/types\/product"}],"replies":[{"embeddable":true,"href":"https:\/\/awih.pl\/en\/wp-json\/wp\/v2\/comments?post=12109"}],"wp:featuredmedia":[{"embeddable":true,"href":"https:\/\/awih.pl\/en\/wp-json\/wp\/v2\/media\/4429"}],"wp:attachment":[{"href":"https:\/\/awih.pl\/en\/wp-json\/wp\/v2\/media?parent=12109"}],"wp:term":[{"taxonomy":"product_brand","embeddable":true,"href":"https:\/\/awih.pl\/en\/wp-json\/wp\/v2\/product_brand?post=12109"},{"taxonomy":"product_cat","embeddable":true,"href":"https:\/\/awih.pl\/en\/wp-json\/wp\/v2\/product_cat?post=12109"},{"taxonomy":"product_tag","embeddable":true,"href":"https:\/\/awih.pl\/en\/wp-json\/wp\/v2\/product_tag?post=12109"}],"curies":[{"name":"wp","href":"https:\/\/api.w.org\/{rel}","templated":true}]}}