{"id":12948,"date":"2024-09-10T14:38:07","date_gmt":"2024-09-10T12:38:07","guid":{"rendered":"https:\/\/awih.pl\/?post_type=product&#038;p=12948"},"modified":"2025-08-04T11:14:32","modified_gmt":"2025-08-04T09:14:32","slug":"przylgi-kurierskie-c4-doklejki-kurierskie","status":"publish","type":"product","link":"https:\/\/awih.pl\/en\/sklep\/przylgi-kurierskie-c4-doklejki-kurierskie\/","title":{"rendered":"Przylgi kurierskie C4 (doklejki kurierskie) 500 szt."},"content":{"rendered":"<h1>Doklejki kurierskie C4 (samoprzylepne przylgi foliowe)<\/h1>\n<h2><\/h2>\n<p>&nbsp;<\/p>\n<h2>Specyfikacja doklejek kurierskich<\/h2>\n<div>Doklejki<b> kurierskie C4<\/b>\u00a0s\u0105 pakowane w kartony po 500 sztuk. Przezroczysta folia LDPE oraz mocny klej sprawiaj\u0105, \u017ce przylgi te doskonale nadaj\u0105 si\u0119 do u\u017cytku w firmach zajmuj\u0105cych si\u0119 wysy\u0142k\u0105 du\u017cych ilo\u015bci paczek.<\/div>\n<div><\/div>\n<div><\/div>\n<div>\u00a0 \u00a0 <strong>Format:<\/strong> C4 (325&#215;235 mm)<\/div>\n<div>\u00a0 \u00a0<strong> Materia\u0142:<\/strong> folia LDPE<\/div>\n<div>\u00a0 \u00a0 <strong>Kolor:<\/strong> przezroczysty<\/div>\n<div>\u00a0 \u00a0 <strong>Zawarto\u015b\u0107 opakowania:<\/strong> 500 sztuk<\/div>\n<div><\/div>\n<h2><\/h2>\n<h2>G\u0142\u00f3wne zalety doklejek kurierskich<\/h2>\n<div><\/div>\n<div>Koperty kurierskie wykonane z folii LDPE charakteryzuj\u0105 si\u0119 wieloma zaletami, kt\u00f3re czyni\u0105 je niezast\u0105pionym elementem w procesie transportu i logistyki:<\/div>\n<div><\/div>\n<ol>\n<li><b>Bezpiecze\u0144stwo i odporno\u015b\u0107<\/b> \u2013 Mocna folia LDPE skutecznie chroni dokumenty przed wilgoci\u0105, kurzem oraz uszkodzeniami mechanicznymi. Dzi\u0119ki szerokiej powierzchni zamkni\u0119cia koperty s\u0105 odporne na warunki atmosferyczne, zapewniaj\u0105c, \u017ce zawarto\u015b\u0107 przesy\u0142ki pozostaje sucha i nienaruszona nawet podczas trudnych warunk\u00f3w transportowych.<\/li>\n<li><b>\u0141atwo\u015b\u0107 aplikacji<\/b> \u2013 Samoprzylepna powierzchnia umo\u017cliwia szybkie i pewne przyklejenie przylgi do r\u00f3\u017cnych typ\u00f3w opakowa\u0144, takich jak kartony, foliopaki czy palety. To prosty spos\u00f3b na zabezpieczenie dokument\u00f3w, kt\u00f3ry nie wymaga dodatkowych materia\u0142\u00f3w, jak ta\u015bma klej\u0105ca czy klej.<\/li>\n<li><b>Transparentno\u015b\u0107<\/b> \u2013 Przezroczysta folia PE pozwala na \u0142atw\u0105 identyfikacj\u0119 zawarto\u015bci dokument\u00f3w bez konieczno\u015bci otwierania koperty. U\u0142atwia to szybkie skanowanie kod\u00f3w kreskowych i sprawne przeprowadzenie kontroli przesy\u0142ek.<\/li>\n<li><b>Solidne zamkni\u0119cie<\/b>\u00a0\u2013 Pasek klej\u0105cy umieszczony na kopertach kurierskich gwarantuje trwa\u0142e i mocne zamkni\u0119cie, kt\u00f3re minimalizuje ryzyko przypadkowego otwarcia podczas transportu. Oznacza to, \u017ce dokumenty s\u0105 bezpiecznie zamkni\u0119te i chronione przed zagubieniem.<\/li>\n<\/ol>\n<div><\/div>\n<h2><\/h2>\n<h2>Trwa\u0142o\u015b\u0107 i bezpiecze\u0144stwo dokument\u00f3w<\/h2>\n<div><\/div>\n<div>Przylgi kurierskie, dzi\u0119ki wysokiej odporno\u015bci na warunki atmosferyczne oraz uszkodzenia mechaniczne, gwarantuj\u0105, \u017ce dokumenty dotr\u0105 do odbiorcy w nienaruszonym stanie. Solidna konstrukcja kopert minimalizuje ryzyko zniszczenia lub zagubienia wa\u017cnych dokument\u00f3w podczas transportu, co jest kluczowe w zapewnieniu bezpiecznej i efektywnej obs\u0142ugi logistycznej.<\/div>\n<div><\/div>\n<div>Dodatkowo, dzi\u0119ki uniwersalnym wymiarom, doklejki C4 pasuj\u0105 do wi\u0119kszo\u015bci standardowych dokument\u00f3w, co czyni je wszechstronnym narz\u0119dziem w codziennej dzia\u0142alno\u015bci logistycznej i kurierskiej.<\/div>\n","protected":false},"excerpt":{"rendered":"<p style=\"text-align: center;\"><span style=\"vertical-align: inherit;\">Cena brutto (zawiera 23% VAT)<br \/>\n<\/span><span style=\"font-size: 75%;\"><a href=\"https:\/\/awih.pl\/sklep\/dostawa\" target=\"_blank\" rel=\"noopener\"><span style=\"color: #00aae7;\">Zam\u00f3wienia z\u0142o\u017cone do godz. 14.00<br \/>\n<\/span><span style=\"color: #00aae7;\">realizujemy zwykle tego samego dnia.<\/span><\/a><\/span><\/p>\n","protected":false},"featured_media":13121,"comment_status":"open","ping_status":"closed","template":"","meta":{"_monsterinsights_skip_tracking":false,"_monsterinsights_sitenote_active":false,"_monsterinsights_sitenote_note":"","_monsterinsights_sitenote_category":0},"product_brand":[],"product_cat":[941,1212],"product_tag":[1218,1217,1215],"class_list":{"0":"post-12948","1":"product","2":"type-product","3":"status-publish","4":"has-post-thumbnail","6":"product_cat-koperty","7":"product_cat-przylgi-koperty-kurierskie","8":"product_tag-doklejki-kurierskie","9":"product_tag-doklejki-kurierskie-c4","10":"product_tag-przylgi-foliowe-c4","12":"first","13":"instock","14":"taxable","15":"shipping-taxable","16":"purchasable","17":"product-type-simple"},"aioseo_notices":[],"aioseo_head":"\n\t\t<!-- All in One SEO Pro 4.9.5.2 - aioseo.com -->\n\t<meta name=\"description\" content=\"W ofercie dost\u0119pne s\u0105 doklejki kurierskie C4, kt\u00f3re s\u0105 pakowane w kartony po 500 sztuk. Przezroczysta folia LDPE oraz mocny klej sprawiaj\u0105, \u017ce koperta mocno ...\" \/>\n\t<meta name=\"robots\" content=\"max-image-preview:large\" \/>\n\t<meta name=\"google-site-verification\" content=\"qUbTDLl1QkUPNtEoo7SGcWHy_iy170abgHQeQ65Pu-M\" \/>\n\t<link rel=\"canonical\" href=\"https:\/\/awih.pl\/en\/sklep\/przylgi-kurierskie-c4-doklejki-kurierskie\/\" \/>\n\t<meta name=\"generator\" content=\"All in One SEO Pro (AIOSEO) 4.9.5.2\" \/>\n\t\t<meta property=\"og:locale\" content=\"en_US\" \/>\n\t\t<meta property=\"og:site_name\" content=\"AWIH - Torby i Opakowania - Producent toreb i opakowa\u0144. torby papierowe i opakowania produkujemy ju\u017c ponad 25 lat. Torby dla sieci handlowych. Druk ma\u0142ych nak\u0142ad\u00f3w. Personalizacja\" \/>\n\t\t<meta property=\"og:type\" content=\"article\" \/>\n\t\t<meta property=\"og:title\" content=\"Przylgi kurierskie C4 (doklejki kurierskie) 500 szt.\" \/>\n\t\t<meta property=\"og:description\" content=\"W ofercie dost\u0119pne s\u0105 doklejki kurierskie C4, kt\u00f3re s\u0105 pakowane w kartony po 500 sztuk. Przezroczysta folia LDPE oraz mocny klej sprawiaj\u0105, \u017ce koperta mocno ...\" \/>\n\t\t<meta property=\"og:url\" content=\"https:\/\/awih.pl\/en\/sklep\/przylgi-kurierskie-c4-doklejki-kurierskie\/\" \/>\n\t\t<meta property=\"article:published_time\" content=\"2024-09-10T12:38:07+00:00\" \/>\n\t\t<meta property=\"article:modified_time\" content=\"2025-08-04T09:14:32+00:00\" \/>\n\t\t<meta property=\"article:publisher\" content=\"https:\/\/www.facebook.com\/AWIHPromotionalBagsPManufacturer\" \/>\n\t\t<meta name=\"twitter:card\" content=\"summary\" \/>\n\t\t<meta name=\"twitter:title\" content=\"Przylgi kurierskie C4 (doklejki kurierskie) 500 szt.\" \/>\n\t\t<meta name=\"twitter:description\" content=\"W ofercie dost\u0119pne s\u0105 doklejki kurierskie C4, kt\u00f3re s\u0105 pakowane w kartony po 500 sztuk. Przezroczysta folia LDPE oraz mocny klej sprawiaj\u0105, \u017ce koperta mocno ...\" \/>\n\t\t<script type=\"application\/ld+json\" class=\"aioseo-schema\">\n\t\t\t{\"@context\":\"https:\\\/\\\/schema.org\",\"@graph\":[{\"@type\":\"BreadcrumbList\",\"@id\":\"https:\\\/\\\/awih.pl\\\/en\\\/sklep\\\/przylgi-kurierskie-c4-doklejki-kurierskie\\\/#breadcrumblist\",\"itemListElement\":[{\"@type\":\"ListItem\",\"@id\":\"https:\\\/\\\/awih.pl\\\/en\\\/#listItem\",\"position\":1,\"name\":\"Awih\",\"item\":\"https:\\\/\\\/awih.pl\\\/en\\\/\",\"nextItem\":{\"@type\":\"ListItem\",\"@id\":\"https:\\\/\\\/awih.pl\\\/en\\\/shop\\\/#listItem\",\"name\":\"Shop\"}},{\"@type\":\"ListItem\",\"@id\":\"https:\\\/\\\/awih.pl\\\/en\\\/shop\\\/#listItem\",\"position\":2,\"name\":\"Shop\",\"item\":\"https:\\\/\\\/awih.pl\\\/en\\\/shop\\\/\",\"nextItem\":{\"@type\":\"ListItem\",\"@id\":\"https:\\\/\\\/awih.pl\\\/en\\\/kategoria-produktu\\\/koperty\\\/#listItem\",\"name\":\"Koperty\"},\"previousItem\":{\"@type\":\"ListItem\",\"@id\":\"https:\\\/\\\/awih.pl\\\/en\\\/#listItem\",\"name\":\"Awih\"}},{\"@type\":\"ListItem\",\"@id\":\"https:\\\/\\\/awih.pl\\\/en\\\/kategoria-produktu\\\/koperty\\\/#listItem\",\"position\":3,\"name\":\"Koperty\",\"item\":\"https:\\\/\\\/awih.pl\\\/en\\\/kategoria-produktu\\\/koperty\\\/\",\"nextItem\":{\"@type\":\"ListItem\",\"@id\":\"https:\\\/\\\/awih.pl\\\/en\\\/kategoria-produktu\\\/koperty\\\/przylgi-koperty-kurierskie\\\/#listItem\",\"name\":\"Przylgi kurierskie\"},\"previousItem\":{\"@type\":\"ListItem\",\"@id\":\"https:\\\/\\\/awih.pl\\\/en\\\/shop\\\/#listItem\",\"name\":\"Shop\"}},{\"@type\":\"ListItem\",\"@id\":\"https:\\\/\\\/awih.pl\\\/en\\\/kategoria-produktu\\\/koperty\\\/przylgi-koperty-kurierskie\\\/#listItem\",\"position\":4,\"name\":\"Przylgi kurierskie\",\"item\":\"https:\\\/\\\/awih.pl\\\/en\\\/kategoria-produktu\\\/koperty\\\/przylgi-koperty-kurierskie\\\/\",\"nextItem\":{\"@type\":\"ListItem\",\"@id\":\"https:\\\/\\\/awih.pl\\\/en\\\/sklep\\\/przylgi-kurierskie-c4-doklejki-kurierskie\\\/#listItem\",\"name\":\"Przylgi kurierskie C4 (doklejki kurierskie) 500 szt.\"},\"previousItem\":{\"@type\":\"ListItem\",\"@id\":\"https:\\\/\\\/awih.pl\\\/en\\\/kategoria-produktu\\\/koperty\\\/#listItem\",\"name\":\"Koperty\"}},{\"@type\":\"ListItem\",\"@id\":\"https:\\\/\\\/awih.pl\\\/en\\\/sklep\\\/przylgi-kurierskie-c4-doklejki-kurierskie\\\/#listItem\",\"position\":5,\"name\":\"Przylgi kurierskie C4 (doklejki kurierskie) 500 szt.\",\"previousItem\":{\"@type\":\"ListItem\",\"@id\":\"https:\\\/\\\/awih.pl\\\/en\\\/kategoria-produktu\\\/koperty\\\/przylgi-koperty-kurierskie\\\/#listItem\",\"name\":\"Przylgi kurierskie\"}}]},{\"@type\":\"ItemPage\",\"@id\":\"https:\\\/\\\/awih.pl\\\/en\\\/sklep\\\/przylgi-kurierskie-c4-doklejki-kurierskie\\\/#itempage\",\"url\":\"https:\\\/\\\/awih.pl\\\/en\\\/sklep\\\/przylgi-kurierskie-c4-doklejki-kurierskie\\\/\",\"name\":\"Przylgi kurierskie C4 (doklejki kurierskie) 500 szt.\",\"description\":\"W ofercie dost\\u0119pne s\\u0105 doklejki kurierskie C4, kt\\u00f3re s\\u0105 pakowane w kartony po 500 sztuk. Przezroczysta folia LDPE oraz mocny klej sprawiaj\\u0105, \\u017ce koperta mocno ...\",\"inLanguage\":\"en-US\",\"isPartOf\":{\"@id\":\"https:\\\/\\\/awih.pl\\\/en\\\/#website\"},\"breadcrumb\":{\"@id\":\"https:\\\/\\\/awih.pl\\\/en\\\/sklep\\\/przylgi-kurierskie-c4-doklejki-kurierskie\\\/#breadcrumblist\"},\"image\":{\"@type\":\"ImageObject\",\"url\":\"https:\\\/\\\/awih.pl\\\/wp-content\\\/uploads\\\/2024\\\/09\\\/Przylga-A4.jpg\",\"@id\":\"https:\\\/\\\/awih.pl\\\/en\\\/sklep\\\/przylgi-kurierskie-c4-doklejki-kurierskie\\\/#mainImage\",\"width\":1417,\"height\":1890,\"caption\":\"Doklejki kurierskie pzylgi\"},\"primaryImageOfPage\":{\"@id\":\"https:\\\/\\\/awih.pl\\\/en\\\/sklep\\\/przylgi-kurierskie-c4-doklejki-kurierskie\\\/#mainImage\"},\"datePublished\":\"2024-09-10T14:38:07+02:00\",\"dateModified\":\"2025-08-04T11:14:32+02:00\"},{\"@type\":\"Organization\",\"@id\":\"https:\\\/\\\/awih.pl\\\/en\\\/#organization\",\"name\":\"AWIH Torby i Opakowania\",\"description\":\"Producent toreb i opakowa\\u0144. torby papierowe i opakowania produkujemy ju\\u017c ponad 25 lat. Torby dla sieci handlowych. Druk ma\\u0142ych nak\\u0142ad\\u00f3w. Personalizacja\",\"url\":\"https:\\\/\\\/awih.pl\\\/en\\\/\",\"email\":\"biuro@awih.pl\",\"telephone\":\"+48514041255\",\"logo\":{\"@type\":\"ImageObject\",\"url\":\"https:\\\/\\\/awih.pl\\\/wp-content\\\/uploads\\\/2023\\\/04\\\/cropped-Logo-AWIH.png\",\"@id\":\"https:\\\/\\\/awih.pl\\\/en\\\/sklep\\\/przylgi-kurierskie-c4-doklejki-kurierskie\\\/#organizationLogo\",\"width\":512,\"height\":512,\"caption\":\"logo AWIH\"},\"image\":{\"@id\":\"https:\\\/\\\/awih.pl\\\/en\\\/sklep\\\/przylgi-kurierskie-c4-doklejki-kurierskie\\\/#organizationLogo\"},\"sameAs\":[\"https:\\\/\\\/www.linkedin.com\\\/company\\\/awih\\\/\"],\"address\":{\"@id\":\"https:\\\/\\\/awih.pl\\\/en\\\/#postaladdress\",\"@type\":\"PostalAddress\",\"streetAddress\":\"Ry\\u017cowa 96A,\",\"postalCode\":\"05-816\",\"addressLocality\":\"Opacz Kolonia\",\"addressRegion\":\"Mazowieckie\",\"addressCountry\":\"PL\"},\"vatID\":\"PL1130061093\"},{\"@type\":\"WebPage\",\"@id\":\"https:\\\/\\\/awih.pl\\\/en\\\/sklep\\\/przylgi-kurierskie-c4-doklejki-kurierskie\\\/#webpage\",\"url\":\"https:\\\/\\\/awih.pl\\\/en\\\/sklep\\\/przylgi-kurierskie-c4-doklejki-kurierskie\\\/\",\"name\":\"Przylgi kurierskie C4 (doklejki kurierskie) 500 szt.\",\"description\":\"W ofercie dost\\u0119pne s\\u0105 doklejki kurierskie C4, kt\\u00f3re s\\u0105 pakowane w kartony po 500 sztuk. Przezroczysta folia LDPE oraz mocny klej sprawiaj\\u0105, \\u017ce koperta mocno ...\",\"inLanguage\":\"en-US\",\"isPartOf\":{\"@id\":\"https:\\\/\\\/awih.pl\\\/en\\\/#website\"},\"breadcrumb\":{\"@id\":\"https:\\\/\\\/awih.pl\\\/en\\\/sklep\\\/przylgi-kurierskie-c4-doklejki-kurierskie\\\/#breadcrumblist\"},\"image\":{\"@type\":\"ImageObject\",\"url\":\"https:\\\/\\\/awih.pl\\\/wp-content\\\/uploads\\\/2024\\\/09\\\/Przylga-A4.jpg\",\"@id\":\"https:\\\/\\\/awih.pl\\\/en\\\/sklep\\\/przylgi-kurierskie-c4-doklejki-kurierskie\\\/#mainImage\",\"width\":1417,\"height\":1890,\"caption\":\"Doklejki kurierskie pzylgi\"},\"primaryImageOfPage\":{\"@id\":\"https:\\\/\\\/awih.pl\\\/en\\\/sklep\\\/przylgi-kurierskie-c4-doklejki-kurierskie\\\/#mainImage\"},\"datePublished\":\"2024-09-10T14:38:07+02:00\",\"dateModified\":\"2025-08-04T11:14:32+02:00\"},{\"@type\":\"WebSite\",\"@id\":\"https:\\\/\\\/awih.pl\\\/en\\\/#website\",\"url\":\"https:\\\/\\\/awih.pl\\\/en\\\/\",\"name\":\"AWIH Torby i Opakowania\",\"alternateName\":\"AWIH\",\"description\":\"Producent toreb i opakowa\\u0144. torby papierowe i opakowania produkujemy ju\\u017c ponad 25 lat. Torby dla sieci handlowych. Druk ma\\u0142ych nak\\u0142ad\\u00f3w. Personalizacja\",\"inLanguage\":\"en-US\",\"publisher\":{\"@id\":\"https:\\\/\\\/awih.pl\\\/en\\\/#organization\"}}]}\n\t\t<\/script>\n\t\t<!-- All in One SEO Pro -->\r\n\t\t<title>Przylgi kurierskie C4 (doklejki kurierskie) 500 szt.<\/title>\n\n","aioseo_head_json":{"title":"Przylgi kurierskie C4 (doklejki kurierskie) 500 szt.","description":"W ofercie dost\u0119pne s\u0105 doklejki kurierskie C4, kt\u00f3re s\u0105 pakowane w kartony po 500 sztuk. Przezroczysta folia LDPE oraz mocny klej sprawiaj\u0105, \u017ce koperta mocno ...","canonical_url":"https:\/\/awih.pl\/en\/sklep\/przylgi-kurierskie-c4-doklejki-kurierskie\/","robots":"max-image-preview:large","keywords":"","webmasterTools":{"google-site-verification":"qUbTDLl1QkUPNtEoo7SGcWHy_iy170abgHQeQ65Pu-M","miscellaneous":""},"schema":{"@context":"https:\/\/schema.org","@graph":[{"@type":"BreadcrumbList","@id":"https:\/\/awih.pl\/en\/sklep\/przylgi-kurierskie-c4-doklejki-kurierskie\/#breadcrumblist","itemListElement":[{"@type":"ListItem","@id":"https:\/\/awih.pl\/en\/#listItem","position":1,"name":"Awih","item":"https:\/\/awih.pl\/en\/","nextItem":{"@type":"ListItem","@id":"https:\/\/awih.pl\/en\/shop\/#listItem","name":"Shop"}},{"@type":"ListItem","@id":"https:\/\/awih.pl\/en\/shop\/#listItem","position":2,"name":"Shop","item":"https:\/\/awih.pl\/en\/shop\/","nextItem":{"@type":"ListItem","@id":"https:\/\/awih.pl\/en\/kategoria-produktu\/koperty\/#listItem","name":"Koperty"},"previousItem":{"@type":"ListItem","@id":"https:\/\/awih.pl\/en\/#listItem","name":"Awih"}},{"@type":"ListItem","@id":"https:\/\/awih.pl\/en\/kategoria-produktu\/koperty\/#listItem","position":3,"name":"Koperty","item":"https:\/\/awih.pl\/en\/kategoria-produktu\/koperty\/","nextItem":{"@type":"ListItem","@id":"https:\/\/awih.pl\/en\/kategoria-produktu\/koperty\/przylgi-koperty-kurierskie\/#listItem","name":"Przylgi kurierskie"},"previousItem":{"@type":"ListItem","@id":"https:\/\/awih.pl\/en\/shop\/#listItem","name":"Shop"}},{"@type":"ListItem","@id":"https:\/\/awih.pl\/en\/kategoria-produktu\/koperty\/przylgi-koperty-kurierskie\/#listItem","position":4,"name":"Przylgi kurierskie","item":"https:\/\/awih.pl\/en\/kategoria-produktu\/koperty\/przylgi-koperty-kurierskie\/","nextItem":{"@type":"ListItem","@id":"https:\/\/awih.pl\/en\/sklep\/przylgi-kurierskie-c4-doklejki-kurierskie\/#listItem","name":"Przylgi kurierskie C4 (doklejki kurierskie) 500 szt."},"previousItem":{"@type":"ListItem","@id":"https:\/\/awih.pl\/en\/kategoria-produktu\/koperty\/#listItem","name":"Koperty"}},{"@type":"ListItem","@id":"https:\/\/awih.pl\/en\/sklep\/przylgi-kurierskie-c4-doklejki-kurierskie\/#listItem","position":5,"name":"Przylgi kurierskie C4 (doklejki kurierskie) 500 szt.","previousItem":{"@type":"ListItem","@id":"https:\/\/awih.pl\/en\/kategoria-produktu\/koperty\/przylgi-koperty-kurierskie\/#listItem","name":"Przylgi kurierskie"}}]},{"@type":"ItemPage","@id":"https:\/\/awih.pl\/en\/sklep\/przylgi-kurierskie-c4-doklejki-kurierskie\/#itempage","url":"https:\/\/awih.pl\/en\/sklep\/przylgi-kurierskie-c4-doklejki-kurierskie\/","name":"Przylgi kurierskie C4 (doklejki kurierskie) 500 szt.","description":"W ofercie dost\u0119pne s\u0105 doklejki kurierskie C4, kt\u00f3re s\u0105 pakowane w kartony po 500 sztuk. Przezroczysta folia LDPE oraz mocny klej sprawiaj\u0105, \u017ce koperta mocno ...","inLanguage":"en-US","isPartOf":{"@id":"https:\/\/awih.pl\/en\/#website"},"breadcrumb":{"@id":"https:\/\/awih.pl\/en\/sklep\/przylgi-kurierskie-c4-doklejki-kurierskie\/#breadcrumblist"},"image":{"@type":"ImageObject","url":"https:\/\/awih.pl\/wp-content\/uploads\/2024\/09\/Przylga-A4.jpg","@id":"https:\/\/awih.pl\/en\/sklep\/przylgi-kurierskie-c4-doklejki-kurierskie\/#mainImage","width":1417,"height":1890,"caption":"Doklejki kurierskie pzylgi"},"primaryImageOfPage":{"@id":"https:\/\/awih.pl\/en\/sklep\/przylgi-kurierskie-c4-doklejki-kurierskie\/#mainImage"},"datePublished":"2024-09-10T14:38:07+02:00","dateModified":"2025-08-04T11:14:32+02:00"},{"@type":"Organization","@id":"https:\/\/awih.pl\/en\/#organization","name":"AWIH Torby i Opakowania","description":"Producent toreb i opakowa\u0144. torby papierowe i opakowania produkujemy ju\u017c ponad 25 lat. Torby dla sieci handlowych. Druk ma\u0142ych nak\u0142ad\u00f3w. Personalizacja","url":"https:\/\/awih.pl\/en\/","email":"biuro@awih.pl","telephone":"+48514041255","logo":{"@type":"ImageObject","url":"https:\/\/awih.pl\/wp-content\/uploads\/2023\/04\/cropped-Logo-AWIH.png","@id":"https:\/\/awih.pl\/en\/sklep\/przylgi-kurierskie-c4-doklejki-kurierskie\/#organizationLogo","width":512,"height":512,"caption":"logo AWIH"},"image":{"@id":"https:\/\/awih.pl\/en\/sklep\/przylgi-kurierskie-c4-doklejki-kurierskie\/#organizationLogo"},"sameAs":["https:\/\/www.linkedin.com\/company\/awih\/"],"address":{"@id":"https:\/\/awih.pl\/en\/#postaladdress","@type":"PostalAddress","streetAddress":"Ry\u017cowa 96A,","postalCode":"05-816","addressLocality":"Opacz Kolonia","addressRegion":"Mazowieckie","addressCountry":"PL"},"vatID":"PL1130061093"},{"@type":"WebPage","@id":"https:\/\/awih.pl\/en\/sklep\/przylgi-kurierskie-c4-doklejki-kurierskie\/#webpage","url":"https:\/\/awih.pl\/en\/sklep\/przylgi-kurierskie-c4-doklejki-kurierskie\/","name":"Przylgi kurierskie C4 (doklejki kurierskie) 500 szt.","description":"W ofercie dost\u0119pne s\u0105 doklejki kurierskie C4, kt\u00f3re s\u0105 pakowane w kartony po 500 sztuk. Przezroczysta folia LDPE oraz mocny klej sprawiaj\u0105, \u017ce koperta mocno ...","inLanguage":"en-US","isPartOf":{"@id":"https:\/\/awih.pl\/en\/#website"},"breadcrumb":{"@id":"https:\/\/awih.pl\/en\/sklep\/przylgi-kurierskie-c4-doklejki-kurierskie\/#breadcrumblist"},"image":{"@type":"ImageObject","url":"https:\/\/awih.pl\/wp-content\/uploads\/2024\/09\/Przylga-A4.jpg","@id":"https:\/\/awih.pl\/en\/sklep\/przylgi-kurierskie-c4-doklejki-kurierskie\/#mainImage","width":1417,"height":1890,"caption":"Doklejki kurierskie pzylgi"},"primaryImageOfPage":{"@id":"https:\/\/awih.pl\/en\/sklep\/przylgi-kurierskie-c4-doklejki-kurierskie\/#mainImage"},"datePublished":"2024-09-10T14:38:07+02:00","dateModified":"2025-08-04T11:14:32+02:00"},{"@type":"WebSite","@id":"https:\/\/awih.pl\/en\/#website","url":"https:\/\/awih.pl\/en\/","name":"AWIH Torby i Opakowania","alternateName":"AWIH","description":"Producent toreb i opakowa\u0144. torby papierowe i opakowania produkujemy ju\u017c ponad 25 lat. Torby dla sieci handlowych. Druk ma\u0142ych nak\u0142ad\u00f3w. Personalizacja","inLanguage":"en-US","publisher":{"@id":"https:\/\/awih.pl\/en\/#organization"}}]},"og:locale":"en_US","og:site_name":"AWIH - Torby i Opakowania - Producent toreb i opakowa\u0144. torby papierowe i opakowania produkujemy ju\u017c ponad 25 lat. Torby dla sieci handlowych. Druk ma\u0142ych nak\u0142ad\u00f3w. Personalizacja","og:type":"article","og:title":"Przylgi kurierskie C4 (doklejki kurierskie) 500 szt.","og:description":"W ofercie dost\u0119pne s\u0105 doklejki kurierskie C4, kt\u00f3re s\u0105 pakowane w kartony po 500 sztuk. Przezroczysta folia LDPE oraz mocny klej sprawiaj\u0105, \u017ce koperta mocno ...","og:url":"https:\/\/awih.pl\/en\/sklep\/przylgi-kurierskie-c4-doklejki-kurierskie\/","article:published_time":"2024-09-10T12:38:07+00:00","article:modified_time":"2025-08-04T09:14:32+00:00","article:publisher":"https:\/\/www.facebook.com\/AWIHPromotionalBagsPManufacturer","twitter:card":"summary","twitter:title":"Przylgi kurierskie C4 (doklejki kurierskie) 500 szt.","twitter:description":"W ofercie dost\u0119pne s\u0105 doklejki kurierskie C4, kt\u00f3re s\u0105 pakowane w kartony po 500 sztuk. Przezroczysta folia LDPE oraz mocny klej sprawiaj\u0105, \u017ce koperta mocno ..."},"aioseo_meta_data":{"post_id":"12948","title":"#post_title","description":"W ofercie dost\u0119pne s\u0105 doklejki kurierskie C4, kt\u00f3re s\u0105 pakowane w kartony po 500 sztuk. Przezroczysta folia LDPE oraz mocny klej sprawiaj\u0105, \u017ce koperta mocno ...","keywords":null,"keyphrases":{"focus":{"keyphrase":"doklejki kurierskie","score":80,"analysis":{"keyphraseInTitle":{"score":9,"maxScore":9,"error":0},"keyphraseInDescription":{"score":9,"maxScore":9,"error":0},"keyphraseLength":{"score":9,"maxScore":9,"error":0,"length":2},"keyphraseInURL":{"score":5,"maxScore":5,"error":0},"keyphraseInIntroduction":{"score":3,"maxScore":9,"error":1},"keyphraseInSubHeadings":{"score":3,"maxScore":9,"error":1},"keyphraseInImageAlt":[],"keywordDensity":{"type":"best","score":9,"maxScore":9,"error":0}}},"additional":[]},"primary_term":null,"canonical_url":null,"og_title":null,"og_description":null,"og_object_type":"default","og_image_type":"default","og_image_url":null,"og_image_width":null,"og_image_height":null,"og_image_custom_url":null,"og_image_custom_fields":null,"og_video":"","og_custom_url":null,"og_article_section":null,"og_article_tags":null,"twitter_use_og":false,"twitter_card":"default","twitter_image_type":"default","twitter_image_url":null,"twitter_image_custom_url":null,"twitter_image_custom_fields":null,"twitter_title":null,"twitter_description":null,"schema":{"blockGraphs":[],"customGraphs":[],"default":{"data":{"Article":[],"Course":[],"Dataset":[],"FAQPage":[],"Movie":[],"Person":[],"Product":[],"ProductReview":[],"Car":[],"Recipe":[],"Service":[],"SoftwareApplication":[],"WebPage":[]},"graphName":"ItemPage","isEnabled":true},"graphs":[]},"schema_type":"default","schema_type_options":null,"pillar_content":false,"robots_default":true,"robots_noindex":false,"robots_noarchive":false,"robots_nosnippet":false,"robots_nofollow":false,"robots_noimageindex":false,"robots_noodp":false,"robots_notranslate":false,"robots_max_snippet":"-1","robots_max_videopreview":"-1","robots_max_imagepreview":"large","priority":null,"frequency":"default","local_seo":null,"seo_analyzer_scan_date":"2025-10-09 10:18:02","breadcrumb_settings":null,"limit_modified_date":false,"reviewed_by":null,"open_ai":"{\"title\":{\"suggestions\":[],\"usage\":0},\"description\":{\"suggestions\":[],\"usage\":0}}","ai":null,"created":"2024-09-10 12:38:07","updated":"2025-11-27 01:19:12"},"aioseo_breadcrumb":"<div class=\"aioseo-breadcrumbs\"><span class=\"aioseo-breadcrumb\">\n\t<a href=\"https:\/\/awih.pl\/en\/\" title=\"Awih\">Awih<\/a>\n<\/span><span class=\"aioseo-breadcrumb-separator\">\u00bb<\/span><span class=\"aioseo-breadcrumb\">\n\t<a href=\"https:\/\/awih.pl\/en\/shop\/\" title=\"Shop\">Shop<\/a>\n<\/span><span class=\"aioseo-breadcrumb-separator\">\u00bb<\/span><span class=\"aioseo-breadcrumb\">\n\t<a href=\"https:\/\/awih.pl\/en\/kategoria-produktu\/koperty\/\" title=\"Koperty\">Koperty<\/a>\n<\/span><span class=\"aioseo-breadcrumb-separator\">\u00bb<\/span><span class=\"aioseo-breadcrumb\">\n\t<a href=\"https:\/\/awih.pl\/en\/kategoria-produktu\/koperty\/przylgi-koperty-kurierskie\/\" title=\"Przylgi kurierskie\">Przylgi kurierskie<\/a>\n<\/span><span class=\"aioseo-breadcrumb-separator\">\u00bb<\/span><span class=\"aioseo-breadcrumb\">\n\tPrzylgi kurierskie C4 (doklejki kurierskie) 500 szt.\n<\/span><\/div>","aioseo_breadcrumb_json":[{"label":"Awih","link":"https:\/\/awih.pl\/en\/"},{"label":"Shop","link":"https:\/\/awih.pl\/en\/shop\/"},{"label":"Koperty","link":"https:\/\/awih.pl\/en\/kategoria-produktu\/koperty\/"},{"label":"Przylgi kurierskie","link":"https:\/\/awih.pl\/en\/kategoria-produktu\/koperty\/przylgi-koperty-kurierskie\/"},{"label":"Przylgi kurierskie C4 (doklejki kurierskie) 500 szt.","link":"https:\/\/awih.pl\/en\/sklep\/przylgi-kurierskie-c4-doklejki-kurierskie\/"}],"_links":{"self":[{"href":"https:\/\/awih.pl\/en\/wp-json\/wp\/v2\/product\/12948","targetHints":{"allow":["GET"]}}],"collection":[{"href":"https:\/\/awih.pl\/en\/wp-json\/wp\/v2\/product"}],"about":[{"href":"https:\/\/awih.pl\/en\/wp-json\/wp\/v2\/types\/product"}],"replies":[{"embeddable":true,"href":"https:\/\/awih.pl\/en\/wp-json\/wp\/v2\/comments?post=12948"}],"wp:featuredmedia":[{"embeddable":true,"href":"https:\/\/awih.pl\/en\/wp-json\/wp\/v2\/media\/13121"}],"wp:attachment":[{"href":"https:\/\/awih.pl\/en\/wp-json\/wp\/v2\/media?parent=12948"}],"wp:term":[{"taxonomy":"product_brand","embeddable":true,"href":"https:\/\/awih.pl\/en\/wp-json\/wp\/v2\/product_brand?post=12948"},{"taxonomy":"product_cat","embeddable":true,"href":"https:\/\/awih.pl\/en\/wp-json\/wp\/v2\/product_cat?post=12948"},{"taxonomy":"product_tag","embeddable":true,"href":"https:\/\/awih.pl\/en\/wp-json\/wp\/v2\/product_tag?post=12948"}],"curies":[{"name":"wp","href":"https:\/\/api.w.org\/{rel}","templated":true}]}}