{"id":4506,"date":"2022-06-08T12:21:13","date_gmt":"2022-06-08T10:21:13","guid":{"rendered":"https:\/\/awih.pl\/?post_type=product&#038;p=4506"},"modified":"2026-01-16T10:42:21","modified_gmt":"2026-01-16T09:42:21","slug":"opakowanie-350x240x40mm-szampanski-karton-ozdobny","status":"publish","type":"product","link":"https:\/\/awih.pl\/en\/sklep\/opakowanie-350x240x40mm-szampanski-karton-ozdobny\/","title":{"rendered":"Opakowanie 350x240x40mm &#8211; ecru, karton ozdobny"},"content":{"rendered":"<p><strong>Eleganckie pude\u0142ko przeznaczone na wszelkiego rodzaju prezenty.<\/strong><\/p>\n<p><strong>Papier:<\/strong>\u00a0 karton ozdobny 270 gram<br \/>\n<strong>Kolor:\u00a0<\/strong> ecru<br \/>\n<strong>Wymiary<\/strong>:\u00a0 35 x 24 x 4 cm<\/p>\n<p><strong>Minimalne zam\u00f3wienie:<\/strong> 1 szt.<\/p>\n<p><strong>Dost\u0119pne kolory:\u00a0<\/strong>bia\u0142y b\u0142yszcz\u0105cy, czarny b\u0142yszcz\u0105cy, z\u0142oty, czarny, czerwony,\u00a0niebieski<\/p>\n<p>&nbsp;<\/p>\n<p><strong>Nadruk na opakowaniu:<\/strong> mo\u017cliwo\u015b\u0107 wykonania indywidualnego nadruku.\u00a0 Aby uzyska\u0107 wi\u0119cej informacji, prosimy o kontakt pod nr tel.: 514 041 255 lub wys\u0142a\u0107 maila z zapytaniem na adres: biuro@awih.pl<\/p>\n","protected":false},"excerpt":{"rendered":"<p style=\"text-align: center;\">Cena brutto (zawiera 23% VAT)<br \/>\n<span style=\"font-size: 80%;\"><a href=\"https:\/\/awih.pl\/sklep\/dostawa\" target=\"_blank\" rel=\"noopener\">Zam\u00f3wienia z\u0142o\u017cone do godz. 14.00<br \/>\nrealizujemy zwykle tego samego dnia.<\/a><\/span><\/p>\n","protected":false},"featured_media":4507,"comment_status":"open","ping_status":"closed","template":"","meta":{"_monsterinsights_skip_tracking":false,"_monsterinsights_sitenote_active":false,"_monsterinsights_sitenote_note":"","_monsterinsights_sitenote_category":0},"product_brand":[],"product_cat":[140,141,1105,1108],"product_tag":[188,183,184,237,187,238,190],"class_list":{"0":"post-4506","1":"product","2":"type-product","3":"status-publish","4":"has-post-thumbnail","6":"product_cat-opakowania","7":"product_cat-pudelka-ozdobne","8":"product_cat-duze-pudelka-ozdobne","9":"product_cat-pudelka-ozdobne-na-prezent","10":"product_tag-opakowanie-na-prezent","11":"product_tag-opakowanie-ozdobne","12":"product_tag-pudelko","13":"product_tag-pudelko-na-koszule","14":"product_tag-pudelko-na-prezent","15":"product_tag-pudelko-na-tschirt","16":"product_tag-pudelko-prezentowe","18":"first","19":"instock","20":"taxable","21":"shipping-taxable","22":"purchasable","23":"product-type-simple"},"aioseo_notices":[],"aioseo_head":"\n\t\t<!-- All in One SEO Pro 4.9.5.2 - aioseo.com -->\n\t<meta name=\"description\" content=\"Cena brutto (zawiera 23% VAT) Zam\u00f3wienia z\u0142o\u017cone do godz. 14.00 realizujemy zwykle tego samego dnia.\" \/>\n\t<meta name=\"robots\" content=\"max-image-preview:large\" \/>\n\t<meta name=\"google-site-verification\" content=\"qUbTDLl1QkUPNtEoo7SGcWHy_iy170abgHQeQ65Pu-M\" \/>\n\t<link rel=\"canonical\" href=\"https:\/\/awih.pl\/en\/sklep\/opakowanie-350x240x40mm-szampanski-karton-ozdobny\/\" \/>\n\t<meta name=\"generator\" content=\"All in One SEO Pro (AIOSEO) 4.9.5.2\" \/>\n\t\t<meta property=\"og:locale\" content=\"en_US\" \/>\n\t\t<meta property=\"og:site_name\" content=\"AWIH - Torby i Opakowania - Producent toreb i opakowa\u0144. torby papierowe i opakowania produkujemy ju\u017c ponad 25 lat. Torby dla sieci handlowych. Druk ma\u0142ych nak\u0142ad\u00f3w. Personalizacja\" \/>\n\t\t<meta property=\"og:type\" content=\"article\" \/>\n\t\t<meta property=\"og:title\" content=\"Opakowanie 350x240x40mm \u2013 ecru, karton ozdobny - AWIH - Torby i Opakowania\" \/>\n\t\t<meta property=\"og:description\" content=\"Cena brutto (zawiera 23% VAT) Zam\u00f3wienia z\u0142o\u017cone do godz. 14.00 realizujemy zwykle tego samego dnia.\" \/>\n\t\t<meta property=\"og:url\" content=\"https:\/\/awih.pl\/en\/sklep\/opakowanie-350x240x40mm-szampanski-karton-ozdobny\/\" \/>\n\t\t<meta property=\"article:published_time\" content=\"2022-06-08T10:21:13+00:00\" \/>\n\t\t<meta property=\"article:modified_time\" content=\"2026-01-16T09:42:21+00:00\" \/>\n\t\t<meta property=\"article:publisher\" content=\"https:\/\/www.facebook.com\/AWIHPromotionalBagsPManufacturer\" \/>\n\t\t<meta name=\"twitter:card\" content=\"summary\" \/>\n\t\t<meta name=\"twitter:title\" content=\"Opakowanie 350x240x40mm \u2013 ecru, karton ozdobny - AWIH - Torby i Opakowania\" \/>\n\t\t<meta name=\"twitter:description\" content=\"Cena brutto (zawiera 23% VAT) Zam\u00f3wienia z\u0142o\u017cone do godz. 14.00 realizujemy zwykle tego samego dnia.\" \/>\n\t\t<script type=\"application\/ld+json\" class=\"aioseo-schema\">\n\t\t\t{\"@context\":\"https:\\\/\\\/schema.org\",\"@graph\":[{\"@type\":\"BreadcrumbList\",\"@id\":\"https:\\\/\\\/awih.pl\\\/en\\\/sklep\\\/opakowanie-350x240x40mm-szampanski-karton-ozdobny\\\/#breadcrumblist\",\"itemListElement\":[{\"@type\":\"ListItem\",\"@id\":\"https:\\\/\\\/awih.pl\\\/en\\\/#listItem\",\"position\":1,\"name\":\"Awih\",\"item\":\"https:\\\/\\\/awih.pl\\\/en\\\/\",\"nextItem\":{\"@type\":\"ListItem\",\"@id\":\"https:\\\/\\\/awih.pl\\\/en\\\/shop\\\/#listItem\",\"name\":\"Shop\"}},{\"@type\":\"ListItem\",\"@id\":\"https:\\\/\\\/awih.pl\\\/en\\\/shop\\\/#listItem\",\"position\":2,\"name\":\"Shop\",\"item\":\"https:\\\/\\\/awih.pl\\\/en\\\/shop\\\/\",\"nextItem\":{\"@type\":\"ListItem\",\"@id\":\"https:\\\/\\\/awih.pl\\\/en\\\/kategoria-produktu\\\/opakowania\\\/#listItem\",\"name\":\"Opakowania\"},\"previousItem\":{\"@type\":\"ListItem\",\"@id\":\"https:\\\/\\\/awih.pl\\\/en\\\/#listItem\",\"name\":\"Awih\"}},{\"@type\":\"ListItem\",\"@id\":\"https:\\\/\\\/awih.pl\\\/en\\\/kategoria-produktu\\\/opakowania\\\/#listItem\",\"position\":3,\"name\":\"Opakowania\",\"item\":\"https:\\\/\\\/awih.pl\\\/en\\\/kategoria-produktu\\\/opakowania\\\/\",\"nextItem\":{\"@type\":\"ListItem\",\"@id\":\"https:\\\/\\\/awih.pl\\\/en\\\/kategoria-produktu\\\/opakowania\\\/pudelka-ozdobne\\\/#listItem\",\"name\":\"Pude\\u0142ka ozdobne\"},\"previousItem\":{\"@type\":\"ListItem\",\"@id\":\"https:\\\/\\\/awih.pl\\\/en\\\/shop\\\/#listItem\",\"name\":\"Shop\"}},{\"@type\":\"ListItem\",\"@id\":\"https:\\\/\\\/awih.pl\\\/en\\\/kategoria-produktu\\\/opakowania\\\/pudelka-ozdobne\\\/#listItem\",\"position\":4,\"name\":\"Pude\\u0142ka ozdobne\",\"item\":\"https:\\\/\\\/awih.pl\\\/en\\\/kategoria-produktu\\\/opakowania\\\/pudelka-ozdobne\\\/\",\"nextItem\":{\"@type\":\"ListItem\",\"@id\":\"https:\\\/\\\/awih.pl\\\/en\\\/kategoria-produktu\\\/opakowania\\\/pudelka-ozdobne\\\/duze-pudelka-ozdobne\\\/#listItem\",\"name\":\"Pude\\u0142ko ozdobne du\\u017ce\"},\"previousItem\":{\"@type\":\"ListItem\",\"@id\":\"https:\\\/\\\/awih.pl\\\/en\\\/kategoria-produktu\\\/opakowania\\\/#listItem\",\"name\":\"Opakowania\"}},{\"@type\":\"ListItem\",\"@id\":\"https:\\\/\\\/awih.pl\\\/en\\\/kategoria-produktu\\\/opakowania\\\/pudelka-ozdobne\\\/duze-pudelka-ozdobne\\\/#listItem\",\"position\":5,\"name\":\"Pude\\u0142ko ozdobne du\\u017ce\",\"item\":\"https:\\\/\\\/awih.pl\\\/en\\\/kategoria-produktu\\\/opakowania\\\/pudelka-ozdobne\\\/duze-pudelka-ozdobne\\\/\",\"nextItem\":{\"@type\":\"ListItem\",\"@id\":\"https:\\\/\\\/awih.pl\\\/en\\\/sklep\\\/opakowanie-350x240x40mm-szampanski-karton-ozdobny\\\/#listItem\",\"name\":\"Opakowanie 350x240x40mm &#8211; ecru, karton ozdobny\"},\"previousItem\":{\"@type\":\"ListItem\",\"@id\":\"https:\\\/\\\/awih.pl\\\/en\\\/kategoria-produktu\\\/opakowania\\\/pudelka-ozdobne\\\/#listItem\",\"name\":\"Pude\\u0142ka ozdobne\"}},{\"@type\":\"ListItem\",\"@id\":\"https:\\\/\\\/awih.pl\\\/en\\\/sklep\\\/opakowanie-350x240x40mm-szampanski-karton-ozdobny\\\/#listItem\",\"position\":6,\"name\":\"Opakowanie 350x240x40mm &#8211; ecru, karton ozdobny\",\"previousItem\":{\"@type\":\"ListItem\",\"@id\":\"https:\\\/\\\/awih.pl\\\/en\\\/kategoria-produktu\\\/opakowania\\\/pudelka-ozdobne\\\/duze-pudelka-ozdobne\\\/#listItem\",\"name\":\"Pude\\u0142ko ozdobne du\\u017ce\"}}]},{\"@type\":\"ItemPage\",\"@id\":\"https:\\\/\\\/awih.pl\\\/en\\\/sklep\\\/opakowanie-350x240x40mm-szampanski-karton-ozdobny\\\/#itempage\",\"url\":\"https:\\\/\\\/awih.pl\\\/en\\\/sklep\\\/opakowanie-350x240x40mm-szampanski-karton-ozdobny\\\/\",\"name\":\"Opakowanie 350x240x40mm \\u2013 ecru, karton ozdobny - AWIH - Torby i Opakowania\",\"description\":\"Cena brutto (zawiera 23% VAT) Zam\\u00f3wienia z\\u0142o\\u017cone do godz. 14.00 realizujemy zwykle tego samego dnia.\",\"inLanguage\":\"en-US\",\"isPartOf\":{\"@id\":\"https:\\\/\\\/awih.pl\\\/en\\\/#website\"},\"breadcrumb\":{\"@id\":\"https:\\\/\\\/awih.pl\\\/en\\\/sklep\\\/opakowanie-350x240x40mm-szampanski-karton-ozdobny\\\/#breadcrumblist\"},\"image\":{\"@type\":\"ImageObject\",\"url\":\"https:\\\/\\\/awih.pl\\\/wp-content\\\/uploads\\\/2022\\\/06\\\/35x24x42.png\",\"@id\":\"https:\\\/\\\/awih.pl\\\/en\\\/sklep\\\/opakowanie-350x240x40mm-szampanski-karton-ozdobny\\\/#mainImage\",\"width\":1579,\"height\":1578,\"caption\":\"Ozdobny karton 35 x 24 x 4 cm szampa\\u0144ski\"},\"primaryImageOfPage\":{\"@id\":\"https:\\\/\\\/awih.pl\\\/en\\\/sklep\\\/opakowanie-350x240x40mm-szampanski-karton-ozdobny\\\/#mainImage\"},\"datePublished\":\"2022-06-08T12:21:13+02:00\",\"dateModified\":\"2026-01-16T10:42:21+01:00\"},{\"@type\":\"Organization\",\"@id\":\"https:\\\/\\\/awih.pl\\\/en\\\/#organization\",\"name\":\"AWIH Torby i Opakowania\",\"description\":\"Producent toreb i opakowa\\u0144. torby papierowe i opakowania produkujemy ju\\u017c ponad 25 lat. Torby dla sieci handlowych. Druk ma\\u0142ych nak\\u0142ad\\u00f3w. Personalizacja\",\"url\":\"https:\\\/\\\/awih.pl\\\/en\\\/\",\"email\":\"biuro@awih.pl\",\"telephone\":\"+48514041255\",\"logo\":{\"@type\":\"ImageObject\",\"url\":\"https:\\\/\\\/awih.pl\\\/wp-content\\\/uploads\\\/2023\\\/04\\\/cropped-Logo-AWIH.png\",\"@id\":\"https:\\\/\\\/awih.pl\\\/en\\\/sklep\\\/opakowanie-350x240x40mm-szampanski-karton-ozdobny\\\/#organizationLogo\",\"width\":512,\"height\":512,\"caption\":\"logo AWIH\"},\"image\":{\"@id\":\"https:\\\/\\\/awih.pl\\\/en\\\/sklep\\\/opakowanie-350x240x40mm-szampanski-karton-ozdobny\\\/#organizationLogo\"},\"sameAs\":[\"https:\\\/\\\/www.linkedin.com\\\/company\\\/awih\\\/\"],\"address\":{\"@id\":\"https:\\\/\\\/awih.pl\\\/en\\\/#postaladdress\",\"@type\":\"PostalAddress\",\"streetAddress\":\"Ry\\u017cowa 96A,\",\"postalCode\":\"05-816\",\"addressLocality\":\"Opacz Kolonia\",\"addressRegion\":\"Mazowieckie\",\"addressCountry\":\"PL\"},\"vatID\":\"PL1130061093\"},{\"@type\":\"WebPage\",\"@id\":\"https:\\\/\\\/awih.pl\\\/en\\\/sklep\\\/opakowanie-350x240x40mm-szampanski-karton-ozdobny\\\/#webpage\",\"url\":\"https:\\\/\\\/awih.pl\\\/en\\\/sklep\\\/opakowanie-350x240x40mm-szampanski-karton-ozdobny\\\/\",\"name\":\"Opakowanie 350x240x40mm \\u2013 ecru, karton ozdobny - AWIH - Torby i Opakowania\",\"description\":\"Cena brutto (zawiera 23% VAT) Zam\\u00f3wienia z\\u0142o\\u017cone do godz. 14.00 realizujemy zwykle tego samego dnia.\",\"inLanguage\":\"en-US\",\"isPartOf\":{\"@id\":\"https:\\\/\\\/awih.pl\\\/en\\\/#website\"},\"breadcrumb\":{\"@id\":\"https:\\\/\\\/awih.pl\\\/en\\\/sklep\\\/opakowanie-350x240x40mm-szampanski-karton-ozdobny\\\/#breadcrumblist\"},\"image\":{\"@type\":\"ImageObject\",\"url\":\"https:\\\/\\\/awih.pl\\\/wp-content\\\/uploads\\\/2022\\\/06\\\/35x24x42.png\",\"@id\":\"https:\\\/\\\/awih.pl\\\/en\\\/sklep\\\/opakowanie-350x240x40mm-szampanski-karton-ozdobny\\\/#mainImage\",\"width\":1579,\"height\":1578,\"caption\":\"Ozdobny karton 35 x 24 x 4 cm szampa\\u0144ski\"},\"primaryImageOfPage\":{\"@id\":\"https:\\\/\\\/awih.pl\\\/en\\\/sklep\\\/opakowanie-350x240x40mm-szampanski-karton-ozdobny\\\/#mainImage\"},\"datePublished\":\"2022-06-08T12:21:13+02:00\",\"dateModified\":\"2026-01-16T10:42:21+01:00\"},{\"@type\":\"WebSite\",\"@id\":\"https:\\\/\\\/awih.pl\\\/en\\\/#website\",\"url\":\"https:\\\/\\\/awih.pl\\\/en\\\/\",\"name\":\"AWIH Torby i Opakowania\",\"alternateName\":\"AWIH\",\"description\":\"Producent toreb i opakowa\\u0144. torby papierowe i opakowania produkujemy ju\\u017c ponad 25 lat. Torby dla sieci handlowych. Druk ma\\u0142ych nak\\u0142ad\\u00f3w. Personalizacja\",\"inLanguage\":\"en-US\",\"publisher\":{\"@id\":\"https:\\\/\\\/awih.pl\\\/en\\\/#organization\"}}]}\n\t\t<\/script>\n\t\t<!-- All in One SEO Pro -->\r\n\t\t<title>Opakowanie 350x240x40mm \u2013 ecru, karton ozdobny - AWIH - Torby i Opakowania<\/title>\n\n","aioseo_head_json":{"title":"Opakowanie 350x240x40mm \u2013 ecru, karton ozdobny - AWIH - Torby i Opakowania","description":"Cena brutto (zawiera 23% VAT) Zam\u00f3wienia z\u0142o\u017cone do godz. 14.00 realizujemy zwykle tego samego dnia.","canonical_url":"https:\/\/awih.pl\/en\/sklep\/opakowanie-350x240x40mm-szampanski-karton-ozdobny\/","robots":"max-image-preview:large","keywords":"","webmasterTools":{"google-site-verification":"qUbTDLl1QkUPNtEoo7SGcWHy_iy170abgHQeQ65Pu-M","miscellaneous":""},"schema":{"@context":"https:\/\/schema.org","@graph":[{"@type":"BreadcrumbList","@id":"https:\/\/awih.pl\/en\/sklep\/opakowanie-350x240x40mm-szampanski-karton-ozdobny\/#breadcrumblist","itemListElement":[{"@type":"ListItem","@id":"https:\/\/awih.pl\/en\/#listItem","position":1,"name":"Awih","item":"https:\/\/awih.pl\/en\/","nextItem":{"@type":"ListItem","@id":"https:\/\/awih.pl\/en\/shop\/#listItem","name":"Shop"}},{"@type":"ListItem","@id":"https:\/\/awih.pl\/en\/shop\/#listItem","position":2,"name":"Shop","item":"https:\/\/awih.pl\/en\/shop\/","nextItem":{"@type":"ListItem","@id":"https:\/\/awih.pl\/en\/kategoria-produktu\/opakowania\/#listItem","name":"Opakowania"},"previousItem":{"@type":"ListItem","@id":"https:\/\/awih.pl\/en\/#listItem","name":"Awih"}},{"@type":"ListItem","@id":"https:\/\/awih.pl\/en\/kategoria-produktu\/opakowania\/#listItem","position":3,"name":"Opakowania","item":"https:\/\/awih.pl\/en\/kategoria-produktu\/opakowania\/","nextItem":{"@type":"ListItem","@id":"https:\/\/awih.pl\/en\/kategoria-produktu\/opakowania\/pudelka-ozdobne\/#listItem","name":"Pude\u0142ka ozdobne"},"previousItem":{"@type":"ListItem","@id":"https:\/\/awih.pl\/en\/shop\/#listItem","name":"Shop"}},{"@type":"ListItem","@id":"https:\/\/awih.pl\/en\/kategoria-produktu\/opakowania\/pudelka-ozdobne\/#listItem","position":4,"name":"Pude\u0142ka ozdobne","item":"https:\/\/awih.pl\/en\/kategoria-produktu\/opakowania\/pudelka-ozdobne\/","nextItem":{"@type":"ListItem","@id":"https:\/\/awih.pl\/en\/kategoria-produktu\/opakowania\/pudelka-ozdobne\/duze-pudelka-ozdobne\/#listItem","name":"Pude\u0142ko ozdobne du\u017ce"},"previousItem":{"@type":"ListItem","@id":"https:\/\/awih.pl\/en\/kategoria-produktu\/opakowania\/#listItem","name":"Opakowania"}},{"@type":"ListItem","@id":"https:\/\/awih.pl\/en\/kategoria-produktu\/opakowania\/pudelka-ozdobne\/duze-pudelka-ozdobne\/#listItem","position":5,"name":"Pude\u0142ko ozdobne du\u017ce","item":"https:\/\/awih.pl\/en\/kategoria-produktu\/opakowania\/pudelka-ozdobne\/duze-pudelka-ozdobne\/","nextItem":{"@type":"ListItem","@id":"https:\/\/awih.pl\/en\/sklep\/opakowanie-350x240x40mm-szampanski-karton-ozdobny\/#listItem","name":"Opakowanie 350x240x40mm &#8211; ecru, karton ozdobny"},"previousItem":{"@type":"ListItem","@id":"https:\/\/awih.pl\/en\/kategoria-produktu\/opakowania\/pudelka-ozdobne\/#listItem","name":"Pude\u0142ka ozdobne"}},{"@type":"ListItem","@id":"https:\/\/awih.pl\/en\/sklep\/opakowanie-350x240x40mm-szampanski-karton-ozdobny\/#listItem","position":6,"name":"Opakowanie 350x240x40mm &#8211; ecru, karton ozdobny","previousItem":{"@type":"ListItem","@id":"https:\/\/awih.pl\/en\/kategoria-produktu\/opakowania\/pudelka-ozdobne\/duze-pudelka-ozdobne\/#listItem","name":"Pude\u0142ko ozdobne du\u017ce"}}]},{"@type":"ItemPage","@id":"https:\/\/awih.pl\/en\/sklep\/opakowanie-350x240x40mm-szampanski-karton-ozdobny\/#itempage","url":"https:\/\/awih.pl\/en\/sklep\/opakowanie-350x240x40mm-szampanski-karton-ozdobny\/","name":"Opakowanie 350x240x40mm \u2013 ecru, karton ozdobny - AWIH - Torby i Opakowania","description":"Cena brutto (zawiera 23% VAT) Zam\u00f3wienia z\u0142o\u017cone do godz. 14.00 realizujemy zwykle tego samego dnia.","inLanguage":"en-US","isPartOf":{"@id":"https:\/\/awih.pl\/en\/#website"},"breadcrumb":{"@id":"https:\/\/awih.pl\/en\/sklep\/opakowanie-350x240x40mm-szampanski-karton-ozdobny\/#breadcrumblist"},"image":{"@type":"ImageObject","url":"https:\/\/awih.pl\/wp-content\/uploads\/2022\/06\/35x24x42.png","@id":"https:\/\/awih.pl\/en\/sklep\/opakowanie-350x240x40mm-szampanski-karton-ozdobny\/#mainImage","width":1579,"height":1578,"caption":"Ozdobny karton 35 x 24 x 4 cm szampa\u0144ski"},"primaryImageOfPage":{"@id":"https:\/\/awih.pl\/en\/sklep\/opakowanie-350x240x40mm-szampanski-karton-ozdobny\/#mainImage"},"datePublished":"2022-06-08T12:21:13+02:00","dateModified":"2026-01-16T10:42:21+01:00"},{"@type":"Organization","@id":"https:\/\/awih.pl\/en\/#organization","name":"AWIH Torby i Opakowania","description":"Producent toreb i opakowa\u0144. torby papierowe i opakowania produkujemy ju\u017c ponad 25 lat. Torby dla sieci handlowych. Druk ma\u0142ych nak\u0142ad\u00f3w. Personalizacja","url":"https:\/\/awih.pl\/en\/","email":"biuro@awih.pl","telephone":"+48514041255","logo":{"@type":"ImageObject","url":"https:\/\/awih.pl\/wp-content\/uploads\/2023\/04\/cropped-Logo-AWIH.png","@id":"https:\/\/awih.pl\/en\/sklep\/opakowanie-350x240x40mm-szampanski-karton-ozdobny\/#organizationLogo","width":512,"height":512,"caption":"logo AWIH"},"image":{"@id":"https:\/\/awih.pl\/en\/sklep\/opakowanie-350x240x40mm-szampanski-karton-ozdobny\/#organizationLogo"},"sameAs":["https:\/\/www.linkedin.com\/company\/awih\/"],"address":{"@id":"https:\/\/awih.pl\/en\/#postaladdress","@type":"PostalAddress","streetAddress":"Ry\u017cowa 96A,","postalCode":"05-816","addressLocality":"Opacz Kolonia","addressRegion":"Mazowieckie","addressCountry":"PL"},"vatID":"PL1130061093"},{"@type":"WebPage","@id":"https:\/\/awih.pl\/en\/sklep\/opakowanie-350x240x40mm-szampanski-karton-ozdobny\/#webpage","url":"https:\/\/awih.pl\/en\/sklep\/opakowanie-350x240x40mm-szampanski-karton-ozdobny\/","name":"Opakowanie 350x240x40mm \u2013 ecru, karton ozdobny - AWIH - Torby i Opakowania","description":"Cena brutto (zawiera 23% VAT) Zam\u00f3wienia z\u0142o\u017cone do godz. 14.00 realizujemy zwykle tego samego dnia.","inLanguage":"en-US","isPartOf":{"@id":"https:\/\/awih.pl\/en\/#website"},"breadcrumb":{"@id":"https:\/\/awih.pl\/en\/sklep\/opakowanie-350x240x40mm-szampanski-karton-ozdobny\/#breadcrumblist"},"image":{"@type":"ImageObject","url":"https:\/\/awih.pl\/wp-content\/uploads\/2022\/06\/35x24x42.png","@id":"https:\/\/awih.pl\/en\/sklep\/opakowanie-350x240x40mm-szampanski-karton-ozdobny\/#mainImage","width":1579,"height":1578,"caption":"Ozdobny karton 35 x 24 x 4 cm szampa\u0144ski"},"primaryImageOfPage":{"@id":"https:\/\/awih.pl\/en\/sklep\/opakowanie-350x240x40mm-szampanski-karton-ozdobny\/#mainImage"},"datePublished":"2022-06-08T12:21:13+02:00","dateModified":"2026-01-16T10:42:21+01:00"},{"@type":"WebSite","@id":"https:\/\/awih.pl\/en\/#website","url":"https:\/\/awih.pl\/en\/","name":"AWIH Torby i Opakowania","alternateName":"AWIH","description":"Producent toreb i opakowa\u0144. torby papierowe i opakowania produkujemy ju\u017c ponad 25 lat. Torby dla sieci handlowych. Druk ma\u0142ych nak\u0142ad\u00f3w. Personalizacja","inLanguage":"en-US","publisher":{"@id":"https:\/\/awih.pl\/en\/#organization"}}]},"og:locale":"en_US","og:site_name":"AWIH - Torby i Opakowania - Producent toreb i opakowa\u0144. torby papierowe i opakowania produkujemy ju\u017c ponad 25 lat. Torby dla sieci handlowych. Druk ma\u0142ych nak\u0142ad\u00f3w. Personalizacja","og:type":"article","og:title":"Opakowanie 350x240x40mm \u2013 ecru, karton ozdobny - AWIH - Torby i Opakowania","og:description":"Cena brutto (zawiera 23% VAT) Zam\u00f3wienia z\u0142o\u017cone do godz. 14.00 realizujemy zwykle tego samego dnia.","og:url":"https:\/\/awih.pl\/en\/sklep\/opakowanie-350x240x40mm-szampanski-karton-ozdobny\/","article:published_time":"2022-06-08T10:21:13+00:00","article:modified_time":"2026-01-16T09:42:21+00:00","article:publisher":"https:\/\/www.facebook.com\/AWIHPromotionalBagsPManufacturer","twitter:card":"summary","twitter:title":"Opakowanie 350x240x40mm \u2013 ecru, karton ozdobny - AWIH - Torby i Opakowania","twitter:description":"Cena brutto (zawiera 23% VAT) Zam\u00f3wienia z\u0142o\u017cone do godz. 14.00 realizujemy zwykle tego samego dnia."},"aioseo_meta_data":{"post_id":"4506","title":null,"description":null,"keywords":null,"keyphrases":{"focus":{"keyphrase":"","score":0,"analysis":{"keyphraseInTitle":{"score":0,"maxScore":9,"error":1}}},"additional":[]},"primary_term":null,"canonical_url":null,"og_title":null,"og_description":null,"og_object_type":"default","og_image_type":"default","og_image_url":null,"og_image_width":null,"og_image_height":null,"og_image_custom_url":null,"og_image_custom_fields":null,"og_video":"","og_custom_url":null,"og_article_section":null,"og_article_tags":null,"twitter_use_og":false,"twitter_card":"default","twitter_image_type":"default","twitter_image_url":null,"twitter_image_custom_url":null,"twitter_image_custom_fields":null,"twitter_title":null,"twitter_description":null,"schema":{"blockGraphs":[],"customGraphs":[],"default":{"data":{"Article":[],"Course":[],"Dataset":[],"FAQPage":[],"Movie":[],"Person":[],"Product":[],"ProductReview":[],"Car":[],"Recipe":[],"Service":[],"SoftwareApplication":[],"WebPage":[]},"graphName":"ItemPage","isEnabled":true},"graphs":[],"defaultGraph":"WebPage","defaultPostTypeGraph":""},"schema_type":"default","schema_type_options":"{\"article\":{\"articleType\":\"BlogPosting\"},\"course\":{\"name\":\"\",\"description\":\"\",\"provider\":\"\"},\"faq\":{\"pages\":[]},\"product\":{\"reviews\":[]},\"recipe\":{\"ingredients\":[],\"instructions\":[],\"keywords\":[]},\"software\":{\"reviews\":[],\"operatingSystems\":[]},\"webPage\":{\"webPageType\":\"WebPage\"}}","pillar_content":false,"robots_default":true,"robots_noindex":false,"robots_noarchive":false,"robots_nosnippet":false,"robots_nofollow":false,"robots_noimageindex":false,"robots_noodp":false,"robots_notranslate":false,"robots_max_snippet":"-1","robots_max_videopreview":"-1","robots_max_imagepreview":"large","priority":null,"frequency":"default","local_seo":null,"seo_analyzer_scan_date":"2026-01-16 09:48:12","breadcrumb_settings":null,"limit_modified_date":false,"reviewed_by":"0","open_ai":null,"ai":{"faqs":[],"keyPoints":[],"titles":[],"descriptions":[],"socialPosts":{"email":[],"linkedin":[],"twitter":[],"facebook":[],"instagram":[]}},"created":"2022-06-08 10:21:13","updated":"2026-01-16 09:48:12"},"aioseo_breadcrumb":"<div class=\"aioseo-breadcrumbs\"><span class=\"aioseo-breadcrumb\">\n\t<a href=\"https:\/\/awih.pl\/en\/\" title=\"Awih\">Awih<\/a>\n<\/span><span class=\"aioseo-breadcrumb-separator\">\u00bb<\/span><span class=\"aioseo-breadcrumb\">\n\t<a href=\"https:\/\/awih.pl\/en\/shop\/\" title=\"Shop\">Shop<\/a>\n<\/span><span class=\"aioseo-breadcrumb-separator\">\u00bb<\/span><span class=\"aioseo-breadcrumb\">\n\t<a href=\"https:\/\/awih.pl\/en\/kategoria-produktu\/opakowania\/\" title=\"Opakowania\">Opakowania<\/a>\n<\/span><span class=\"aioseo-breadcrumb-separator\">\u00bb<\/span><span class=\"aioseo-breadcrumb\">\n\t<a href=\"https:\/\/awih.pl\/en\/kategoria-produktu\/opakowania\/pudelka-ozdobne\/\" title=\"Pude\u0142ka ozdobne\">Pude\u0142ka ozdobne<\/a>\n<\/span><span class=\"aioseo-breadcrumb-separator\">\u00bb<\/span><span class=\"aioseo-breadcrumb\">\n\t<a href=\"https:\/\/awih.pl\/en\/kategoria-produktu\/opakowania\/pudelka-ozdobne\/duze-pudelka-ozdobne\/\" title=\"Pude\u0142ko ozdobne du\u017ce\">Pude\u0142ko ozdobne du\u017ce<\/a>\n<\/span><span class=\"aioseo-breadcrumb-separator\">\u00bb<\/span><span class=\"aioseo-breadcrumb\">\n\tOpakowanie 350x240x40mm \u2013 ecru, karton ozdobny\n<\/span><\/div>","aioseo_breadcrumb_json":[{"label":"Awih","link":"https:\/\/awih.pl\/en\/"},{"label":"Shop","link":"https:\/\/awih.pl\/en\/shop\/"},{"label":"Opakowania","link":"https:\/\/awih.pl\/en\/kategoria-produktu\/opakowania\/"},{"label":"Pude\u0142ka ozdobne","link":"https:\/\/awih.pl\/en\/kategoria-produktu\/opakowania\/pudelka-ozdobne\/"},{"label":"Pude\u0142ko ozdobne du\u017ce","link":"https:\/\/awih.pl\/en\/kategoria-produktu\/opakowania\/pudelka-ozdobne\/duze-pudelka-ozdobne\/"},{"label":"Opakowanie 350x240x40mm &#8211; ecru, karton ozdobny","link":"https:\/\/awih.pl\/en\/sklep\/opakowanie-350x240x40mm-szampanski-karton-ozdobny\/"}],"_links":{"self":[{"href":"https:\/\/awih.pl\/en\/wp-json\/wp\/v2\/product\/4506","targetHints":{"allow":["GET"]}}],"collection":[{"href":"https:\/\/awih.pl\/en\/wp-json\/wp\/v2\/product"}],"about":[{"href":"https:\/\/awih.pl\/en\/wp-json\/wp\/v2\/types\/product"}],"replies":[{"embeddable":true,"href":"https:\/\/awih.pl\/en\/wp-json\/wp\/v2\/comments?post=4506"}],"wp:featuredmedia":[{"embeddable":true,"href":"https:\/\/awih.pl\/en\/wp-json\/wp\/v2\/media\/4507"}],"wp:attachment":[{"href":"https:\/\/awih.pl\/en\/wp-json\/wp\/v2\/media?parent=4506"}],"wp:term":[{"taxonomy":"product_brand","embeddable":true,"href":"https:\/\/awih.pl\/en\/wp-json\/wp\/v2\/product_brand?post=4506"},{"taxonomy":"product_cat","embeddable":true,"href":"https:\/\/awih.pl\/en\/wp-json\/wp\/v2\/product_cat?post=4506"},{"taxonomy":"product_tag","embeddable":true,"href":"https:\/\/awih.pl\/en\/wp-json\/wp\/v2\/product_tag?post=4506"}],"curies":[{"name":"wp","href":"https:\/\/api.w.org\/{rel}","templated":true}]}}