{"id":6629,"date":"2022-10-05T09:18:37","date_gmt":"2022-10-05T07:18:37","guid":{"rendered":"https:\/\/awih.pl\/?post_type=product&#038;p=6629"},"modified":"2025-12-15T16:36:52","modified_gmt":"2025-12-15T15:36:52","slug":"torby-swiateczne-duze-32-x-12-x-41-cm-reniferki","status":"publish","type":"product","link":"https:\/\/awih.pl\/en\/sklep\/torby-swiateczne-duze-32-x-12-x-41-cm-reniferki\/","title":{"rendered":"Torby \u015bwi\u0105teczne du\u017ce 32 x 12 x 41 cm reniferki"},"content":{"rendered":"<div class=\"item-description\">\n<h4><strong>Torby \u015bwi\u0105teczne du\u017ce &#8211; model 0029<\/strong><\/h4>\n<p><strong>Wymiary: 32 x 12 x 41 cm<\/strong> (szer. x dno x wys.)<br \/>\n<strong>Idealne na:<\/strong> prezenty, odzie\u017c, zabawki, pluszaki<br \/>\nJednostka sprzeda\u017cy: 1 sztuka<\/p>\n<\/div>\n<div class=\"item-description\">\n<h4>Charakterystyka:<\/h4>\n<ul>\n<li><strong>Torebki \u015bwi\u0105teczne, du\u017ce<\/strong><\/li>\n<li>\n<div>wysoka jako\u015b\u0107 wykonania<\/div>\n<\/li>\n<li>dopracowane wzornictwo i kolory<\/li>\n<li>wzmocnienie tekturk\u0105 dna torebki<\/li>\n<li>\n<div>wzmocnienia tekturk\u0105 miejsc mocowania sznurka, zak\u0142adka g\u00f3rna<\/div>\n<\/li>\n<li>\n<div>zaprojektowano i wyprodukowano w AWIH<\/div>\n<\/li>\n<\/ul>\n<p>&nbsp;<\/p>\n<p>Na indywidualne zam\u00f3wienie mo\u017cemy wykona\u0107 torb\u0119 \u015bwi\u0105teczn\u0105 z dowoln\u0105 grafik\u0105 klienta. Mo\u017cemy tak\u017ce wykorzysta\u0107 nasze wzory i nadrukowa\u0107 logo klienta.<br \/>\nWi\u0119cej informacji:<br \/>\nmail: <a href=\"mailto:biuro@awih.com.pl\">biuro@awih.com.pl<\/a><br \/>\ntel. <a href=\"tel: +48 789 022 109\">789 022 109<\/a><\/p>\n<p>Wizualizacja nadruku w cenie. Prosimy o przes\u0142anie pliku graficznego na adres: <a href=\"mailto:grafik@awih.com.pl\">grafik@awih.com.pl<\/a><br \/>\nZobacz tak\u017ce:\u00a0<a href=\"https:\/\/awih.pl\/jak-przygotowac-plik-do-druku\/\">jak przygotowa\u0107 plik<\/a><\/p>\n<p>&nbsp;<\/p>\n<p style=\"text-align: center;\"><div class=\"cr-trustbadgef\"><div class=\"cr-badge badge_size_wide cr-trustbadge-border\" style=\"background-color:#ffffff;\">\n\n\t<div class=\"badge__store\">AWIH Torby i Opakowania<\/div>\n\n\t<div class=\"badge__info badge__nowrap\">\n\t<div class=\"badge__logo\"><\/div>\n\n\t<div class=\"badge__reviews\"><b>657<\/b> reviews<\/div>\n\n\t<div class=\"verified\">what our clients say<\/div>\n\n\t\t\n\t\t\t<div class=\"badge__stars\">\n\t\t\t\t\t\t\t\t\t<div class=\"badge__star\">\n\t\t\t\t\t\t<div class=\"badge__star-icon badge__star-icon_type_empty\"><\/div>\n\t\t\t\t\t\t<div class=\"badge__star-icon badge__star-icon_type_fill\" style=\"width: 100%\"><\/div>\n\t\t\t\t\t<\/div>\n\t\t\t\t\t\t\t\t\t<div class=\"badge__star\">\n\t\t\t\t\t\t<div class=\"badge__star-icon badge__star-icon_type_empty\"><\/div>\n\t\t\t\t\t\t<div class=\"badge__star-icon badge__star-icon_type_fill\" style=\"width: 100%\"><\/div>\n\t\t\t\t\t<\/div>\n\t\t\t\t\t\t\t\t\t<div class=\"badge__star\">\n\t\t\t\t\t\t<div class=\"badge__star-icon badge__star-icon_type_empty\"><\/div>\n\t\t\t\t\t\t<div class=\"badge__star-icon badge__star-icon_type_fill\" style=\"width: 100%\"><\/div>\n\t\t\t\t\t<\/div>\n\t\t\t\t\t\t\t\t\t<div class=\"badge__star\">\n\t\t\t\t\t\t<div class=\"badge__star-icon badge__star-icon_type_empty\"><\/div>\n\t\t\t\t\t\t<div class=\"badge__star-icon badge__star-icon_type_fill\" style=\"width: 100%\"><\/div>\n\t\t\t\t\t<\/div>\n\t\t\t\t\t\t\t\t\t<div class=\"badge__star\">\n\t\t\t\t\t\t<div class=\"badge__star-icon badge__star-icon_type_empty\"><\/div>\n\t\t\t\t\t\t<div class=\"badge__star-icon badge__star-icon_type_fill\" style=\"width: 98%\"><\/div>\n\t\t\t\t\t<\/div>\n\t\t\t\t\t\t\t<\/div>\n\n\t\t\t<div class=\"badge__rating rating\">\n\t\t\t\tStore rating <b>4.98<\/b> \/ 5\t\t\t<\/div>\n\n\t\t\t<div class=\"badge__stars\">\n\t\t\t\t\t\t\t\t\t<div class=\"badge__star\">\n\t\t\t\t\t\t<div class=\"badge__star-icon badge__star-icon_type_empty\"><\/div>\n\t\t\t\t\t\t<div class=\"badge__star-icon badge__star-icon_type_fill\" style=\"width: 100%\"><\/div>\n\t\t\t\t\t<\/div>\n\t\t\t\t\t\t\t\t\t<div class=\"badge__star\">\n\t\t\t\t\t\t<div class=\"badge__star-icon badge__star-icon_type_empty\"><\/div>\n\t\t\t\t\t\t<div class=\"badge__star-icon badge__star-icon_type_fill\" style=\"width: 100%\"><\/div>\n\t\t\t\t\t<\/div>\n\t\t\t\t\t\t\t\t\t<div class=\"badge__star\">\n\t\t\t\t\t\t<div class=\"badge__star-icon badge__star-icon_type_empty\"><\/div>\n\t\t\t\t\t\t<div class=\"badge__star-icon badge__star-icon_type_fill\" style=\"width: 100%\"><\/div>\n\t\t\t\t\t<\/div>\n\t\t\t\t\t\t\t\t\t<div class=\"badge__star\">\n\t\t\t\t\t\t<div class=\"badge__star-icon badge__star-icon_type_empty\"><\/div>\n\t\t\t\t\t\t<div class=\"badge__star-icon badge__star-icon_type_fill\" style=\"width: 100%\"><\/div>\n\t\t\t\t\t<\/div>\n\t\t\t\t\t\t\t\t\t<div class=\"badge__star\">\n\t\t\t\t\t\t<div class=\"badge__star-icon badge__star-icon_type_empty\"><\/div>\n\t\t\t\t\t\t<div class=\"badge__star-icon badge__star-icon_type_fill\" style=\"width: 98%\"><\/div>\n\t\t\t\t\t<\/div>\n\t\t\t\t\t\t\t<\/div>\n\n\t\t\t<div class=\"badge__rating rating\">\n\t\t\t\tProduct rating <b>4.98<\/b> \/ 5\t\t\t<\/div>\n\n\t\t\n\t<\/div>\n\n\t\t\t<span class=\"badge__link\"><\/span>\n\t\n<\/div>\n<\/div>\n<\/div>\n","protected":false},"excerpt":{"rendered":"<p style=\"text-align: center;\">Cena brutto (zawiera 23% VAT<br \/>\n<span style=\"color: #00aae7;\">Termin realizacji:<\/span><br \/>\n<span style=\"color: #00aae7;\">do 2 dni roboczych.<\/span><\/p>\n<p>&nbsp;<\/p>\n","protected":false},"featured_media":6630,"comment_status":"open","ping_status":"closed","template":"","meta":{"_monsterinsights_skip_tracking":false,"_monsterinsights_sitenote_active":false,"_monsterinsights_sitenote_note":"","_monsterinsights_sitenote_category":0},"product_brand":[],"product_cat":[93,522,1066],"product_tag":[564,523,1271,524],"class_list":{"0":"post-6629","1":"product","2":"type-product","3":"status-publish","4":"has-post-thumbnail","6":"product_cat-torby-papierowe","7":"product_cat-torby-prezentowe","8":"product_cat-ekologiczne-uchwyt-skrecany","9":"product_tag-torba-reniferki","10":"product_tag-torby-swiateczne","11":"product_tag-torby-swiateczne-duze","12":"product_tag-torebki-swiateczne","14":"first","15":"instock","16":"taxable","17":"shipping-taxable","18":"purchasable","19":"product-type-simple"},"aioseo_notices":[],"_links":{"self":[{"href":"https:\/\/awih.pl\/en\/wp-json\/wp\/v2\/product\/6629","targetHints":{"allow":["GET"]}}],"collection":[{"href":"https:\/\/awih.pl\/en\/wp-json\/wp\/v2\/product"}],"about":[{"href":"https:\/\/awih.pl\/en\/wp-json\/wp\/v2\/types\/product"}],"replies":[{"embeddable":true,"href":"https:\/\/awih.pl\/en\/wp-json\/wp\/v2\/comments?post=6629"}],"wp:featuredmedia":[{"embeddable":true,"href":"https:\/\/awih.pl\/en\/wp-json\/wp\/v2\/media\/6630"}],"wp:attachment":[{"href":"https:\/\/awih.pl\/en\/wp-json\/wp\/v2\/media?parent=6629"}],"wp:term":[{"taxonomy":"product_brand","embeddable":true,"href":"https:\/\/awih.pl\/en\/wp-json\/wp\/v2\/product_brand?post=6629"},{"taxonomy":"product_cat","embeddable":true,"href":"https:\/\/awih.pl\/en\/wp-json\/wp\/v2\/product_cat?post=6629"},{"taxonomy":"product_tag","embeddable":true,"href":"https:\/\/awih.pl\/en\/wp-json\/wp\/v2\/product_tag?post=6629"}],"curies":[{"name":"wp","href":"https:\/\/api.w.org\/{rel}","templated":true}]}}